{"id":49063,"date":"2026-04-17T23:52:17","date_gmt":"2026-04-17T20:52:17","guid":{"rendered":"https:\/\/chrisopigi.gr\/ueber-uns\/"},"modified":"2026-04-17T23:52:22","modified_gmt":"2026-04-17T20:52:22","slug":"ueber-uns","status":"publish","type":"page","link":"https:\/\/chrisopigi.gr\/de\/ueber-uns\/","title":{"rendered":"\u00dcber uns"},"content":{"rendered":"<div class=\"wpb-content-wrapper\"><p>[vc_row row_content_width=&#8221;grid&#8221;][vc_column css=&#8221;.vc_custom_1616675268849{margin-bottom: 40px !important;}&#8221;][vc_single_image image=&#8221;48504&#8243; img_size=&#8221;full&#8221;][\/vc_column][\/vc_row][vc_row row_content_width=&#8221;grid&#8221; css=&#8221;.vc_custom_1616675083432{margin-top: 60px !important;margin-bottom: 60px !important;}&#8221;][vc_column width=&#8221;1\/4&#8243; offset=&#8221;vc_col-lg-offset-0 vc_col-md-offset-0 vc_col-sm-offset-0&#8243; css=&#8221;.vc_custom_1616676226038{padding-right: 8% !important;padding-bottom: 20px !important;}&#8221;]<div class=\"eltdf-section-title-holder  eltdf-st-standard eltdf-st-title-left eltdf-st-normal-space \" >\n\t<div class=\"eltdf-st-inner\">\n\t\t\t\t\t<h2 class=\"eltdf-st-title\" >\n\t\t\t\tWir sind eine Familie\t\t\t<\/h2>\n\t\t\t\t\t<\/div>\n<\/div>[\/vc_column][vc_column width=&#8221;3\/4&#8243; offset=&#8221;vc_col-lg-offset-0 vc_col-md-offset-0 vc_col-sm-offset-0&#8243;][vc_column_text el_class=&#8221;chrisopigi-intro-text&#8221;]Wir sind Vitsentzos, Valantis, Theodora und Maria. Wir sind die f\u00fcnfte Generation einer Familie, deren Leben eng mit der Herstellung von nativem <strong>Oliven\u00f6l extra verbunden<\/strong> ist. Wir haben beschlossen, eine Tradition nicht einfach nur fortzuf\u00fchren, sondern sie weiterzuentwickeln, indem wir in die Spitzenqualit\u00e4t unserer Region investieren. Wir streben t\u00e4glich danach, das Werk unserer Vorfahren in ein modernes Unternehmen zu verwandeln, ohne dabei je die wichtigste Zutat zu vergessen: die Liebe zu unserem Land, dem Herzen von <span data-path-to-node=\"4,16\"><strong>Chrisopigi<\/strong><\/span>![\/vc_column_text][\/vc_column][\/vc_row][vc_row row_content_width=&#8221;grid&#8221; css=&#8221;.vc_custom_1616669544939{margin-bottom: 60px !important;}&#8221;][vc_column width=&#8221;1\/2&#8243; css=&#8221;.vc_custom_1616675043731{margin-top: 40px !important;margin-bottom: 40px !important;}&#8221;][vc_single_image image=&#8221;48506&#8243; img_size=&#8221;full&#8221;][\/vc_column][vc_column width=&#8221;1\/2&#8243; css=&#8221;.vc_custom_1616675060118{margin-top: 40px !important;margin-bottom: 40px !important;}&#8221;][vc_single_image image=&#8221;48508&#8243; img_size=&#8221;full&#8221;][\/vc_column][\/vc_row][vc_row row_content_width=&#8221;grid&#8221; css=&#8221;.vc_custom_1616675133908{margin-top: 60px !important;margin-bottom: 60px !important;}&#8221;][vc_column width=&#8221;1\/4&#8243; offset=&#8221;vc_col-lg-offset-0 vc_col-md-offset-0 vc_col-sm-offset-0&#8243; css=&#8221;.vc_custom_1616676220244{padding-right: 8% !important;padding-bottom: 20px !important;}&#8221;]<div class=\"eltdf-section-title-holder  eltdf-st-standard eltdf-st-title-left eltdf-st-normal-space \" >\n\t<div class=\"eltdf-st-inner\">\n\t\t\t\t\t<h2 class=\"eltdf-st-title\" >\n\t\t\t\tChrisopigi, unsere Heimat\t\t\t<\/h2>\n\t\t\t\t\t<\/div>\n<\/div>[\/vc_column][vc_column width=&#8221;3\/4&#8243; offset=&#8221;vc_col-lg-offset-0 vc_col-md-offset-0 vc_col-sm-offset-0&#8243;][vc_column_text el_class=&#8221;chrisopigi-intro-text&#8221;]<span data-path-to-node=\"5,2\"><span class=\"citation-71\"><strong>Chrisopigi<\/strong> ist ein lebendiges, traditionelles Bergdorf, das auf 400 Metern H\u00f6he in der Gemeinde <strong>Sitia<\/strong> in der Pr\u00e4fektur <strong>Lasithi<\/strong> thront.<\/span><\/span><span data-path-to-node=\"5,4\">.  <\/span><span data-path-to-node=\"5,6\"><span class=\"citation-70\">Ein Ort, an dem die Zeit scheinbar in die Olivenfrucht eingewoben ist.<\/span><\/span><span data-path-to-node=\"5,8\">.  <\/span><span data-path-to-node=\"5,10\"><span class=\"citation-69\"><strong>Oliven\u00f6l<\/strong> ist nicht einfach nur unser Hauptprodukt.<\/span><\/span><span data-path-to-node=\"5,12\">.  <\/span><span data-path-to-node=\"5,14\"><span class=\"citation-68\">Es ist ein fester Bestandteil unserer Kultur, der kretischen Ern\u00e4hrung und unserer eigenen Existenz.<\/span><\/span><span data-path-to-node=\"5,16\">.  <\/span><span data-path-to-node=\"5,18\"><span class=\"citation-67\">Wir haben unserem Oliven\u00f6l den Namen <strong>\u201eChrisopigi\u201c<\/strong> gegeben, als kleinen Tribut an die Erde, die es hervorbringt.<\/span><\/span><span data-path-to-node=\"5,20\">.<\/span>[\/vc_column_text][\/vc_column][\/vc_row][vc_row row_content_width=&#8221;grid&#8221; css=&#8221;.vc_custom_1616669544939{margin-bottom: 60px !important;}&#8221;][vc_column width=&#8221;1\/2&#8243; css=&#8221;.vc_custom_1616675106901{margin-top: 40px !important;margin-bottom: 40px !important;}&#8221;][vc_single_image image=&#8221;48512&#8243; img_size=&#8221;full&#8221;][\/vc_column][vc_column width=&#8221;1\/2&#8243; css=&#8221;.vc_custom_1616675118748{margin-top: 40px !important;margin-bottom: 40px !important;}&#8221;][vc_single_image image=&#8221;48501&#8243; img_size=&#8221;full&#8221;][\/vc_column][\/vc_row][vc_row row_content_width=&#8221;grid&#8221; css=&#8221;.vc_custom_1616676128220{margin-top: 60px !important;margin-bottom: 120px !important;}&#8221;][vc_column width=&#8221;1\/4&#8243; offset=&#8221;vc_col-lg-offset-0 vc_col-md-offset-0 vc_col-sm-offset-0&#8243; css=&#8221;.vc_custom_1616676210539{padding-right: 8% !important;padding-bottom: 20px !important;}&#8221;]<div class=\"eltdf-section-title-holder  eltdf-st-standard eltdf-st-title-left eltdf-st-normal-space \" >\n\t<div class=\"eltdf-st-inner\">\n\t\t\t\t\t<h2 class=\"eltdf-st-title\" >\n\t\t\t\tBekenntnis zur Qualit\u00e4t\t\t\t<\/h2>\n\t\t\t\t\t<\/div>\n<\/div>[\/vc_column][vc_column width=&#8221;3\/4&#8243; offset=&#8221;vc_col-lg-offset-0 vc_col-md-offset-0 vc_col-sm-offset-0&#8243;][vc_column_text el_class=&#8221;chrisopigi-intro-text&#8221;]<span data-path-to-node=\"6,0\">Die kretische Natur ist unser Verb\u00fcndeter, aber sie allein reicht nicht aus. <\/span><span data-path-to-node=\"6,2\"><span class=\"citation-66\">Wir wenden sowohl beim Anbau als auch bei der \u00d6lgewinnung bew\u00e4hrte Verfahren an, mit dem einzigen Ziel, den Geschmack und den N\u00e4hrwert unseres Oliven\u00f6ls zu maximieren.<\/span><\/span><span data-path-to-node=\"6,4\">.  <\/span><span data-path-to-node=\"6,6\"><span class=\"citation-65\">Die Best\u00e4tigung unserer Bem\u00fchungen kam durch Dutzende von Auszeichnungen bei f\u00fchrenden internationalen Wettbewerben: von <strong>New York (NYIOOC)<\/strong> und <strong>London<\/strong> bis nach <strong>Berlin<\/strong>, <strong>Israel<\/strong>, Kanada und <strong>Japan<\/strong>.<\/span><\/span><span data-path-to-node=\"6,8\">.  <\/span><span data-path-to-node=\"6,10\">Wir waren besonders stolz, als wir als <strong><i data-path-to-node=\"6,10\" data-index-in-node=\"52\">bestes Oliven\u00f6l der Welt (Best in Class)<\/i><\/strong> in der Sorte Koroneiki ausgezeichnet wurden.<\/span><span data-path-to-node=\"6,12\">.Heute reist das <strong><span class=\"citation-63\">native Oliven\u00f6l extra Chrisopigi <\/span><\/strong>um die ganze Welt, schm\u00fcckt die Tische preisgekr\u00f6nter griechischer K\u00f6che und tr\u00e4gt dank seines hohen Polyphenolgehalts eine offizielle esundheitsbezogene Angabe<\/span>g (Health Claim)[\/vc_column_text][\/vc_column][\/vc_row][vc_row row_content_width=&#8221;grid&#8221; css=&#8221;.vc_custom_1616676128220{margin-top: 60px !important;margin-bottom: 120px !important;}&#8221;][vc_column width=&#8221;1\/4&#8243; offset=&#8221;vc_col-lg-offset-0 vc_col-md-offset-0 vc_col-sm-offset-0&#8243; css=&#8221;.vc_custom_1616676210539{padding-right: 8% !important;padding-bottom: 20px !important;}&#8221;]<div class=\"eltdf-section-title-holder  eltdf-st-standard eltdf-st-title-left eltdf-st-normal-space \" >\n\t<div class=\"eltdf-st-inner\">\n\t\t\t\t\t<h2 class=\"eltdf-st-title\" >\n\t\t\t\tKreta in Ihrer Stadt \u2013 Chrisopigi Deli\t\t\t<\/h2>\n\t\t\t\t\t<\/div>\n<\/div>[\/vc_column][vc_column width=&#8221;3\/4&#8243; offset=&#8221;vc_col-lg-offset-0 vc_col-md-offset-0 vc_col-sm-offset-0&#8243;][vc_column_text el_class=&#8221;chrisopigi-intro-text&#8221;]<span data-path-to-node=\"7,2\"><span class=\"citation-61\">Unser Wunsch nach direktem Kontakt mit den Menschen, die unsere Produkte lieben, hat uns zum n\u00e4chsten gro\u00dfen Schritt gef\u00fchrt<\/span><\/span>. <span data-path-to-node=\"7,6\">Wir haben unsere Chrisopigi Deli-Gesch\u00e4fte er\u00f6ffnet und bringen so <strong>Sitia<\/strong> in die Herzen der Gro\u00dfst\u00e4dte.<\/span><span data-path-to-node=\"7,8\">.Heute finden Sie sowohl in<strong> Thessaloniki<\/strong> (Ermou 25) als auch im Zentrum von<strong> Athen<\/strong> (Voulis 7, Bolani-Passage) nicht nur<strong> unser mehrfach preisgekr\u00f6ntes Oliven\u00f6l<\/strong>. Sie werden eine sorgf\u00e4ltig ausgew\u00e4hlte <strong>Kollektion kretischer Produkte <\/strong>entdecken \u2013 seltene Honige, Zwieback, Kr\u00e4uter und K\u00e4se \u2013 von kleinen Erzeugern unseres absoluten Vertrauens. Wir erwarten Sie, um den authentischen, kretischen, mediterranen Lebensstil mit Ihnen zu teilen!<\/span>[\/vc_column_text][\/vc_column][\/vc_row]<\/p>\n<\/div>","protected":false},"excerpt":{"rendered":"<p>[vc_row row_content_width=&#8221;grid&#8221;][vc_column css=&#8221;.vc_custom_1616675268849{margin-bottom: 40px !important;}&#8221;][vc_single_image image=&#8221;48504&#8243; img_size=&#8221;full&#8221;][\/vc_column][\/vc_row][vc_row row_content_width=&#8221;grid&#8221; css=&#8221;.vc_custom_1616675083432{margin-top: 60px !important;margin-bottom: 60px !important;}&#8221;][vc_column width=&#8221;1\/4&#8243; offset=&#8221;vc_col-lg-offset-0 vc_col-md-offset-0 vc_col-sm-offset-0&#8243; css=&#8221;.vc_custom_1616676226038{padding-right: 8% !important;padding-bottom: 20px !important;}&#8221;][\/vc_column][vc_column width=&#8221;3\/4&#8243; offset=&#8221;vc_col-lg-offset-0 vc_col-md-offset-0 vc_col-sm-offset-0&#8243;][vc_column_text el_class=&#8221;chrisopigi-intro-text&#8221;]Wir sind Vitsentzos, Valantis, Theodora und Maria. Wir sind die f\u00fcnfte Generation einer Familie, deren Leben eng mit der Herstellung von nativem Oliven\u00f6l extra verbunden ist. Wir haben beschlossen, eine Tradition nicht einfach nur fortzuf\u00fchren, sondern sie [&hellip;]<\/p>\n","protected":false},"author":1,"featured_media":0,"parent":0,"menu_order":140,"comment_status":"closed","ping_status":"closed","template":"full-width.php","meta":{"footnotes":""},"yoast_head":"<!-- This site is optimized with the Yoast SEO plugin v27.2 - https:\/\/yoast.com\/product\/yoast-seo-wordpress\/ -->\n<title>\u00dcber uns - Chrisopigi<\/title>\n<meta name=\"robots\" content=\"index, follow, max-snippet:-1, max-image-preview:large, max-video-preview:-1\" \/>\n<link rel=\"canonical\" href=\"https:\/\/chrisopigi.gr\/de\/ueber-uns\/\" \/>\n<meta property=\"og:locale\" content=\"de_DE\" \/>\n<meta property=\"og:type\" content=\"article\" \/>\n<meta property=\"og:title\" content=\"\u00dcber uns - Chrisopigi\" \/>\n<meta property=\"og:description\" content=\"[vc_row row_content_width=&#8221;grid&#8221;][vc_column css=&#8221;.vc_custom_1616675268849{margin-bottom: 40px !important;}&#8221;][vc_single_image image=&#8221;48504&#8243; img_size=&#8221;full&#8221;][\/vc_column][\/vc_row][vc_row row_content_width=&#8221;grid&#8221; css=&#8221;.vc_custom_1616675083432{margin-top: 60px !important;margin-bottom: 60px !important;}&#8221;][vc_column width=&#8221;1\/4&#8243; offset=&#8221;vc_col-lg-offset-0 vc_col-md-offset-0 vc_col-sm-offset-0&#8243; css=&#8221;.vc_custom_1616676226038{padding-right: 8% !important;padding-bottom: 20px !important;}&#8221;][\/vc_column][vc_column width=&#8221;3\/4&#8243; offset=&#8221;vc_col-lg-offset-0 vc_col-md-offset-0 vc_col-sm-offset-0&#8243;][vc_column_text el_class=&#8221;chrisopigi-intro-text&#8221;]Wir sind Vitsentzos, Valantis, Theodora und Maria. Wir sind die f\u00fcnfte Generation einer Familie, deren Leben eng mit der Herstellung von nativem Oliven\u00f6l extra verbunden ist. Wir haben beschlossen, eine Tradition nicht einfach nur fortzuf\u00fchren, sondern sie [&hellip;]\" \/>\n<meta property=\"og:url\" content=\"https:\/\/chrisopigi.gr\/de\/ueber-uns\/\" \/>\n<meta property=\"og:site_name\" content=\"Chrisopigi\" \/>\n<meta property=\"article:modified_time\" content=\"2026-04-17T20:52:22+00:00\" \/>\n<meta name=\"twitter:card\" content=\"summary_large_image\" \/>\n<meta name=\"twitter:label1\" content=\"Gesch\u00e4tzte Lesezeit\" \/>\n\t<meta name=\"twitter:data1\" content=\"4\u00a0Minuten\" \/>\n<script type=\"application\/ld+json\" class=\"yoast-schema-graph\">{\"@context\":\"https:\/\/schema.org\",\"@graph\":[{\"@type\":\"WebPage\",\"@id\":\"https:\/\/chrisopigi.gr\/de\/ueber-uns\/\",\"url\":\"https:\/\/chrisopigi.gr\/de\/ueber-uns\/\",\"name\":\"\u00dcber uns - Chrisopigi\",\"isPartOf\":{\"@id\":\"https:\/\/chrisopigi.gr\/de\/#website\"},\"datePublished\":\"2026-04-17T20:52:17+00:00\",\"dateModified\":\"2026-04-17T20:52:22+00:00\",\"breadcrumb\":{\"@id\":\"https:\/\/chrisopigi.gr\/de\/ueber-uns\/#breadcrumb\"},\"inLanguage\":\"de\",\"potentialAction\":[{\"@type\":\"ReadAction\",\"target\":[\"https:\/\/chrisopigi.gr\/de\/ueber-uns\/\"]}]},{\"@type\":\"BreadcrumbList\",\"@id\":\"https:\/\/chrisopigi.gr\/de\/ueber-uns\/#breadcrumb\",\"itemListElement\":[{\"@type\":\"ListItem\",\"position\":1,\"name\":\"\u0391\u03c1\u03c7\u03b9\u03ba\u03ae\",\"item\":\"https:\/\/chrisopigi.gr\/de\/\"},{\"@type\":\"ListItem\",\"position\":2,\"name\":\"\u00dcber uns\"}]},{\"@type\":\"WebSite\",\"@id\":\"https:\/\/chrisopigi.gr\/de\/#website\",\"url\":\"https:\/\/chrisopigi.gr\/de\/\",\"name\":\"Chrisopigi\",\"description\":\"\u039a\u03c1\u03b7\u03c4\u03b9\u03ba\u03cc \u03b5\u03bb\u03b1\u03b9\u03cc\u03bb\u03b1\u03b4\u03bf &amp; \u03bc\u03ad\u03bb\u03b9 \u03b1\u03c0\u03cc \u03c4\u03b7\u03bd \u03a7\u03c1\u03c5\u03c3\u03bf\u03c0\u03b7\u03b3\u03ae \u03a3\u03b7\u03c4\u03b5\u03af\u03b1\u03c2\",\"potentialAction\":[{\"@type\":\"SearchAction\",\"target\":{\"@type\":\"EntryPoint\",\"urlTemplate\":\"https:\/\/chrisopigi.gr\/de\/?s={search_term_string}\"},\"query-input\":{\"@type\":\"PropertyValueSpecification\",\"valueRequired\":true,\"valueName\":\"search_term_string\"}}],\"inLanguage\":\"de\"}]}<\/script>\n<!-- \/ Yoast SEO plugin. -->","yoast_head_json":{"title":"\u00dcber uns - Chrisopigi","robots":{"index":"index","follow":"follow","max-snippet":"max-snippet:-1","max-image-preview":"max-image-preview:large","max-video-preview":"max-video-preview:-1"},"canonical":"https:\/\/chrisopigi.gr\/de\/ueber-uns\/","og_locale":"de_DE","og_type":"article","og_title":"\u00dcber uns - Chrisopigi","og_description":"[vc_row row_content_width=&#8221;grid&#8221;][vc_column css=&#8221;.vc_custom_1616675268849{margin-bottom: 40px !important;}&#8221;][vc_single_image image=&#8221;48504&#8243; img_size=&#8221;full&#8221;][\/vc_column][\/vc_row][vc_row row_content_width=&#8221;grid&#8221; css=&#8221;.vc_custom_1616675083432{margin-top: 60px !important;margin-bottom: 60px !important;}&#8221;][vc_column width=&#8221;1\/4&#8243; offset=&#8221;vc_col-lg-offset-0 vc_col-md-offset-0 vc_col-sm-offset-0&#8243; css=&#8221;.vc_custom_1616676226038{padding-right: 8% !important;padding-bottom: 20px !important;}&#8221;][\/vc_column][vc_column width=&#8221;3\/4&#8243; offset=&#8221;vc_col-lg-offset-0 vc_col-md-offset-0 vc_col-sm-offset-0&#8243;][vc_column_text el_class=&#8221;chrisopigi-intro-text&#8221;]Wir sind Vitsentzos, Valantis, Theodora und Maria. Wir sind die f\u00fcnfte Generation einer Familie, deren Leben eng mit der Herstellung von nativem Oliven\u00f6l extra verbunden ist. Wir haben beschlossen, eine Tradition nicht einfach nur fortzuf\u00fchren, sondern sie [&hellip;]","og_url":"https:\/\/chrisopigi.gr\/de\/ueber-uns\/","og_site_name":"Chrisopigi","article_modified_time":"2026-04-17T20:52:22+00:00","twitter_card":"summary_large_image","twitter_misc":{"Gesch\u00e4tzte Lesezeit":"4\u00a0Minuten"},"schema":{"@context":"https:\/\/schema.org","@graph":[{"@type":"WebPage","@id":"https:\/\/chrisopigi.gr\/de\/ueber-uns\/","url":"https:\/\/chrisopigi.gr\/de\/ueber-uns\/","name":"\u00dcber uns - Chrisopigi","isPartOf":{"@id":"https:\/\/chrisopigi.gr\/de\/#website"},"datePublished":"2026-04-17T20:52:17+00:00","dateModified":"2026-04-17T20:52:22+00:00","breadcrumb":{"@id":"https:\/\/chrisopigi.gr\/de\/ueber-uns\/#breadcrumb"},"inLanguage":"de","potentialAction":[{"@type":"ReadAction","target":["https:\/\/chrisopigi.gr\/de\/ueber-uns\/"]}]},{"@type":"BreadcrumbList","@id":"https:\/\/chrisopigi.gr\/de\/ueber-uns\/#breadcrumb","itemListElement":[{"@type":"ListItem","position":1,"name":"\u0391\u03c1\u03c7\u03b9\u03ba\u03ae","item":"https:\/\/chrisopigi.gr\/de\/"},{"@type":"ListItem","position":2,"name":"\u00dcber uns"}]},{"@type":"WebSite","@id":"https:\/\/chrisopigi.gr\/de\/#website","url":"https:\/\/chrisopigi.gr\/de\/","name":"Chrisopigi","description":"\u039a\u03c1\u03b7\u03c4\u03b9\u03ba\u03cc \u03b5\u03bb\u03b1\u03b9\u03cc\u03bb\u03b1\u03b4\u03bf &amp; \u03bc\u03ad\u03bb\u03b9 \u03b1\u03c0\u03cc \u03c4\u03b7\u03bd \u03a7\u03c1\u03c5\u03c3\u03bf\u03c0\u03b7\u03b3\u03ae \u03a3\u03b7\u03c4\u03b5\u03af\u03b1\u03c2","potentialAction":[{"@type":"SearchAction","target":{"@type":"EntryPoint","urlTemplate":"https:\/\/chrisopigi.gr\/de\/?s={search_term_string}"},"query-input":{"@type":"PropertyValueSpecification","valueRequired":true,"valueName":"search_term_string"}}],"inLanguage":"de"}]}},"_links":{"self":[{"href":"https:\/\/chrisopigi.gr\/de\/wp-json\/wp\/v2\/pages\/49063"}],"collection":[{"href":"https:\/\/chrisopigi.gr\/de\/wp-json\/wp\/v2\/pages"}],"about":[{"href":"https:\/\/chrisopigi.gr\/de\/wp-json\/wp\/v2\/types\/page"}],"author":[{"embeddable":true,"href":"https:\/\/chrisopigi.gr\/de\/wp-json\/wp\/v2\/users\/1"}],"replies":[{"embeddable":true,"href":"https:\/\/chrisopigi.gr\/de\/wp-json\/wp\/v2\/comments?post=49063"}],"version-history":[{"count":2,"href":"https:\/\/chrisopigi.gr\/de\/wp-json\/wp\/v2\/pages\/49063\/revisions"}],"predecessor-version":[{"id":49065,"href":"https:\/\/chrisopigi.gr\/de\/wp-json\/wp\/v2\/pages\/49063\/revisions\/49065"}],"wp:attachment":[{"href":"https:\/\/chrisopigi.gr\/de\/wp-json\/wp\/v2\/media?parent=49063"}],"curies":[{"name":"wp","href":"https:\/\/api.w.org\/{rel}","templated":true}]}}