{"id":49249,"date":"2026-04-23T21:25:22","date_gmt":"2026-04-23T18:25:22","guid":{"rendered":"https:\/\/chrisopigi.gr\/online-shop\/versand-lieferung\/"},"modified":"2026-04-23T21:25:26","modified_gmt":"2026-04-23T18:25:26","slug":"versand-lieferung","status":"publish","type":"page","link":"https:\/\/chrisopigi.gr\/de\/online-shop\/versand-lieferung\/","title":{"rendered":"Versand \/ Lieferung"},"content":{"rendered":"<div class=\"wpb-content-wrapper\"><p>[vc_row el_class=&#8221;chrisopigi_info_page&#8221;][vc_column]<div class=\"eltdf-section-title-holder  eltdf-st-standard eltdf-st-title-left eltdf-st-normal-space \" style=\"text-align: center\">\n\t<div class=\"eltdf-st-inner\">\n\t\t\t\t\t<h1 class=\"eltdf-st-title\" >\n\t\t\t\t\u0391\u03c0\u03bf\u03c3\u03c4\u03bf\u03bb\u03ae \/ \u03a0\u03b1\u03c1\u03ac\u03b4\u03bf\u03c3\u03b7\t\t\t<\/h1>\n\t\t\t\t\t\t\t<h5 class=\"eltdf-st-text\" >\n\t\t\t\t\u0397\u039b\u0395\u039a\u03a4\u03a1\u039f\u039d\u0399\u039a\u039f \u039a\u0391\u03a4\u0391\u03a3\u03a4\u0397\u039c\u0391 CHRISOPIGI.GR\t\t\t<\/h5>\n\t\t\t<\/div>\n<\/div>[vc_empty_space][vc_column_text]Alle Sendungen erfolgen t\u00e4glich, au\u00dfer an Samstagen, Sonntagen und nationalen \/ lokalen Feiertagen. Wenn Sie eine andere Versandart als die unten aufgef\u00fchrten w\u00fcnschen, k\u00f6nnen Sie dies auf der Bestellabschlussseite, insbesondere im <strong>Feld Bestellnotizen, angeben.<\/strong><\/p>\n<h2>Paket- &amp; Palettenversand innerhalb Griechenlands<\/h2>\n<p><b data-path-to-node=\"4,0\" data-index-in-node=\"0\">Alle Lieferungen innerhalb Griechenlands<\/b> erfolgen schnell und sicher in Zusammenarbeit mit <b data-path-to-node=\"4,0\" data-index-in-node=\"141\">DHL.<\/b><\/p>\n<p>&nbsp;<\/p>\n<h4>Lieferzeit<\/h4>\n<p>Die \u00fcbliche Lieferzeit betr\u00e4gt <strong>2 Werktage f\u00fcr Athen<\/strong> und <strong>3-4 Werktage f\u00fcr das restliche Griechenland.<\/strong><\/p>\n<h2>Paketversand in die Europ\u00e4ische Union (au\u00dfer Griechenland)<\/h2>\n<p data-path-to-node=\"7,0\">Paketsendungen innerhalb der Europ\u00e4ischen Union (au\u00dfer Griechenland) erfolgen \u00fcber <b data-path-to-node=\"7,0\" data-index-in-node=\"143\">DHL<\/b>. Mit dem Versand der Bestellung erhalten Sie eine Informationsnachricht, die die eindeutige Sendungsverfolgungsnummer (Tracking-Nummer) enth\u00e4lt.<\/p>\n<p data-path-to-node=\"7,1\">Die Versandkosten variieren je nach Gesamtgewicht des Pakets und dem endg\u00fcltigen Bestimmungsort. Sie k\u00f6nnen die Versandkosten im Abschnitt Versandberechnung des Warenkorbs genau berechnen (setzt voraus, dass Sie die gew\u00fcnschten Produkte bereits in den Warenkorb gelegt haben).<\/p>\n<h4>Lieferzeit<\/h4>\n<p data-path-to-node=\"9,1\">Die gesch\u00e4tzte Lieferzeit f\u00fcr die Europ\u00e4ische Union liegt zwischen 4 und 8 Werktagen, abh\u00e4ngig vom Bestimmungsland. Genauer gesagt:<\/p>\n<table data-path-to-node=\"9,2\">\n<thead>\n<tr>\n<td><strong><\/p>\n<td><strong>Bestimmungsort (Beispiell\u00e4nder)<\/strong><\/td>\n<p><\/strong><\/td>\n<\/tr>\n<\/thead>\n<tbody>\n<tr>\n<td><b data-path-to-node=\"9,2,1,0,0\" data-index-in-node=\"0\">Balkan<\/b> (z. B. Bulgarien, Rum\u00e4nien)<\/td>\n<td><span data-path-to-node=\"9,2,1,1,0\">3 &#8211; 5 Werktage<\/span><\/td>\n<\/tr>\n<tr>\n<td><span data-path-to-node=\"9,2,2,0,0\"><b data-path-to-node=\"9,2,2,0,0\" data-index-in-node=\"0\">Mitteleuropa<\/b> (z. B. \u00d6sterreich, Belgien, Deutschland)<\/span><\/td>\n<td><span data-path-to-node=\"9,2,2,1,0\">4 &#8211; 6 Werktage<\/span><\/td>\n<\/tr>\n<tr>\n<td><b data-path-to-node=\"9,2,3,0,0\" data-index-in-node=\"0\">West-\/S\u00fcdeuropa<\/b> (z. B. Frankreich, Italien, Spanien)<\/td>\n<td><span data-path-to-node=\"9,2,3,1,0\">5 &#8211; 7 Werktage<\/span><\/td>\n<\/tr>\n<tr>\n<td><span data-path-to-node=\"9,2,4,0,0\"><b data-path-to-node=\"9,2,4,0,0\" data-index-in-node=\"0\">Nordeuropa<\/b> (z. B. Schweden, Finnland)<\/span><\/td>\n<td><span data-path-to-node=\"9,2,4,1,0\">6 &#8211; 8 Werktage<\/span><\/td>\n<\/tr>\n<\/tbody>\n<\/table>\n<p>[\/vc_column_text][vc_empty_space][\/vc_column][\/vc_row]<\/p>\n<\/div>","protected":false},"excerpt":{"rendered":"<p>[vc_row el_class=&#8221;chrisopigi_info_page&#8221;][vc_column][vc_empty_space][vc_column_text]Alle Sendungen erfolgen t\u00e4glich, au\u00dfer an Samstagen, Sonntagen und nationalen \/ lokalen Feiertagen. Wenn Sie eine andere Versandart als die unten aufgef\u00fchrten w\u00fcnschen, k\u00f6nnen Sie dies auf der Bestellabschlussseite, insbesondere im Feld Bestellnotizen, angeben. Paket- &amp; Palettenversand innerhalb Griechenlands Alle Lieferungen innerhalb Griechenlands erfolgen schnell und sicher in Zusammenarbeit mit DHL. &nbsp; Lieferzeit Die \u00fcbliche Lieferzeit betr\u00e4gt 2 Werktage f\u00fcr Athen und [&hellip;]<\/p>\n","protected":false},"author":1,"featured_media":0,"parent":48667,"menu_order":40,"comment_status":"closed","ping_status":"closed","template":"","meta":{"footnotes":""},"yoast_head":"<!-- This site is optimized with the Yoast SEO plugin v27.2 - https:\/\/yoast.com\/product\/yoast-seo-wordpress\/ -->\n<title>Versand \/ Lieferung - Chrisopigi<\/title>\n<meta name=\"robots\" content=\"index, follow, max-snippet:-1, max-image-preview:large, max-video-preview:-1\" \/>\n<link rel=\"canonical\" href=\"https:\/\/chrisopigi.gr\/de\/online-shop\/versand-lieferung\/\" \/>\n<meta property=\"og:locale\" content=\"de_DE\" \/>\n<meta property=\"og:type\" content=\"article\" \/>\n<meta property=\"og:title\" content=\"Versand \/ Lieferung - Chrisopigi\" \/>\n<meta property=\"og:description\" content=\"[vc_row el_class=&#8221;chrisopigi_info_page&#8221;][vc_column][vc_empty_space][vc_column_text]Alle Sendungen erfolgen t\u00e4glich, au\u00dfer an Samstagen, Sonntagen und nationalen \/ lokalen Feiertagen. Wenn Sie eine andere Versandart als die unten aufgef\u00fchrten w\u00fcnschen, k\u00f6nnen Sie dies auf der Bestellabschlussseite, insbesondere im Feld Bestellnotizen, angeben. Paket- &amp; Palettenversand innerhalb Griechenlands Alle Lieferungen innerhalb Griechenlands erfolgen schnell und sicher in Zusammenarbeit mit DHL. &nbsp; Lieferzeit Die \u00fcbliche Lieferzeit betr\u00e4gt 2 Werktage f\u00fcr Athen und [&hellip;]\" \/>\n<meta property=\"og:url\" content=\"https:\/\/chrisopigi.gr\/de\/online-shop\/versand-lieferung\/\" \/>\n<meta property=\"og:site_name\" content=\"Chrisopigi\" \/>\n<meta property=\"article:modified_time\" content=\"2026-04-23T18:25:26+00:00\" \/>\n<meta name=\"twitter:card\" content=\"summary_large_image\" \/>\n<meta name=\"twitter:label1\" content=\"Gesch\u00e4tzte Lesezeit\" \/>\n\t<meta name=\"twitter:data1\" content=\"1\u00a0Minute\" \/>\n<script type=\"application\/ld+json\" class=\"yoast-schema-graph\">{\"@context\":\"https:\/\/schema.org\",\"@graph\":[{\"@type\":\"WebPage\",\"@id\":\"https:\/\/chrisopigi.gr\/de\/online-shop\/versand-lieferung\/\",\"url\":\"https:\/\/chrisopigi.gr\/de\/online-shop\/versand-lieferung\/\",\"name\":\"Versand \/ Lieferung - Chrisopigi\",\"isPartOf\":{\"@id\":\"https:\/\/chrisopigi.gr\/de\/#website\"},\"datePublished\":\"2026-04-23T18:25:22+00:00\",\"dateModified\":\"2026-04-23T18:25:26+00:00\",\"breadcrumb\":{\"@id\":\"https:\/\/chrisopigi.gr\/de\/online-shop\/versand-lieferung\/#breadcrumb\"},\"inLanguage\":\"de\",\"potentialAction\":[{\"@type\":\"ReadAction\",\"target\":[\"https:\/\/chrisopigi.gr\/de\/online-shop\/versand-lieferung\/\"]}]},{\"@type\":\"BreadcrumbList\",\"@id\":\"https:\/\/chrisopigi.gr\/de\/online-shop\/versand-lieferung\/#breadcrumb\",\"itemListElement\":[{\"@type\":\"ListItem\",\"position\":1,\"name\":\"\u0391\u03c1\u03c7\u03b9\u03ba\u03ae\",\"item\":\"https:\/\/chrisopigi.gr\/de\/\"},{\"@type\":\"ListItem\",\"position\":2,\"name\":\"Online-Shop\",\"item\":\"https:\/\/chrisopigi.gr\/de\/online-shop\/\"},{\"@type\":\"ListItem\",\"position\":3,\"name\":\"Versand \/ Lieferung\"}]},{\"@type\":\"WebSite\",\"@id\":\"https:\/\/chrisopigi.gr\/de\/#website\",\"url\":\"https:\/\/chrisopigi.gr\/de\/\",\"name\":\"Chrisopigi\",\"description\":\"\u039a\u03c1\u03b7\u03c4\u03b9\u03ba\u03cc \u03b5\u03bb\u03b1\u03b9\u03cc\u03bb\u03b1\u03b4\u03bf &amp; \u03bc\u03ad\u03bb\u03b9 \u03b1\u03c0\u03cc \u03c4\u03b7\u03bd \u03a7\u03c1\u03c5\u03c3\u03bf\u03c0\u03b7\u03b3\u03ae \u03a3\u03b7\u03c4\u03b5\u03af\u03b1\u03c2\",\"potentialAction\":[{\"@type\":\"SearchAction\",\"target\":{\"@type\":\"EntryPoint\",\"urlTemplate\":\"https:\/\/chrisopigi.gr\/de\/?s={search_term_string}\"},\"query-input\":{\"@type\":\"PropertyValueSpecification\",\"valueRequired\":true,\"valueName\":\"search_term_string\"}}],\"inLanguage\":\"de\"}]}<\/script>\n<!-- \/ Yoast SEO plugin. -->","yoast_head_json":{"title":"Versand \/ Lieferung - Chrisopigi","robots":{"index":"index","follow":"follow","max-snippet":"max-snippet:-1","max-image-preview":"max-image-preview:large","max-video-preview":"max-video-preview:-1"},"canonical":"https:\/\/chrisopigi.gr\/de\/online-shop\/versand-lieferung\/","og_locale":"de_DE","og_type":"article","og_title":"Versand \/ Lieferung - Chrisopigi","og_description":"[vc_row el_class=&#8221;chrisopigi_info_page&#8221;][vc_column][vc_empty_space][vc_column_text]Alle Sendungen erfolgen t\u00e4glich, au\u00dfer an Samstagen, Sonntagen und nationalen \/ lokalen Feiertagen. Wenn Sie eine andere Versandart als die unten aufgef\u00fchrten w\u00fcnschen, k\u00f6nnen Sie dies auf der Bestellabschlussseite, insbesondere im Feld Bestellnotizen, angeben. Paket- &amp; Palettenversand innerhalb Griechenlands Alle Lieferungen innerhalb Griechenlands erfolgen schnell und sicher in Zusammenarbeit mit DHL. &nbsp; Lieferzeit Die \u00fcbliche Lieferzeit betr\u00e4gt 2 Werktage f\u00fcr Athen und [&hellip;]","og_url":"https:\/\/chrisopigi.gr\/de\/online-shop\/versand-lieferung\/","og_site_name":"Chrisopigi","article_modified_time":"2026-04-23T18:25:26+00:00","twitter_card":"summary_large_image","twitter_misc":{"Gesch\u00e4tzte Lesezeit":"1\u00a0Minute"},"schema":{"@context":"https:\/\/schema.org","@graph":[{"@type":"WebPage","@id":"https:\/\/chrisopigi.gr\/de\/online-shop\/versand-lieferung\/","url":"https:\/\/chrisopigi.gr\/de\/online-shop\/versand-lieferung\/","name":"Versand \/ Lieferung - Chrisopigi","isPartOf":{"@id":"https:\/\/chrisopigi.gr\/de\/#website"},"datePublished":"2026-04-23T18:25:22+00:00","dateModified":"2026-04-23T18:25:26+00:00","breadcrumb":{"@id":"https:\/\/chrisopigi.gr\/de\/online-shop\/versand-lieferung\/#breadcrumb"},"inLanguage":"de","potentialAction":[{"@type":"ReadAction","target":["https:\/\/chrisopigi.gr\/de\/online-shop\/versand-lieferung\/"]}]},{"@type":"BreadcrumbList","@id":"https:\/\/chrisopigi.gr\/de\/online-shop\/versand-lieferung\/#breadcrumb","itemListElement":[{"@type":"ListItem","position":1,"name":"\u0391\u03c1\u03c7\u03b9\u03ba\u03ae","item":"https:\/\/chrisopigi.gr\/de\/"},{"@type":"ListItem","position":2,"name":"Online-Shop","item":"https:\/\/chrisopigi.gr\/de\/online-shop\/"},{"@type":"ListItem","position":3,"name":"Versand \/ Lieferung"}]},{"@type":"WebSite","@id":"https:\/\/chrisopigi.gr\/de\/#website","url":"https:\/\/chrisopigi.gr\/de\/","name":"Chrisopigi","description":"\u039a\u03c1\u03b7\u03c4\u03b9\u03ba\u03cc \u03b5\u03bb\u03b1\u03b9\u03cc\u03bb\u03b1\u03b4\u03bf &amp; \u03bc\u03ad\u03bb\u03b9 \u03b1\u03c0\u03cc \u03c4\u03b7\u03bd \u03a7\u03c1\u03c5\u03c3\u03bf\u03c0\u03b7\u03b3\u03ae \u03a3\u03b7\u03c4\u03b5\u03af\u03b1\u03c2","potentialAction":[{"@type":"SearchAction","target":{"@type":"EntryPoint","urlTemplate":"https:\/\/chrisopigi.gr\/de\/?s={search_term_string}"},"query-input":{"@type":"PropertyValueSpecification","valueRequired":true,"valueName":"search_term_string"}}],"inLanguage":"de"}]}},"_links":{"self":[{"href":"https:\/\/chrisopigi.gr\/de\/wp-json\/wp\/v2\/pages\/49249"}],"collection":[{"href":"https:\/\/chrisopigi.gr\/de\/wp-json\/wp\/v2\/pages"}],"about":[{"href":"https:\/\/chrisopigi.gr\/de\/wp-json\/wp\/v2\/types\/page"}],"author":[{"embeddable":true,"href":"https:\/\/chrisopigi.gr\/de\/wp-json\/wp\/v2\/users\/1"}],"replies":[{"embeddable":true,"href":"https:\/\/chrisopigi.gr\/de\/wp-json\/wp\/v2\/comments?post=49249"}],"version-history":[{"count":2,"href":"https:\/\/chrisopigi.gr\/de\/wp-json\/wp\/v2\/pages\/49249\/revisions"}],"predecessor-version":[{"id":49251,"href":"https:\/\/chrisopigi.gr\/de\/wp-json\/wp\/v2\/pages\/49249\/revisions\/49251"}],"up":[{"embeddable":true,"href":"https:\/\/chrisopigi.gr\/de\/wp-json\/wp\/v2\/pages\/48667"}],"wp:attachment":[{"href":"https:\/\/chrisopigi.gr\/de\/wp-json\/wp\/v2\/media?parent=49249"}],"curies":[{"name":"wp","href":"https:\/\/api.w.org\/{rel}","templated":true}]}}