{"id":48637,"date":"2025-07-13T23:14:49","date_gmt":"2026-03-26T20:03:40","guid":{"rendered":"https:\/\/chrisopigi.gr\/product\/chrisopigi-early-harvest-olivenoel-limitierte-edition\/"},"modified":"2026-03-26T22:03:40","modified_gmt":"2026-03-26T20:03:40","slug":"chrisopigi-early-harvest-olivenoel-limitierte-edition","status":"publish","type":"product","link":"https:\/\/chrisopigi.gr\/de\/product\/chrisopigi-early-harvest-olivenoel-limitierte-edition\/","title":{"rendered":"CHRISOPIGI Oliven\u00f6l der fr\u00fchen Ernte \u2013 Limitierte Edition"},"content":{"rendered":"<p data-start=\"119\" data-end=\"198\"><strong data-start=\"119\" data-end=\"198\">CHRISOPIGI Natives Oliven\u00f6l Extra \u2013 Limitierte Edition<\/strong><\/p>\n<p data-start=\"200\" data-end=\"361\">CHRISOPIGI Agourelaio ist ein fr\u00fch geerntetes natives Oliven\u00f6l extra, das Ergebnis von \u00fcber einem Jahrzehnt hingebungsvoller Pflege in unseren <strong data-start=\"203\" data-end=\"231\">Olivenhainen.<\/strong><\/p>\n<p data-start=\"363\" data-end=\"590\">Hergestellt im historischen Olivenhain <strong data-start=\"395\" data-end=\"414\">&#8220;Mavros Kampos&#8221;<\/strong> in der Ebene von Chrisopigi, einem Ort mit tausendj\u00e4hrigen und jahrhundertealten Olivenb\u00e4umen, die die Zeit in ihre Fr\u00fcchte &#8220;weben&#8221; und ein authentisches und charaktervolles Oliven\u00f6l bieten.<\/p>\n<p data-start=\"592\" data-end=\"861\">Im Laufe der Jahre haben wir verschiedene Anbaumethoden ausprobiert, Bodenanalysen durchgef\u00fchrt, die klimatischen Bedingungen studiert und die Fr\u00fcchte unserer Arbeit getestet. Im dritten Jahr in Folge bieten wir Ihnen das wertvollste Geschenk unserer Erde. <\/p>\n<p data-start=\"863\" data-end=\"909\">Das <strong data-start=\"866\" data-end=\"894\">CHRISOPIGI Early Harvest<\/strong> zeichnet sich aus durch:<\/p>\n<ul data-start=\"911\" data-end=\"1066\">\n<li data-start=\"911\" data-end=\"939\">\n<p data-start=\"913\" data-end=\"939\"><strong data-start=\"913\" data-end=\"939\">Intensives, fruchtiges Aroma<\/strong><\/p>\n<\/li>\n<li data-start=\"940\" data-end=\"984\">\n<p data-start=\"942\" data-end=\"984\"><strong data-start=\"942\" data-end=\"984\">Angenehme Bitterkeit und pikante Noten<\/strong><\/p>\n<\/li>\n<li data-start=\"985\" data-end=\"1027\">\n<p data-start=\"987\" data-end=\"1027\"><strong data-start=\"987\" data-end=\"1027\">Hoher Gehalt an Polyphenolen<\/strong><\/p>\n<\/li>\n<li data-start=\"1028\" data-end=\"1066\">\n<p data-start=\"1030\" data-end=\"1066\"><strong data-start=\"1030\" data-end=\"1066\">Sorgf\u00e4ltig limitierte Produktion<\/strong><\/p>\n<\/li>\n<\/ul>\n<p data-start=\"1068\" data-end=\"1168\">Es ist das erste \u00d6l der Saison &#8211; ein Fest f\u00fcr unsere Familie, das wir nun mit Ihnen teilen.<\/p>\n<p data-start=\"1170\" data-end=\"1299\"><strong data-start=\"1170\" data-end=\"1233\">Erh\u00e4ltlich in einer Sonderausgabe und in begrenzter Flaschenanzahl.<\/strong><br data-start=\"1233\" data-end=\"1236\">Genie\u00dfen Sie den authentischen Geschmack der kretischen Erde an Ihrem Tisch.<\/p>\n","protected":false},"excerpt":{"rendered":"<p>Ein intensiv fruchtiges und pikantes Oliven\u00f6l der fr\u00fchen Ernte, reich an Polyphenolen, aus dem historischen Olivenhain &#8220;Mavros Kampos&#8221;.\u0388\u03bd\u03b1 \u03ad\u03bd\u03c4\u03bf\u03bd\u03b1 \u03c6\u03c1\u03bf\u03c5\u03c4\u03ce\u03b4\u03b5\u03c2 \u03ba\u03b1\u03b9 \u03c0\u03b9\u03ba\u03ac\u03bd\u03c4\u03b9\u03ba\u03bf \u03b1\u03b3\u03bf\u03c5\u03c1\u03ad\u03bb\u03b1\u03b9\u03bf, \u03c0\u03bb\u03bf\u03cd\u03c3\u03b9\u03bf \u03c3\u03b5 \u03c0\u03bf\u03bb\u03c5\u03c6\u03b1\u03b9\u03bd\u03cc\u03bb\u03b5\u03c2, \u03b1\u03c0\u03cc \u03c4\u03bf\u03bd \u03b9\u03c3\u03c4\u03bf\u03c1\u03b9\u03ba\u03cc \u03b5\u03bb\u03b1\u03b9\u03ce\u03bd\u03b1 \u201c\u039c\u03b1\u03cd\u03c1\u03bf\u03c2 \u039a\u03ac\u03bc\u03c0\u03bf\u03c2 \u201d.<\/p>\n","protected":false},"featured_media":48638,"comment_status":"closed","ping_status":"closed","template":"","meta":[],"product_cat":[1767],"product_tag":[1768],"yoast_head":"<!-- This site is optimized with the Yoast SEO plugin v27.2 - https:\/\/yoast.com\/product\/yoast-seo-wordpress\/ -->\n<title>CHRISOPIGI Oliven\u00f6l der fr\u00fchen Ernte \u2013 Limitierte Edition - Chrisopigi<\/title>\n<meta name=\"robots\" content=\"index, follow, max-snippet:-1, max-image-preview:large, max-video-preview:-1\" \/>\n<link rel=\"canonical\" href=\"https:\/\/chrisopigi.gr\/de\/product\/chrisopigi-early-harvest-olivenoel-limitierte-edition\/\" \/>\n<meta property=\"og:locale\" content=\"de_DE\" \/>\n<meta property=\"og:type\" content=\"article\" \/>\n<meta property=\"og:title\" content=\"CHRISOPIGI Oliven\u00f6l der fr\u00fchen Ernte \u2013 Limitierte Edition - Chrisopigi\" \/>\n<meta property=\"og:description\" content=\"Ein intensiv fruchtiges und pikantes Oliven\u00f6l der fr\u00fchen Ernte, reich an Polyphenolen, aus dem historischen Olivenhain &quot;Mavros Kampos&quot;.\u0388\u03bd\u03b1 \u03ad\u03bd\u03c4\u03bf\u03bd\u03b1 \u03c6\u03c1\u03bf\u03c5\u03c4\u03ce\u03b4\u03b5\u03c2 \u03ba\u03b1\u03b9 \u03c0\u03b9\u03ba\u03ac\u03bd\u03c4\u03b9\u03ba\u03bf \u03b1\u03b3\u03bf\u03c5\u03c1\u03ad\u03bb\u03b1\u03b9\u03bf, \u03c0\u03bb\u03bf\u03cd\u03c3\u03b9\u03bf \u03c3\u03b5 \u03c0\u03bf\u03bb\u03c5\u03c6\u03b1\u03b9\u03bd\u03cc\u03bb\u03b5\u03c2, \u03b1\u03c0\u03cc \u03c4\u03bf\u03bd \u03b9\u03c3\u03c4\u03bf\u03c1\u03b9\u03ba\u03cc \u03b5\u03bb\u03b1\u03b9\u03ce\u03bd\u03b1 \u201c\u039c\u03b1\u03cd\u03c1\u03bf\u03c2 \u039a\u03ac\u03bc\u03c0\u03bf\u03c2 \u201d.\" \/>\n<meta property=\"og:url\" content=\"https:\/\/chrisopigi.gr\/de\/product\/chrisopigi-early-harvest-olivenoel-limitierte-edition\/\" \/>\n<meta property=\"og:site_name\" content=\"Chrisopigi\" \/>\n<meta name=\"twitter:card\" content=\"summary_large_image\" \/>\n<meta name=\"twitter:label1\" content=\"Gesch\u00e4tzte Lesezeit\" \/>\n\t<meta name=\"twitter:data1\" content=\"1\u00a0Minute\" \/>\n<script type=\"application\/ld+json\" class=\"yoast-schema-graph\">{\"@context\":\"https:\/\/schema.org\",\"@graph\":[{\"@type\":\"WebPage\",\"@id\":\"https:\/\/chrisopigi.gr\/de\/product\/chrisopigi-early-harvest-olivenoel-limitierte-edition\/\",\"url\":\"https:\/\/chrisopigi.gr\/de\/product\/chrisopigi-early-harvest-olivenoel-limitierte-edition\/\",\"name\":\"CHRISOPIGI Oliven\u00f6l der fr\u00fchen Ernte \u2013 Limitierte Edition - Chrisopigi\",\"isPartOf\":{\"@id\":\"https:\/\/chrisopigi.gr\/de\/#website\"},\"primaryImageOfPage\":{\"@id\":\"https:\/\/chrisopigi.gr\/de\/product\/chrisopigi-early-harvest-olivenoel-limitierte-edition\/#primaryimage\"},\"image\":{\"@id\":\"https:\/\/chrisopigi.gr\/de\/product\/chrisopigi-early-harvest-olivenoel-limitierte-edition\/#primaryimage\"},\"thumbnailUrl\":\"https:\/\/chrisopigi.gr\/wp-content\/uploads\/2025\/07\/470175628_17939684171936426_5712715775937242273_n.jpg\",\"datePublished\":\"2026-03-26T20:03:40+00:00\",\"breadcrumb\":{\"@id\":\"https:\/\/chrisopigi.gr\/de\/product\/chrisopigi-early-harvest-olivenoel-limitierte-edition\/#breadcrumb\"},\"inLanguage\":\"de\",\"potentialAction\":[{\"@type\":\"ReadAction\",\"target\":[\"https:\/\/chrisopigi.gr\/de\/product\/chrisopigi-early-harvest-olivenoel-limitierte-edition\/\"]}]},{\"@type\":\"ImageObject\",\"inLanguage\":\"de\",\"@id\":\"https:\/\/chrisopigi.gr\/de\/product\/chrisopigi-early-harvest-olivenoel-limitierte-edition\/#primaryimage\",\"url\":\"https:\/\/chrisopigi.gr\/wp-content\/uploads\/2025\/07\/470175628_17939684171936426_5712715775937242273_n.jpg\",\"contentUrl\":\"https:\/\/chrisopigi.gr\/wp-content\/uploads\/2025\/07\/470175628_17939684171936426_5712715775937242273_n.jpg\",\"width\":1440,\"height\":1800},{\"@type\":\"BreadcrumbList\",\"@id\":\"https:\/\/chrisopigi.gr\/de\/product\/chrisopigi-early-harvest-olivenoel-limitierte-edition\/#breadcrumb\",\"itemListElement\":[{\"@type\":\"ListItem\",\"position\":1,\"name\":\"\u0391\u03c1\u03c7\u03b9\u03ba\u03ae\",\"item\":\"https:\/\/chrisopigi.gr\/de\/\"},{\"@type\":\"ListItem\",\"position\":2,\"name\":\"Online-Shop\",\"item\":\"https:\/\/chrisopigi.gr\/online-shop\/\"},{\"@type\":\"ListItem\",\"position\":3,\"name\":\"CHRISOPIGI Oliven\u00f6l der fr\u00fchen Ernte \u2013 Limitierte Edition\"}]},{\"@type\":\"WebSite\",\"@id\":\"https:\/\/chrisopigi.gr\/de\/#website\",\"url\":\"https:\/\/chrisopigi.gr\/de\/\",\"name\":\"Chrisopigi\",\"description\":\"\u039a\u03c1\u03b7\u03c4\u03b9\u03ba\u03cc \u03b5\u03bb\u03b1\u03b9\u03cc\u03bb\u03b1\u03b4\u03bf &amp; \u03bc\u03ad\u03bb\u03b9 \u03b1\u03c0\u03cc \u03c4\u03b7\u03bd \u03a7\u03c1\u03c5\u03c3\u03bf\u03c0\u03b7\u03b3\u03ae \u03a3\u03b7\u03c4\u03b5\u03af\u03b1\u03c2\",\"potentialAction\":[{\"@type\":\"SearchAction\",\"target\":{\"@type\":\"EntryPoint\",\"urlTemplate\":\"https:\/\/chrisopigi.gr\/de\/?s={search_term_string}\"},\"query-input\":{\"@type\":\"PropertyValueSpecification\",\"valueRequired\":true,\"valueName\":\"search_term_string\"}}],\"inLanguage\":\"de\"}]}<\/script>\n<!-- \/ Yoast SEO plugin. -->","yoast_head_json":{"title":"CHRISOPIGI Oliven\u00f6l der fr\u00fchen Ernte \u2013 Limitierte Edition - Chrisopigi","robots":{"index":"index","follow":"follow","max-snippet":"max-snippet:-1","max-image-preview":"max-image-preview:large","max-video-preview":"max-video-preview:-1"},"canonical":"https:\/\/chrisopigi.gr\/de\/product\/chrisopigi-early-harvest-olivenoel-limitierte-edition\/","og_locale":"de_DE","og_type":"article","og_title":"CHRISOPIGI Oliven\u00f6l der fr\u00fchen Ernte \u2013 Limitierte Edition - Chrisopigi","og_description":"Ein intensiv fruchtiges und pikantes Oliven\u00f6l der fr\u00fchen Ernte, reich an Polyphenolen, aus dem historischen Olivenhain \"Mavros Kampos\".\u0388\u03bd\u03b1 \u03ad\u03bd\u03c4\u03bf\u03bd\u03b1 \u03c6\u03c1\u03bf\u03c5\u03c4\u03ce\u03b4\u03b5\u03c2 \u03ba\u03b1\u03b9 \u03c0\u03b9\u03ba\u03ac\u03bd\u03c4\u03b9\u03ba\u03bf \u03b1\u03b3\u03bf\u03c5\u03c1\u03ad\u03bb\u03b1\u03b9\u03bf, \u03c0\u03bb\u03bf\u03cd\u03c3\u03b9\u03bf \u03c3\u03b5 \u03c0\u03bf\u03bb\u03c5\u03c6\u03b1\u03b9\u03bd\u03cc\u03bb\u03b5\u03c2, \u03b1\u03c0\u03cc \u03c4\u03bf\u03bd \u03b9\u03c3\u03c4\u03bf\u03c1\u03b9\u03ba\u03cc \u03b5\u03bb\u03b1\u03b9\u03ce\u03bd\u03b1 \u201c\u039c\u03b1\u03cd\u03c1\u03bf\u03c2 \u039a\u03ac\u03bc\u03c0\u03bf\u03c2 \u201d.","og_url":"https:\/\/chrisopigi.gr\/de\/product\/chrisopigi-early-harvest-olivenoel-limitierte-edition\/","og_site_name":"Chrisopigi","twitter_card":"summary_large_image","twitter_misc":{"Gesch\u00e4tzte Lesezeit":"1\u00a0Minute"},"schema":{"@context":"https:\/\/schema.org","@graph":[{"@type":"WebPage","@id":"https:\/\/chrisopigi.gr\/de\/product\/chrisopigi-early-harvest-olivenoel-limitierte-edition\/","url":"https:\/\/chrisopigi.gr\/de\/product\/chrisopigi-early-harvest-olivenoel-limitierte-edition\/","name":"CHRISOPIGI Oliven\u00f6l der fr\u00fchen Ernte \u2013 Limitierte Edition - Chrisopigi","isPartOf":{"@id":"https:\/\/chrisopigi.gr\/de\/#website"},"primaryImageOfPage":{"@id":"https:\/\/chrisopigi.gr\/de\/product\/chrisopigi-early-harvest-olivenoel-limitierte-edition\/#primaryimage"},"image":{"@id":"https:\/\/chrisopigi.gr\/de\/product\/chrisopigi-early-harvest-olivenoel-limitierte-edition\/#primaryimage"},"thumbnailUrl":"https:\/\/chrisopigi.gr\/wp-content\/uploads\/2025\/07\/470175628_17939684171936426_5712715775937242273_n.jpg","datePublished":"2026-03-26T20:03:40+00:00","breadcrumb":{"@id":"https:\/\/chrisopigi.gr\/de\/product\/chrisopigi-early-harvest-olivenoel-limitierte-edition\/#breadcrumb"},"inLanguage":"de","potentialAction":[{"@type":"ReadAction","target":["https:\/\/chrisopigi.gr\/de\/product\/chrisopigi-early-harvest-olivenoel-limitierte-edition\/"]}]},{"@type":"ImageObject","inLanguage":"de","@id":"https:\/\/chrisopigi.gr\/de\/product\/chrisopigi-early-harvest-olivenoel-limitierte-edition\/#primaryimage","url":"https:\/\/chrisopigi.gr\/wp-content\/uploads\/2025\/07\/470175628_17939684171936426_5712715775937242273_n.jpg","contentUrl":"https:\/\/chrisopigi.gr\/wp-content\/uploads\/2025\/07\/470175628_17939684171936426_5712715775937242273_n.jpg","width":1440,"height":1800},{"@type":"BreadcrumbList","@id":"https:\/\/chrisopigi.gr\/de\/product\/chrisopigi-early-harvest-olivenoel-limitierte-edition\/#breadcrumb","itemListElement":[{"@type":"ListItem","position":1,"name":"\u0391\u03c1\u03c7\u03b9\u03ba\u03ae","item":"https:\/\/chrisopigi.gr\/de\/"},{"@type":"ListItem","position":2,"name":"Online-Shop","item":"https:\/\/chrisopigi.gr\/online-shop\/"},{"@type":"ListItem","position":3,"name":"CHRISOPIGI Oliven\u00f6l der fr\u00fchen Ernte \u2013 Limitierte Edition"}]},{"@type":"WebSite","@id":"https:\/\/chrisopigi.gr\/de\/#website","url":"https:\/\/chrisopigi.gr\/de\/","name":"Chrisopigi","description":"\u039a\u03c1\u03b7\u03c4\u03b9\u03ba\u03cc \u03b5\u03bb\u03b1\u03b9\u03cc\u03bb\u03b1\u03b4\u03bf &amp; \u03bc\u03ad\u03bb\u03b9 \u03b1\u03c0\u03cc \u03c4\u03b7\u03bd \u03a7\u03c1\u03c5\u03c3\u03bf\u03c0\u03b7\u03b3\u03ae \u03a3\u03b7\u03c4\u03b5\u03af\u03b1\u03c2","potentialAction":[{"@type":"SearchAction","target":{"@type":"EntryPoint","urlTemplate":"https:\/\/chrisopigi.gr\/de\/?s={search_term_string}"},"query-input":{"@type":"PropertyValueSpecification","valueRequired":true,"valueName":"search_term_string"}}],"inLanguage":"de"}]}},"_links":{"self":[{"href":"https:\/\/chrisopigi.gr\/de\/wp-json\/wp\/v2\/product\/48637"}],"collection":[{"href":"https:\/\/chrisopigi.gr\/de\/wp-json\/wp\/v2\/product"}],"about":[{"href":"https:\/\/chrisopigi.gr\/de\/wp-json\/wp\/v2\/types\/product"}],"replies":[{"embeddable":true,"href":"https:\/\/chrisopigi.gr\/de\/wp-json\/wp\/v2\/comments?post=48637"}],"wp:featuredmedia":[{"embeddable":true,"href":"https:\/\/chrisopigi.gr\/de\/wp-json\/wp\/v2\/media\/48638"}],"wp:attachment":[{"href":"https:\/\/chrisopigi.gr\/de\/wp-json\/wp\/v2\/media?parent=48637"}],"wp:term":[{"taxonomy":"product_cat","embeddable":true,"href":"https:\/\/chrisopigi.gr\/de\/wp-json\/wp\/v2\/product_cat?post=48637"},{"taxonomy":"product_tag","embeddable":true,"href":"https:\/\/chrisopigi.gr\/de\/wp-json\/wp\/v2\/product_tag?post=48637"}],"curies":[{"name":"wp","href":"https:\/\/api.w.org\/{rel}","templated":true}]}}