{"id":49122,"date":"2026-04-19T23:45:30","date_gmt":"2026-04-19T20:45:30","guid":{"rendered":"https:\/\/chrisopigi.gr\/product\/chrisopigi-natives-olivenoel-extra-kanister-1l\/"},"modified":"2026-04-19T23:45:33","modified_gmt":"2026-04-19T20:45:33","slug":"chrisopigi-natives-olivenoel-extra-kanister-1l","status":"publish","type":"product","link":"https:\/\/chrisopigi.gr\/de\/product\/chrisopigi-natives-olivenoel-extra-kanister-1l\/","title":{"rendered":"Natives Oliven\u00f6l Extra Chrisopigi 1L Kanister"},"content":{"rendered":"<div class=\"wpb-content-wrapper\"><p>[vc_row full_width=&#8221;stretch_row&#8221; css=&#8221;.vc_custom_1578603677892{margin-bottom: 90px !important;}&#8221;][vc_column][vc_column_text]<\/p>\n<h2 style=\"text-align: center\">\u00dcber das Oliven\u00f6l<\/h2>\n<p>[\/vc_column_text][vc_row_inner][vc_column_inner width=&#8221;1\/2&#8243;][vc_column_text][chrisopigi_olive_oil_facts show_certifications=&#8221;0&#8243; show_indices=&#8221;0&#8243; show_nutriants=&#8221;1&#8243; show_awards=&#8221;0&#8243; nutr_proteins=&#8221;&#8221; nutr_carbonhydrates=&#8221;&#8221; nutr_ediblefibers=&#8221;&#8221; nutr_sodium=&#8221;&#8221; nutr_cholesterol=&#8221;&#8221;][\/vc_column_text][\/vc_column_inner][vc_column_inner width=&#8221;1\/2&#8243;][vc_column_text][chrisopigi_olive_oil_facts show_certifications=&#8221;0&#8243; show_indices=&#8221;1&#8243; show_nutriants=&#8221;0&#8243; show_awards=&#8221;0&#8243;][\/vc_column_text][\/vc_column_inner][\/vc_row_inner][vc_row_inner][vc_column_inner width=&#8221;1\/2&#8243;][vc_column_text][chrisopigi_olive_oil_facts show_certifications=&#8221;1&#8243; show_indices=&#8221;0&#8243; show_nutriants=&#8221;0&#8243; show_awards=&#8221;0&#8243;][\/vc_column_text][\/vc_column_inner][vc_column_inner width=&#8221;1\/2&#8243;][vc_column_text][chrisopigi_olive_oil_facts show_certifications=&#8221;0&#8243; show_indices=&#8221;0&#8243; show_nutriants=&#8221;0&#8243; show_awards=&#8221;1&#8243;][\/vc_column_text][\/vc_column_inner][\/vc_row_inner][\/vc_column][\/vc_row][vc_row css=&#8221;.vc_custom_1578603723629{margin-bottom: 40px !important;}&#8221;][vc_column width=&#8221;1\/2&#8243;][vc_column_text][chrisopigi_product_attrs][\/vc_column_text][\/vc_column][vc_column width=&#8221;1\/2&#8243;][vc_column_text]<\/p>\n<p style=\"text-align: left\">[chrisopigi_product_shipping]<\/p>\n<p>[\/vc_column_text][\/vc_column][\/vc_row][vc_row][vc_column width=&#8221;1\/6&#8243;][\/vc_column][vc_column width=&#8221;2\/3&#8243;][vc_column_text][chrisopigi_product_reviews][\/vc_column_text][\/vc_column][vc_column width=&#8221;1\/6&#8243;][\/vc_column][\/vc_row]<\/p>\n<\/div>","protected":false},"excerpt":{"rendered":"<p><strong>Natives Oliven\u00f6l Extra P.D.O. Sitia Lasithi Kreta, S\u00e4uregehalt 0,1% \u2013 0,3%<\/strong>, reich an N\u00e4hrstoffen.<br \/>\nEinzigartig f<strong>ruchtiger Geschmack<\/strong>, der alle <strong>rohen Rezepte<\/strong> (Salate, Dips usw.) verfeinert, und gleichzeitig sehr <strong>leicht f\u00fcr jede Art der Zubereitung beim Kochen<\/strong>.<br \/>\nNeben der Ern\u00e4hrung kann es auch als <strong>Kosmetikum<\/strong> oder f\u00fcr andere therapeutische Zwecke verwendet werden.<\/p>\n","protected":false},"featured_media":49123,"comment_status":"closed","ping_status":"closed","template":"","meta":[],"product_cat":[1767],"product_tag":[1780],"yoast_head":"<!-- This site is optimized with the Yoast SEO plugin v27.2 - https:\/\/yoast.com\/product\/yoast-seo-wordpress\/ -->\n<title>Natives Oliven\u00f6l Extra Chrisopigi 1L Kanister - Chrisopigi<\/title>\n<meta name=\"robots\" content=\"index, follow, max-snippet:-1, max-image-preview:large, max-video-preview:-1\" \/>\n<link rel=\"canonical\" href=\"https:\/\/chrisopigi.gr\/de\/product\/chrisopigi-natives-olivenoel-extra-kanister-1l\/\" \/>\n<meta property=\"og:locale\" content=\"de_DE\" \/>\n<meta property=\"og:type\" content=\"article\" \/>\n<meta property=\"og:title\" content=\"Natives Oliven\u00f6l Extra Chrisopigi 1L Kanister - Chrisopigi\" \/>\n<meta property=\"og:description\" content=\"Natives Oliven\u00f6l Extra P.D.O. Sitia Lasithi Kreta, S\u00e4uregehalt 0,1% \u2013 0,3%, reich an N\u00e4hrstoffen. Einzigartig fruchtiger Geschmack, der alle rohen Rezepte (Salate, Dips usw.) verfeinert, und gleichzeitig sehr leicht f\u00fcr jede Art der Zubereitung beim Kochen. Neben der Ern\u00e4hrung kann es auch als Kosmetikum oder f\u00fcr andere therapeutische Zwecke verwendet werden.\" \/>\n<meta property=\"og:url\" content=\"https:\/\/chrisopigi.gr\/de\/product\/chrisopigi-natives-olivenoel-extra-kanister-1l\/\" \/>\n<meta property=\"og:site_name\" content=\"Chrisopigi\" \/>\n<meta property=\"article:modified_time\" content=\"2026-04-19T20:45:33+00:00\" \/>\n<meta property=\"og:image\" content=\"https:\/\/chrisopigi.gr\/wp-content\/uploads\/2020\/01\/chrisopigi_evoo_can_1lt-1.jpg\" \/>\n\t<meta property=\"og:image:width\" content=\"2000\" \/>\n\t<meta property=\"og:image:height\" content=\"2000\" \/>\n\t<meta property=\"og:image:type\" content=\"image\/jpeg\" \/>\n<meta name=\"twitter:card\" content=\"summary_large_image\" \/>\n<meta name=\"twitter:label1\" content=\"Gesch\u00e4tzte Lesezeit\" \/>\n\t<meta name=\"twitter:data1\" content=\"1\u00a0Minute\" \/>\n<script type=\"application\/ld+json\" class=\"yoast-schema-graph\">{\"@context\":\"https:\/\/schema.org\",\"@graph\":[{\"@type\":\"WebPage\",\"@id\":\"https:\/\/chrisopigi.gr\/de\/product\/chrisopigi-natives-olivenoel-extra-kanister-1l\/\",\"url\":\"https:\/\/chrisopigi.gr\/de\/product\/chrisopigi-natives-olivenoel-extra-kanister-1l\/\",\"name\":\"Natives Oliven\u00f6l Extra Chrisopigi 1L Kanister - Chrisopigi\",\"isPartOf\":{\"@id\":\"https:\/\/chrisopigi.gr\/de\/#website\"},\"primaryImageOfPage\":{\"@id\":\"https:\/\/chrisopigi.gr\/de\/product\/chrisopigi-natives-olivenoel-extra-kanister-1l\/#primaryimage\"},\"image\":{\"@id\":\"https:\/\/chrisopigi.gr\/de\/product\/chrisopigi-natives-olivenoel-extra-kanister-1l\/#primaryimage\"},\"thumbnailUrl\":\"https:\/\/chrisopigi.gr\/wp-content\/uploads\/2020\/01\/chrisopigi_evoo_can_1lt-1.jpg\",\"datePublished\":\"2026-04-19T20:45:30+00:00\",\"dateModified\":\"2026-04-19T20:45:33+00:00\",\"breadcrumb\":{\"@id\":\"https:\/\/chrisopigi.gr\/de\/product\/chrisopigi-natives-olivenoel-extra-kanister-1l\/#breadcrumb\"},\"inLanguage\":\"de\",\"potentialAction\":[{\"@type\":\"ReadAction\",\"target\":[\"https:\/\/chrisopigi.gr\/de\/product\/chrisopigi-natives-olivenoel-extra-kanister-1l\/\"]}]},{\"@type\":\"ImageObject\",\"inLanguage\":\"de\",\"@id\":\"https:\/\/chrisopigi.gr\/de\/product\/chrisopigi-natives-olivenoel-extra-kanister-1l\/#primaryimage\",\"url\":\"https:\/\/chrisopigi.gr\/wp-content\/uploads\/2020\/01\/chrisopigi_evoo_can_1lt-1.jpg\",\"contentUrl\":\"https:\/\/chrisopigi.gr\/wp-content\/uploads\/2020\/01\/chrisopigi_evoo_can_1lt-1.jpg\",\"width\":2000,\"height\":2000},{\"@type\":\"BreadcrumbList\",\"@id\":\"https:\/\/chrisopigi.gr\/de\/product\/chrisopigi-natives-olivenoel-extra-kanister-1l\/#breadcrumb\",\"itemListElement\":[{\"@type\":\"ListItem\",\"position\":1,\"name\":\"\u0391\u03c1\u03c7\u03b9\u03ba\u03ae\",\"item\":\"https:\/\/chrisopigi.gr\/de\/\"},{\"@type\":\"ListItem\",\"position\":2,\"name\":\"Online-Shop\",\"item\":\"https:\/\/chrisopigi.gr\/online-shop\/\"},{\"@type\":\"ListItem\",\"position\":3,\"name\":\"Natives Oliven\u00f6l Extra Chrisopigi 1L Kanister\"}]},{\"@type\":\"WebSite\",\"@id\":\"https:\/\/chrisopigi.gr\/de\/#website\",\"url\":\"https:\/\/chrisopigi.gr\/de\/\",\"name\":\"Chrisopigi\",\"description\":\"\u039a\u03c1\u03b7\u03c4\u03b9\u03ba\u03cc \u03b5\u03bb\u03b1\u03b9\u03cc\u03bb\u03b1\u03b4\u03bf &amp; \u03bc\u03ad\u03bb\u03b9 \u03b1\u03c0\u03cc \u03c4\u03b7\u03bd \u03a7\u03c1\u03c5\u03c3\u03bf\u03c0\u03b7\u03b3\u03ae \u03a3\u03b7\u03c4\u03b5\u03af\u03b1\u03c2\",\"potentialAction\":[{\"@type\":\"SearchAction\",\"target\":{\"@type\":\"EntryPoint\",\"urlTemplate\":\"https:\/\/chrisopigi.gr\/de\/?s={search_term_string}\"},\"query-input\":{\"@type\":\"PropertyValueSpecification\",\"valueRequired\":true,\"valueName\":\"search_term_string\"}}],\"inLanguage\":\"de\"}]}<\/script>\n<!-- \/ Yoast SEO plugin. -->","yoast_head_json":{"title":"Natives Oliven\u00f6l Extra Chrisopigi 1L Kanister - Chrisopigi","robots":{"index":"index","follow":"follow","max-snippet":"max-snippet:-1","max-image-preview":"max-image-preview:large","max-video-preview":"max-video-preview:-1"},"canonical":"https:\/\/chrisopigi.gr\/de\/product\/chrisopigi-natives-olivenoel-extra-kanister-1l\/","og_locale":"de_DE","og_type":"article","og_title":"Natives Oliven\u00f6l Extra Chrisopigi 1L Kanister - Chrisopigi","og_description":"Natives Oliven\u00f6l Extra P.D.O. Sitia Lasithi Kreta, S\u00e4uregehalt 0,1% \u2013 0,3%, reich an N\u00e4hrstoffen. Einzigartig fruchtiger Geschmack, der alle rohen Rezepte (Salate, Dips usw.) verfeinert, und gleichzeitig sehr leicht f\u00fcr jede Art der Zubereitung beim Kochen. Neben der Ern\u00e4hrung kann es auch als Kosmetikum oder f\u00fcr andere therapeutische Zwecke verwendet werden.","og_url":"https:\/\/chrisopigi.gr\/de\/product\/chrisopigi-natives-olivenoel-extra-kanister-1l\/","og_site_name":"Chrisopigi","article_modified_time":"2026-04-19T20:45:33+00:00","og_image":[{"width":2000,"height":2000,"url":"https:\/\/chrisopigi.gr\/wp-content\/uploads\/2020\/01\/chrisopigi_evoo_can_1lt-1.jpg","type":"image\/jpeg"}],"twitter_card":"summary_large_image","twitter_misc":{"Gesch\u00e4tzte Lesezeit":"1\u00a0Minute"},"schema":{"@context":"https:\/\/schema.org","@graph":[{"@type":"WebPage","@id":"https:\/\/chrisopigi.gr\/de\/product\/chrisopigi-natives-olivenoel-extra-kanister-1l\/","url":"https:\/\/chrisopigi.gr\/de\/product\/chrisopigi-natives-olivenoel-extra-kanister-1l\/","name":"Natives Oliven\u00f6l Extra Chrisopigi 1L Kanister - Chrisopigi","isPartOf":{"@id":"https:\/\/chrisopigi.gr\/de\/#website"},"primaryImageOfPage":{"@id":"https:\/\/chrisopigi.gr\/de\/product\/chrisopigi-natives-olivenoel-extra-kanister-1l\/#primaryimage"},"image":{"@id":"https:\/\/chrisopigi.gr\/de\/product\/chrisopigi-natives-olivenoel-extra-kanister-1l\/#primaryimage"},"thumbnailUrl":"https:\/\/chrisopigi.gr\/wp-content\/uploads\/2020\/01\/chrisopigi_evoo_can_1lt-1.jpg","datePublished":"2026-04-19T20:45:30+00:00","dateModified":"2026-04-19T20:45:33+00:00","breadcrumb":{"@id":"https:\/\/chrisopigi.gr\/de\/product\/chrisopigi-natives-olivenoel-extra-kanister-1l\/#breadcrumb"},"inLanguage":"de","potentialAction":[{"@type":"ReadAction","target":["https:\/\/chrisopigi.gr\/de\/product\/chrisopigi-natives-olivenoel-extra-kanister-1l\/"]}]},{"@type":"ImageObject","inLanguage":"de","@id":"https:\/\/chrisopigi.gr\/de\/product\/chrisopigi-natives-olivenoel-extra-kanister-1l\/#primaryimage","url":"https:\/\/chrisopigi.gr\/wp-content\/uploads\/2020\/01\/chrisopigi_evoo_can_1lt-1.jpg","contentUrl":"https:\/\/chrisopigi.gr\/wp-content\/uploads\/2020\/01\/chrisopigi_evoo_can_1lt-1.jpg","width":2000,"height":2000},{"@type":"BreadcrumbList","@id":"https:\/\/chrisopigi.gr\/de\/product\/chrisopigi-natives-olivenoel-extra-kanister-1l\/#breadcrumb","itemListElement":[{"@type":"ListItem","position":1,"name":"\u0391\u03c1\u03c7\u03b9\u03ba\u03ae","item":"https:\/\/chrisopigi.gr\/de\/"},{"@type":"ListItem","position":2,"name":"Online-Shop","item":"https:\/\/chrisopigi.gr\/online-shop\/"},{"@type":"ListItem","position":3,"name":"Natives Oliven\u00f6l Extra Chrisopigi 1L Kanister"}]},{"@type":"WebSite","@id":"https:\/\/chrisopigi.gr\/de\/#website","url":"https:\/\/chrisopigi.gr\/de\/","name":"Chrisopigi","description":"\u039a\u03c1\u03b7\u03c4\u03b9\u03ba\u03cc \u03b5\u03bb\u03b1\u03b9\u03cc\u03bb\u03b1\u03b4\u03bf &amp; \u03bc\u03ad\u03bb\u03b9 \u03b1\u03c0\u03cc \u03c4\u03b7\u03bd \u03a7\u03c1\u03c5\u03c3\u03bf\u03c0\u03b7\u03b3\u03ae \u03a3\u03b7\u03c4\u03b5\u03af\u03b1\u03c2","potentialAction":[{"@type":"SearchAction","target":{"@type":"EntryPoint","urlTemplate":"https:\/\/chrisopigi.gr\/de\/?s={search_term_string}"},"query-input":{"@type":"PropertyValueSpecification","valueRequired":true,"valueName":"search_term_string"}}],"inLanguage":"de"}]}},"_links":{"self":[{"href":"https:\/\/chrisopigi.gr\/de\/wp-json\/wp\/v2\/product\/49122"}],"collection":[{"href":"https:\/\/chrisopigi.gr\/de\/wp-json\/wp\/v2\/product"}],"about":[{"href":"https:\/\/chrisopigi.gr\/de\/wp-json\/wp\/v2\/types\/product"}],"replies":[{"embeddable":true,"href":"https:\/\/chrisopigi.gr\/de\/wp-json\/wp\/v2\/comments?post=49122"}],"wp:featuredmedia":[{"embeddable":true,"href":"https:\/\/chrisopigi.gr\/de\/wp-json\/wp\/v2\/media\/49123"}],"wp:attachment":[{"href":"https:\/\/chrisopigi.gr\/de\/wp-json\/wp\/v2\/media?parent=49122"}],"wp:term":[{"taxonomy":"product_cat","embeddable":true,"href":"https:\/\/chrisopigi.gr\/de\/wp-json\/wp\/v2\/product_cat?post=49122"},{"taxonomy":"product_tag","embeddable":true,"href":"https:\/\/chrisopigi.gr\/de\/wp-json\/wp\/v2\/product_tag?post=49122"}],"curies":[{"name":"wp","href":"https:\/\/api.w.org\/{rel}","templated":true}]}}