{"id":49164,"date":"2026-04-20T00:03:28","date_gmt":"2026-04-19T21:03:28","guid":{"rendered":"https:\/\/chrisopigi.gr\/product\/koroneiki-oliven-200g\/"},"modified":"2026-04-20T00:03:32","modified_gmt":"2026-04-19T21:03:32","slug":"koroneiki-oliven-200g","status":"publish","type":"product","link":"https:\/\/chrisopigi.gr\/de\/product\/koroneiki-oliven-200g\/","title":{"rendered":"Koroneiki Oliven 200g"},"content":{"rendered":"<div class=\"wpb-content-wrapper\"><p>[vc_row css=&#8221;.vc_custom_1578595487274{margin-bottom: 90px !important;}&#8221;][vc_column][vc_column_text]<\/p>\n<h2 style=\"text-align: center\">\u00dcber die Oliven<\/h2>\n<p>[\/vc_column_text][vc_row_inner][vc_column_inner width=&#8221;1\/2&#8243;][vc_column_text][chrisopigi_olive_oil_facts show_certifications=&#8221;0&#8243; show_indices=&#8221;0&#8243; show_nutriants=&#8221;1&#8243; show_awards=&#8221;0&#8243; nutr_proteins=&#8221;&#8221; nutr_carbonhydrates=&#8221;&#8221; nutr_ediblefibers=&#8221;&#8221; nutr_sodium=&#8221;&#8221; nutr_cholesterol=&#8221;&#8221;][\/vc_column_text][\/vc_column_inner][vc_column_inner width=&#8221;1\/2&#8243;][vc_column_text][chrisopigi_olive_oil_facts show_certifications=&#8221;0&#8243; show_indices=&#8221;1&#8243; show_nutriants=&#8221;0&#8243; show_awards=&#8221;0&#8243;][\/vc_column_text][\/vc_column_inner][\/vc_row_inner][vc_row_inner][vc_column_inner width=&#8221;1\/2&#8243;][vc_column_text][chrisopigi_olive_oil_facts show_certifications=&#8221;1&#8243; show_indices=&#8221;0&#8243; show_nutriants=&#8221;0&#8243; show_awards=&#8221;0&#8243;][\/vc_column_text][\/vc_column_inner][vc_column_inner width=&#8221;1\/2&#8243;][vc_column_text][chrisopigi_olive_oil_facts show_certifications=&#8221;0&#8243; show_indices=&#8221;0&#8243; show_nutriants=&#8221;0&#8243; show_awards=&#8221;1&#8243;][\/vc_column_text][\/vc_column_inner][\/vc_row_inner][\/vc_column][\/vc_row][vc_row css=&#8221;.vc_custom_1578589837485{margin-bottom: 40px !important;}&#8221;][vc_column width=&#8221;1\/2&#8243;][vc_column_text][chrisopigi_product_attrs][\/vc_column_text][\/vc_column][vc_column width=&#8221;1\/2&#8243;][vc_column_text]<\/p>\n<p style=\"text-align: left\">[chrisopigi_product_shipping]<\/p>\n<p>[\/vc_column_text][\/vc_column][\/vc_row][vc_row][vc_column width=&#8221;1\/6&#8243;][\/vc_column][vc_column width=&#8221;2\/3&#8243;][vc_column_text][chrisopigi_product_reviews][\/vc_column_text][\/vc_column][vc_column width=&#8221;1\/6&#8243;][\/vc_column][\/vc_row]<\/p>\n<\/div>","protected":false},"excerpt":{"rendered":"<p>Unsere Oliven werden in einem fr\u00fchen Stadium mit modernen Methoden geerntet und sind nach monatelanger Lagerung in Salzlake bereit, Ihr Men\u00fc zu erg\u00e4nzen. Sie haben die angenehme Bitterkeit der unreifen Olive.<\/p>\n","protected":false},"featured_media":49165,"comment_status":"closed","ping_status":"closed","template":"","meta":[],"product_cat":[1812],"product_tag":[],"yoast_head":"<!-- This site is optimized with the Yoast SEO plugin v27.2 - https:\/\/yoast.com\/product\/yoast-seo-wordpress\/ -->\n<title>Koroneiki Oliven 200g - Chrisopigi<\/title>\n<meta name=\"robots\" content=\"index, follow, max-snippet:-1, max-image-preview:large, max-video-preview:-1\" \/>\n<link rel=\"canonical\" href=\"https:\/\/chrisopigi.gr\/de\/product\/koroneiki-oliven-200g\/\" \/>\n<meta property=\"og:locale\" content=\"de_DE\" \/>\n<meta property=\"og:type\" content=\"article\" \/>\n<meta property=\"og:title\" content=\"Koroneiki Oliven 200g - Chrisopigi\" \/>\n<meta property=\"og:description\" content=\"Unsere Oliven werden in einem fr\u00fchen Stadium mit modernen Methoden geerntet und sind nach monatelanger Lagerung in Salzlake bereit, Ihr Men\u00fc zu erg\u00e4nzen. Sie haben die angenehme Bitterkeit der unreifen Olive.\" \/>\n<meta property=\"og:url\" content=\"https:\/\/chrisopigi.gr\/de\/product\/koroneiki-oliven-200g\/\" \/>\n<meta property=\"og:site_name\" content=\"Chrisopigi\" \/>\n<meta property=\"article:modified_time\" content=\"2026-04-19T21:03:32+00:00\" \/>\n<meta property=\"og:image\" content=\"https:\/\/chrisopigi.gr\/wp-content\/uploads\/2021\/01\/chrisopigi_i_love_olives-200gr.jpg\" \/>\n\t<meta property=\"og:image:width\" content=\"2000\" \/>\n\t<meta property=\"og:image:height\" content=\"2000\" \/>\n\t<meta property=\"og:image:type\" content=\"image\/jpeg\" \/>\n<meta name=\"twitter:card\" content=\"summary_large_image\" \/>\n<meta name=\"twitter:label1\" content=\"Gesch\u00e4tzte Lesezeit\" \/>\n\t<meta name=\"twitter:data1\" content=\"1\u00a0Minute\" \/>\n<script type=\"application\/ld+json\" class=\"yoast-schema-graph\">{\"@context\":\"https:\/\/schema.org\",\"@graph\":[{\"@type\":\"WebPage\",\"@id\":\"https:\/\/chrisopigi.gr\/de\/product\/koroneiki-oliven-200g\/\",\"url\":\"https:\/\/chrisopigi.gr\/de\/product\/koroneiki-oliven-200g\/\",\"name\":\"Koroneiki Oliven 200g - Chrisopigi\",\"isPartOf\":{\"@id\":\"https:\/\/chrisopigi.gr\/de\/#website\"},\"primaryImageOfPage\":{\"@id\":\"https:\/\/chrisopigi.gr\/de\/product\/koroneiki-oliven-200g\/#primaryimage\"},\"image\":{\"@id\":\"https:\/\/chrisopigi.gr\/de\/product\/koroneiki-oliven-200g\/#primaryimage\"},\"thumbnailUrl\":\"https:\/\/chrisopigi.gr\/wp-content\/uploads\/2021\/01\/chrisopigi_i_love_olives-200gr.jpg\",\"datePublished\":\"2026-04-19T21:03:28+00:00\",\"dateModified\":\"2026-04-19T21:03:32+00:00\",\"breadcrumb\":{\"@id\":\"https:\/\/chrisopigi.gr\/de\/product\/koroneiki-oliven-200g\/#breadcrumb\"},\"inLanguage\":\"de\",\"potentialAction\":[{\"@type\":\"ReadAction\",\"target\":[\"https:\/\/chrisopigi.gr\/de\/product\/koroneiki-oliven-200g\/\"]}]},{\"@type\":\"ImageObject\",\"inLanguage\":\"de\",\"@id\":\"https:\/\/chrisopigi.gr\/de\/product\/koroneiki-oliven-200g\/#primaryimage\",\"url\":\"https:\/\/chrisopigi.gr\/wp-content\/uploads\/2021\/01\/chrisopigi_i_love_olives-200gr.jpg\",\"contentUrl\":\"https:\/\/chrisopigi.gr\/wp-content\/uploads\/2021\/01\/chrisopigi_i_love_olives-200gr.jpg\",\"width\":2000,\"height\":2000},{\"@type\":\"BreadcrumbList\",\"@id\":\"https:\/\/chrisopigi.gr\/de\/product\/koroneiki-oliven-200g\/#breadcrumb\",\"itemListElement\":[{\"@type\":\"ListItem\",\"position\":1,\"name\":\"\u0391\u03c1\u03c7\u03b9\u03ba\u03ae\",\"item\":\"https:\/\/chrisopigi.gr\/de\/\"},{\"@type\":\"ListItem\",\"position\":2,\"name\":\"Online-Shop\",\"item\":\"https:\/\/chrisopigi.gr\/online-shop\/\"},{\"@type\":\"ListItem\",\"position\":3,\"name\":\"Koroneiki Oliven 200g\"}]},{\"@type\":\"WebSite\",\"@id\":\"https:\/\/chrisopigi.gr\/de\/#website\",\"url\":\"https:\/\/chrisopigi.gr\/de\/\",\"name\":\"Chrisopigi\",\"description\":\"\u039a\u03c1\u03b7\u03c4\u03b9\u03ba\u03cc \u03b5\u03bb\u03b1\u03b9\u03cc\u03bb\u03b1\u03b4\u03bf &amp; \u03bc\u03ad\u03bb\u03b9 \u03b1\u03c0\u03cc \u03c4\u03b7\u03bd \u03a7\u03c1\u03c5\u03c3\u03bf\u03c0\u03b7\u03b3\u03ae \u03a3\u03b7\u03c4\u03b5\u03af\u03b1\u03c2\",\"potentialAction\":[{\"@type\":\"SearchAction\",\"target\":{\"@type\":\"EntryPoint\",\"urlTemplate\":\"https:\/\/chrisopigi.gr\/de\/?s={search_term_string}\"},\"query-input\":{\"@type\":\"PropertyValueSpecification\",\"valueRequired\":true,\"valueName\":\"search_term_string\"}}],\"inLanguage\":\"de\"}]}<\/script>\n<!-- \/ Yoast SEO plugin. -->","yoast_head_json":{"title":"Koroneiki Oliven 200g - Chrisopigi","robots":{"index":"index","follow":"follow","max-snippet":"max-snippet:-1","max-image-preview":"max-image-preview:large","max-video-preview":"max-video-preview:-1"},"canonical":"https:\/\/chrisopigi.gr\/de\/product\/koroneiki-oliven-200g\/","og_locale":"de_DE","og_type":"article","og_title":"Koroneiki Oliven 200g - Chrisopigi","og_description":"Unsere Oliven werden in einem fr\u00fchen Stadium mit modernen Methoden geerntet und sind nach monatelanger Lagerung in Salzlake bereit, Ihr Men\u00fc zu erg\u00e4nzen. Sie haben die angenehme Bitterkeit der unreifen Olive.","og_url":"https:\/\/chrisopigi.gr\/de\/product\/koroneiki-oliven-200g\/","og_site_name":"Chrisopigi","article_modified_time":"2026-04-19T21:03:32+00:00","og_image":[{"width":2000,"height":2000,"url":"https:\/\/chrisopigi.gr\/wp-content\/uploads\/2021\/01\/chrisopigi_i_love_olives-200gr.jpg","type":"image\/jpeg"}],"twitter_card":"summary_large_image","twitter_misc":{"Gesch\u00e4tzte Lesezeit":"1\u00a0Minute"},"schema":{"@context":"https:\/\/schema.org","@graph":[{"@type":"WebPage","@id":"https:\/\/chrisopigi.gr\/de\/product\/koroneiki-oliven-200g\/","url":"https:\/\/chrisopigi.gr\/de\/product\/koroneiki-oliven-200g\/","name":"Koroneiki Oliven 200g - Chrisopigi","isPartOf":{"@id":"https:\/\/chrisopigi.gr\/de\/#website"},"primaryImageOfPage":{"@id":"https:\/\/chrisopigi.gr\/de\/product\/koroneiki-oliven-200g\/#primaryimage"},"image":{"@id":"https:\/\/chrisopigi.gr\/de\/product\/koroneiki-oliven-200g\/#primaryimage"},"thumbnailUrl":"https:\/\/chrisopigi.gr\/wp-content\/uploads\/2021\/01\/chrisopigi_i_love_olives-200gr.jpg","datePublished":"2026-04-19T21:03:28+00:00","dateModified":"2026-04-19T21:03:32+00:00","breadcrumb":{"@id":"https:\/\/chrisopigi.gr\/de\/product\/koroneiki-oliven-200g\/#breadcrumb"},"inLanguage":"de","potentialAction":[{"@type":"ReadAction","target":["https:\/\/chrisopigi.gr\/de\/product\/koroneiki-oliven-200g\/"]}]},{"@type":"ImageObject","inLanguage":"de","@id":"https:\/\/chrisopigi.gr\/de\/product\/koroneiki-oliven-200g\/#primaryimage","url":"https:\/\/chrisopigi.gr\/wp-content\/uploads\/2021\/01\/chrisopigi_i_love_olives-200gr.jpg","contentUrl":"https:\/\/chrisopigi.gr\/wp-content\/uploads\/2021\/01\/chrisopigi_i_love_olives-200gr.jpg","width":2000,"height":2000},{"@type":"BreadcrumbList","@id":"https:\/\/chrisopigi.gr\/de\/product\/koroneiki-oliven-200g\/#breadcrumb","itemListElement":[{"@type":"ListItem","position":1,"name":"\u0391\u03c1\u03c7\u03b9\u03ba\u03ae","item":"https:\/\/chrisopigi.gr\/de\/"},{"@type":"ListItem","position":2,"name":"Online-Shop","item":"https:\/\/chrisopigi.gr\/online-shop\/"},{"@type":"ListItem","position":3,"name":"Koroneiki Oliven 200g"}]},{"@type":"WebSite","@id":"https:\/\/chrisopigi.gr\/de\/#website","url":"https:\/\/chrisopigi.gr\/de\/","name":"Chrisopigi","description":"\u039a\u03c1\u03b7\u03c4\u03b9\u03ba\u03cc \u03b5\u03bb\u03b1\u03b9\u03cc\u03bb\u03b1\u03b4\u03bf &amp; \u03bc\u03ad\u03bb\u03b9 \u03b1\u03c0\u03cc \u03c4\u03b7\u03bd \u03a7\u03c1\u03c5\u03c3\u03bf\u03c0\u03b7\u03b3\u03ae \u03a3\u03b7\u03c4\u03b5\u03af\u03b1\u03c2","potentialAction":[{"@type":"SearchAction","target":{"@type":"EntryPoint","urlTemplate":"https:\/\/chrisopigi.gr\/de\/?s={search_term_string}"},"query-input":{"@type":"PropertyValueSpecification","valueRequired":true,"valueName":"search_term_string"}}],"inLanguage":"de"}]}},"_links":{"self":[{"href":"https:\/\/chrisopigi.gr\/de\/wp-json\/wp\/v2\/product\/49164"}],"collection":[{"href":"https:\/\/chrisopigi.gr\/de\/wp-json\/wp\/v2\/product"}],"about":[{"href":"https:\/\/chrisopigi.gr\/de\/wp-json\/wp\/v2\/types\/product"}],"replies":[{"embeddable":true,"href":"https:\/\/chrisopigi.gr\/de\/wp-json\/wp\/v2\/comments?post=49164"}],"wp:featuredmedia":[{"embeddable":true,"href":"https:\/\/chrisopigi.gr\/de\/wp-json\/wp\/v2\/media\/49165"}],"wp:attachment":[{"href":"https:\/\/chrisopigi.gr\/de\/wp-json\/wp\/v2\/media?parent=49164"}],"wp:term":[{"taxonomy":"product_cat","embeddable":true,"href":"https:\/\/chrisopigi.gr\/de\/wp-json\/wp\/v2\/product_cat?post=49164"},{"taxonomy":"product_tag","embeddable":true,"href":"https:\/\/chrisopigi.gr\/de\/wp-json\/wp\/v2\/product_tag?post=49164"}],"curies":[{"name":"wp","href":"https:\/\/api.w.org\/{rel}","templated":true}]}}