{"id":49269,"date":"2025-12-06T21:50:47","date_gmt":"2026-04-25T17:20:23","guid":{"rendered":"https:\/\/chrisopigi.gr\/product\/xinohondros-500g\/"},"modified":"2026-04-25T20:20:23","modified_gmt":"2026-04-25T17:20:23","slug":"xinohondros-500g","status":"publish","type":"product","link":"https:\/\/chrisopigi.gr\/de\/product\/xinohondros-500g\/","title":{"rendered":"Xinohondros 500g"},"content":{"rendered":"<p data-start=\"117\" data-end=\"293\">Xinohondros ist ein traditionelles kretisches Produkt aus zerkleinertem Weizen und Sauermilch. Es hat einen charakteristischen, leicht s\u00e4uerlichen Geschmack und wird haupts\u00e4chlich in Suppen und Eint\u00f6pfen verwendet.<\/p>\n<p data-start=\"295\" data-end=\"378\">Es ist leicht zuzubereiten und verleiht einfachen traditionellen Rezepten einen reichen, vollen Geschmack.<\/p>\n<p data-start=\"380\" data-end=\"473\"><strong data-start=\"380\" data-end=\"407\">Passt ideal zu:<\/strong><br data-start=\"407\" data-end=\"410\">Wasser oder Br\u00fche<br data-start=\"423\" data-end=\"426\">Oliven\u00f6l<br data-start=\"437\" data-end=\"440\">Zwiebeln<br data-start=\"450\" data-end=\"453\">K\u00e4se<br data-start=\"460\" data-end=\"463\">Gem\u00fcse<\/p>\n<p data-start=\"475\" data-end=\"540\">Ein authentisches Produkt der kretischen K\u00fcche f\u00fcr traditionelle Gerichte.<\/p>\n","protected":false},"excerpt":{"rendered":"<p>Xinohondros ist ein traditionelles kretisches Produkt aus zerkleinertem Weizen und Sauermilch. Es hat einen charakteristischen, leicht s\u00e4uerlichen Geschmack und wird haupts\u00e4chlich in Suppen und Eint\u00f6pfen verwendet. Es ist leicht zuzubereiten und verleiht einfachen traditionellen Rezepten einen reichen, vollen Geschmack. Passt ideal zu:Wasser oder Br\u00fcheOliven\u00f6lZwiebelnK\u00e4seGem\u00fcse Ein authentisches Produkt der kretischen K\u00fcche f\u00fcr traditionelle Gerichte.<\/p>\n","protected":false},"featured_media":49270,"comment_status":"closed","ping_status":"closed","template":"","meta":[],"product_cat":[1823],"product_tag":[],"yoast_head":"<!-- This site is optimized with the Yoast SEO plugin v27.2 - https:\/\/yoast.com\/product\/yoast-seo-wordpress\/ -->\n<title>Xinohondros 500g - Chrisopigi<\/title>\n<meta name=\"robots\" content=\"index, follow, max-snippet:-1, max-image-preview:large, max-video-preview:-1\" \/>\n<link rel=\"canonical\" href=\"https:\/\/chrisopigi.gr\/de\/product\/xinohondros-500g\/\" \/>\n<meta property=\"og:locale\" content=\"de_DE\" \/>\n<meta property=\"og:type\" content=\"article\" \/>\n<meta property=\"og:title\" content=\"Xinohondros 500g - Chrisopigi\" \/>\n<meta property=\"og:description\" content=\"Xinohondros ist ein traditionelles kretisches Produkt aus zerkleinertem Weizen und Sauermilch. Es hat einen charakteristischen, leicht s\u00e4uerlichen Geschmack und wird haupts\u00e4chlich in Suppen und Eint\u00f6pfen verwendet. Es ist leicht zuzubereiten und verleiht einfachen traditionellen Rezepten einen reichen, vollen Geschmack. Passt ideal zu:Wasser oder Br\u00fcheOliven\u00f6lZwiebelnK\u00e4seGem\u00fcse Ein authentisches Produkt der kretischen K\u00fcche f\u00fcr traditionelle Gerichte.\" \/>\n<meta property=\"og:url\" content=\"https:\/\/chrisopigi.gr\/de\/product\/xinohondros-500g\/\" \/>\n<meta property=\"og:site_name\" content=\"Chrisopigi\" \/>\n<meta name=\"twitter:card\" content=\"summary_large_image\" \/>\n<script type=\"application\/ld+json\" class=\"yoast-schema-graph\">{\"@context\":\"https:\/\/schema.org\",\"@graph\":[{\"@type\":\"WebPage\",\"@id\":\"https:\/\/chrisopigi.gr\/de\/product\/xinohondros-500g\/\",\"url\":\"https:\/\/chrisopigi.gr\/de\/product\/xinohondros-500g\/\",\"name\":\"Xinohondros 500g - Chrisopigi\",\"isPartOf\":{\"@id\":\"https:\/\/chrisopigi.gr\/de\/#website\"},\"primaryImageOfPage\":{\"@id\":\"https:\/\/chrisopigi.gr\/de\/product\/xinohondros-500g\/#primaryimage\"},\"image\":{\"@id\":\"https:\/\/chrisopigi.gr\/de\/product\/xinohondros-500g\/#primaryimage\"},\"thumbnailUrl\":\"https:\/\/chrisopigi.gr\/wp-content\/uploads\/2025\/12\/image-29.jpeg\",\"datePublished\":\"2026-04-25T17:20:23+00:00\",\"breadcrumb\":{\"@id\":\"https:\/\/chrisopigi.gr\/de\/product\/xinohondros-500g\/#breadcrumb\"},\"inLanguage\":\"de\",\"potentialAction\":[{\"@type\":\"ReadAction\",\"target\":[\"https:\/\/chrisopigi.gr\/de\/product\/xinohondros-500g\/\"]}]},{\"@type\":\"ImageObject\",\"inLanguage\":\"de\",\"@id\":\"https:\/\/chrisopigi.gr\/de\/product\/xinohondros-500g\/#primaryimage\",\"url\":\"https:\/\/chrisopigi.gr\/wp-content\/uploads\/2025\/12\/image-29.jpeg\",\"contentUrl\":\"https:\/\/chrisopigi.gr\/wp-content\/uploads\/2025\/12\/image-29.jpeg\",\"width\":1200,\"height\":1200},{\"@type\":\"BreadcrumbList\",\"@id\":\"https:\/\/chrisopigi.gr\/de\/product\/xinohondros-500g\/#breadcrumb\",\"itemListElement\":[{\"@type\":\"ListItem\",\"position\":1,\"name\":\"\u0391\u03c1\u03c7\u03b9\u03ba\u03ae\",\"item\":\"https:\/\/chrisopigi.gr\/de\/\"},{\"@type\":\"ListItem\",\"position\":2,\"name\":\"Online-Shop\",\"item\":\"https:\/\/chrisopigi.gr\/online-shop\/\"},{\"@type\":\"ListItem\",\"position\":3,\"name\":\"Xinohondros 500g\"}]},{\"@type\":\"WebSite\",\"@id\":\"https:\/\/chrisopigi.gr\/de\/#website\",\"url\":\"https:\/\/chrisopigi.gr\/de\/\",\"name\":\"Chrisopigi\",\"description\":\"\u039a\u03c1\u03b7\u03c4\u03b9\u03ba\u03cc \u03b5\u03bb\u03b1\u03b9\u03cc\u03bb\u03b1\u03b4\u03bf &amp; \u03bc\u03ad\u03bb\u03b9 \u03b1\u03c0\u03cc \u03c4\u03b7\u03bd \u03a7\u03c1\u03c5\u03c3\u03bf\u03c0\u03b7\u03b3\u03ae \u03a3\u03b7\u03c4\u03b5\u03af\u03b1\u03c2\",\"potentialAction\":[{\"@type\":\"SearchAction\",\"target\":{\"@type\":\"EntryPoint\",\"urlTemplate\":\"https:\/\/chrisopigi.gr\/de\/?s={search_term_string}\"},\"query-input\":{\"@type\":\"PropertyValueSpecification\",\"valueRequired\":true,\"valueName\":\"search_term_string\"}}],\"inLanguage\":\"de\"}]}<\/script>\n<!-- \/ Yoast SEO plugin. -->","yoast_head_json":{"title":"Xinohondros 500g - Chrisopigi","robots":{"index":"index","follow":"follow","max-snippet":"max-snippet:-1","max-image-preview":"max-image-preview:large","max-video-preview":"max-video-preview:-1"},"canonical":"https:\/\/chrisopigi.gr\/de\/product\/xinohondros-500g\/","og_locale":"de_DE","og_type":"article","og_title":"Xinohondros 500g - Chrisopigi","og_description":"Xinohondros ist ein traditionelles kretisches Produkt aus zerkleinertem Weizen und Sauermilch. Es hat einen charakteristischen, leicht s\u00e4uerlichen Geschmack und wird haupts\u00e4chlich in Suppen und Eint\u00f6pfen verwendet. Es ist leicht zuzubereiten und verleiht einfachen traditionellen Rezepten einen reichen, vollen Geschmack. Passt ideal zu:Wasser oder Br\u00fcheOliven\u00f6lZwiebelnK\u00e4seGem\u00fcse Ein authentisches Produkt der kretischen K\u00fcche f\u00fcr traditionelle Gerichte.","og_url":"https:\/\/chrisopigi.gr\/de\/product\/xinohondros-500g\/","og_site_name":"Chrisopigi","twitter_card":"summary_large_image","schema":{"@context":"https:\/\/schema.org","@graph":[{"@type":"WebPage","@id":"https:\/\/chrisopigi.gr\/de\/product\/xinohondros-500g\/","url":"https:\/\/chrisopigi.gr\/de\/product\/xinohondros-500g\/","name":"Xinohondros 500g - Chrisopigi","isPartOf":{"@id":"https:\/\/chrisopigi.gr\/de\/#website"},"primaryImageOfPage":{"@id":"https:\/\/chrisopigi.gr\/de\/product\/xinohondros-500g\/#primaryimage"},"image":{"@id":"https:\/\/chrisopigi.gr\/de\/product\/xinohondros-500g\/#primaryimage"},"thumbnailUrl":"https:\/\/chrisopigi.gr\/wp-content\/uploads\/2025\/12\/image-29.jpeg","datePublished":"2026-04-25T17:20:23+00:00","breadcrumb":{"@id":"https:\/\/chrisopigi.gr\/de\/product\/xinohondros-500g\/#breadcrumb"},"inLanguage":"de","potentialAction":[{"@type":"ReadAction","target":["https:\/\/chrisopigi.gr\/de\/product\/xinohondros-500g\/"]}]},{"@type":"ImageObject","inLanguage":"de","@id":"https:\/\/chrisopigi.gr\/de\/product\/xinohondros-500g\/#primaryimage","url":"https:\/\/chrisopigi.gr\/wp-content\/uploads\/2025\/12\/image-29.jpeg","contentUrl":"https:\/\/chrisopigi.gr\/wp-content\/uploads\/2025\/12\/image-29.jpeg","width":1200,"height":1200},{"@type":"BreadcrumbList","@id":"https:\/\/chrisopigi.gr\/de\/product\/xinohondros-500g\/#breadcrumb","itemListElement":[{"@type":"ListItem","position":1,"name":"\u0391\u03c1\u03c7\u03b9\u03ba\u03ae","item":"https:\/\/chrisopigi.gr\/de\/"},{"@type":"ListItem","position":2,"name":"Online-Shop","item":"https:\/\/chrisopigi.gr\/online-shop\/"},{"@type":"ListItem","position":3,"name":"Xinohondros 500g"}]},{"@type":"WebSite","@id":"https:\/\/chrisopigi.gr\/de\/#website","url":"https:\/\/chrisopigi.gr\/de\/","name":"Chrisopigi","description":"\u039a\u03c1\u03b7\u03c4\u03b9\u03ba\u03cc \u03b5\u03bb\u03b1\u03b9\u03cc\u03bb\u03b1\u03b4\u03bf &amp; \u03bc\u03ad\u03bb\u03b9 \u03b1\u03c0\u03cc \u03c4\u03b7\u03bd \u03a7\u03c1\u03c5\u03c3\u03bf\u03c0\u03b7\u03b3\u03ae \u03a3\u03b7\u03c4\u03b5\u03af\u03b1\u03c2","potentialAction":[{"@type":"SearchAction","target":{"@type":"EntryPoint","urlTemplate":"https:\/\/chrisopigi.gr\/de\/?s={search_term_string}"},"query-input":{"@type":"PropertyValueSpecification","valueRequired":true,"valueName":"search_term_string"}}],"inLanguage":"de"}]}},"_links":{"self":[{"href":"https:\/\/chrisopigi.gr\/de\/wp-json\/wp\/v2\/product\/49269"}],"collection":[{"href":"https:\/\/chrisopigi.gr\/de\/wp-json\/wp\/v2\/product"}],"about":[{"href":"https:\/\/chrisopigi.gr\/de\/wp-json\/wp\/v2\/types\/product"}],"replies":[{"embeddable":true,"href":"https:\/\/chrisopigi.gr\/de\/wp-json\/wp\/v2\/comments?post=49269"}],"wp:featuredmedia":[{"embeddable":true,"href":"https:\/\/chrisopigi.gr\/de\/wp-json\/wp\/v2\/media\/49270"}],"wp:attachment":[{"href":"https:\/\/chrisopigi.gr\/de\/wp-json\/wp\/v2\/media?parent=49269"}],"wp:term":[{"taxonomy":"product_cat","embeddable":true,"href":"https:\/\/chrisopigi.gr\/de\/wp-json\/wp\/v2\/product_cat?post=49269"},{"taxonomy":"product_tag","embeddable":true,"href":"https:\/\/chrisopigi.gr\/de\/wp-json\/wp\/v2\/product_tag?post=49269"}],"curies":[{"name":"wp","href":"https:\/\/api.w.org\/{rel}","templated":true}]}}