{"id":49271,"date":"2025-12-06T21:43:16","date_gmt":"2026-04-25T17:24:52","guid":{"rendered":"https:\/\/chrisopigi.gr\/product\/hilopites-mit-sepiatinte-400g\/"},"modified":"2026-04-25T20:27:27","modified_gmt":"2026-04-25T17:27:27","slug":"hilopites-mit-sepiatinte-400g","status":"publish","type":"product","link":"https:\/\/chrisopigi.gr\/de\/product\/hilopites-mit-sepiatinte-400g\/","title":{"rendered":"Hilopites mit Sepiatinte 400g"},"content":{"rendered":"<p data-start=\"141\" data-end=\"345\">Die Hilopites mit Sepiatinte sind eine besondere traditionelle Pasta aus Hartweizengrie\u00df mit nat\u00fcrlicher Sepiatinte, die ihnen ihre charakteristische schwarze Farbe und einen dezenten Geschmack nach Meer verleiht.<\/p>\n<p data-start=\"347\" data-end=\"436\">Sie haben eine glatte Textur, kochen schnell und passen ideal zu Meeresfr\u00fcchten und leichten Saucen.<\/p>\n<p data-start=\"438\" data-end=\"596\"><strong data-start=\"438\" data-end=\"457\">Kochzeit<\/strong>: 2-4 Minuten<br data-start=\"467\" data-end=\"470\" \/><strong data-start=\"470\" data-end=\"498\">Passen ideal zu:<\/strong><br data-start=\"498\" data-end=\"501\" \/>Garnelen<br data-start=\"510\" data-end=\"513\" \/>Meeresfr\u00fcchten<br data-start=\"524\" data-end=\"527\" \/>Sahne- oder Weinsaucen<br data-start=\"553\" data-end=\"556\" \/>Oliven\u00f6l &amp; Knoblauch<br data-start=\"576\" data-end=\"579\" \/>frischen Kr\u00e4utern<\/p>\n<p data-start=\"598\" data-end=\"644\">Eine besondere Pasta f\u00fcr besondere Geschmackserlebnisse.<\/p>\n","protected":false},"excerpt":{"rendered":"<p>Die Hilopites mit Sepiatinte sind eine besondere traditionelle Pasta aus Hartweizengrie\u00df mit nat\u00fcrlicher Sepiatinte, die ihnen ihre charakteristische schwarze Farbe und einen dezenten Geschmack nach Meer verleiht. Sie haben eine glatte Textur, kochen schnell und passen ideal zu Meeresfr\u00fcchten und leichten Saucen. Kochzeit: 2-4 MinutenPassen ideal zu:GarnelenMeeresfr\u00fcchtenSahne- oder WeinsaucenOliven\u00f6l &amp; Knoblauchfrischen Kr\u00e4utern Eine besondere Pasta f\u00fcr besondere Geschmackserlebnisse.<\/p>\n","protected":false},"featured_media":49272,"comment_status":"closed","ping_status":"closed","template":"","meta":[],"product_cat":[1823],"product_tag":[],"yoast_head":"<!-- This site is optimized with the Yoast SEO plugin v27.2 - https:\/\/yoast.com\/product\/yoast-seo-wordpress\/ -->\n<title>Hilopites mit Sepiatinte 400g - Chrisopigi<\/title>\n<meta name=\"robots\" content=\"index, follow, max-snippet:-1, max-image-preview:large, max-video-preview:-1\" \/>\n<link rel=\"canonical\" href=\"https:\/\/chrisopigi.gr\/de\/product\/hilopites-mit-sepiatinte-400g\/\" \/>\n<meta property=\"og:locale\" content=\"de_DE\" \/>\n<meta property=\"og:type\" content=\"article\" \/>\n<meta property=\"og:title\" content=\"Hilopites mit Sepiatinte 400g - Chrisopigi\" \/>\n<meta property=\"og:description\" content=\"Die Hilopites mit Sepiatinte sind eine besondere traditionelle Pasta aus Hartweizengrie\u00df mit nat\u00fcrlicher Sepiatinte, die ihnen ihre charakteristische schwarze Farbe und einen dezenten Geschmack nach Meer verleiht. Sie haben eine glatte Textur, kochen schnell und passen ideal zu Meeresfr\u00fcchten und leichten Saucen. Kochzeit: 2-4 MinutenPassen ideal zu:GarnelenMeeresfr\u00fcchtenSahne- oder WeinsaucenOliven\u00f6l &amp; Knoblauchfrischen Kr\u00e4utern Eine besondere Pasta f\u00fcr besondere Geschmackserlebnisse.\" \/>\n<meta property=\"og:url\" content=\"https:\/\/chrisopigi.gr\/de\/product\/hilopites-mit-sepiatinte-400g\/\" \/>\n<meta property=\"og:site_name\" content=\"Chrisopigi\" \/>\n<meta property=\"article:modified_time\" content=\"2026-04-25T17:27:27+00:00\" \/>\n<meta property=\"og:image\" content=\"https:\/\/chrisopigi.gr\/wp-content\/uploads\/2025\/12\/image-28.jpeg\" \/>\n\t<meta property=\"og:image:width\" content=\"1709\" \/>\n\t<meta property=\"og:image:height\" content=\"2560\" \/>\n\t<meta property=\"og:image:type\" content=\"image\/jpeg\" \/>\n<meta name=\"twitter:card\" content=\"summary_large_image\" \/>\n<script type=\"application\/ld+json\" class=\"yoast-schema-graph\">{\"@context\":\"https:\/\/schema.org\",\"@graph\":[{\"@type\":\"WebPage\",\"@id\":\"https:\/\/chrisopigi.gr\/de\/product\/hilopites-mit-sepiatinte-400g\/\",\"url\":\"https:\/\/chrisopigi.gr\/de\/product\/hilopites-mit-sepiatinte-400g\/\",\"name\":\"Hilopites mit Sepiatinte 400g - Chrisopigi\",\"isPartOf\":{\"@id\":\"https:\/\/chrisopigi.gr\/de\/#website\"},\"primaryImageOfPage\":{\"@id\":\"https:\/\/chrisopigi.gr\/de\/product\/hilopites-mit-sepiatinte-400g\/#primaryimage\"},\"image\":{\"@id\":\"https:\/\/chrisopigi.gr\/de\/product\/hilopites-mit-sepiatinte-400g\/#primaryimage\"},\"thumbnailUrl\":\"https:\/\/chrisopigi.gr\/wp-content\/uploads\/2025\/12\/image-28.jpeg\",\"datePublished\":\"2026-04-25T17:24:52+00:00\",\"dateModified\":\"2026-04-25T17:27:27+00:00\",\"breadcrumb\":{\"@id\":\"https:\/\/chrisopigi.gr\/de\/product\/hilopites-mit-sepiatinte-400g\/#breadcrumb\"},\"inLanguage\":\"de\",\"potentialAction\":[{\"@type\":\"ReadAction\",\"target\":[\"https:\/\/chrisopigi.gr\/de\/product\/hilopites-mit-sepiatinte-400g\/\"]}]},{\"@type\":\"ImageObject\",\"inLanguage\":\"de\",\"@id\":\"https:\/\/chrisopigi.gr\/de\/product\/hilopites-mit-sepiatinte-400g\/#primaryimage\",\"url\":\"https:\/\/chrisopigi.gr\/wp-content\/uploads\/2025\/12\/image-28.jpeg\",\"contentUrl\":\"https:\/\/chrisopigi.gr\/wp-content\/uploads\/2025\/12\/image-28.jpeg\",\"width\":1709,\"height\":2560},{\"@type\":\"BreadcrumbList\",\"@id\":\"https:\/\/chrisopigi.gr\/de\/product\/hilopites-mit-sepiatinte-400g\/#breadcrumb\",\"itemListElement\":[{\"@type\":\"ListItem\",\"position\":1,\"name\":\"\u0391\u03c1\u03c7\u03b9\u03ba\u03ae\",\"item\":\"https:\/\/chrisopigi.gr\/de\/\"},{\"@type\":\"ListItem\",\"position\":2,\"name\":\"Online-Shop\",\"item\":\"https:\/\/chrisopigi.gr\/online-shop\/\"},{\"@type\":\"ListItem\",\"position\":3,\"name\":\"Hilopites mit Sepiatinte 400g\"}]},{\"@type\":\"WebSite\",\"@id\":\"https:\/\/chrisopigi.gr\/de\/#website\",\"url\":\"https:\/\/chrisopigi.gr\/de\/\",\"name\":\"Chrisopigi\",\"description\":\"\u039a\u03c1\u03b7\u03c4\u03b9\u03ba\u03cc \u03b5\u03bb\u03b1\u03b9\u03cc\u03bb\u03b1\u03b4\u03bf &amp; \u03bc\u03ad\u03bb\u03b9 \u03b1\u03c0\u03cc \u03c4\u03b7\u03bd \u03a7\u03c1\u03c5\u03c3\u03bf\u03c0\u03b7\u03b3\u03ae \u03a3\u03b7\u03c4\u03b5\u03af\u03b1\u03c2\",\"potentialAction\":[{\"@type\":\"SearchAction\",\"target\":{\"@type\":\"EntryPoint\",\"urlTemplate\":\"https:\/\/chrisopigi.gr\/de\/?s={search_term_string}\"},\"query-input\":{\"@type\":\"PropertyValueSpecification\",\"valueRequired\":true,\"valueName\":\"search_term_string\"}}],\"inLanguage\":\"de\"}]}<\/script>\n<!-- \/ Yoast SEO plugin. -->","yoast_head_json":{"title":"Hilopites mit Sepiatinte 400g - Chrisopigi","robots":{"index":"index","follow":"follow","max-snippet":"max-snippet:-1","max-image-preview":"max-image-preview:large","max-video-preview":"max-video-preview:-1"},"canonical":"https:\/\/chrisopigi.gr\/de\/product\/hilopites-mit-sepiatinte-400g\/","og_locale":"de_DE","og_type":"article","og_title":"Hilopites mit Sepiatinte 400g - Chrisopigi","og_description":"Die Hilopites mit Sepiatinte sind eine besondere traditionelle Pasta aus Hartweizengrie\u00df mit nat\u00fcrlicher Sepiatinte, die ihnen ihre charakteristische schwarze Farbe und einen dezenten Geschmack nach Meer verleiht. Sie haben eine glatte Textur, kochen schnell und passen ideal zu Meeresfr\u00fcchten und leichten Saucen. Kochzeit: 2-4 MinutenPassen ideal zu:GarnelenMeeresfr\u00fcchtenSahne- oder WeinsaucenOliven\u00f6l &amp; Knoblauchfrischen Kr\u00e4utern Eine besondere Pasta f\u00fcr besondere Geschmackserlebnisse.","og_url":"https:\/\/chrisopigi.gr\/de\/product\/hilopites-mit-sepiatinte-400g\/","og_site_name":"Chrisopigi","article_modified_time":"2026-04-25T17:27:27+00:00","og_image":[{"width":1709,"height":2560,"url":"https:\/\/chrisopigi.gr\/wp-content\/uploads\/2025\/12\/image-28.jpeg","type":"image\/jpeg"}],"twitter_card":"summary_large_image","schema":{"@context":"https:\/\/schema.org","@graph":[{"@type":"WebPage","@id":"https:\/\/chrisopigi.gr\/de\/product\/hilopites-mit-sepiatinte-400g\/","url":"https:\/\/chrisopigi.gr\/de\/product\/hilopites-mit-sepiatinte-400g\/","name":"Hilopites mit Sepiatinte 400g - Chrisopigi","isPartOf":{"@id":"https:\/\/chrisopigi.gr\/de\/#website"},"primaryImageOfPage":{"@id":"https:\/\/chrisopigi.gr\/de\/product\/hilopites-mit-sepiatinte-400g\/#primaryimage"},"image":{"@id":"https:\/\/chrisopigi.gr\/de\/product\/hilopites-mit-sepiatinte-400g\/#primaryimage"},"thumbnailUrl":"https:\/\/chrisopigi.gr\/wp-content\/uploads\/2025\/12\/image-28.jpeg","datePublished":"2026-04-25T17:24:52+00:00","dateModified":"2026-04-25T17:27:27+00:00","breadcrumb":{"@id":"https:\/\/chrisopigi.gr\/de\/product\/hilopites-mit-sepiatinte-400g\/#breadcrumb"},"inLanguage":"de","potentialAction":[{"@type":"ReadAction","target":["https:\/\/chrisopigi.gr\/de\/product\/hilopites-mit-sepiatinte-400g\/"]}]},{"@type":"ImageObject","inLanguage":"de","@id":"https:\/\/chrisopigi.gr\/de\/product\/hilopites-mit-sepiatinte-400g\/#primaryimage","url":"https:\/\/chrisopigi.gr\/wp-content\/uploads\/2025\/12\/image-28.jpeg","contentUrl":"https:\/\/chrisopigi.gr\/wp-content\/uploads\/2025\/12\/image-28.jpeg","width":1709,"height":2560},{"@type":"BreadcrumbList","@id":"https:\/\/chrisopigi.gr\/de\/product\/hilopites-mit-sepiatinte-400g\/#breadcrumb","itemListElement":[{"@type":"ListItem","position":1,"name":"\u0391\u03c1\u03c7\u03b9\u03ba\u03ae","item":"https:\/\/chrisopigi.gr\/de\/"},{"@type":"ListItem","position":2,"name":"Online-Shop","item":"https:\/\/chrisopigi.gr\/online-shop\/"},{"@type":"ListItem","position":3,"name":"Hilopites mit Sepiatinte 400g"}]},{"@type":"WebSite","@id":"https:\/\/chrisopigi.gr\/de\/#website","url":"https:\/\/chrisopigi.gr\/de\/","name":"Chrisopigi","description":"\u039a\u03c1\u03b7\u03c4\u03b9\u03ba\u03cc \u03b5\u03bb\u03b1\u03b9\u03cc\u03bb\u03b1\u03b4\u03bf &amp; \u03bc\u03ad\u03bb\u03b9 \u03b1\u03c0\u03cc \u03c4\u03b7\u03bd \u03a7\u03c1\u03c5\u03c3\u03bf\u03c0\u03b7\u03b3\u03ae \u03a3\u03b7\u03c4\u03b5\u03af\u03b1\u03c2","potentialAction":[{"@type":"SearchAction","target":{"@type":"EntryPoint","urlTemplate":"https:\/\/chrisopigi.gr\/de\/?s={search_term_string}"},"query-input":{"@type":"PropertyValueSpecification","valueRequired":true,"valueName":"search_term_string"}}],"inLanguage":"de"}]}},"_links":{"self":[{"href":"https:\/\/chrisopigi.gr\/de\/wp-json\/wp\/v2\/product\/49271"}],"collection":[{"href":"https:\/\/chrisopigi.gr\/de\/wp-json\/wp\/v2\/product"}],"about":[{"href":"https:\/\/chrisopigi.gr\/de\/wp-json\/wp\/v2\/types\/product"}],"replies":[{"embeddable":true,"href":"https:\/\/chrisopigi.gr\/de\/wp-json\/wp\/v2\/comments?post=49271"}],"wp:featuredmedia":[{"embeddable":true,"href":"https:\/\/chrisopigi.gr\/de\/wp-json\/wp\/v2\/media\/49272"}],"wp:attachment":[{"href":"https:\/\/chrisopigi.gr\/de\/wp-json\/wp\/v2\/media?parent=49271"}],"wp:term":[{"taxonomy":"product_cat","embeddable":true,"href":"https:\/\/chrisopigi.gr\/de\/wp-json\/wp\/v2\/product_cat?post=49271"},{"taxonomy":"product_tag","embeddable":true,"href":"https:\/\/chrisopigi.gr\/de\/wp-json\/wp\/v2\/product_tag?post=49271"}],"curies":[{"name":"wp","href":"https:\/\/api.w.org\/{rel}","templated":true}]}}