{"id":49273,"date":"2025-12-06T21:30:51","date_gmt":"2026-04-25T17:48:03","guid":{"rendered":"https:\/\/chrisopigi.gr\/product\/fusilli-mit-basilikum-und-knoblauch-400g\/"},"modified":"2026-04-25T20:49:51","modified_gmt":"2026-04-25T17:49:51","slug":"fusilli-mit-basilikum-und-knoblauch-400g","status":"publish","type":"product","link":"https:\/\/chrisopigi.gr\/de\/product\/fusilli-mit-basilikum-und-knoblauch-400g\/","title":{"rendered":"Fusilli mit Basilikum und Knoblauch 400g"},"content":{"rendered":"<p data-start=\"134\" data-end=\"392\">Die Fusilli mit Basilikum und Knoblauch sind eine aromatische, traditionelle Pasta aus feinem Hartweizengrie\u00df, verfeinert mit nat\u00fcrlichem Basilikum und Knoblauch. Sie haben einen angenehmen, mediterranen Geschmack und ein dezentes Aroma, das ideal zu einfachen oder leichten Saucen passt.<\/p>\n<p data-start=\"394\" data-end=\"497\">Ihre gedrehte Form nimmt Saucen optimal auf, w\u00e4hrend sie schnell kochen und ihre perfekte Textur behalten.<\/p>\n<p data-start=\"499\" data-end=\"647\"><br data-start=\"528\" data-end=\"531\"><br data-start=\"559\" data-end=\"562\"><strong data-start=\"499\" data-end=\"518\">Kochzeit<\/strong>: 2-4 Minuten<br data-start=\"579\" data-end=\"582\"><strong data-start=\"531\" data-end=\"559\">Passen ideal zu:<\/strong><br data-start=\"600\" data-end=\"603\">Tomatensauce<br data-start=\"614\" data-end=\"617\">Oliven\u00f6l &amp; K\u00e4se<br data-start=\"627\" data-end=\"630\">H\u00e4hnchen<br \/>Gem\u00fcse<br \/>frischen Kr\u00e4utern<\/p>\n<p data-start=\"649\" data-end=\"717\">Eine schmackhafte Pasta f\u00fcr einfache und leckere Alltagsrezepte.<\/p>\n","protected":false},"excerpt":{"rendered":"<p>Die Fusilli mit Basilikum und Knoblauch sind eine aromatische, traditionelle Pasta aus feinem Hartweizengrie\u00df, verfeinert mit nat\u00fcrlichem Basilikum und Knoblauch. Sie haben einen angenehmen, mediterranen Geschmack und ein dezentes Aroma, das ideal zu einfachen oder leichten Saucen passt. Ihre gedrehte Form nimmt Saucen optimal auf, w\u00e4hrend sie schnell kochen und ihre perfekte Textur behalten. Kochzeit: 2-4 MinutenPassen ideal zu:TomatensauceOliven\u00f6l &amp; K\u00e4seH\u00e4hnchenGem\u00fcsefrischen Kr\u00e4utern Eine [&hellip;]<\/p>\n","protected":false},"featured_media":49274,"comment_status":"closed","ping_status":"closed","template":"","meta":[],"product_cat":[1823],"product_tag":[],"yoast_head":"<!-- This site is optimized with the Yoast SEO plugin v27.2 - https:\/\/yoast.com\/product\/yoast-seo-wordpress\/ -->\n<title>Fusilli mit Basilikum und Knoblauch 400g - Chrisopigi<\/title>\n<meta name=\"robots\" content=\"index, follow, max-snippet:-1, max-image-preview:large, max-video-preview:-1\" \/>\n<link rel=\"canonical\" href=\"https:\/\/chrisopigi.gr\/de\/product\/fusilli-mit-basilikum-und-knoblauch-400g\/\" \/>\n<meta property=\"og:locale\" content=\"de_DE\" \/>\n<meta property=\"og:type\" content=\"article\" \/>\n<meta property=\"og:title\" content=\"Fusilli mit Basilikum und Knoblauch 400g - Chrisopigi\" \/>\n<meta property=\"og:description\" content=\"Die Fusilli mit Basilikum und Knoblauch sind eine aromatische, traditionelle Pasta aus feinem Hartweizengrie\u00df, verfeinert mit nat\u00fcrlichem Basilikum und Knoblauch. Sie haben einen angenehmen, mediterranen Geschmack und ein dezentes Aroma, das ideal zu einfachen oder leichten Saucen passt. Ihre gedrehte Form nimmt Saucen optimal auf, w\u00e4hrend sie schnell kochen und ihre perfekte Textur behalten. Kochzeit: 2-4 MinutenPassen ideal zu:TomatensauceOliven\u00f6l &amp; K\u00e4seH\u00e4hnchenGem\u00fcsefrischen Kr\u00e4utern Eine [&hellip;]\" \/>\n<meta property=\"og:url\" content=\"https:\/\/chrisopigi.gr\/de\/product\/fusilli-mit-basilikum-und-knoblauch-400g\/\" \/>\n<meta property=\"og:site_name\" content=\"Chrisopigi\" \/>\n<meta property=\"article:modified_time\" content=\"2026-04-25T17:49:51+00:00\" \/>\n<meta property=\"og:image\" content=\"https:\/\/chrisopigi.gr\/wp-content\/uploads\/2025\/12\/image-48.png\" \/>\n\t<meta property=\"og:image:width\" content=\"1000\" \/>\n\t<meta property=\"og:image:height\" content=\"1000\" \/>\n\t<meta property=\"og:image:type\" content=\"image\/png\" \/>\n<meta name=\"twitter:card\" content=\"summary_large_image\" \/>\n<script type=\"application\/ld+json\" class=\"yoast-schema-graph\">{\"@context\":\"https:\/\/schema.org\",\"@graph\":[{\"@type\":\"WebPage\",\"@id\":\"https:\/\/chrisopigi.gr\/de\/product\/fusilli-mit-basilikum-und-knoblauch-400g\/\",\"url\":\"https:\/\/chrisopigi.gr\/de\/product\/fusilli-mit-basilikum-und-knoblauch-400g\/\",\"name\":\"Fusilli mit Basilikum und Knoblauch 400g - Chrisopigi\",\"isPartOf\":{\"@id\":\"https:\/\/chrisopigi.gr\/de\/#website\"},\"primaryImageOfPage\":{\"@id\":\"https:\/\/chrisopigi.gr\/de\/product\/fusilli-mit-basilikum-und-knoblauch-400g\/#primaryimage\"},\"image\":{\"@id\":\"https:\/\/chrisopigi.gr\/de\/product\/fusilli-mit-basilikum-und-knoblauch-400g\/#primaryimage\"},\"thumbnailUrl\":\"https:\/\/chrisopigi.gr\/wp-content\/uploads\/2025\/12\/image-48.png\",\"datePublished\":\"2026-04-25T17:48:03+00:00\",\"dateModified\":\"2026-04-25T17:49:51+00:00\",\"breadcrumb\":{\"@id\":\"https:\/\/chrisopigi.gr\/de\/product\/fusilli-mit-basilikum-und-knoblauch-400g\/#breadcrumb\"},\"inLanguage\":\"de\",\"potentialAction\":[{\"@type\":\"ReadAction\",\"target\":[\"https:\/\/chrisopigi.gr\/de\/product\/fusilli-mit-basilikum-und-knoblauch-400g\/\"]}]},{\"@type\":\"ImageObject\",\"inLanguage\":\"de\",\"@id\":\"https:\/\/chrisopigi.gr\/de\/product\/fusilli-mit-basilikum-und-knoblauch-400g\/#primaryimage\",\"url\":\"https:\/\/chrisopigi.gr\/wp-content\/uploads\/2025\/12\/image-48.png\",\"contentUrl\":\"https:\/\/chrisopigi.gr\/wp-content\/uploads\/2025\/12\/image-48.png\",\"width\":1000,\"height\":1000},{\"@type\":\"BreadcrumbList\",\"@id\":\"https:\/\/chrisopigi.gr\/de\/product\/fusilli-mit-basilikum-und-knoblauch-400g\/#breadcrumb\",\"itemListElement\":[{\"@type\":\"ListItem\",\"position\":1,\"name\":\"\u0391\u03c1\u03c7\u03b9\u03ba\u03ae\",\"item\":\"https:\/\/chrisopigi.gr\/de\/\"},{\"@type\":\"ListItem\",\"position\":2,\"name\":\"Online-Shop\",\"item\":\"https:\/\/chrisopigi.gr\/online-shop\/\"},{\"@type\":\"ListItem\",\"position\":3,\"name\":\"Fusilli mit Basilikum und Knoblauch 400g\"}]},{\"@type\":\"WebSite\",\"@id\":\"https:\/\/chrisopigi.gr\/de\/#website\",\"url\":\"https:\/\/chrisopigi.gr\/de\/\",\"name\":\"Chrisopigi\",\"description\":\"\u039a\u03c1\u03b7\u03c4\u03b9\u03ba\u03cc \u03b5\u03bb\u03b1\u03b9\u03cc\u03bb\u03b1\u03b4\u03bf &amp; \u03bc\u03ad\u03bb\u03b9 \u03b1\u03c0\u03cc \u03c4\u03b7\u03bd \u03a7\u03c1\u03c5\u03c3\u03bf\u03c0\u03b7\u03b3\u03ae \u03a3\u03b7\u03c4\u03b5\u03af\u03b1\u03c2\",\"potentialAction\":[{\"@type\":\"SearchAction\",\"target\":{\"@type\":\"EntryPoint\",\"urlTemplate\":\"https:\/\/chrisopigi.gr\/de\/?s={search_term_string}\"},\"query-input\":{\"@type\":\"PropertyValueSpecification\",\"valueRequired\":true,\"valueName\":\"search_term_string\"}}],\"inLanguage\":\"de\"}]}<\/script>\n<!-- \/ Yoast SEO plugin. -->","yoast_head_json":{"title":"Fusilli mit Basilikum und Knoblauch 400g - Chrisopigi","robots":{"index":"index","follow":"follow","max-snippet":"max-snippet:-1","max-image-preview":"max-image-preview:large","max-video-preview":"max-video-preview:-1"},"canonical":"https:\/\/chrisopigi.gr\/de\/product\/fusilli-mit-basilikum-und-knoblauch-400g\/","og_locale":"de_DE","og_type":"article","og_title":"Fusilli mit Basilikum und Knoblauch 400g - Chrisopigi","og_description":"Die Fusilli mit Basilikum und Knoblauch sind eine aromatische, traditionelle Pasta aus feinem Hartweizengrie\u00df, verfeinert mit nat\u00fcrlichem Basilikum und Knoblauch. Sie haben einen angenehmen, mediterranen Geschmack und ein dezentes Aroma, das ideal zu einfachen oder leichten Saucen passt. Ihre gedrehte Form nimmt Saucen optimal auf, w\u00e4hrend sie schnell kochen und ihre perfekte Textur behalten. Kochzeit: 2-4 MinutenPassen ideal zu:TomatensauceOliven\u00f6l &amp; K\u00e4seH\u00e4hnchenGem\u00fcsefrischen Kr\u00e4utern Eine [&hellip;]","og_url":"https:\/\/chrisopigi.gr\/de\/product\/fusilli-mit-basilikum-und-knoblauch-400g\/","og_site_name":"Chrisopigi","article_modified_time":"2026-04-25T17:49:51+00:00","og_image":[{"width":1000,"height":1000,"url":"https:\/\/chrisopigi.gr\/wp-content\/uploads\/2025\/12\/image-48.png","type":"image\/png"}],"twitter_card":"summary_large_image","schema":{"@context":"https:\/\/schema.org","@graph":[{"@type":"WebPage","@id":"https:\/\/chrisopigi.gr\/de\/product\/fusilli-mit-basilikum-und-knoblauch-400g\/","url":"https:\/\/chrisopigi.gr\/de\/product\/fusilli-mit-basilikum-und-knoblauch-400g\/","name":"Fusilli mit Basilikum und Knoblauch 400g - Chrisopigi","isPartOf":{"@id":"https:\/\/chrisopigi.gr\/de\/#website"},"primaryImageOfPage":{"@id":"https:\/\/chrisopigi.gr\/de\/product\/fusilli-mit-basilikum-und-knoblauch-400g\/#primaryimage"},"image":{"@id":"https:\/\/chrisopigi.gr\/de\/product\/fusilli-mit-basilikum-und-knoblauch-400g\/#primaryimage"},"thumbnailUrl":"https:\/\/chrisopigi.gr\/wp-content\/uploads\/2025\/12\/image-48.png","datePublished":"2026-04-25T17:48:03+00:00","dateModified":"2026-04-25T17:49:51+00:00","breadcrumb":{"@id":"https:\/\/chrisopigi.gr\/de\/product\/fusilli-mit-basilikum-und-knoblauch-400g\/#breadcrumb"},"inLanguage":"de","potentialAction":[{"@type":"ReadAction","target":["https:\/\/chrisopigi.gr\/de\/product\/fusilli-mit-basilikum-und-knoblauch-400g\/"]}]},{"@type":"ImageObject","inLanguage":"de","@id":"https:\/\/chrisopigi.gr\/de\/product\/fusilli-mit-basilikum-und-knoblauch-400g\/#primaryimage","url":"https:\/\/chrisopigi.gr\/wp-content\/uploads\/2025\/12\/image-48.png","contentUrl":"https:\/\/chrisopigi.gr\/wp-content\/uploads\/2025\/12\/image-48.png","width":1000,"height":1000},{"@type":"BreadcrumbList","@id":"https:\/\/chrisopigi.gr\/de\/product\/fusilli-mit-basilikum-und-knoblauch-400g\/#breadcrumb","itemListElement":[{"@type":"ListItem","position":1,"name":"\u0391\u03c1\u03c7\u03b9\u03ba\u03ae","item":"https:\/\/chrisopigi.gr\/de\/"},{"@type":"ListItem","position":2,"name":"Online-Shop","item":"https:\/\/chrisopigi.gr\/online-shop\/"},{"@type":"ListItem","position":3,"name":"Fusilli mit Basilikum und Knoblauch 400g"}]},{"@type":"WebSite","@id":"https:\/\/chrisopigi.gr\/de\/#website","url":"https:\/\/chrisopigi.gr\/de\/","name":"Chrisopigi","description":"\u039a\u03c1\u03b7\u03c4\u03b9\u03ba\u03cc \u03b5\u03bb\u03b1\u03b9\u03cc\u03bb\u03b1\u03b4\u03bf &amp; \u03bc\u03ad\u03bb\u03b9 \u03b1\u03c0\u03cc \u03c4\u03b7\u03bd \u03a7\u03c1\u03c5\u03c3\u03bf\u03c0\u03b7\u03b3\u03ae \u03a3\u03b7\u03c4\u03b5\u03af\u03b1\u03c2","potentialAction":[{"@type":"SearchAction","target":{"@type":"EntryPoint","urlTemplate":"https:\/\/chrisopigi.gr\/de\/?s={search_term_string}"},"query-input":{"@type":"PropertyValueSpecification","valueRequired":true,"valueName":"search_term_string"}}],"inLanguage":"de"}]}},"_links":{"self":[{"href":"https:\/\/chrisopigi.gr\/de\/wp-json\/wp\/v2\/product\/49273"}],"collection":[{"href":"https:\/\/chrisopigi.gr\/de\/wp-json\/wp\/v2\/product"}],"about":[{"href":"https:\/\/chrisopigi.gr\/de\/wp-json\/wp\/v2\/types\/product"}],"replies":[{"embeddable":true,"href":"https:\/\/chrisopigi.gr\/de\/wp-json\/wp\/v2\/comments?post=49273"}],"wp:featuredmedia":[{"embeddable":true,"href":"https:\/\/chrisopigi.gr\/de\/wp-json\/wp\/v2\/media\/49274"}],"wp:attachment":[{"href":"https:\/\/chrisopigi.gr\/de\/wp-json\/wp\/v2\/media?parent=49273"}],"wp:term":[{"taxonomy":"product_cat","embeddable":true,"href":"https:\/\/chrisopigi.gr\/de\/wp-json\/wp\/v2\/product_cat?post=49273"},{"taxonomy":"product_tag","embeddable":true,"href":"https:\/\/chrisopigi.gr\/de\/wp-json\/wp\/v2\/product_tag?post=49273"}],"curies":[{"name":"wp","href":"https:\/\/api.w.org\/{rel}","templated":true}]}}