{"id":49276,"date":"2025-12-06T21:21:06","date_gmt":"2026-04-25T17:55:01","guid":{"rendered":"https:\/\/chrisopigi.gr\/product\/suesser-trahanas-400g\/"},"modified":"2026-04-25T20:55:01","modified_gmt":"2026-04-25T17:55:01","slug":"suesser-trahanas-400g","status":"publish","type":"product","link":"https:\/\/chrisopigi.gr\/de\/product\/suesser-trahanas-400g\/","title":{"rendered":"S\u00fc\u00dfer Trahanas 400g"},"content":{"rendered":"<p data-start=\"203\" data-end=\"414\"><strong data-start=\"205\" data-end=\"224\">S\u00fc\u00dfer Trahanas<\/strong> ist ein authentisches, traditionelles Produkt der griechischen K\u00fcche, hergestellt aus <strong data-start=\"301\" data-end=\"335\">Schafsmilch und Hartweizenmehl<\/strong>. Er bietet einen milden, vollmundigen Geschmack und eine nat\u00fcrliche S\u00fc\u00dfe ohne Zuckerzusatz.<\/p>\n<p data-start=\"416\" data-end=\"651\">Seine samtige Textur und sein reicher Geschmack machen ihn ideal f\u00fcr herzhafte Suppen, besonders in den Herbst- und Wintermonaten. Ein Produkt, das mit Gem\u00fctlichkeit, hausgemachtem Essen und der kulinarischen Tradition Kretas verbunden ist.<\/p>\n<p data-start=\"653\" data-end=\"802\"><strong data-start=\"653\" data-end=\"672\">Kochzeit<\/strong>: 4-5 Minuten<br data-start=\"682\" data-end=\"685\"><strong data-start=\"685\" data-end=\"702\">Ideal f\u00fcr<\/strong>:<br data-start=\"702\" data-end=\"705\">traditionelle Suppen<br data-start=\"726\" data-end=\"729\">Kindergerichte<br data-start=\"746\" data-end=\"749\">leichte Abendessen<br data-start=\"766\" data-end=\"769\">eine nahrhafte, t\u00e4gliche Ern\u00e4hrung<\/p>\n","protected":false},"excerpt":{"rendered":"<p>S\u00fc\u00dfer Trahanas ist ein authentisches, traditionelles Produkt der griechischen K\u00fcche, hergestellt aus Schafsmilch und Hartweizenmehl. Er bietet einen milden, vollmundigen Geschmack und eine nat\u00fcrliche S\u00fc\u00dfe ohne Zuckerzusatz. Seine samtige Textur und sein reicher Geschmack machen ihn ideal f\u00fcr herzhafte Suppen, besonders in den Herbst- und Wintermonaten. Ein Produkt, das mit Gem\u00fctlichkeit, hausgemachtem Essen und der kulinarischen Tradition Kretas verbunden ist. Kochzeit: 4-5 MinutenIdeal [&hellip;]<\/p>\n","protected":false},"featured_media":49277,"comment_status":"closed","ping_status":"closed","template":"","meta":[],"product_cat":[1823],"product_tag":[],"yoast_head":"<!-- This site is optimized with the Yoast SEO plugin v27.2 - https:\/\/yoast.com\/product\/yoast-seo-wordpress\/ -->\n<title>S\u00fc\u00dfer Trahanas 400g - Chrisopigi<\/title>\n<meta name=\"robots\" content=\"index, follow, max-snippet:-1, max-image-preview:large, max-video-preview:-1\" \/>\n<link rel=\"canonical\" href=\"https:\/\/chrisopigi.gr\/de\/product\/suesser-trahanas-400g\/\" \/>\n<meta property=\"og:locale\" content=\"de_DE\" \/>\n<meta property=\"og:type\" content=\"article\" \/>\n<meta property=\"og:title\" content=\"S\u00fc\u00dfer Trahanas 400g - Chrisopigi\" \/>\n<meta property=\"og:description\" content=\"S\u00fc\u00dfer Trahanas ist ein authentisches, traditionelles Produkt der griechischen K\u00fcche, hergestellt aus Schafsmilch und Hartweizenmehl. Er bietet einen milden, vollmundigen Geschmack und eine nat\u00fcrliche S\u00fc\u00dfe ohne Zuckerzusatz. Seine samtige Textur und sein reicher Geschmack machen ihn ideal f\u00fcr herzhafte Suppen, besonders in den Herbst- und Wintermonaten. Ein Produkt, das mit Gem\u00fctlichkeit, hausgemachtem Essen und der kulinarischen Tradition Kretas verbunden ist. Kochzeit: 4-5 MinutenIdeal [&hellip;]\" \/>\n<meta property=\"og:url\" content=\"https:\/\/chrisopigi.gr\/de\/product\/suesser-trahanas-400g\/\" \/>\n<meta property=\"og:site_name\" content=\"Chrisopigi\" \/>\n<meta name=\"twitter:card\" content=\"summary_large_image\" \/>\n<script type=\"application\/ld+json\" class=\"yoast-schema-graph\">{\"@context\":\"https:\/\/schema.org\",\"@graph\":[{\"@type\":\"WebPage\",\"@id\":\"https:\/\/chrisopigi.gr\/de\/product\/suesser-trahanas-400g\/\",\"url\":\"https:\/\/chrisopigi.gr\/de\/product\/suesser-trahanas-400g\/\",\"name\":\"S\u00fc\u00dfer Trahanas 400g - Chrisopigi\",\"isPartOf\":{\"@id\":\"https:\/\/chrisopigi.gr\/de\/#website\"},\"primaryImageOfPage\":{\"@id\":\"https:\/\/chrisopigi.gr\/de\/product\/suesser-trahanas-400g\/#primaryimage\"},\"image\":{\"@id\":\"https:\/\/chrisopigi.gr\/de\/product\/suesser-trahanas-400g\/#primaryimage\"},\"thumbnailUrl\":\"https:\/\/chrisopigi.gr\/wp-content\/uploads\/2025\/12\/image-27.jpeg\",\"datePublished\":\"2026-04-25T17:55:01+00:00\",\"breadcrumb\":{\"@id\":\"https:\/\/chrisopigi.gr\/de\/product\/suesser-trahanas-400g\/#breadcrumb\"},\"inLanguage\":\"de\",\"potentialAction\":[{\"@type\":\"ReadAction\",\"target\":[\"https:\/\/chrisopigi.gr\/de\/product\/suesser-trahanas-400g\/\"]}]},{\"@type\":\"ImageObject\",\"inLanguage\":\"de\",\"@id\":\"https:\/\/chrisopigi.gr\/de\/product\/suesser-trahanas-400g\/#primaryimage\",\"url\":\"https:\/\/chrisopigi.gr\/wp-content\/uploads\/2025\/12\/image-27.jpeg\",\"contentUrl\":\"https:\/\/chrisopigi.gr\/wp-content\/uploads\/2025\/12\/image-27.jpeg\",\"width\":1709,\"height\":2560},{\"@type\":\"BreadcrumbList\",\"@id\":\"https:\/\/chrisopigi.gr\/de\/product\/suesser-trahanas-400g\/#breadcrumb\",\"itemListElement\":[{\"@type\":\"ListItem\",\"position\":1,\"name\":\"\u0391\u03c1\u03c7\u03b9\u03ba\u03ae\",\"item\":\"https:\/\/chrisopigi.gr\/de\/\"},{\"@type\":\"ListItem\",\"position\":2,\"name\":\"Online-Shop\",\"item\":\"https:\/\/chrisopigi.gr\/online-shop\/\"},{\"@type\":\"ListItem\",\"position\":3,\"name\":\"S\u00fc\u00dfer Trahanas 400g\"}]},{\"@type\":\"WebSite\",\"@id\":\"https:\/\/chrisopigi.gr\/de\/#website\",\"url\":\"https:\/\/chrisopigi.gr\/de\/\",\"name\":\"Chrisopigi\",\"description\":\"\u039a\u03c1\u03b7\u03c4\u03b9\u03ba\u03cc \u03b5\u03bb\u03b1\u03b9\u03cc\u03bb\u03b1\u03b4\u03bf &amp; \u03bc\u03ad\u03bb\u03b9 \u03b1\u03c0\u03cc \u03c4\u03b7\u03bd \u03a7\u03c1\u03c5\u03c3\u03bf\u03c0\u03b7\u03b3\u03ae \u03a3\u03b7\u03c4\u03b5\u03af\u03b1\u03c2\",\"potentialAction\":[{\"@type\":\"SearchAction\",\"target\":{\"@type\":\"EntryPoint\",\"urlTemplate\":\"https:\/\/chrisopigi.gr\/de\/?s={search_term_string}\"},\"query-input\":{\"@type\":\"PropertyValueSpecification\",\"valueRequired\":true,\"valueName\":\"search_term_string\"}}],\"inLanguage\":\"de\"}]}<\/script>\n<!-- \/ Yoast SEO plugin. -->","yoast_head_json":{"title":"S\u00fc\u00dfer Trahanas 400g - Chrisopigi","robots":{"index":"index","follow":"follow","max-snippet":"max-snippet:-1","max-image-preview":"max-image-preview:large","max-video-preview":"max-video-preview:-1"},"canonical":"https:\/\/chrisopigi.gr\/de\/product\/suesser-trahanas-400g\/","og_locale":"de_DE","og_type":"article","og_title":"S\u00fc\u00dfer Trahanas 400g - Chrisopigi","og_description":"S\u00fc\u00dfer Trahanas ist ein authentisches, traditionelles Produkt der griechischen K\u00fcche, hergestellt aus Schafsmilch und Hartweizenmehl. Er bietet einen milden, vollmundigen Geschmack und eine nat\u00fcrliche S\u00fc\u00dfe ohne Zuckerzusatz. Seine samtige Textur und sein reicher Geschmack machen ihn ideal f\u00fcr herzhafte Suppen, besonders in den Herbst- und Wintermonaten. Ein Produkt, das mit Gem\u00fctlichkeit, hausgemachtem Essen und der kulinarischen Tradition Kretas verbunden ist. Kochzeit: 4-5 MinutenIdeal [&hellip;]","og_url":"https:\/\/chrisopigi.gr\/de\/product\/suesser-trahanas-400g\/","og_site_name":"Chrisopigi","twitter_card":"summary_large_image","schema":{"@context":"https:\/\/schema.org","@graph":[{"@type":"WebPage","@id":"https:\/\/chrisopigi.gr\/de\/product\/suesser-trahanas-400g\/","url":"https:\/\/chrisopigi.gr\/de\/product\/suesser-trahanas-400g\/","name":"S\u00fc\u00dfer Trahanas 400g - Chrisopigi","isPartOf":{"@id":"https:\/\/chrisopigi.gr\/de\/#website"},"primaryImageOfPage":{"@id":"https:\/\/chrisopigi.gr\/de\/product\/suesser-trahanas-400g\/#primaryimage"},"image":{"@id":"https:\/\/chrisopigi.gr\/de\/product\/suesser-trahanas-400g\/#primaryimage"},"thumbnailUrl":"https:\/\/chrisopigi.gr\/wp-content\/uploads\/2025\/12\/image-27.jpeg","datePublished":"2026-04-25T17:55:01+00:00","breadcrumb":{"@id":"https:\/\/chrisopigi.gr\/de\/product\/suesser-trahanas-400g\/#breadcrumb"},"inLanguage":"de","potentialAction":[{"@type":"ReadAction","target":["https:\/\/chrisopigi.gr\/de\/product\/suesser-trahanas-400g\/"]}]},{"@type":"ImageObject","inLanguage":"de","@id":"https:\/\/chrisopigi.gr\/de\/product\/suesser-trahanas-400g\/#primaryimage","url":"https:\/\/chrisopigi.gr\/wp-content\/uploads\/2025\/12\/image-27.jpeg","contentUrl":"https:\/\/chrisopigi.gr\/wp-content\/uploads\/2025\/12\/image-27.jpeg","width":1709,"height":2560},{"@type":"BreadcrumbList","@id":"https:\/\/chrisopigi.gr\/de\/product\/suesser-trahanas-400g\/#breadcrumb","itemListElement":[{"@type":"ListItem","position":1,"name":"\u0391\u03c1\u03c7\u03b9\u03ba\u03ae","item":"https:\/\/chrisopigi.gr\/de\/"},{"@type":"ListItem","position":2,"name":"Online-Shop","item":"https:\/\/chrisopigi.gr\/online-shop\/"},{"@type":"ListItem","position":3,"name":"S\u00fc\u00dfer Trahanas 400g"}]},{"@type":"WebSite","@id":"https:\/\/chrisopigi.gr\/de\/#website","url":"https:\/\/chrisopigi.gr\/de\/","name":"Chrisopigi","description":"\u039a\u03c1\u03b7\u03c4\u03b9\u03ba\u03cc \u03b5\u03bb\u03b1\u03b9\u03cc\u03bb\u03b1\u03b4\u03bf &amp; \u03bc\u03ad\u03bb\u03b9 \u03b1\u03c0\u03cc \u03c4\u03b7\u03bd \u03a7\u03c1\u03c5\u03c3\u03bf\u03c0\u03b7\u03b3\u03ae \u03a3\u03b7\u03c4\u03b5\u03af\u03b1\u03c2","potentialAction":[{"@type":"SearchAction","target":{"@type":"EntryPoint","urlTemplate":"https:\/\/chrisopigi.gr\/de\/?s={search_term_string}"},"query-input":{"@type":"PropertyValueSpecification","valueRequired":true,"valueName":"search_term_string"}}],"inLanguage":"de"}]}},"_links":{"self":[{"href":"https:\/\/chrisopigi.gr\/de\/wp-json\/wp\/v2\/product\/49276"}],"collection":[{"href":"https:\/\/chrisopigi.gr\/de\/wp-json\/wp\/v2\/product"}],"about":[{"href":"https:\/\/chrisopigi.gr\/de\/wp-json\/wp\/v2\/types\/product"}],"replies":[{"embeddable":true,"href":"https:\/\/chrisopigi.gr\/de\/wp-json\/wp\/v2\/comments?post=49276"}],"wp:featuredmedia":[{"embeddable":true,"href":"https:\/\/chrisopigi.gr\/de\/wp-json\/wp\/v2\/media\/49277"}],"wp:attachment":[{"href":"https:\/\/chrisopigi.gr\/de\/wp-json\/wp\/v2\/media?parent=49276"}],"wp:term":[{"taxonomy":"product_cat","embeddable":true,"href":"https:\/\/chrisopigi.gr\/de\/wp-json\/wp\/v2\/product_cat?post=49276"},{"taxonomy":"product_tag","embeddable":true,"href":"https:\/\/chrisopigi.gr\/de\/wp-json\/wp\/v2\/product_tag?post=49276"}],"curies":[{"name":"wp","href":"https:\/\/api.w.org\/{rel}","templated":true}]}}