{"id":49278,"date":"2025-12-06T21:17:17","date_gmt":"2026-04-25T17:59:30","guid":{"rendered":"https:\/\/chrisopigi.gr\/product\/veganer-gemuese-trahanas-400g\/"},"modified":"2026-04-25T20:59:30","modified_gmt":"2026-04-25T17:59:30","slug":"veganer-gemuese-trahanas-400g","status":"publish","type":"product","link":"https:\/\/chrisopigi.gr\/de\/product\/veganer-gemuese-trahanas-400g\/","title":{"rendered":"Veganer Gem\u00fcse-Trahanas 400g"},"content":{"rendered":"<p data-start=\"224\" data-end=\"498\">Der <strong data-start=\"226\" data-end=\"259\">vegane Gem\u00fcse-Trahanas<\/strong> ist ein authentisches, traditionelles Produkt auf Grie\u00dfbasis, angereichert mit feinem Gem\u00fcse, das einen <strong data-start=\"352\" data-end=\"372\">nat\u00fcrlichen Geschmack<\/strong>, ein herrliches Aroma und ein reichhaltiges N\u00e4hrwertprofil bietet. Er ist <strong data-start=\"447\" data-end=\"466\">100% vegan (fastengeeignet)<\/strong> und enth\u00e4lt keine Milchprodukte.<\/p>\n<p data-start=\"500\" data-end=\"694\">Seine besondere Textur und sein voller K\u00f6rper machen ihn ideal f\u00fcr herzhafte Suppen, besonders in den Wintermonaten. Er kocht schnell und bietet mit jedem L\u00f6ffel einen hausgemachten, traditionellen Geschmack.<\/p>\n<p data-start=\"696\" data-end=\"847\"><strong data-start=\"696\" data-end=\"715\">Kochzeit<\/strong>: 4-5 Minuten<br data-start=\"725\" data-end=\"728\">I<strong data-start=\"728\" data-end=\"745\">deal f\u00fcr:<\/strong><br data-start=\"745\" data-end=\"748\">traditionelle Suppen<br data-start=\"769\" data-end=\"772\">vegane\/fastengerechte Mahlzeiten<br data-start=\"791\" data-end=\"794\">leichte Abendessen<br data-start=\"811\" data-end=\"814\">die Ern\u00e4hrung der ganzen Familie<\/p>\n<p data-start=\"849\" data-end=\"931\">Ein Produkt, das die griechische Tradition mit einer modernen, ausgewogenen Ern\u00e4hrung verbindet.<\/p>\n","protected":false},"excerpt":{"rendered":"<p>Der vegane Gem\u00fcse-Trahanas ist ein authentisches, traditionelles Produkt auf Grie\u00dfbasis, angereichert mit feinem Gem\u00fcse, das einen nat\u00fcrlichen Geschmack, ein herrliches Aroma und ein reichhaltiges N\u00e4hrwertprofil bietet. Er ist 100% vegan (fastengeeignet) und enth\u00e4lt keine Milchprodukte. Seine besondere Textur und sein voller K\u00f6rper machen ihn ideal f\u00fcr herzhafte Suppen, besonders in den Wintermonaten. Er kocht schnell und bietet mit jedem L\u00f6ffel einen hausgemachten, traditionellen [&hellip;]<\/p>\n","protected":false},"featured_media":49279,"comment_status":"closed","ping_status":"closed","template":"","meta":[],"product_cat":[1823],"product_tag":[],"yoast_head":"<!-- This site is optimized with the Yoast SEO plugin v27.2 - https:\/\/yoast.com\/product\/yoast-seo-wordpress\/ -->\n<title>Veganer Gem\u00fcse-Trahanas 400g - Chrisopigi<\/title>\n<meta name=\"robots\" content=\"index, follow, max-snippet:-1, max-image-preview:large, max-video-preview:-1\" \/>\n<link rel=\"canonical\" href=\"https:\/\/chrisopigi.gr\/de\/product\/veganer-gemuese-trahanas-400g\/\" \/>\n<meta property=\"og:locale\" content=\"de_DE\" \/>\n<meta property=\"og:type\" content=\"article\" \/>\n<meta property=\"og:title\" content=\"Veganer Gem\u00fcse-Trahanas 400g - Chrisopigi\" \/>\n<meta property=\"og:description\" content=\"Der vegane Gem\u00fcse-Trahanas ist ein authentisches, traditionelles Produkt auf Grie\u00dfbasis, angereichert mit feinem Gem\u00fcse, das einen nat\u00fcrlichen Geschmack, ein herrliches Aroma und ein reichhaltiges N\u00e4hrwertprofil bietet. Er ist 100% vegan (fastengeeignet) und enth\u00e4lt keine Milchprodukte. Seine besondere Textur und sein voller K\u00f6rper machen ihn ideal f\u00fcr herzhafte Suppen, besonders in den Wintermonaten. Er kocht schnell und bietet mit jedem L\u00f6ffel einen hausgemachten, traditionellen [&hellip;]\" \/>\n<meta property=\"og:url\" content=\"https:\/\/chrisopigi.gr\/de\/product\/veganer-gemuese-trahanas-400g\/\" \/>\n<meta property=\"og:site_name\" content=\"Chrisopigi\" \/>\n<meta name=\"twitter:card\" content=\"summary_large_image\" \/>\n<meta name=\"twitter:label1\" content=\"Gesch\u00e4tzte Lesezeit\" \/>\n\t<meta name=\"twitter:data1\" content=\"1\u00a0Minute\" \/>\n<script type=\"application\/ld+json\" class=\"yoast-schema-graph\">{\"@context\":\"https:\/\/schema.org\",\"@graph\":[{\"@type\":\"WebPage\",\"@id\":\"https:\/\/chrisopigi.gr\/de\/product\/veganer-gemuese-trahanas-400g\/\",\"url\":\"https:\/\/chrisopigi.gr\/de\/product\/veganer-gemuese-trahanas-400g\/\",\"name\":\"Veganer Gem\u00fcse-Trahanas 400g - Chrisopigi\",\"isPartOf\":{\"@id\":\"https:\/\/chrisopigi.gr\/de\/#website\"},\"primaryImageOfPage\":{\"@id\":\"https:\/\/chrisopigi.gr\/de\/product\/veganer-gemuese-trahanas-400g\/#primaryimage\"},\"image\":{\"@id\":\"https:\/\/chrisopigi.gr\/de\/product\/veganer-gemuese-trahanas-400g\/#primaryimage\"},\"thumbnailUrl\":\"https:\/\/chrisopigi.gr\/wp-content\/uploads\/2025\/12\/image-26.jpeg\",\"datePublished\":\"2026-04-25T17:59:30+00:00\",\"breadcrumb\":{\"@id\":\"https:\/\/chrisopigi.gr\/de\/product\/veganer-gemuese-trahanas-400g\/#breadcrumb\"},\"inLanguage\":\"de\",\"potentialAction\":[{\"@type\":\"ReadAction\",\"target\":[\"https:\/\/chrisopigi.gr\/de\/product\/veganer-gemuese-trahanas-400g\/\"]}]},{\"@type\":\"ImageObject\",\"inLanguage\":\"de\",\"@id\":\"https:\/\/chrisopigi.gr\/de\/product\/veganer-gemuese-trahanas-400g\/#primaryimage\",\"url\":\"https:\/\/chrisopigi.gr\/wp-content\/uploads\/2025\/12\/image-26.jpeg\",\"contentUrl\":\"https:\/\/chrisopigi.gr\/wp-content\/uploads\/2025\/12\/image-26.jpeg\",\"width\":800,\"height\":800},{\"@type\":\"BreadcrumbList\",\"@id\":\"https:\/\/chrisopigi.gr\/de\/product\/veganer-gemuese-trahanas-400g\/#breadcrumb\",\"itemListElement\":[{\"@type\":\"ListItem\",\"position\":1,\"name\":\"\u0391\u03c1\u03c7\u03b9\u03ba\u03ae\",\"item\":\"https:\/\/chrisopigi.gr\/de\/\"},{\"@type\":\"ListItem\",\"position\":2,\"name\":\"Online-Shop\",\"item\":\"https:\/\/chrisopigi.gr\/online-shop\/\"},{\"@type\":\"ListItem\",\"position\":3,\"name\":\"Veganer Gem\u00fcse-Trahanas 400g\"}]},{\"@type\":\"WebSite\",\"@id\":\"https:\/\/chrisopigi.gr\/de\/#website\",\"url\":\"https:\/\/chrisopigi.gr\/de\/\",\"name\":\"Chrisopigi\",\"description\":\"\u039a\u03c1\u03b7\u03c4\u03b9\u03ba\u03cc \u03b5\u03bb\u03b1\u03b9\u03cc\u03bb\u03b1\u03b4\u03bf &amp; \u03bc\u03ad\u03bb\u03b9 \u03b1\u03c0\u03cc \u03c4\u03b7\u03bd \u03a7\u03c1\u03c5\u03c3\u03bf\u03c0\u03b7\u03b3\u03ae \u03a3\u03b7\u03c4\u03b5\u03af\u03b1\u03c2\",\"potentialAction\":[{\"@type\":\"SearchAction\",\"target\":{\"@type\":\"EntryPoint\",\"urlTemplate\":\"https:\/\/chrisopigi.gr\/de\/?s={search_term_string}\"},\"query-input\":{\"@type\":\"PropertyValueSpecification\",\"valueRequired\":true,\"valueName\":\"search_term_string\"}}],\"inLanguage\":\"de\"}]}<\/script>\n<!-- \/ Yoast SEO plugin. -->","yoast_head_json":{"title":"Veganer Gem\u00fcse-Trahanas 400g - Chrisopigi","robots":{"index":"index","follow":"follow","max-snippet":"max-snippet:-1","max-image-preview":"max-image-preview:large","max-video-preview":"max-video-preview:-1"},"canonical":"https:\/\/chrisopigi.gr\/de\/product\/veganer-gemuese-trahanas-400g\/","og_locale":"de_DE","og_type":"article","og_title":"Veganer Gem\u00fcse-Trahanas 400g - Chrisopigi","og_description":"Der vegane Gem\u00fcse-Trahanas ist ein authentisches, traditionelles Produkt auf Grie\u00dfbasis, angereichert mit feinem Gem\u00fcse, das einen nat\u00fcrlichen Geschmack, ein herrliches Aroma und ein reichhaltiges N\u00e4hrwertprofil bietet. Er ist 100% vegan (fastengeeignet) und enth\u00e4lt keine Milchprodukte. Seine besondere Textur und sein voller K\u00f6rper machen ihn ideal f\u00fcr herzhafte Suppen, besonders in den Wintermonaten. Er kocht schnell und bietet mit jedem L\u00f6ffel einen hausgemachten, traditionellen [&hellip;]","og_url":"https:\/\/chrisopigi.gr\/de\/product\/veganer-gemuese-trahanas-400g\/","og_site_name":"Chrisopigi","twitter_card":"summary_large_image","twitter_misc":{"Gesch\u00e4tzte Lesezeit":"1\u00a0Minute"},"schema":{"@context":"https:\/\/schema.org","@graph":[{"@type":"WebPage","@id":"https:\/\/chrisopigi.gr\/de\/product\/veganer-gemuese-trahanas-400g\/","url":"https:\/\/chrisopigi.gr\/de\/product\/veganer-gemuese-trahanas-400g\/","name":"Veganer Gem\u00fcse-Trahanas 400g - Chrisopigi","isPartOf":{"@id":"https:\/\/chrisopigi.gr\/de\/#website"},"primaryImageOfPage":{"@id":"https:\/\/chrisopigi.gr\/de\/product\/veganer-gemuese-trahanas-400g\/#primaryimage"},"image":{"@id":"https:\/\/chrisopigi.gr\/de\/product\/veganer-gemuese-trahanas-400g\/#primaryimage"},"thumbnailUrl":"https:\/\/chrisopigi.gr\/wp-content\/uploads\/2025\/12\/image-26.jpeg","datePublished":"2026-04-25T17:59:30+00:00","breadcrumb":{"@id":"https:\/\/chrisopigi.gr\/de\/product\/veganer-gemuese-trahanas-400g\/#breadcrumb"},"inLanguage":"de","potentialAction":[{"@type":"ReadAction","target":["https:\/\/chrisopigi.gr\/de\/product\/veganer-gemuese-trahanas-400g\/"]}]},{"@type":"ImageObject","inLanguage":"de","@id":"https:\/\/chrisopigi.gr\/de\/product\/veganer-gemuese-trahanas-400g\/#primaryimage","url":"https:\/\/chrisopigi.gr\/wp-content\/uploads\/2025\/12\/image-26.jpeg","contentUrl":"https:\/\/chrisopigi.gr\/wp-content\/uploads\/2025\/12\/image-26.jpeg","width":800,"height":800},{"@type":"BreadcrumbList","@id":"https:\/\/chrisopigi.gr\/de\/product\/veganer-gemuese-trahanas-400g\/#breadcrumb","itemListElement":[{"@type":"ListItem","position":1,"name":"\u0391\u03c1\u03c7\u03b9\u03ba\u03ae","item":"https:\/\/chrisopigi.gr\/de\/"},{"@type":"ListItem","position":2,"name":"Online-Shop","item":"https:\/\/chrisopigi.gr\/online-shop\/"},{"@type":"ListItem","position":3,"name":"Veganer Gem\u00fcse-Trahanas 400g"}]},{"@type":"WebSite","@id":"https:\/\/chrisopigi.gr\/de\/#website","url":"https:\/\/chrisopigi.gr\/de\/","name":"Chrisopigi","description":"\u039a\u03c1\u03b7\u03c4\u03b9\u03ba\u03cc \u03b5\u03bb\u03b1\u03b9\u03cc\u03bb\u03b1\u03b4\u03bf &amp; \u03bc\u03ad\u03bb\u03b9 \u03b1\u03c0\u03cc \u03c4\u03b7\u03bd \u03a7\u03c1\u03c5\u03c3\u03bf\u03c0\u03b7\u03b3\u03ae \u03a3\u03b7\u03c4\u03b5\u03af\u03b1\u03c2","potentialAction":[{"@type":"SearchAction","target":{"@type":"EntryPoint","urlTemplate":"https:\/\/chrisopigi.gr\/de\/?s={search_term_string}"},"query-input":{"@type":"PropertyValueSpecification","valueRequired":true,"valueName":"search_term_string"}}],"inLanguage":"de"}]}},"_links":{"self":[{"href":"https:\/\/chrisopigi.gr\/de\/wp-json\/wp\/v2\/product\/49278"}],"collection":[{"href":"https:\/\/chrisopigi.gr\/de\/wp-json\/wp\/v2\/product"}],"about":[{"href":"https:\/\/chrisopigi.gr\/de\/wp-json\/wp\/v2\/types\/product"}],"replies":[{"embeddable":true,"href":"https:\/\/chrisopigi.gr\/de\/wp-json\/wp\/v2\/comments?post=49278"}],"wp:featuredmedia":[{"embeddable":true,"href":"https:\/\/chrisopigi.gr\/de\/wp-json\/wp\/v2\/media\/49279"}],"wp:attachment":[{"href":"https:\/\/chrisopigi.gr\/de\/wp-json\/wp\/v2\/media?parent=49278"}],"wp:term":[{"taxonomy":"product_cat","embeddable":true,"href":"https:\/\/chrisopigi.gr\/de\/wp-json\/wp\/v2\/product_cat?post=49278"},{"taxonomy":"product_tag","embeddable":true,"href":"https:\/\/chrisopigi.gr\/de\/wp-json\/wp\/v2\/product_tag?post=49278"}],"curies":[{"name":"wp","href":"https:\/\/api.w.org\/{rel}","templated":true}]}}