{"id":49280,"date":"2025-12-06T21:10:04","date_gmt":"2026-04-25T18:06:59","guid":{"rendered":"https:\/\/chrisopigi.gr\/product\/hilopites-mit-johannisbrotmehl-400g\/"},"modified":"2026-04-25T21:06:59","modified_gmt":"2026-04-25T18:06:59","slug":"hilopites-mit-johannisbrotmehl-400g","status":"publish","type":"product","link":"https:\/\/chrisopigi.gr\/de\/product\/hilopites-mit-johannisbrotmehl-400g\/","title":{"rendered":"Hilopites mit Johannisbrotmehl 400g"},"content":{"rendered":"<p data-start=\"206\" data-end=\"495\">Die <strong data-start=\"209\" data-end=\"238\">Hilopites mit Johannisbrotmehl<\/strong> sind ein besonderes Geschmackserlebnis, das die griechische Tradition mit dem N\u00e4hrwert des Johannisbrots verbindet. Sie werden aus feinem Hartweizengrie\u00df und <strong data-start=\"407\" data-end=\"423\">Johannisbrotmehl<\/strong> hergestellt, was der Pasta eine nat\u00fcrliche dunkle Farbe und einen milden, s\u00fc\u00dflichen Nachgeschmack verleiht.<\/p>\n<p data-start=\"497\" data-end=\"670\">Ihre flache und breite Form nimmt Saucen ideal auf und bietet jedem Gericht eine reichhaltige Textur und einen vollen Geschmack. Sie kochen schnell und behalten perfekt ihre Konsistenz (Al Dente).<\/p>\n<p data-start=\"672\" data-end=\"866\"><strong data-start=\"672\" data-end=\"691\">Kochzeit<\/strong>: 2-4 Minuten<br data-start=\"701\" data-end=\"704\">P<strong data-start=\"704\" data-end=\"732\">assen ideal zu:<\/strong><br data-start=\"732\" data-end=\"735\">Pilzsaucen<br data-start=\"755\" data-end=\"758\">in Tomatensauce geschmortem H\u00e4hnchen<br data-start=\"780\" data-end=\"783\">Butter &amp; geriebenem K\u00e4se<br data-start=\"808\" data-end=\"811\">Sahnesaucen<br data-start=\"838\" data-end=\"841\">Gem\u00fcse und frischen Kr\u00e4utern<\/p>\n<p data-start=\"868\" data-end=\"950\">Eine besondere Wahl f\u00fcr alle, die Geschmack mit Charakter und nat\u00fcrlichen Zutaten suchen.<\/p>\n","protected":false},"excerpt":{"rendered":"<p>Die Hilopites mit Johannisbrotmehl sind ein besonderes Geschmackserlebnis, das die griechische Tradition mit dem N\u00e4hrwert des Johannisbrots verbindet. Sie werden aus feinem Hartweizengrie\u00df und Johannisbrotmehl hergestellt, was der Pasta eine nat\u00fcrliche dunkle Farbe und einen milden, s\u00fc\u00dflichen Nachgeschmack verleiht. Ihre flache und breite Form nimmt Saucen ideal auf und bietet jedem Gericht eine reichhaltige Textur und einen vollen Geschmack. Sie kochen schnell und [&hellip;]<\/p>\n","protected":false},"featured_media":49281,"comment_status":"closed","ping_status":"closed","template":"","meta":[],"product_cat":[1823],"product_tag":[],"yoast_head":"<!-- This site is optimized with the Yoast SEO plugin v27.2 - https:\/\/yoast.com\/product\/yoast-seo-wordpress\/ -->\n<title>Hilopites mit Johannisbrotmehl 400g - Chrisopigi<\/title>\n<meta name=\"robots\" content=\"index, follow, max-snippet:-1, max-image-preview:large, max-video-preview:-1\" \/>\n<link rel=\"canonical\" href=\"https:\/\/chrisopigi.gr\/de\/product\/hilopites-mit-johannisbrotmehl-400g\/\" \/>\n<meta property=\"og:locale\" content=\"de_DE\" \/>\n<meta property=\"og:type\" content=\"article\" \/>\n<meta property=\"og:title\" content=\"Hilopites mit Johannisbrotmehl 400g - Chrisopigi\" \/>\n<meta property=\"og:description\" content=\"Die Hilopites mit Johannisbrotmehl sind ein besonderes Geschmackserlebnis, das die griechische Tradition mit dem N\u00e4hrwert des Johannisbrots verbindet. Sie werden aus feinem Hartweizengrie\u00df und Johannisbrotmehl hergestellt, was der Pasta eine nat\u00fcrliche dunkle Farbe und einen milden, s\u00fc\u00dflichen Nachgeschmack verleiht. Ihre flache und breite Form nimmt Saucen ideal auf und bietet jedem Gericht eine reichhaltige Textur und einen vollen Geschmack. Sie kochen schnell und [&hellip;]\" \/>\n<meta property=\"og:url\" content=\"https:\/\/chrisopigi.gr\/de\/product\/hilopites-mit-johannisbrotmehl-400g\/\" \/>\n<meta property=\"og:site_name\" content=\"Chrisopigi\" \/>\n<meta name=\"twitter:card\" content=\"summary_large_image\" \/>\n<meta name=\"twitter:label1\" content=\"Gesch\u00e4tzte Lesezeit\" \/>\n\t<meta name=\"twitter:data1\" content=\"1\u00a0Minute\" \/>\n<script type=\"application\/ld+json\" class=\"yoast-schema-graph\">{\"@context\":\"https:\/\/schema.org\",\"@graph\":[{\"@type\":\"WebPage\",\"@id\":\"https:\/\/chrisopigi.gr\/de\/product\/hilopites-mit-johannisbrotmehl-400g\/\",\"url\":\"https:\/\/chrisopigi.gr\/de\/product\/hilopites-mit-johannisbrotmehl-400g\/\",\"name\":\"Hilopites mit Johannisbrotmehl 400g - Chrisopigi\",\"isPartOf\":{\"@id\":\"https:\/\/chrisopigi.gr\/de\/#website\"},\"primaryImageOfPage\":{\"@id\":\"https:\/\/chrisopigi.gr\/de\/product\/hilopites-mit-johannisbrotmehl-400g\/#primaryimage\"},\"image\":{\"@id\":\"https:\/\/chrisopigi.gr\/de\/product\/hilopites-mit-johannisbrotmehl-400g\/#primaryimage\"},\"thumbnailUrl\":\"https:\/\/chrisopigi.gr\/wp-content\/uploads\/2025\/12\/image-24.jpeg\",\"datePublished\":\"2026-04-25T18:06:59+00:00\",\"breadcrumb\":{\"@id\":\"https:\/\/chrisopigi.gr\/de\/product\/hilopites-mit-johannisbrotmehl-400g\/#breadcrumb\"},\"inLanguage\":\"de\",\"potentialAction\":[{\"@type\":\"ReadAction\",\"target\":[\"https:\/\/chrisopigi.gr\/de\/product\/hilopites-mit-johannisbrotmehl-400g\/\"]}]},{\"@type\":\"ImageObject\",\"inLanguage\":\"de\",\"@id\":\"https:\/\/chrisopigi.gr\/de\/product\/hilopites-mit-johannisbrotmehl-400g\/#primaryimage\",\"url\":\"https:\/\/chrisopigi.gr\/wp-content\/uploads\/2025\/12\/image-24.jpeg\",\"contentUrl\":\"https:\/\/chrisopigi.gr\/wp-content\/uploads\/2025\/12\/image-24.jpeg\",\"width\":1600,\"height\":1600},{\"@type\":\"BreadcrumbList\",\"@id\":\"https:\/\/chrisopigi.gr\/de\/product\/hilopites-mit-johannisbrotmehl-400g\/#breadcrumb\",\"itemListElement\":[{\"@type\":\"ListItem\",\"position\":1,\"name\":\"\u0391\u03c1\u03c7\u03b9\u03ba\u03ae\",\"item\":\"https:\/\/chrisopigi.gr\/de\/\"},{\"@type\":\"ListItem\",\"position\":2,\"name\":\"Online-Shop\",\"item\":\"https:\/\/chrisopigi.gr\/online-shop\/\"},{\"@type\":\"ListItem\",\"position\":3,\"name\":\"Hilopites mit Johannisbrotmehl 400g\"}]},{\"@type\":\"WebSite\",\"@id\":\"https:\/\/chrisopigi.gr\/de\/#website\",\"url\":\"https:\/\/chrisopigi.gr\/de\/\",\"name\":\"Chrisopigi\",\"description\":\"\u039a\u03c1\u03b7\u03c4\u03b9\u03ba\u03cc \u03b5\u03bb\u03b1\u03b9\u03cc\u03bb\u03b1\u03b4\u03bf &amp; \u03bc\u03ad\u03bb\u03b9 \u03b1\u03c0\u03cc \u03c4\u03b7\u03bd \u03a7\u03c1\u03c5\u03c3\u03bf\u03c0\u03b7\u03b3\u03ae \u03a3\u03b7\u03c4\u03b5\u03af\u03b1\u03c2\",\"potentialAction\":[{\"@type\":\"SearchAction\",\"target\":{\"@type\":\"EntryPoint\",\"urlTemplate\":\"https:\/\/chrisopigi.gr\/de\/?s={search_term_string}\"},\"query-input\":{\"@type\":\"PropertyValueSpecification\",\"valueRequired\":true,\"valueName\":\"search_term_string\"}}],\"inLanguage\":\"de\"}]}<\/script>\n<!-- \/ Yoast SEO plugin. -->","yoast_head_json":{"title":"Hilopites mit Johannisbrotmehl 400g - Chrisopigi","robots":{"index":"index","follow":"follow","max-snippet":"max-snippet:-1","max-image-preview":"max-image-preview:large","max-video-preview":"max-video-preview:-1"},"canonical":"https:\/\/chrisopigi.gr\/de\/product\/hilopites-mit-johannisbrotmehl-400g\/","og_locale":"de_DE","og_type":"article","og_title":"Hilopites mit Johannisbrotmehl 400g - Chrisopigi","og_description":"Die Hilopites mit Johannisbrotmehl sind ein besonderes Geschmackserlebnis, das die griechische Tradition mit dem N\u00e4hrwert des Johannisbrots verbindet. Sie werden aus feinem Hartweizengrie\u00df und Johannisbrotmehl hergestellt, was der Pasta eine nat\u00fcrliche dunkle Farbe und einen milden, s\u00fc\u00dflichen Nachgeschmack verleiht. Ihre flache und breite Form nimmt Saucen ideal auf und bietet jedem Gericht eine reichhaltige Textur und einen vollen Geschmack. Sie kochen schnell und [&hellip;]","og_url":"https:\/\/chrisopigi.gr\/de\/product\/hilopites-mit-johannisbrotmehl-400g\/","og_site_name":"Chrisopigi","twitter_card":"summary_large_image","twitter_misc":{"Gesch\u00e4tzte Lesezeit":"1\u00a0Minute"},"schema":{"@context":"https:\/\/schema.org","@graph":[{"@type":"WebPage","@id":"https:\/\/chrisopigi.gr\/de\/product\/hilopites-mit-johannisbrotmehl-400g\/","url":"https:\/\/chrisopigi.gr\/de\/product\/hilopites-mit-johannisbrotmehl-400g\/","name":"Hilopites mit Johannisbrotmehl 400g - Chrisopigi","isPartOf":{"@id":"https:\/\/chrisopigi.gr\/de\/#website"},"primaryImageOfPage":{"@id":"https:\/\/chrisopigi.gr\/de\/product\/hilopites-mit-johannisbrotmehl-400g\/#primaryimage"},"image":{"@id":"https:\/\/chrisopigi.gr\/de\/product\/hilopites-mit-johannisbrotmehl-400g\/#primaryimage"},"thumbnailUrl":"https:\/\/chrisopigi.gr\/wp-content\/uploads\/2025\/12\/image-24.jpeg","datePublished":"2026-04-25T18:06:59+00:00","breadcrumb":{"@id":"https:\/\/chrisopigi.gr\/de\/product\/hilopites-mit-johannisbrotmehl-400g\/#breadcrumb"},"inLanguage":"de","potentialAction":[{"@type":"ReadAction","target":["https:\/\/chrisopigi.gr\/de\/product\/hilopites-mit-johannisbrotmehl-400g\/"]}]},{"@type":"ImageObject","inLanguage":"de","@id":"https:\/\/chrisopigi.gr\/de\/product\/hilopites-mit-johannisbrotmehl-400g\/#primaryimage","url":"https:\/\/chrisopigi.gr\/wp-content\/uploads\/2025\/12\/image-24.jpeg","contentUrl":"https:\/\/chrisopigi.gr\/wp-content\/uploads\/2025\/12\/image-24.jpeg","width":1600,"height":1600},{"@type":"BreadcrumbList","@id":"https:\/\/chrisopigi.gr\/de\/product\/hilopites-mit-johannisbrotmehl-400g\/#breadcrumb","itemListElement":[{"@type":"ListItem","position":1,"name":"\u0391\u03c1\u03c7\u03b9\u03ba\u03ae","item":"https:\/\/chrisopigi.gr\/de\/"},{"@type":"ListItem","position":2,"name":"Online-Shop","item":"https:\/\/chrisopigi.gr\/online-shop\/"},{"@type":"ListItem","position":3,"name":"Hilopites mit Johannisbrotmehl 400g"}]},{"@type":"WebSite","@id":"https:\/\/chrisopigi.gr\/de\/#website","url":"https:\/\/chrisopigi.gr\/de\/","name":"Chrisopigi","description":"\u039a\u03c1\u03b7\u03c4\u03b9\u03ba\u03cc \u03b5\u03bb\u03b1\u03b9\u03cc\u03bb\u03b1\u03b4\u03bf &amp; \u03bc\u03ad\u03bb\u03b9 \u03b1\u03c0\u03cc \u03c4\u03b7\u03bd \u03a7\u03c1\u03c5\u03c3\u03bf\u03c0\u03b7\u03b3\u03ae \u03a3\u03b7\u03c4\u03b5\u03af\u03b1\u03c2","potentialAction":[{"@type":"SearchAction","target":{"@type":"EntryPoint","urlTemplate":"https:\/\/chrisopigi.gr\/de\/?s={search_term_string}"},"query-input":{"@type":"PropertyValueSpecification","valueRequired":true,"valueName":"search_term_string"}}],"inLanguage":"de"}]}},"_links":{"self":[{"href":"https:\/\/chrisopigi.gr\/de\/wp-json\/wp\/v2\/product\/49280"}],"collection":[{"href":"https:\/\/chrisopigi.gr\/de\/wp-json\/wp\/v2\/product"}],"about":[{"href":"https:\/\/chrisopigi.gr\/de\/wp-json\/wp\/v2\/types\/product"}],"replies":[{"embeddable":true,"href":"https:\/\/chrisopigi.gr\/de\/wp-json\/wp\/v2\/comments?post=49280"}],"wp:featuredmedia":[{"embeddable":true,"href":"https:\/\/chrisopigi.gr\/de\/wp-json\/wp\/v2\/media\/49281"}],"wp:attachment":[{"href":"https:\/\/chrisopigi.gr\/de\/wp-json\/wp\/v2\/media?parent=49280"}],"wp:term":[{"taxonomy":"product_cat","embeddable":true,"href":"https:\/\/chrisopigi.gr\/de\/wp-json\/wp\/v2\/product_cat?post=49280"},{"taxonomy":"product_tag","embeddable":true,"href":"https:\/\/chrisopigi.gr\/de\/wp-json\/wp\/v2\/product_tag?post=49280"}],"curies":[{"name":"wp","href":"https:\/\/api.w.org\/{rel}","templated":true}]}}