{"id":49283,"date":"2025-12-06T20:37:28","date_gmt":"2026-04-25T18:31:50","guid":{"rendered":"https:\/\/chrisopigi.gr\/product\/gemuese-fusilli-400g\/"},"modified":"2026-04-25T21:31:50","modified_gmt":"2026-04-25T18:31:50","slug":"gemuese-fusilli-400g","status":"publish","type":"product","link":"https:\/\/chrisopigi.gr\/de\/product\/gemuese-fusilli-400g\/","title":{"rendered":"Gem\u00fcse-Fusilli 400g"},"content":{"rendered":"<p data-start=\"245\" data-end=\"514\">Die <strong data-start=\"248\" data-end=\"267\">Gem\u00fcse-Fusilli<\/strong> sind eine optisch ansprechende und schmackhafte Pasta, hergestellt aus feinem Hartweizengrie\u00df und angereichert mit Roter <strong data-start=\"380\" data-end=\"412\">Bete, Karotte und Spinat<\/strong>. Die nat\u00fcrlichen Zutaten verleihen der Pasta ihre lebhaften Farben und einen milden, angenehm pflanzlichen Geschmack.<\/p>\n<p data-start=\"516\" data-end=\"715\">Ihre gedrehte Form nimmt jede Art von Sauce perfekt auf, w\u00e4hrend ihre Textur beim Kochen bissfest (al dente) und genussvoll bleibt. Eine ideale Wahl f\u00fcr Gerichte, die <strong data-start=\"682\" data-end=\"714\">Optik, Geschmack und Qualit\u00e4t vereinen.<\/strong><\/p>\n<p data-start=\"717\" data-end=\"920\"><strong data-start=\"717\" data-end=\"736\">Kochzeit<\/strong>: 2-4 Minuten<br data-start=\"746\" data-end=\"749\"><strong data-start=\"749\" data-end=\"777\">Passen ideal<\/strong> zu:<br data-start=\"777\" data-end=\"780\">leichten Oliven\u00f6l-Saucen<br data-start=\"809\" data-end=\"812\">Saucen mit Tomate und Basilikum<br data-start=\"845\" data-end=\"848\">Sahne &amp; K\u00e4se<br data-start=\"872\" data-end=\"875\">H\u00e4hnchen oder Garnelen<br data-start=\"896\" data-end=\"899\">Nudelsalaten<\/p>\n<p data-start=\"922\" data-end=\"997\">Dank ihrer bunten Farben und nat\u00fcrlichen Zusammensetzung auch ideal f\u00fcr Kindergerichte.<\/p>\n","protected":false},"excerpt":{"rendered":"<p>Die Gem\u00fcse-Fusilli sind eine optisch ansprechende und schmackhafte Pasta, hergestellt aus feinem Hartweizengrie\u00df und angereichert mit Roter Bete, Karotte und Spinat. Die nat\u00fcrlichen Zutaten verleihen der Pasta ihre lebhaften Farben und einen milden, angenehm pflanzlichen Geschmack. Ihre gedrehte Form nimmt jede Art von Sauce perfekt auf, w\u00e4hrend ihre Textur beim Kochen bissfest (al dente) und genussvoll bleibt. Eine ideale Wahl f\u00fcr Gerichte, die [&hellip;]<\/p>\n","protected":false},"featured_media":49284,"comment_status":"closed","ping_status":"closed","template":"","meta":[],"product_cat":[1823],"product_tag":[],"yoast_head":"<!-- This site is optimized with the Yoast SEO plugin v27.2 - https:\/\/yoast.com\/product\/yoast-seo-wordpress\/ -->\n<title>Gem\u00fcse-Fusilli 400g - Chrisopigi<\/title>\n<meta name=\"robots\" content=\"index, follow, max-snippet:-1, max-image-preview:large, max-video-preview:-1\" \/>\n<link rel=\"canonical\" href=\"https:\/\/chrisopigi.gr\/de\/product\/gemuese-fusilli-400g\/\" \/>\n<meta property=\"og:locale\" content=\"de_DE\" \/>\n<meta property=\"og:type\" content=\"article\" \/>\n<meta property=\"og:title\" content=\"Gem\u00fcse-Fusilli 400g - Chrisopigi\" \/>\n<meta property=\"og:description\" content=\"Die Gem\u00fcse-Fusilli sind eine optisch ansprechende und schmackhafte Pasta, hergestellt aus feinem Hartweizengrie\u00df und angereichert mit Roter Bete, Karotte und Spinat. Die nat\u00fcrlichen Zutaten verleihen der Pasta ihre lebhaften Farben und einen milden, angenehm pflanzlichen Geschmack. Ihre gedrehte Form nimmt jede Art von Sauce perfekt auf, w\u00e4hrend ihre Textur beim Kochen bissfest (al dente) und genussvoll bleibt. Eine ideale Wahl f\u00fcr Gerichte, die [&hellip;]\" \/>\n<meta property=\"og:url\" content=\"https:\/\/chrisopigi.gr\/de\/product\/gemuese-fusilli-400g\/\" \/>\n<meta property=\"og:site_name\" content=\"Chrisopigi\" \/>\n<meta name=\"twitter:card\" content=\"summary_large_image\" \/>\n<meta name=\"twitter:label1\" content=\"Gesch\u00e4tzte Lesezeit\" \/>\n\t<meta name=\"twitter:data1\" content=\"1\u00a0Minute\" \/>\n<script type=\"application\/ld+json\" class=\"yoast-schema-graph\">{\"@context\":\"https:\/\/schema.org\",\"@graph\":[{\"@type\":\"WebPage\",\"@id\":\"https:\/\/chrisopigi.gr\/de\/product\/gemuese-fusilli-400g\/\",\"url\":\"https:\/\/chrisopigi.gr\/de\/product\/gemuese-fusilli-400g\/\",\"name\":\"Gem\u00fcse-Fusilli 400g - Chrisopigi\",\"isPartOf\":{\"@id\":\"https:\/\/chrisopigi.gr\/de\/#website\"},\"primaryImageOfPage\":{\"@id\":\"https:\/\/chrisopigi.gr\/de\/product\/gemuese-fusilli-400g\/#primaryimage\"},\"image\":{\"@id\":\"https:\/\/chrisopigi.gr\/de\/product\/gemuese-fusilli-400g\/#primaryimage\"},\"thumbnailUrl\":\"https:\/\/chrisopigi.gr\/wp-content\/uploads\/2025\/12\/image-23.jpeg\",\"datePublished\":\"2026-04-25T18:31:50+00:00\",\"breadcrumb\":{\"@id\":\"https:\/\/chrisopigi.gr\/de\/product\/gemuese-fusilli-400g\/#breadcrumb\"},\"inLanguage\":\"de\",\"potentialAction\":[{\"@type\":\"ReadAction\",\"target\":[\"https:\/\/chrisopigi.gr\/de\/product\/gemuese-fusilli-400g\/\"]}]},{\"@type\":\"ImageObject\",\"inLanguage\":\"de\",\"@id\":\"https:\/\/chrisopigi.gr\/de\/product\/gemuese-fusilli-400g\/#primaryimage\",\"url\":\"https:\/\/chrisopigi.gr\/wp-content\/uploads\/2025\/12\/image-23.jpeg\",\"contentUrl\":\"https:\/\/chrisopigi.gr\/wp-content\/uploads\/2025\/12\/image-23.jpeg\",\"width\":1200,\"height\":1200},{\"@type\":\"BreadcrumbList\",\"@id\":\"https:\/\/chrisopigi.gr\/de\/product\/gemuese-fusilli-400g\/#breadcrumb\",\"itemListElement\":[{\"@type\":\"ListItem\",\"position\":1,\"name\":\"\u0391\u03c1\u03c7\u03b9\u03ba\u03ae\",\"item\":\"https:\/\/chrisopigi.gr\/de\/\"},{\"@type\":\"ListItem\",\"position\":2,\"name\":\"Online-Shop\",\"item\":\"https:\/\/chrisopigi.gr\/online-shop\/\"},{\"@type\":\"ListItem\",\"position\":3,\"name\":\"Gem\u00fcse-Fusilli 400g\"}]},{\"@type\":\"WebSite\",\"@id\":\"https:\/\/chrisopigi.gr\/de\/#website\",\"url\":\"https:\/\/chrisopigi.gr\/de\/\",\"name\":\"Chrisopigi\",\"description\":\"\u039a\u03c1\u03b7\u03c4\u03b9\u03ba\u03cc \u03b5\u03bb\u03b1\u03b9\u03cc\u03bb\u03b1\u03b4\u03bf &amp; \u03bc\u03ad\u03bb\u03b9 \u03b1\u03c0\u03cc \u03c4\u03b7\u03bd \u03a7\u03c1\u03c5\u03c3\u03bf\u03c0\u03b7\u03b3\u03ae \u03a3\u03b7\u03c4\u03b5\u03af\u03b1\u03c2\",\"potentialAction\":[{\"@type\":\"SearchAction\",\"target\":{\"@type\":\"EntryPoint\",\"urlTemplate\":\"https:\/\/chrisopigi.gr\/de\/?s={search_term_string}\"},\"query-input\":{\"@type\":\"PropertyValueSpecification\",\"valueRequired\":true,\"valueName\":\"search_term_string\"}}],\"inLanguage\":\"de\"}]}<\/script>\n<!-- \/ Yoast SEO plugin. -->","yoast_head_json":{"title":"Gem\u00fcse-Fusilli 400g - Chrisopigi","robots":{"index":"index","follow":"follow","max-snippet":"max-snippet:-1","max-image-preview":"max-image-preview:large","max-video-preview":"max-video-preview:-1"},"canonical":"https:\/\/chrisopigi.gr\/de\/product\/gemuese-fusilli-400g\/","og_locale":"de_DE","og_type":"article","og_title":"Gem\u00fcse-Fusilli 400g - Chrisopigi","og_description":"Die Gem\u00fcse-Fusilli sind eine optisch ansprechende und schmackhafte Pasta, hergestellt aus feinem Hartweizengrie\u00df und angereichert mit Roter Bete, Karotte und Spinat. Die nat\u00fcrlichen Zutaten verleihen der Pasta ihre lebhaften Farben und einen milden, angenehm pflanzlichen Geschmack. Ihre gedrehte Form nimmt jede Art von Sauce perfekt auf, w\u00e4hrend ihre Textur beim Kochen bissfest (al dente) und genussvoll bleibt. Eine ideale Wahl f\u00fcr Gerichte, die [&hellip;]","og_url":"https:\/\/chrisopigi.gr\/de\/product\/gemuese-fusilli-400g\/","og_site_name":"Chrisopigi","twitter_card":"summary_large_image","twitter_misc":{"Gesch\u00e4tzte Lesezeit":"1\u00a0Minute"},"schema":{"@context":"https:\/\/schema.org","@graph":[{"@type":"WebPage","@id":"https:\/\/chrisopigi.gr\/de\/product\/gemuese-fusilli-400g\/","url":"https:\/\/chrisopigi.gr\/de\/product\/gemuese-fusilli-400g\/","name":"Gem\u00fcse-Fusilli 400g - Chrisopigi","isPartOf":{"@id":"https:\/\/chrisopigi.gr\/de\/#website"},"primaryImageOfPage":{"@id":"https:\/\/chrisopigi.gr\/de\/product\/gemuese-fusilli-400g\/#primaryimage"},"image":{"@id":"https:\/\/chrisopigi.gr\/de\/product\/gemuese-fusilli-400g\/#primaryimage"},"thumbnailUrl":"https:\/\/chrisopigi.gr\/wp-content\/uploads\/2025\/12\/image-23.jpeg","datePublished":"2026-04-25T18:31:50+00:00","breadcrumb":{"@id":"https:\/\/chrisopigi.gr\/de\/product\/gemuese-fusilli-400g\/#breadcrumb"},"inLanguage":"de","potentialAction":[{"@type":"ReadAction","target":["https:\/\/chrisopigi.gr\/de\/product\/gemuese-fusilli-400g\/"]}]},{"@type":"ImageObject","inLanguage":"de","@id":"https:\/\/chrisopigi.gr\/de\/product\/gemuese-fusilli-400g\/#primaryimage","url":"https:\/\/chrisopigi.gr\/wp-content\/uploads\/2025\/12\/image-23.jpeg","contentUrl":"https:\/\/chrisopigi.gr\/wp-content\/uploads\/2025\/12\/image-23.jpeg","width":1200,"height":1200},{"@type":"BreadcrumbList","@id":"https:\/\/chrisopigi.gr\/de\/product\/gemuese-fusilli-400g\/#breadcrumb","itemListElement":[{"@type":"ListItem","position":1,"name":"\u0391\u03c1\u03c7\u03b9\u03ba\u03ae","item":"https:\/\/chrisopigi.gr\/de\/"},{"@type":"ListItem","position":2,"name":"Online-Shop","item":"https:\/\/chrisopigi.gr\/online-shop\/"},{"@type":"ListItem","position":3,"name":"Gem\u00fcse-Fusilli 400g"}]},{"@type":"WebSite","@id":"https:\/\/chrisopigi.gr\/de\/#website","url":"https:\/\/chrisopigi.gr\/de\/","name":"Chrisopigi","description":"\u039a\u03c1\u03b7\u03c4\u03b9\u03ba\u03cc \u03b5\u03bb\u03b1\u03b9\u03cc\u03bb\u03b1\u03b4\u03bf &amp; \u03bc\u03ad\u03bb\u03b9 \u03b1\u03c0\u03cc \u03c4\u03b7\u03bd \u03a7\u03c1\u03c5\u03c3\u03bf\u03c0\u03b7\u03b3\u03ae \u03a3\u03b7\u03c4\u03b5\u03af\u03b1\u03c2","potentialAction":[{"@type":"SearchAction","target":{"@type":"EntryPoint","urlTemplate":"https:\/\/chrisopigi.gr\/de\/?s={search_term_string}"},"query-input":{"@type":"PropertyValueSpecification","valueRequired":true,"valueName":"search_term_string"}}],"inLanguage":"de"}]}},"_links":{"self":[{"href":"https:\/\/chrisopigi.gr\/de\/wp-json\/wp\/v2\/product\/49283"}],"collection":[{"href":"https:\/\/chrisopigi.gr\/de\/wp-json\/wp\/v2\/product"}],"about":[{"href":"https:\/\/chrisopigi.gr\/de\/wp-json\/wp\/v2\/types\/product"}],"replies":[{"embeddable":true,"href":"https:\/\/chrisopigi.gr\/de\/wp-json\/wp\/v2\/comments?post=49283"}],"wp:featuredmedia":[{"embeddable":true,"href":"https:\/\/chrisopigi.gr\/de\/wp-json\/wp\/v2\/media\/49284"}],"wp:attachment":[{"href":"https:\/\/chrisopigi.gr\/de\/wp-json\/wp\/v2\/media?parent=49283"}],"wp:term":[{"taxonomy":"product_cat","embeddable":true,"href":"https:\/\/chrisopigi.gr\/de\/wp-json\/wp\/v2\/product_cat?post=49283"},{"taxonomy":"product_tag","embeddable":true,"href":"https:\/\/chrisopigi.gr\/de\/wp-json\/wp\/v2\/product_tag?post=49283"}],"curies":[{"name":"wp","href":"https:\/\/api.w.org\/{rel}","templated":true}]}}