{"id":49287,"date":"2025-12-06T20:31:22","date_gmt":"2026-04-25T18:35:57","guid":{"rendered":"https:\/\/chrisopigi.gr\/product\/fusilli-mit-anthotyro-250g\/"},"modified":"2026-04-25T21:35:57","modified_gmt":"2026-04-25T18:35:57","slug":"fusilli-mit-anthotyro-250g","status":"publish","type":"product","link":"https:\/\/chrisopigi.gr\/de\/product\/fusilli-mit-anthotyro-250g\/","title":{"rendered":"Fusilli mit Anthotyro 250g"},"content":{"rendered":"<p data-start=\"197\" data-end=\"468\">Die <strong data-start=\"200\" data-end=\"221\">Fusilli mit Anthotyro<\/strong> sind eine besondere traditionelle Pasta, die feinen Hartweizengrie\u00df mit authentischem kretischem <strong data-start=\"315\" data-end=\"345\">Anthotyro-K\u00e4se verbindet<\/strong>. Das Ergebnis ist ein milder, vollmundiger Geschmack mit einer dezenten K\u00e4sennote, die wunderbar zu leichten oder cremigen Saucen passt.<\/p>\n<p data-start=\"470\" data-end=\"644\">Ihre gedrehte Form nimmt Saucen ideal auf und bietet bei jedem Bissen eine reiche Textur und ein genussvolles Erlebnis. Sie kochen schnell und behalten ihre perfekte Konsistenz. <\/p>\n<p data-start=\"646\" data-end=\"835\"><strong data-start=\"646\" data-end=\"665\">Kochzeit<\/strong>: 2-4 Minuten<br data-start=\"675\" data-end=\"678\"><strong data-start=\"678\" data-end=\"706\">Passen ideal zu<\/strong>:<br data-start=\"706\" data-end=\"709\">Butter &amp; frisch gemahlenem Pfeffer<br data-start=\"742\" data-end=\"745\">leichten cremigen Saucen<br data-start=\"773\" data-end=\"776\">H\u00e4hnchen<br data-start=\"787\" data-end=\"790\">Pilzen<br data-start=\"801\" data-end=\"804\">frischen Kr\u00e4utern &amp; Oliven\u00f6l<\/p>\n<p data-start=\"837\" data-end=\"933\">Eine raffinierte Pasta, die die kretische K\u00e4setradition in modernen Rezepten hervorhebt.<\/p>\n","protected":false},"excerpt":{"rendered":"<p>Die Fusilli mit Anthotyro sind eine besondere traditionelle Pasta, die feinen Hartweizengrie\u00df mit authentischem kretischem Anthotyro-K\u00e4se verbindet. Das Ergebnis ist ein milder, vollmundiger Geschmack mit einer dezenten K\u00e4sennote, die wunderbar zu leichten oder cremigen Saucen passt. Ihre gedrehte Form nimmt Saucen ideal auf und bietet bei jedem Bissen eine reiche Textur und ein genussvolles Erlebnis. Sie kochen schnell und behalten ihre perfekte Konsistenz. [&hellip;]<\/p>\n","protected":false},"featured_media":49288,"comment_status":"closed","ping_status":"closed","template":"","meta":[],"product_cat":[1823],"product_tag":[],"yoast_head":"<!-- This site is optimized with the Yoast SEO plugin v27.2 - https:\/\/yoast.com\/product\/yoast-seo-wordpress\/ -->\n<title>Fusilli mit Anthotyro 250g - Chrisopigi<\/title>\n<meta name=\"robots\" content=\"index, follow, max-snippet:-1, max-image-preview:large, max-video-preview:-1\" \/>\n<link rel=\"canonical\" href=\"https:\/\/chrisopigi.gr\/de\/product\/fusilli-mit-anthotyro-250g\/\" \/>\n<meta property=\"og:locale\" content=\"de_DE\" \/>\n<meta property=\"og:type\" content=\"article\" \/>\n<meta property=\"og:title\" content=\"Fusilli mit Anthotyro 250g - Chrisopigi\" \/>\n<meta property=\"og:description\" content=\"Die Fusilli mit Anthotyro sind eine besondere traditionelle Pasta, die feinen Hartweizengrie\u00df mit authentischem kretischem Anthotyro-K\u00e4se verbindet. Das Ergebnis ist ein milder, vollmundiger Geschmack mit einer dezenten K\u00e4sennote, die wunderbar zu leichten oder cremigen Saucen passt. Ihre gedrehte Form nimmt Saucen ideal auf und bietet bei jedem Bissen eine reiche Textur und ein genussvolles Erlebnis. Sie kochen schnell und behalten ihre perfekte Konsistenz. [&hellip;]\" \/>\n<meta property=\"og:url\" content=\"https:\/\/chrisopigi.gr\/de\/product\/fusilli-mit-anthotyro-250g\/\" \/>\n<meta property=\"og:site_name\" content=\"Chrisopigi\" \/>\n<meta name=\"twitter:card\" content=\"summary_large_image\" \/>\n<script type=\"application\/ld+json\" class=\"yoast-schema-graph\">{\"@context\":\"https:\/\/schema.org\",\"@graph\":[{\"@type\":\"WebPage\",\"@id\":\"https:\/\/chrisopigi.gr\/de\/product\/fusilli-mit-anthotyro-250g\/\",\"url\":\"https:\/\/chrisopigi.gr\/de\/product\/fusilli-mit-anthotyro-250g\/\",\"name\":\"Fusilli mit Anthotyro 250g - Chrisopigi\",\"isPartOf\":{\"@id\":\"https:\/\/chrisopigi.gr\/de\/#website\"},\"primaryImageOfPage\":{\"@id\":\"https:\/\/chrisopigi.gr\/de\/product\/fusilli-mit-anthotyro-250g\/#primaryimage\"},\"image\":{\"@id\":\"https:\/\/chrisopigi.gr\/de\/product\/fusilli-mit-anthotyro-250g\/#primaryimage\"},\"thumbnailUrl\":\"https:\/\/chrisopigi.gr\/wp-content\/uploads\/2025\/12\/image-22.jpeg\",\"datePublished\":\"2026-04-25T18:35:57+00:00\",\"breadcrumb\":{\"@id\":\"https:\/\/chrisopigi.gr\/de\/product\/fusilli-mit-anthotyro-250g\/#breadcrumb\"},\"inLanguage\":\"de\",\"potentialAction\":[{\"@type\":\"ReadAction\",\"target\":[\"https:\/\/chrisopigi.gr\/de\/product\/fusilli-mit-anthotyro-250g\/\"]}]},{\"@type\":\"ImageObject\",\"inLanguage\":\"de\",\"@id\":\"https:\/\/chrisopigi.gr\/de\/product\/fusilli-mit-anthotyro-250g\/#primaryimage\",\"url\":\"https:\/\/chrisopigi.gr\/wp-content\/uploads\/2025\/12\/image-22.jpeg\",\"contentUrl\":\"https:\/\/chrisopigi.gr\/wp-content\/uploads\/2025\/12\/image-22.jpeg\",\"width\":1200,\"height\":1200},{\"@type\":\"BreadcrumbList\",\"@id\":\"https:\/\/chrisopigi.gr\/de\/product\/fusilli-mit-anthotyro-250g\/#breadcrumb\",\"itemListElement\":[{\"@type\":\"ListItem\",\"position\":1,\"name\":\"\u0391\u03c1\u03c7\u03b9\u03ba\u03ae\",\"item\":\"https:\/\/chrisopigi.gr\/de\/\"},{\"@type\":\"ListItem\",\"position\":2,\"name\":\"Online-Shop\",\"item\":\"https:\/\/chrisopigi.gr\/online-shop\/\"},{\"@type\":\"ListItem\",\"position\":3,\"name\":\"Fusilli mit Anthotyro 250g\"}]},{\"@type\":\"WebSite\",\"@id\":\"https:\/\/chrisopigi.gr\/de\/#website\",\"url\":\"https:\/\/chrisopigi.gr\/de\/\",\"name\":\"Chrisopigi\",\"description\":\"\u039a\u03c1\u03b7\u03c4\u03b9\u03ba\u03cc \u03b5\u03bb\u03b1\u03b9\u03cc\u03bb\u03b1\u03b4\u03bf &amp; \u03bc\u03ad\u03bb\u03b9 \u03b1\u03c0\u03cc \u03c4\u03b7\u03bd \u03a7\u03c1\u03c5\u03c3\u03bf\u03c0\u03b7\u03b3\u03ae \u03a3\u03b7\u03c4\u03b5\u03af\u03b1\u03c2\",\"potentialAction\":[{\"@type\":\"SearchAction\",\"target\":{\"@type\":\"EntryPoint\",\"urlTemplate\":\"https:\/\/chrisopigi.gr\/de\/?s={search_term_string}\"},\"query-input\":{\"@type\":\"PropertyValueSpecification\",\"valueRequired\":true,\"valueName\":\"search_term_string\"}}],\"inLanguage\":\"de\"}]}<\/script>\n<!-- \/ Yoast SEO plugin. -->","yoast_head_json":{"title":"Fusilli mit Anthotyro 250g - Chrisopigi","robots":{"index":"index","follow":"follow","max-snippet":"max-snippet:-1","max-image-preview":"max-image-preview:large","max-video-preview":"max-video-preview:-1"},"canonical":"https:\/\/chrisopigi.gr\/de\/product\/fusilli-mit-anthotyro-250g\/","og_locale":"de_DE","og_type":"article","og_title":"Fusilli mit Anthotyro 250g - Chrisopigi","og_description":"Die Fusilli mit Anthotyro sind eine besondere traditionelle Pasta, die feinen Hartweizengrie\u00df mit authentischem kretischem Anthotyro-K\u00e4se verbindet. Das Ergebnis ist ein milder, vollmundiger Geschmack mit einer dezenten K\u00e4sennote, die wunderbar zu leichten oder cremigen Saucen passt. Ihre gedrehte Form nimmt Saucen ideal auf und bietet bei jedem Bissen eine reiche Textur und ein genussvolles Erlebnis. Sie kochen schnell und behalten ihre perfekte Konsistenz. [&hellip;]","og_url":"https:\/\/chrisopigi.gr\/de\/product\/fusilli-mit-anthotyro-250g\/","og_site_name":"Chrisopigi","twitter_card":"summary_large_image","schema":{"@context":"https:\/\/schema.org","@graph":[{"@type":"WebPage","@id":"https:\/\/chrisopigi.gr\/de\/product\/fusilli-mit-anthotyro-250g\/","url":"https:\/\/chrisopigi.gr\/de\/product\/fusilli-mit-anthotyro-250g\/","name":"Fusilli mit Anthotyro 250g - Chrisopigi","isPartOf":{"@id":"https:\/\/chrisopigi.gr\/de\/#website"},"primaryImageOfPage":{"@id":"https:\/\/chrisopigi.gr\/de\/product\/fusilli-mit-anthotyro-250g\/#primaryimage"},"image":{"@id":"https:\/\/chrisopigi.gr\/de\/product\/fusilli-mit-anthotyro-250g\/#primaryimage"},"thumbnailUrl":"https:\/\/chrisopigi.gr\/wp-content\/uploads\/2025\/12\/image-22.jpeg","datePublished":"2026-04-25T18:35:57+00:00","breadcrumb":{"@id":"https:\/\/chrisopigi.gr\/de\/product\/fusilli-mit-anthotyro-250g\/#breadcrumb"},"inLanguage":"de","potentialAction":[{"@type":"ReadAction","target":["https:\/\/chrisopigi.gr\/de\/product\/fusilli-mit-anthotyro-250g\/"]}]},{"@type":"ImageObject","inLanguage":"de","@id":"https:\/\/chrisopigi.gr\/de\/product\/fusilli-mit-anthotyro-250g\/#primaryimage","url":"https:\/\/chrisopigi.gr\/wp-content\/uploads\/2025\/12\/image-22.jpeg","contentUrl":"https:\/\/chrisopigi.gr\/wp-content\/uploads\/2025\/12\/image-22.jpeg","width":1200,"height":1200},{"@type":"BreadcrumbList","@id":"https:\/\/chrisopigi.gr\/de\/product\/fusilli-mit-anthotyro-250g\/#breadcrumb","itemListElement":[{"@type":"ListItem","position":1,"name":"\u0391\u03c1\u03c7\u03b9\u03ba\u03ae","item":"https:\/\/chrisopigi.gr\/de\/"},{"@type":"ListItem","position":2,"name":"Online-Shop","item":"https:\/\/chrisopigi.gr\/online-shop\/"},{"@type":"ListItem","position":3,"name":"Fusilli mit Anthotyro 250g"}]},{"@type":"WebSite","@id":"https:\/\/chrisopigi.gr\/de\/#website","url":"https:\/\/chrisopigi.gr\/de\/","name":"Chrisopigi","description":"\u039a\u03c1\u03b7\u03c4\u03b9\u03ba\u03cc \u03b5\u03bb\u03b1\u03b9\u03cc\u03bb\u03b1\u03b4\u03bf &amp; \u03bc\u03ad\u03bb\u03b9 \u03b1\u03c0\u03cc \u03c4\u03b7\u03bd \u03a7\u03c1\u03c5\u03c3\u03bf\u03c0\u03b7\u03b3\u03ae \u03a3\u03b7\u03c4\u03b5\u03af\u03b1\u03c2","potentialAction":[{"@type":"SearchAction","target":{"@type":"EntryPoint","urlTemplate":"https:\/\/chrisopigi.gr\/de\/?s={search_term_string}"},"query-input":{"@type":"PropertyValueSpecification","valueRequired":true,"valueName":"search_term_string"}}],"inLanguage":"de"}]}},"_links":{"self":[{"href":"https:\/\/chrisopigi.gr\/de\/wp-json\/wp\/v2\/product\/49287"}],"collection":[{"href":"https:\/\/chrisopigi.gr\/de\/wp-json\/wp\/v2\/product"}],"about":[{"href":"https:\/\/chrisopigi.gr\/de\/wp-json\/wp\/v2\/types\/product"}],"replies":[{"embeddable":true,"href":"https:\/\/chrisopigi.gr\/de\/wp-json\/wp\/v2\/comments?post=49287"}],"wp:featuredmedia":[{"embeddable":true,"href":"https:\/\/chrisopigi.gr\/de\/wp-json\/wp\/v2\/media\/49288"}],"wp:attachment":[{"href":"https:\/\/chrisopigi.gr\/de\/wp-json\/wp\/v2\/media?parent=49287"}],"wp:term":[{"taxonomy":"product_cat","embeddable":true,"href":"https:\/\/chrisopigi.gr\/de\/wp-json\/wp\/v2\/product_cat?post=49287"},{"taxonomy":"product_tag","embeddable":true,"href":"https:\/\/chrisopigi.gr\/de\/wp-json\/wp\/v2\/product_tag?post=49287"}],"curies":[{"name":"wp","href":"https:\/\/api.w.org\/{rel}","templated":true}]}}