{"id":49289,"date":"2025-12-06T20:20:48","date_gmt":"2026-04-25T18:39:22","guid":{"rendered":"https:\/\/chrisopigi.gr\/product\/striftaria-400g\/"},"modified":"2026-04-25T21:39:22","modified_gmt":"2026-04-25T18:39:22","slug":"striftaria-400g","status":"publish","type":"product","link":"https:\/\/chrisopigi.gr\/de\/product\/striftaria-400g\/","title":{"rendered":"Striftaria 400g"},"content":{"rendered":"<p data-start=\"236\" data-end=\"552\">Die <strong data-start=\"239\" data-end=\"279\">Striftaria mit heimischen kretischen Kr\u00e4utern<\/strong> sind eine besondere traditionelle Pasta, die den authentischen Geschmack von Weizen mit den Aromen der kretischen Natur verbindet. Sie werden aus feinem Hartweizengrie\u00df hergestellt und mit <strong data-start=\"473\" data-end=\"501\">aromatischen kretischen Kr\u00e4utern angereichert<\/strong>, was ihnen einen einzigartigen Charakter und ein nat\u00fcrliches Aroma verleiht. <\/p>\n<p data-start=\"554\" data-end=\"695\">Ihre gedrehte Form nimmt Saucen ideal auf und sorgt f\u00fcr ein reichhaltiges Ergebnis bei jedem Gericht. Sie kochen schnell und behalten eine makellose Textur. <\/p>\n<p data-start=\"697\" data-end=\"904\"><strong data-start=\"697\" data-end=\"716\">Kochzeit<\/strong>: 3-5 Minuten<br data-start=\"726\" data-end=\"729\"><strong data-start=\"729\" data-end=\"757\">Passen ideal zu<\/strong>:<br data-start=\"757\" data-end=\"760\">leichten Oliven\u00f6l-Saucen<br data-start=\"789\" data-end=\"792\">Saucen mit Tomaten und Kr\u00e4utern<br data-start=\"825\" data-end=\"828\">H\u00e4hnchen oder Garnelen<br data-start=\"849\" data-end=\"852\">K\u00e4se und frischem Gem\u00fcse<br data-start=\"879\" data-end=\"882\">mediterranen Rezepten<\/p>\n","protected":false},"excerpt":{"rendered":"<p>Die Striftaria mit heimischen kretischen Kr\u00e4utern sind eine besondere traditionelle Pasta, die den authentischen Geschmack von Weizen mit den Aromen der kretischen Natur verbindet. Sie werden aus feinem Hartweizengrie\u00df hergestellt und mit aromatischen kretischen Kr\u00e4utern angereichert, was ihnen einen einzigartigen Charakter und ein nat\u00fcrliches Aroma verleiht. Ihre gedrehte Form nimmt Saucen ideal auf und sorgt f\u00fcr ein reichhaltiges Ergebnis bei jedem Gericht. Sie [&hellip;]<\/p>\n","protected":false},"featured_media":49290,"comment_status":"closed","ping_status":"closed","template":"","meta":[],"product_cat":[1823],"product_tag":[],"yoast_head":"<!-- This site is optimized with the Yoast SEO plugin v27.2 - https:\/\/yoast.com\/product\/yoast-seo-wordpress\/ -->\n<title>Striftaria 400g - Chrisopigi<\/title>\n<meta name=\"robots\" content=\"index, follow, max-snippet:-1, max-image-preview:large, max-video-preview:-1\" \/>\n<link rel=\"canonical\" href=\"https:\/\/chrisopigi.gr\/de\/product\/striftaria-400g\/\" \/>\n<meta property=\"og:locale\" content=\"de_DE\" \/>\n<meta property=\"og:type\" content=\"article\" \/>\n<meta property=\"og:title\" content=\"Striftaria 400g - Chrisopigi\" \/>\n<meta property=\"og:description\" content=\"Die Striftaria mit heimischen kretischen Kr\u00e4utern sind eine besondere traditionelle Pasta, die den authentischen Geschmack von Weizen mit den Aromen der kretischen Natur verbindet. Sie werden aus feinem Hartweizengrie\u00df hergestellt und mit aromatischen kretischen Kr\u00e4utern angereichert, was ihnen einen einzigartigen Charakter und ein nat\u00fcrliches Aroma verleiht. Ihre gedrehte Form nimmt Saucen ideal auf und sorgt f\u00fcr ein reichhaltiges Ergebnis bei jedem Gericht. Sie [&hellip;]\" \/>\n<meta property=\"og:url\" content=\"https:\/\/chrisopigi.gr\/de\/product\/striftaria-400g\/\" \/>\n<meta property=\"og:site_name\" content=\"Chrisopigi\" \/>\n<meta name=\"twitter:card\" content=\"summary_large_image\" \/>\n<script type=\"application\/ld+json\" class=\"yoast-schema-graph\">{\"@context\":\"https:\/\/schema.org\",\"@graph\":[{\"@type\":\"WebPage\",\"@id\":\"https:\/\/chrisopigi.gr\/de\/product\/striftaria-400g\/\",\"url\":\"https:\/\/chrisopigi.gr\/de\/product\/striftaria-400g\/\",\"name\":\"Striftaria 400g - Chrisopigi\",\"isPartOf\":{\"@id\":\"https:\/\/chrisopigi.gr\/de\/#website\"},\"primaryImageOfPage\":{\"@id\":\"https:\/\/chrisopigi.gr\/de\/product\/striftaria-400g\/#primaryimage\"},\"image\":{\"@id\":\"https:\/\/chrisopigi.gr\/de\/product\/striftaria-400g\/#primaryimage\"},\"thumbnailUrl\":\"https:\/\/chrisopigi.gr\/wp-content\/uploads\/2025\/12\/image-21.jpeg\",\"datePublished\":\"2026-04-25T18:39:22+00:00\",\"breadcrumb\":{\"@id\":\"https:\/\/chrisopigi.gr\/de\/product\/striftaria-400g\/#breadcrumb\"},\"inLanguage\":\"de\",\"potentialAction\":[{\"@type\":\"ReadAction\",\"target\":[\"https:\/\/chrisopigi.gr\/de\/product\/striftaria-400g\/\"]}]},{\"@type\":\"ImageObject\",\"inLanguage\":\"de\",\"@id\":\"https:\/\/chrisopigi.gr\/de\/product\/striftaria-400g\/#primaryimage\",\"url\":\"https:\/\/chrisopigi.gr\/wp-content\/uploads\/2025\/12\/image-21.jpeg\",\"contentUrl\":\"https:\/\/chrisopigi.gr\/wp-content\/uploads\/2025\/12\/image-21.jpeg\",\"width\":1864,\"height\":2560},{\"@type\":\"BreadcrumbList\",\"@id\":\"https:\/\/chrisopigi.gr\/de\/product\/striftaria-400g\/#breadcrumb\",\"itemListElement\":[{\"@type\":\"ListItem\",\"position\":1,\"name\":\"\u0391\u03c1\u03c7\u03b9\u03ba\u03ae\",\"item\":\"https:\/\/chrisopigi.gr\/de\/\"},{\"@type\":\"ListItem\",\"position\":2,\"name\":\"Online-Shop\",\"item\":\"https:\/\/chrisopigi.gr\/online-shop\/\"},{\"@type\":\"ListItem\",\"position\":3,\"name\":\"Striftaria 400g\"}]},{\"@type\":\"WebSite\",\"@id\":\"https:\/\/chrisopigi.gr\/de\/#website\",\"url\":\"https:\/\/chrisopigi.gr\/de\/\",\"name\":\"Chrisopigi\",\"description\":\"\u039a\u03c1\u03b7\u03c4\u03b9\u03ba\u03cc \u03b5\u03bb\u03b1\u03b9\u03cc\u03bb\u03b1\u03b4\u03bf &amp; \u03bc\u03ad\u03bb\u03b9 \u03b1\u03c0\u03cc \u03c4\u03b7\u03bd \u03a7\u03c1\u03c5\u03c3\u03bf\u03c0\u03b7\u03b3\u03ae \u03a3\u03b7\u03c4\u03b5\u03af\u03b1\u03c2\",\"potentialAction\":[{\"@type\":\"SearchAction\",\"target\":{\"@type\":\"EntryPoint\",\"urlTemplate\":\"https:\/\/chrisopigi.gr\/de\/?s={search_term_string}\"},\"query-input\":{\"@type\":\"PropertyValueSpecification\",\"valueRequired\":true,\"valueName\":\"search_term_string\"}}],\"inLanguage\":\"de\"}]}<\/script>\n<!-- \/ Yoast SEO plugin. -->","yoast_head_json":{"title":"Striftaria 400g - Chrisopigi","robots":{"index":"index","follow":"follow","max-snippet":"max-snippet:-1","max-image-preview":"max-image-preview:large","max-video-preview":"max-video-preview:-1"},"canonical":"https:\/\/chrisopigi.gr\/de\/product\/striftaria-400g\/","og_locale":"de_DE","og_type":"article","og_title":"Striftaria 400g - Chrisopigi","og_description":"Die Striftaria mit heimischen kretischen Kr\u00e4utern sind eine besondere traditionelle Pasta, die den authentischen Geschmack von Weizen mit den Aromen der kretischen Natur verbindet. Sie werden aus feinem Hartweizengrie\u00df hergestellt und mit aromatischen kretischen Kr\u00e4utern angereichert, was ihnen einen einzigartigen Charakter und ein nat\u00fcrliches Aroma verleiht. Ihre gedrehte Form nimmt Saucen ideal auf und sorgt f\u00fcr ein reichhaltiges Ergebnis bei jedem Gericht. Sie [&hellip;]","og_url":"https:\/\/chrisopigi.gr\/de\/product\/striftaria-400g\/","og_site_name":"Chrisopigi","twitter_card":"summary_large_image","schema":{"@context":"https:\/\/schema.org","@graph":[{"@type":"WebPage","@id":"https:\/\/chrisopigi.gr\/de\/product\/striftaria-400g\/","url":"https:\/\/chrisopigi.gr\/de\/product\/striftaria-400g\/","name":"Striftaria 400g - Chrisopigi","isPartOf":{"@id":"https:\/\/chrisopigi.gr\/de\/#website"},"primaryImageOfPage":{"@id":"https:\/\/chrisopigi.gr\/de\/product\/striftaria-400g\/#primaryimage"},"image":{"@id":"https:\/\/chrisopigi.gr\/de\/product\/striftaria-400g\/#primaryimage"},"thumbnailUrl":"https:\/\/chrisopigi.gr\/wp-content\/uploads\/2025\/12\/image-21.jpeg","datePublished":"2026-04-25T18:39:22+00:00","breadcrumb":{"@id":"https:\/\/chrisopigi.gr\/de\/product\/striftaria-400g\/#breadcrumb"},"inLanguage":"de","potentialAction":[{"@type":"ReadAction","target":["https:\/\/chrisopigi.gr\/de\/product\/striftaria-400g\/"]}]},{"@type":"ImageObject","inLanguage":"de","@id":"https:\/\/chrisopigi.gr\/de\/product\/striftaria-400g\/#primaryimage","url":"https:\/\/chrisopigi.gr\/wp-content\/uploads\/2025\/12\/image-21.jpeg","contentUrl":"https:\/\/chrisopigi.gr\/wp-content\/uploads\/2025\/12\/image-21.jpeg","width":1864,"height":2560},{"@type":"BreadcrumbList","@id":"https:\/\/chrisopigi.gr\/de\/product\/striftaria-400g\/#breadcrumb","itemListElement":[{"@type":"ListItem","position":1,"name":"\u0391\u03c1\u03c7\u03b9\u03ba\u03ae","item":"https:\/\/chrisopigi.gr\/de\/"},{"@type":"ListItem","position":2,"name":"Online-Shop","item":"https:\/\/chrisopigi.gr\/online-shop\/"},{"@type":"ListItem","position":3,"name":"Striftaria 400g"}]},{"@type":"WebSite","@id":"https:\/\/chrisopigi.gr\/de\/#website","url":"https:\/\/chrisopigi.gr\/de\/","name":"Chrisopigi","description":"\u039a\u03c1\u03b7\u03c4\u03b9\u03ba\u03cc \u03b5\u03bb\u03b1\u03b9\u03cc\u03bb\u03b1\u03b4\u03bf &amp; \u03bc\u03ad\u03bb\u03b9 \u03b1\u03c0\u03cc \u03c4\u03b7\u03bd \u03a7\u03c1\u03c5\u03c3\u03bf\u03c0\u03b7\u03b3\u03ae \u03a3\u03b7\u03c4\u03b5\u03af\u03b1\u03c2","potentialAction":[{"@type":"SearchAction","target":{"@type":"EntryPoint","urlTemplate":"https:\/\/chrisopigi.gr\/de\/?s={search_term_string}"},"query-input":{"@type":"PropertyValueSpecification","valueRequired":true,"valueName":"search_term_string"}}],"inLanguage":"de"}]}},"_links":{"self":[{"href":"https:\/\/chrisopigi.gr\/de\/wp-json\/wp\/v2\/product\/49289"}],"collection":[{"href":"https:\/\/chrisopigi.gr\/de\/wp-json\/wp\/v2\/product"}],"about":[{"href":"https:\/\/chrisopigi.gr\/de\/wp-json\/wp\/v2\/types\/product"}],"replies":[{"embeddable":true,"href":"https:\/\/chrisopigi.gr\/de\/wp-json\/wp\/v2\/comments?post=49289"}],"wp:featuredmedia":[{"embeddable":true,"href":"https:\/\/chrisopigi.gr\/de\/wp-json\/wp\/v2\/media\/49290"}],"wp:attachment":[{"href":"https:\/\/chrisopigi.gr\/de\/wp-json\/wp\/v2\/media?parent=49289"}],"wp:term":[{"taxonomy":"product_cat","embeddable":true,"href":"https:\/\/chrisopigi.gr\/de\/wp-json\/wp\/v2\/product_cat?post=49289"},{"taxonomy":"product_tag","embeddable":true,"href":"https:\/\/chrisopigi.gr\/de\/wp-json\/wp\/v2\/product_tag?post=49289"}],"curies":[{"name":"wp","href":"https:\/\/api.w.org\/{rel}","templated":true}]}}