{"id":49292,"date":"2025-12-06T20:13:59","date_gmt":"2026-04-25T18:42:57","guid":{"rendered":"https:\/\/chrisopigi.gr\/product\/maggiri-400g\/"},"modified":"2026-04-25T21:42:57","modified_gmt":"2026-04-25T18:42:57","slug":"maggiri-400g","status":"publish","type":"product","link":"https:\/\/chrisopigi.gr\/de\/product\/maggiri-400g\/","title":{"rendered":"Maggiri 400g"},"content":{"rendered":"<p data-start=\"248\" data-end=\"507\">Das <strong data-start=\"251\" data-end=\"290\">Maggiri mit Weizen- &amp; Gerstenmehl<\/strong> ist eine authentische, traditionelle Pasta, inspiriert von den Aromen der griechischen Landschaft. Sie wird aus <strong data-start=\"404\" data-end=\"434\">Weizen- und Gerstenmehl <\/strong>hergestellt und bietet eine besondere Textur, einen reichen Geschmack und einen erh\u00f6hten N\u00e4hrwert. <\/p>\n<p data-start=\"509\" data-end=\"722\">Ihre charakteristische, breite und unregelm\u00e4\u00dfige Form verbindet sich ideal mit reichhaltigen Saucen, w\u00e4hrend sie beim Kochen formstabil bleibt und nicht verklebt. Sie ist eine ausgezeichnete Wahl f\u00fcr herzhafte und authentische hausgemachte Mahlzeiten. <\/p>\n<p data-start=\"724\" data-end=\"928\"><strong data-start=\"724\" data-end=\"743\">Kochzeit<\/strong>: 9-11 Minuten<br data-start=\"754\" data-end=\"757\"><strong data-start=\"757\" data-end=\"784\">Passt ideal zu<\/strong>:<br data-start=\"784\" data-end=\"787\">geschmortem Fleisch in Tomatensauce<br data-start=\"806\" data-end=\"809\">Tomaten- oder Pilzsaucen<br data-start=\"841\" data-end=\"844\">Butter und geriebenem K\u00e4se<br data-start=\"871\" data-end=\"874\">traditionellen Schmorgerichten<br data-start=\"908\" data-end=\"911\">sautiertem Gem\u00fcse<\/p>\n","protected":false},"excerpt":{"rendered":"<p>Das Maggiri mit Weizen- &amp; Gerstenmehl ist eine authentische, traditionelle Pasta, inspiriert von den Aromen der griechischen Landschaft. Sie wird aus Weizen- und Gerstenmehl hergestellt und bietet eine besondere Textur, einen reichen Geschmack und einen erh\u00f6hten N\u00e4hrwert. Ihre charakteristische, breite und unregelm\u00e4\u00dfige Form verbindet sich ideal mit reichhaltigen Saucen, w\u00e4hrend sie beim Kochen formstabil bleibt und nicht verklebt. Sie ist eine ausgezeichnete Wahl [&hellip;]<\/p>\n","protected":false},"featured_media":49293,"comment_status":"closed","ping_status":"closed","template":"","meta":[],"product_cat":[1823],"product_tag":[],"yoast_head":"<!-- This site is optimized with the Yoast SEO plugin v27.2 - https:\/\/yoast.com\/product\/yoast-seo-wordpress\/ -->\n<title>Maggiri 400g - Chrisopigi<\/title>\n<meta name=\"robots\" content=\"index, follow, max-snippet:-1, max-image-preview:large, max-video-preview:-1\" \/>\n<link rel=\"canonical\" href=\"https:\/\/chrisopigi.gr\/de\/product\/maggiri-400g\/\" \/>\n<meta property=\"og:locale\" content=\"de_DE\" \/>\n<meta property=\"og:type\" content=\"article\" \/>\n<meta property=\"og:title\" content=\"Maggiri 400g - Chrisopigi\" \/>\n<meta property=\"og:description\" content=\"Das Maggiri mit Weizen- &amp; Gerstenmehl ist eine authentische, traditionelle Pasta, inspiriert von den Aromen der griechischen Landschaft. Sie wird aus Weizen- und Gerstenmehl hergestellt und bietet eine besondere Textur, einen reichen Geschmack und einen erh\u00f6hten N\u00e4hrwert. Ihre charakteristische, breite und unregelm\u00e4\u00dfige Form verbindet sich ideal mit reichhaltigen Saucen, w\u00e4hrend sie beim Kochen formstabil bleibt und nicht verklebt. Sie ist eine ausgezeichnete Wahl [&hellip;]\" \/>\n<meta property=\"og:url\" content=\"https:\/\/chrisopigi.gr\/de\/product\/maggiri-400g\/\" \/>\n<meta property=\"og:site_name\" content=\"Chrisopigi\" \/>\n<meta name=\"twitter:card\" content=\"summary_large_image\" \/>\n<script type=\"application\/ld+json\" class=\"yoast-schema-graph\">{\"@context\":\"https:\/\/schema.org\",\"@graph\":[{\"@type\":\"WebPage\",\"@id\":\"https:\/\/chrisopigi.gr\/de\/product\/maggiri-400g\/\",\"url\":\"https:\/\/chrisopigi.gr\/de\/product\/maggiri-400g\/\",\"name\":\"Maggiri 400g - Chrisopigi\",\"isPartOf\":{\"@id\":\"https:\/\/chrisopigi.gr\/de\/#website\"},\"primaryImageOfPage\":{\"@id\":\"https:\/\/chrisopigi.gr\/de\/product\/maggiri-400g\/#primaryimage\"},\"image\":{\"@id\":\"https:\/\/chrisopigi.gr\/de\/product\/maggiri-400g\/#primaryimage\"},\"thumbnailUrl\":\"https:\/\/chrisopigi.gr\/wp-content\/uploads\/2025\/12\/image-18.jpeg\",\"datePublished\":\"2026-04-25T18:42:57+00:00\",\"breadcrumb\":{\"@id\":\"https:\/\/chrisopigi.gr\/de\/product\/maggiri-400g\/#breadcrumb\"},\"inLanguage\":\"de\",\"potentialAction\":[{\"@type\":\"ReadAction\",\"target\":[\"https:\/\/chrisopigi.gr\/de\/product\/maggiri-400g\/\"]}]},{\"@type\":\"ImageObject\",\"inLanguage\":\"de\",\"@id\":\"https:\/\/chrisopigi.gr\/de\/product\/maggiri-400g\/#primaryimage\",\"url\":\"https:\/\/chrisopigi.gr\/wp-content\/uploads\/2025\/12\/image-18.jpeg\",\"contentUrl\":\"https:\/\/chrisopigi.gr\/wp-content\/uploads\/2025\/12\/image-18.jpeg\",\"width\":1600,\"height\":1600},{\"@type\":\"BreadcrumbList\",\"@id\":\"https:\/\/chrisopigi.gr\/de\/product\/maggiri-400g\/#breadcrumb\",\"itemListElement\":[{\"@type\":\"ListItem\",\"position\":1,\"name\":\"\u0391\u03c1\u03c7\u03b9\u03ba\u03ae\",\"item\":\"https:\/\/chrisopigi.gr\/de\/\"},{\"@type\":\"ListItem\",\"position\":2,\"name\":\"Online-Shop\",\"item\":\"https:\/\/chrisopigi.gr\/online-shop\/\"},{\"@type\":\"ListItem\",\"position\":3,\"name\":\"Maggiri 400g\"}]},{\"@type\":\"WebSite\",\"@id\":\"https:\/\/chrisopigi.gr\/de\/#website\",\"url\":\"https:\/\/chrisopigi.gr\/de\/\",\"name\":\"Chrisopigi\",\"description\":\"\u039a\u03c1\u03b7\u03c4\u03b9\u03ba\u03cc \u03b5\u03bb\u03b1\u03b9\u03cc\u03bb\u03b1\u03b4\u03bf &amp; \u03bc\u03ad\u03bb\u03b9 \u03b1\u03c0\u03cc \u03c4\u03b7\u03bd \u03a7\u03c1\u03c5\u03c3\u03bf\u03c0\u03b7\u03b3\u03ae \u03a3\u03b7\u03c4\u03b5\u03af\u03b1\u03c2\",\"potentialAction\":[{\"@type\":\"SearchAction\",\"target\":{\"@type\":\"EntryPoint\",\"urlTemplate\":\"https:\/\/chrisopigi.gr\/de\/?s={search_term_string}\"},\"query-input\":{\"@type\":\"PropertyValueSpecification\",\"valueRequired\":true,\"valueName\":\"search_term_string\"}}],\"inLanguage\":\"de\"}]}<\/script>\n<!-- \/ Yoast SEO plugin. -->","yoast_head_json":{"title":"Maggiri 400g - Chrisopigi","robots":{"index":"index","follow":"follow","max-snippet":"max-snippet:-1","max-image-preview":"max-image-preview:large","max-video-preview":"max-video-preview:-1"},"canonical":"https:\/\/chrisopigi.gr\/de\/product\/maggiri-400g\/","og_locale":"de_DE","og_type":"article","og_title":"Maggiri 400g - Chrisopigi","og_description":"Das Maggiri mit Weizen- &amp; Gerstenmehl ist eine authentische, traditionelle Pasta, inspiriert von den Aromen der griechischen Landschaft. Sie wird aus Weizen- und Gerstenmehl hergestellt und bietet eine besondere Textur, einen reichen Geschmack und einen erh\u00f6hten N\u00e4hrwert. Ihre charakteristische, breite und unregelm\u00e4\u00dfige Form verbindet sich ideal mit reichhaltigen Saucen, w\u00e4hrend sie beim Kochen formstabil bleibt und nicht verklebt. Sie ist eine ausgezeichnete Wahl [&hellip;]","og_url":"https:\/\/chrisopigi.gr\/de\/product\/maggiri-400g\/","og_site_name":"Chrisopigi","twitter_card":"summary_large_image","schema":{"@context":"https:\/\/schema.org","@graph":[{"@type":"WebPage","@id":"https:\/\/chrisopigi.gr\/de\/product\/maggiri-400g\/","url":"https:\/\/chrisopigi.gr\/de\/product\/maggiri-400g\/","name":"Maggiri 400g - Chrisopigi","isPartOf":{"@id":"https:\/\/chrisopigi.gr\/de\/#website"},"primaryImageOfPage":{"@id":"https:\/\/chrisopigi.gr\/de\/product\/maggiri-400g\/#primaryimage"},"image":{"@id":"https:\/\/chrisopigi.gr\/de\/product\/maggiri-400g\/#primaryimage"},"thumbnailUrl":"https:\/\/chrisopigi.gr\/wp-content\/uploads\/2025\/12\/image-18.jpeg","datePublished":"2026-04-25T18:42:57+00:00","breadcrumb":{"@id":"https:\/\/chrisopigi.gr\/de\/product\/maggiri-400g\/#breadcrumb"},"inLanguage":"de","potentialAction":[{"@type":"ReadAction","target":["https:\/\/chrisopigi.gr\/de\/product\/maggiri-400g\/"]}]},{"@type":"ImageObject","inLanguage":"de","@id":"https:\/\/chrisopigi.gr\/de\/product\/maggiri-400g\/#primaryimage","url":"https:\/\/chrisopigi.gr\/wp-content\/uploads\/2025\/12\/image-18.jpeg","contentUrl":"https:\/\/chrisopigi.gr\/wp-content\/uploads\/2025\/12\/image-18.jpeg","width":1600,"height":1600},{"@type":"BreadcrumbList","@id":"https:\/\/chrisopigi.gr\/de\/product\/maggiri-400g\/#breadcrumb","itemListElement":[{"@type":"ListItem","position":1,"name":"\u0391\u03c1\u03c7\u03b9\u03ba\u03ae","item":"https:\/\/chrisopigi.gr\/de\/"},{"@type":"ListItem","position":2,"name":"Online-Shop","item":"https:\/\/chrisopigi.gr\/online-shop\/"},{"@type":"ListItem","position":3,"name":"Maggiri 400g"}]},{"@type":"WebSite","@id":"https:\/\/chrisopigi.gr\/de\/#website","url":"https:\/\/chrisopigi.gr\/de\/","name":"Chrisopigi","description":"\u039a\u03c1\u03b7\u03c4\u03b9\u03ba\u03cc \u03b5\u03bb\u03b1\u03b9\u03cc\u03bb\u03b1\u03b4\u03bf &amp; \u03bc\u03ad\u03bb\u03b9 \u03b1\u03c0\u03cc \u03c4\u03b7\u03bd \u03a7\u03c1\u03c5\u03c3\u03bf\u03c0\u03b7\u03b3\u03ae \u03a3\u03b7\u03c4\u03b5\u03af\u03b1\u03c2","potentialAction":[{"@type":"SearchAction","target":{"@type":"EntryPoint","urlTemplate":"https:\/\/chrisopigi.gr\/de\/?s={search_term_string}"},"query-input":{"@type":"PropertyValueSpecification","valueRequired":true,"valueName":"search_term_string"}}],"inLanguage":"de"}]}},"_links":{"self":[{"href":"https:\/\/chrisopigi.gr\/de\/wp-json\/wp\/v2\/product\/49292"}],"collection":[{"href":"https:\/\/chrisopigi.gr\/de\/wp-json\/wp\/v2\/product"}],"about":[{"href":"https:\/\/chrisopigi.gr\/de\/wp-json\/wp\/v2\/types\/product"}],"replies":[{"embeddable":true,"href":"https:\/\/chrisopigi.gr\/de\/wp-json\/wp\/v2\/comments?post=49292"}],"wp:featuredmedia":[{"embeddable":true,"href":"https:\/\/chrisopigi.gr\/de\/wp-json\/wp\/v2\/media\/49293"}],"wp:attachment":[{"href":"https:\/\/chrisopigi.gr\/de\/wp-json\/wp\/v2\/media?parent=49292"}],"wp:term":[{"taxonomy":"product_cat","embeddable":true,"href":"https:\/\/chrisopigi.gr\/de\/wp-json\/wp\/v2\/product_cat?post=49292"},{"taxonomy":"product_tag","embeddable":true,"href":"https:\/\/chrisopigi.gr\/de\/wp-json\/wp\/v2\/product_tag?post=49292"}],"curies":[{"name":"wp","href":"https:\/\/api.w.org\/{rel}","templated":true}]}}