{"id":49295,"date":"2025-12-06T20:09:15","date_gmt":"2026-04-25T18:47:39","guid":{"rendered":"https:\/\/chrisopigi.gr\/product\/zymenia-400g\/"},"modified":"2026-04-25T21:47:39","modified_gmt":"2026-04-25T18:47:39","slug":"zymenia-400g","status":"publish","type":"product","link":"https:\/\/chrisopigi.gr\/de\/product\/zymenia-400g\/","title":{"rendered":"Zymenia 400g"},"content":{"rendered":"<p data-start=\"190\" data-end=\"448\">Die <strong data-start=\"193\" data-end=\"217\">Zymenia mit Grie\u00df<\/strong> sind eine authentische, traditionelle Pasta, hergestellt aus reinen Zutaten und mit viel Leidenschaft. Sie werden aus <strong data-start=\"316\" data-end=\"360\">feinem Hartweizengrie\u00df und Wasser zubereitet<\/strong>, ganz ohne Zusatz- oder Konservierungsstoffe, und bewahren so den authentischen Geschmack der griechischen Tradition. <\/p>\n<p data-start=\"450\" data-end=\"637\">Ihre besondere, l\u00e4ngliche Form nimmt Saucen ideal auf und sorgt bei jedem Gericht f\u00fcr eine reichhaltige Textur und ein volles Geschmackserlebnis. Sie lassen sich leicht kochen und behalten dabei ihre perfekte Konsistenz. <\/p>\n<p data-start=\"639\" data-end=\"828\"><strong data-start=\"639\" data-end=\"658\">Kochzeit<\/strong>: 13\u201315 Minuten<strong data-start=\"673\" data-end=\"701\"> <br data-start=\"670\" data-end=\"673\">Passen ideal zu<\/strong>:<br data-start=\"701\" data-end=\"704\">roten und wei\u00dfen Saucen<br data-start=\"733\" data-end=\"736\">K\u00e4se und Butter<br data-start=\"755\" data-end=\"758\">Pilzen<br data-start=\"769\" data-end=\"772\">Fleisch oder traditionellen Schmorgerichten<br data-start=\"792\" data-end=\"795\">klassischen griechischen Rezepten<\/p>\n<p data-start=\"830\" data-end=\"893\">Eine ideale Wahl f\u00fcr allt\u00e4gliche, aber auch f\u00fcr ganz besondere Mahlzeiten.<\/p>\n","protected":false},"excerpt":{"rendered":"<p>Die Zymenia mit Grie\u00df sind eine authentische, traditionelle Pasta, hergestellt aus reinen Zutaten und mit viel Leidenschaft. Sie werden aus feinem Hartweizengrie\u00df und Wasser zubereitet, ganz ohne Zusatz- oder Konservierungsstoffe, und bewahren so den authentischen Geschmack der griechischen Tradition. Ihre besondere, l\u00e4ngliche Form nimmt Saucen ideal auf und sorgt bei jedem Gericht f\u00fcr eine reichhaltige Textur und ein volles Geschmackserlebnis. Sie lassen sich [&hellip;]<\/p>\n","protected":false},"featured_media":49296,"comment_status":"closed","ping_status":"closed","template":"","meta":[],"product_cat":[1823],"product_tag":[],"yoast_head":"<!-- This site is optimized with the Yoast SEO plugin v27.2 - https:\/\/yoast.com\/product\/yoast-seo-wordpress\/ -->\n<title>Zymenia 400g - Chrisopigi<\/title>\n<meta name=\"robots\" content=\"index, follow, max-snippet:-1, max-image-preview:large, max-video-preview:-1\" \/>\n<link rel=\"canonical\" href=\"https:\/\/chrisopigi.gr\/de\/product\/zymenia-400g\/\" \/>\n<meta property=\"og:locale\" content=\"de_DE\" \/>\n<meta property=\"og:type\" content=\"article\" \/>\n<meta property=\"og:title\" content=\"Zymenia 400g - Chrisopigi\" \/>\n<meta property=\"og:description\" content=\"Die Zymenia mit Grie\u00df sind eine authentische, traditionelle Pasta, hergestellt aus reinen Zutaten und mit viel Leidenschaft. Sie werden aus feinem Hartweizengrie\u00df und Wasser zubereitet, ganz ohne Zusatz- oder Konservierungsstoffe, und bewahren so den authentischen Geschmack der griechischen Tradition. Ihre besondere, l\u00e4ngliche Form nimmt Saucen ideal auf und sorgt bei jedem Gericht f\u00fcr eine reichhaltige Textur und ein volles Geschmackserlebnis. Sie lassen sich [&hellip;]\" \/>\n<meta property=\"og:url\" content=\"https:\/\/chrisopigi.gr\/de\/product\/zymenia-400g\/\" \/>\n<meta property=\"og:site_name\" content=\"Chrisopigi\" \/>\n<meta name=\"twitter:card\" content=\"summary_large_image\" \/>\n<meta name=\"twitter:label1\" content=\"Gesch\u00e4tzte Lesezeit\" \/>\n\t<meta name=\"twitter:data1\" content=\"1\u00a0Minute\" \/>\n<script type=\"application\/ld+json\" class=\"yoast-schema-graph\">{\"@context\":\"https:\/\/schema.org\",\"@graph\":[{\"@type\":\"WebPage\",\"@id\":\"https:\/\/chrisopigi.gr\/de\/product\/zymenia-400g\/\",\"url\":\"https:\/\/chrisopigi.gr\/de\/product\/zymenia-400g\/\",\"name\":\"Zymenia 400g - Chrisopigi\",\"isPartOf\":{\"@id\":\"https:\/\/chrisopigi.gr\/de\/#website\"},\"primaryImageOfPage\":{\"@id\":\"https:\/\/chrisopigi.gr\/de\/product\/zymenia-400g\/#primaryimage\"},\"image\":{\"@id\":\"https:\/\/chrisopigi.gr\/de\/product\/zymenia-400g\/#primaryimage\"},\"thumbnailUrl\":\"https:\/\/chrisopigi.gr\/wp-content\/uploads\/2025\/12\/image-16.jpeg\",\"datePublished\":\"2026-04-25T18:47:39+00:00\",\"breadcrumb\":{\"@id\":\"https:\/\/chrisopigi.gr\/de\/product\/zymenia-400g\/#breadcrumb\"},\"inLanguage\":\"de\",\"potentialAction\":[{\"@type\":\"ReadAction\",\"target\":[\"https:\/\/chrisopigi.gr\/de\/product\/zymenia-400g\/\"]}]},{\"@type\":\"ImageObject\",\"inLanguage\":\"de\",\"@id\":\"https:\/\/chrisopigi.gr\/de\/product\/zymenia-400g\/#primaryimage\",\"url\":\"https:\/\/chrisopigi.gr\/wp-content\/uploads\/2025\/12\/image-16.jpeg\",\"contentUrl\":\"https:\/\/chrisopigi.gr\/wp-content\/uploads\/2025\/12\/image-16.jpeg\",\"width\":1600,\"height\":1600},{\"@type\":\"BreadcrumbList\",\"@id\":\"https:\/\/chrisopigi.gr\/de\/product\/zymenia-400g\/#breadcrumb\",\"itemListElement\":[{\"@type\":\"ListItem\",\"position\":1,\"name\":\"\u0391\u03c1\u03c7\u03b9\u03ba\u03ae\",\"item\":\"https:\/\/chrisopigi.gr\/de\/\"},{\"@type\":\"ListItem\",\"position\":2,\"name\":\"Online-Shop\",\"item\":\"https:\/\/chrisopigi.gr\/online-shop\/\"},{\"@type\":\"ListItem\",\"position\":3,\"name\":\"Zymenia 400g\"}]},{\"@type\":\"WebSite\",\"@id\":\"https:\/\/chrisopigi.gr\/de\/#website\",\"url\":\"https:\/\/chrisopigi.gr\/de\/\",\"name\":\"Chrisopigi\",\"description\":\"\u039a\u03c1\u03b7\u03c4\u03b9\u03ba\u03cc \u03b5\u03bb\u03b1\u03b9\u03cc\u03bb\u03b1\u03b4\u03bf &amp; \u03bc\u03ad\u03bb\u03b9 \u03b1\u03c0\u03cc \u03c4\u03b7\u03bd \u03a7\u03c1\u03c5\u03c3\u03bf\u03c0\u03b7\u03b3\u03ae \u03a3\u03b7\u03c4\u03b5\u03af\u03b1\u03c2\",\"potentialAction\":[{\"@type\":\"SearchAction\",\"target\":{\"@type\":\"EntryPoint\",\"urlTemplate\":\"https:\/\/chrisopigi.gr\/de\/?s={search_term_string}\"},\"query-input\":{\"@type\":\"PropertyValueSpecification\",\"valueRequired\":true,\"valueName\":\"search_term_string\"}}],\"inLanguage\":\"de\"}]}<\/script>\n<!-- \/ Yoast SEO plugin. -->","yoast_head_json":{"title":"Zymenia 400g - Chrisopigi","robots":{"index":"index","follow":"follow","max-snippet":"max-snippet:-1","max-image-preview":"max-image-preview:large","max-video-preview":"max-video-preview:-1"},"canonical":"https:\/\/chrisopigi.gr\/de\/product\/zymenia-400g\/","og_locale":"de_DE","og_type":"article","og_title":"Zymenia 400g - Chrisopigi","og_description":"Die Zymenia mit Grie\u00df sind eine authentische, traditionelle Pasta, hergestellt aus reinen Zutaten und mit viel Leidenschaft. Sie werden aus feinem Hartweizengrie\u00df und Wasser zubereitet, ganz ohne Zusatz- oder Konservierungsstoffe, und bewahren so den authentischen Geschmack der griechischen Tradition. Ihre besondere, l\u00e4ngliche Form nimmt Saucen ideal auf und sorgt bei jedem Gericht f\u00fcr eine reichhaltige Textur und ein volles Geschmackserlebnis. Sie lassen sich [&hellip;]","og_url":"https:\/\/chrisopigi.gr\/de\/product\/zymenia-400g\/","og_site_name":"Chrisopigi","twitter_card":"summary_large_image","twitter_misc":{"Gesch\u00e4tzte Lesezeit":"1\u00a0Minute"},"schema":{"@context":"https:\/\/schema.org","@graph":[{"@type":"WebPage","@id":"https:\/\/chrisopigi.gr\/de\/product\/zymenia-400g\/","url":"https:\/\/chrisopigi.gr\/de\/product\/zymenia-400g\/","name":"Zymenia 400g - Chrisopigi","isPartOf":{"@id":"https:\/\/chrisopigi.gr\/de\/#website"},"primaryImageOfPage":{"@id":"https:\/\/chrisopigi.gr\/de\/product\/zymenia-400g\/#primaryimage"},"image":{"@id":"https:\/\/chrisopigi.gr\/de\/product\/zymenia-400g\/#primaryimage"},"thumbnailUrl":"https:\/\/chrisopigi.gr\/wp-content\/uploads\/2025\/12\/image-16.jpeg","datePublished":"2026-04-25T18:47:39+00:00","breadcrumb":{"@id":"https:\/\/chrisopigi.gr\/de\/product\/zymenia-400g\/#breadcrumb"},"inLanguage":"de","potentialAction":[{"@type":"ReadAction","target":["https:\/\/chrisopigi.gr\/de\/product\/zymenia-400g\/"]}]},{"@type":"ImageObject","inLanguage":"de","@id":"https:\/\/chrisopigi.gr\/de\/product\/zymenia-400g\/#primaryimage","url":"https:\/\/chrisopigi.gr\/wp-content\/uploads\/2025\/12\/image-16.jpeg","contentUrl":"https:\/\/chrisopigi.gr\/wp-content\/uploads\/2025\/12\/image-16.jpeg","width":1600,"height":1600},{"@type":"BreadcrumbList","@id":"https:\/\/chrisopigi.gr\/de\/product\/zymenia-400g\/#breadcrumb","itemListElement":[{"@type":"ListItem","position":1,"name":"\u0391\u03c1\u03c7\u03b9\u03ba\u03ae","item":"https:\/\/chrisopigi.gr\/de\/"},{"@type":"ListItem","position":2,"name":"Online-Shop","item":"https:\/\/chrisopigi.gr\/online-shop\/"},{"@type":"ListItem","position":3,"name":"Zymenia 400g"}]},{"@type":"WebSite","@id":"https:\/\/chrisopigi.gr\/de\/#website","url":"https:\/\/chrisopigi.gr\/de\/","name":"Chrisopigi","description":"\u039a\u03c1\u03b7\u03c4\u03b9\u03ba\u03cc \u03b5\u03bb\u03b1\u03b9\u03cc\u03bb\u03b1\u03b4\u03bf &amp; \u03bc\u03ad\u03bb\u03b9 \u03b1\u03c0\u03cc \u03c4\u03b7\u03bd \u03a7\u03c1\u03c5\u03c3\u03bf\u03c0\u03b7\u03b3\u03ae \u03a3\u03b7\u03c4\u03b5\u03af\u03b1\u03c2","potentialAction":[{"@type":"SearchAction","target":{"@type":"EntryPoint","urlTemplate":"https:\/\/chrisopigi.gr\/de\/?s={search_term_string}"},"query-input":{"@type":"PropertyValueSpecification","valueRequired":true,"valueName":"search_term_string"}}],"inLanguage":"de"}]}},"_links":{"self":[{"href":"https:\/\/chrisopigi.gr\/de\/wp-json\/wp\/v2\/product\/49295"}],"collection":[{"href":"https:\/\/chrisopigi.gr\/de\/wp-json\/wp\/v2\/product"}],"about":[{"href":"https:\/\/chrisopigi.gr\/de\/wp-json\/wp\/v2\/types\/product"}],"replies":[{"embeddable":true,"href":"https:\/\/chrisopigi.gr\/de\/wp-json\/wp\/v2\/comments?post=49295"}],"wp:featuredmedia":[{"embeddable":true,"href":"https:\/\/chrisopigi.gr\/de\/wp-json\/wp\/v2\/media\/49296"}],"wp:attachment":[{"href":"https:\/\/chrisopigi.gr\/de\/wp-json\/wp\/v2\/media?parent=49295"}],"wp:term":[{"taxonomy":"product_cat","embeddable":true,"href":"https:\/\/chrisopigi.gr\/de\/wp-json\/wp\/v2\/product_cat?post=49295"},{"taxonomy":"product_tag","embeddable":true,"href":"https:\/\/chrisopigi.gr\/de\/wp-json\/wp\/v2\/product_tag?post=49295"}],"curies":[{"name":"wp","href":"https:\/\/api.w.org\/{rel}","templated":true}]}}