{"id":49306,"date":"2025-12-15T19:55:18","date_gmt":"2026-04-26T17:40:18","guid":{"rendered":"https:\/\/chrisopigi.gr\/product\/gersten-kavkalakia-500g\/"},"modified":"2026-04-26T20:40:18","modified_gmt":"2026-04-26T17:40:18","slug":"gersten-kavkalakia-500g","status":"publish","type":"product","link":"https:\/\/chrisopigi.gr\/de\/product\/gersten-kavkalakia-500g\/","title":{"rendered":"Gersten-Kavkalakia 500g"},"content":{"rendered":"<p data-start=\"329\" data-end=\"514\">Die <strong data-start=\"332\" data-end=\"354\">Gersten-Kavkalakia<\/strong> sind traditionelle kretische Gerstenzwieb\u00e4cke mit einer knusprigen Textur und einem reichen Geschmack. Sie werden aus einfachen Zutaten hergestellt und sind ein wesentlicher Bestandteil der griechischen Ern\u00e4hrung. <\/p>\n<p data-start=\"516\" data-end=\"573\">Ideal zum pur Genie\u00dfen oder als Beilage zu Mahlzeiten.<\/p>\n<p data-start=\"575\" data-end=\"672\"><strong data-start=\"575\" data-end=\"591\">Ideal f\u00fcr<\/strong>:<br data-start=\"591\" data-end=\"594\">Fr\u00fchst\u00fcck<br data-start=\"602\" data-end=\"605\">Dakos (kretischer Brotsalat)<br data-start=\"612\" data-end=\"615\">Salate<br data-start=\"624\" data-end=\"627\">als Beilage zum Essen<br data-start=\"648\" data-end=\"651\">den traditionellen Tisch<\/p>\n<p data-start=\"674\" data-end=\"726\">Ein authentisches, traditionelles Produkt mit vollem Gerstengeschmack.<\/p>\n","protected":false},"excerpt":{"rendered":"<p>Die Gersten-Kavkalakia sind traditionelle kretische Gerstenzwieb\u00e4cke mit einer knusprigen Textur und einem reichen Geschmack. Sie werden aus einfachen Zutaten hergestellt und sind ein wesentlicher Bestandteil der griechischen Ern\u00e4hrung. Ideal zum pur Genie\u00dfen oder als Beilage zu Mahlzeiten. Ideal f\u00fcr:Fr\u00fchst\u00fcckDakos (kretischer Brotsalat)Salateals Beilage zum Essenden traditionellen Tisch Ein authentisches, traditionelles Produkt mit vollem Gerstengeschmack.<\/p>\n","protected":false},"featured_media":49307,"comment_status":"closed","ping_status":"closed","template":"","meta":[],"product_cat":[1824],"product_tag":[],"yoast_head":"<!-- This site is optimized with the Yoast SEO plugin v27.2 - https:\/\/yoast.com\/product\/yoast-seo-wordpress\/ -->\n<title>Gersten-Kavkalakia 500g - Chrisopigi<\/title>\n<meta name=\"robots\" content=\"index, follow, max-snippet:-1, max-image-preview:large, max-video-preview:-1\" \/>\n<link rel=\"canonical\" href=\"https:\/\/chrisopigi.gr\/de\/product\/gersten-kavkalakia-500g\/\" \/>\n<meta property=\"og:locale\" content=\"de_DE\" \/>\n<meta property=\"og:type\" content=\"article\" \/>\n<meta property=\"og:title\" content=\"Gersten-Kavkalakia 500g - Chrisopigi\" \/>\n<meta property=\"og:description\" content=\"Die Gersten-Kavkalakia sind traditionelle kretische Gerstenzwieb\u00e4cke mit einer knusprigen Textur und einem reichen Geschmack. Sie werden aus einfachen Zutaten hergestellt und sind ein wesentlicher Bestandteil der griechischen Ern\u00e4hrung. Ideal zum pur Genie\u00dfen oder als Beilage zu Mahlzeiten. Ideal f\u00fcr:Fr\u00fchst\u00fcckDakos (kretischer Brotsalat)Salateals Beilage zum Essenden traditionellen Tisch Ein authentisches, traditionelles Produkt mit vollem Gerstengeschmack.\" \/>\n<meta property=\"og:url\" content=\"https:\/\/chrisopigi.gr\/de\/product\/gersten-kavkalakia-500g\/\" \/>\n<meta property=\"og:site_name\" content=\"Chrisopigi\" \/>\n<meta name=\"twitter:card\" content=\"summary_large_image\" \/>\n<script type=\"application\/ld+json\" class=\"yoast-schema-graph\">{\"@context\":\"https:\/\/schema.org\",\"@graph\":[{\"@type\":\"WebPage\",\"@id\":\"https:\/\/chrisopigi.gr\/de\/product\/gersten-kavkalakia-500g\/\",\"url\":\"https:\/\/chrisopigi.gr\/de\/product\/gersten-kavkalakia-500g\/\",\"name\":\"Gersten-Kavkalakia 500g - Chrisopigi\",\"isPartOf\":{\"@id\":\"https:\/\/chrisopigi.gr\/de\/#website\"},\"primaryImageOfPage\":{\"@id\":\"https:\/\/chrisopigi.gr\/de\/product\/gersten-kavkalakia-500g\/#primaryimage\"},\"image\":{\"@id\":\"https:\/\/chrisopigi.gr\/de\/product\/gersten-kavkalakia-500g\/#primaryimage\"},\"thumbnailUrl\":\"https:\/\/chrisopigi.gr\/wp-content\/uploads\/2025\/12\/image-73.png\",\"datePublished\":\"2026-04-26T17:40:18+00:00\",\"breadcrumb\":{\"@id\":\"https:\/\/chrisopigi.gr\/de\/product\/gersten-kavkalakia-500g\/#breadcrumb\"},\"inLanguage\":\"de\",\"potentialAction\":[{\"@type\":\"ReadAction\",\"target\":[\"https:\/\/chrisopigi.gr\/de\/product\/gersten-kavkalakia-500g\/\"]}]},{\"@type\":\"ImageObject\",\"inLanguage\":\"de\",\"@id\":\"https:\/\/chrisopigi.gr\/de\/product\/gersten-kavkalakia-500g\/#primaryimage\",\"url\":\"https:\/\/chrisopigi.gr\/wp-content\/uploads\/2025\/12\/image-73.png\",\"contentUrl\":\"https:\/\/chrisopigi.gr\/wp-content\/uploads\/2025\/12\/image-73.png\",\"width\":1200,\"height\":675},{\"@type\":\"BreadcrumbList\",\"@id\":\"https:\/\/chrisopigi.gr\/de\/product\/gersten-kavkalakia-500g\/#breadcrumb\",\"itemListElement\":[{\"@type\":\"ListItem\",\"position\":1,\"name\":\"\u0391\u03c1\u03c7\u03b9\u03ba\u03ae\",\"item\":\"https:\/\/chrisopigi.gr\/de\/\"},{\"@type\":\"ListItem\",\"position\":2,\"name\":\"Online-Shop\",\"item\":\"https:\/\/chrisopigi.gr\/online-shop\/\"},{\"@type\":\"ListItem\",\"position\":3,\"name\":\"Gersten-Kavkalakia 500g\"}]},{\"@type\":\"WebSite\",\"@id\":\"https:\/\/chrisopigi.gr\/de\/#website\",\"url\":\"https:\/\/chrisopigi.gr\/de\/\",\"name\":\"Chrisopigi\",\"description\":\"\u039a\u03c1\u03b7\u03c4\u03b9\u03ba\u03cc \u03b5\u03bb\u03b1\u03b9\u03cc\u03bb\u03b1\u03b4\u03bf &amp; \u03bc\u03ad\u03bb\u03b9 \u03b1\u03c0\u03cc \u03c4\u03b7\u03bd \u03a7\u03c1\u03c5\u03c3\u03bf\u03c0\u03b7\u03b3\u03ae \u03a3\u03b7\u03c4\u03b5\u03af\u03b1\u03c2\",\"potentialAction\":[{\"@type\":\"SearchAction\",\"target\":{\"@type\":\"EntryPoint\",\"urlTemplate\":\"https:\/\/chrisopigi.gr\/de\/?s={search_term_string}\"},\"query-input\":{\"@type\":\"PropertyValueSpecification\",\"valueRequired\":true,\"valueName\":\"search_term_string\"}}],\"inLanguage\":\"de\"}]}<\/script>\n<!-- \/ Yoast SEO plugin. -->","yoast_head_json":{"title":"Gersten-Kavkalakia 500g - Chrisopigi","robots":{"index":"index","follow":"follow","max-snippet":"max-snippet:-1","max-image-preview":"max-image-preview:large","max-video-preview":"max-video-preview:-1"},"canonical":"https:\/\/chrisopigi.gr\/de\/product\/gersten-kavkalakia-500g\/","og_locale":"de_DE","og_type":"article","og_title":"Gersten-Kavkalakia 500g - Chrisopigi","og_description":"Die Gersten-Kavkalakia sind traditionelle kretische Gerstenzwieb\u00e4cke mit einer knusprigen Textur und einem reichen Geschmack. Sie werden aus einfachen Zutaten hergestellt und sind ein wesentlicher Bestandteil der griechischen Ern\u00e4hrung. Ideal zum pur Genie\u00dfen oder als Beilage zu Mahlzeiten. Ideal f\u00fcr:Fr\u00fchst\u00fcckDakos (kretischer Brotsalat)Salateals Beilage zum Essenden traditionellen Tisch Ein authentisches, traditionelles Produkt mit vollem Gerstengeschmack.","og_url":"https:\/\/chrisopigi.gr\/de\/product\/gersten-kavkalakia-500g\/","og_site_name":"Chrisopigi","twitter_card":"summary_large_image","schema":{"@context":"https:\/\/schema.org","@graph":[{"@type":"WebPage","@id":"https:\/\/chrisopigi.gr\/de\/product\/gersten-kavkalakia-500g\/","url":"https:\/\/chrisopigi.gr\/de\/product\/gersten-kavkalakia-500g\/","name":"Gersten-Kavkalakia 500g - Chrisopigi","isPartOf":{"@id":"https:\/\/chrisopigi.gr\/de\/#website"},"primaryImageOfPage":{"@id":"https:\/\/chrisopigi.gr\/de\/product\/gersten-kavkalakia-500g\/#primaryimage"},"image":{"@id":"https:\/\/chrisopigi.gr\/de\/product\/gersten-kavkalakia-500g\/#primaryimage"},"thumbnailUrl":"https:\/\/chrisopigi.gr\/wp-content\/uploads\/2025\/12\/image-73.png","datePublished":"2026-04-26T17:40:18+00:00","breadcrumb":{"@id":"https:\/\/chrisopigi.gr\/de\/product\/gersten-kavkalakia-500g\/#breadcrumb"},"inLanguage":"de","potentialAction":[{"@type":"ReadAction","target":["https:\/\/chrisopigi.gr\/de\/product\/gersten-kavkalakia-500g\/"]}]},{"@type":"ImageObject","inLanguage":"de","@id":"https:\/\/chrisopigi.gr\/de\/product\/gersten-kavkalakia-500g\/#primaryimage","url":"https:\/\/chrisopigi.gr\/wp-content\/uploads\/2025\/12\/image-73.png","contentUrl":"https:\/\/chrisopigi.gr\/wp-content\/uploads\/2025\/12\/image-73.png","width":1200,"height":675},{"@type":"BreadcrumbList","@id":"https:\/\/chrisopigi.gr\/de\/product\/gersten-kavkalakia-500g\/#breadcrumb","itemListElement":[{"@type":"ListItem","position":1,"name":"\u0391\u03c1\u03c7\u03b9\u03ba\u03ae","item":"https:\/\/chrisopigi.gr\/de\/"},{"@type":"ListItem","position":2,"name":"Online-Shop","item":"https:\/\/chrisopigi.gr\/online-shop\/"},{"@type":"ListItem","position":3,"name":"Gersten-Kavkalakia 500g"}]},{"@type":"WebSite","@id":"https:\/\/chrisopigi.gr\/de\/#website","url":"https:\/\/chrisopigi.gr\/de\/","name":"Chrisopigi","description":"\u039a\u03c1\u03b7\u03c4\u03b9\u03ba\u03cc \u03b5\u03bb\u03b1\u03b9\u03cc\u03bb\u03b1\u03b4\u03bf &amp; \u03bc\u03ad\u03bb\u03b9 \u03b1\u03c0\u03cc \u03c4\u03b7\u03bd \u03a7\u03c1\u03c5\u03c3\u03bf\u03c0\u03b7\u03b3\u03ae \u03a3\u03b7\u03c4\u03b5\u03af\u03b1\u03c2","potentialAction":[{"@type":"SearchAction","target":{"@type":"EntryPoint","urlTemplate":"https:\/\/chrisopigi.gr\/de\/?s={search_term_string}"},"query-input":{"@type":"PropertyValueSpecification","valueRequired":true,"valueName":"search_term_string"}}],"inLanguage":"de"}]}},"_links":{"self":[{"href":"https:\/\/chrisopigi.gr\/de\/wp-json\/wp\/v2\/product\/49306"}],"collection":[{"href":"https:\/\/chrisopigi.gr\/de\/wp-json\/wp\/v2\/product"}],"about":[{"href":"https:\/\/chrisopigi.gr\/de\/wp-json\/wp\/v2\/types\/product"}],"replies":[{"embeddable":true,"href":"https:\/\/chrisopigi.gr\/de\/wp-json\/wp\/v2\/comments?post=49306"}],"wp:featuredmedia":[{"embeddable":true,"href":"https:\/\/chrisopigi.gr\/de\/wp-json\/wp\/v2\/media\/49307"}],"wp:attachment":[{"href":"https:\/\/chrisopigi.gr\/de\/wp-json\/wp\/v2\/media?parent=49306"}],"wp:term":[{"taxonomy":"product_cat","embeddable":true,"href":"https:\/\/chrisopigi.gr\/de\/wp-json\/wp\/v2\/product_cat?post=49306"},{"taxonomy":"product_tag","embeddable":true,"href":"https:\/\/chrisopigi.gr\/de\/wp-json\/wp\/v2\/product_tag?post=49306"}],"curies":[{"name":"wp","href":"https:\/\/api.w.org\/{rel}","templated":true}]}}