{"id":49310,"date":"2025-12-15T19:43:33","date_gmt":"2026-04-26T17:48:40","guid":{"rendered":"https:\/\/chrisopigi.gr\/product\/eftazymo-mini-zwiebaecke-300g\/"},"modified":"2026-04-26T20:48:40","modified_gmt":"2026-04-26T17:48:40","slug":"eftazymo-mini-zwiebaecke-300g","status":"publish","type":"product","link":"https:\/\/chrisopigi.gr\/de\/product\/eftazymo-mini-zwiebaecke-300g\/","title":{"rendered":"Eftazymo Mini-Zwieb\u00e4cke 300g"},"content":{"rendered":"<p data-start=\"325\" data-end=\"531\">Die<strong data-start=\"328\" data-end=\"352\"> Eftazymo Mini-Zwieb\u00e4cke<\/strong> sind traditionelle, knusprige kleine Zwieb\u00e4cke. Ihre Besonderheit liegt in der aufwendigen Herstellung: Sie werden mit einem speziellen Kichererbsen-Sauerteig (aus Kichererbsen gewonnene Hefe) gebacken und traditionell siebenmal geknetet. Dieser einzigartige Prozess verleiht ihnen einen unverwechselbaren, vollen Geschmack und eine besonders knusprige Textur \u2013 ideal f\u00fcr den t\u00e4glichen Verzehr.<\/p>\n<p data-start=\"533\" data-end=\"588\">Sie k\u00f6nnen pur genossen werden oder passen perfekt zu Kaffee, Tee oder Milch.<\/p>\n<p data-start=\"590\" data-end=\"695\"><strong data-start=\"590\" data-end=\"607\">Ideal f\u00fcr<\/strong>:<br data-start=\"607\" data-end=\"610\">Fr\u00fchst\u00fcck<br data-start=\"618\" data-end=\"621\">Kaffee &amp; Tee<br data-start=\"634\" data-end=\"637\">als Snack zwischendurch<br data-start=\"659\" data-end=\"662\">zum Anbieten f\u00fcr G\u00e4ste<br data-start=\"671\" data-end=\"674\">den traditionellen Tisch<\/p>\n<p data-start=\"697\" data-end=\"759\">Ein authentisches kretisches Produkt mit dem besonderen Geschmack von siebenmal geknetetem Kichererbsen-Sauerteig.<\/p>\n","protected":false},"excerpt":{"rendered":"<p>Die Eftazymo Mini-Zwieb\u00e4cke sind traditionelle, knusprige kleine Zwieb\u00e4cke. Ihre Besonderheit liegt in der aufwendigen Herstellung: Sie werden mit einem speziellen Kichererbsen-Sauerteig (aus Kichererbsen gewonnene Hefe) gebacken und traditionell siebenmal geknetet. Dieser einzigartige Prozess verleiht ihnen einen unverwechselbaren, vollen Geschmack und eine besonders knusprige Textur \u2013 ideal f\u00fcr den t\u00e4glichen Verzehr. Sie k\u00f6nnen pur genossen werden oder passen perfekt zu Kaffee, Tee oder Milch. [&hellip;]<\/p>\n","protected":false},"featured_media":49311,"comment_status":"closed","ping_status":"closed","template":"","meta":[],"product_cat":[1824],"product_tag":[],"yoast_head":"<!-- This site is optimized with the Yoast SEO plugin v27.2 - https:\/\/yoast.com\/product\/yoast-seo-wordpress\/ -->\n<title>Eftazymo Mini-Zwieb\u00e4cke 300g - Chrisopigi<\/title>\n<meta name=\"robots\" content=\"index, follow, max-snippet:-1, max-image-preview:large, max-video-preview:-1\" \/>\n<link rel=\"canonical\" href=\"https:\/\/chrisopigi.gr\/de\/product\/eftazymo-mini-zwiebaecke-300g\/\" \/>\n<meta property=\"og:locale\" content=\"de_DE\" \/>\n<meta property=\"og:type\" content=\"article\" \/>\n<meta property=\"og:title\" content=\"Eftazymo Mini-Zwieb\u00e4cke 300g - Chrisopigi\" \/>\n<meta property=\"og:description\" content=\"Die Eftazymo Mini-Zwieb\u00e4cke sind traditionelle, knusprige kleine Zwieb\u00e4cke. Ihre Besonderheit liegt in der aufwendigen Herstellung: Sie werden mit einem speziellen Kichererbsen-Sauerteig (aus Kichererbsen gewonnene Hefe) gebacken und traditionell siebenmal geknetet. Dieser einzigartige Prozess verleiht ihnen einen unverwechselbaren, vollen Geschmack und eine besonders knusprige Textur \u2013 ideal f\u00fcr den t\u00e4glichen Verzehr. Sie k\u00f6nnen pur genossen werden oder passen perfekt zu Kaffee, Tee oder Milch. [&hellip;]\" \/>\n<meta property=\"og:url\" content=\"https:\/\/chrisopigi.gr\/de\/product\/eftazymo-mini-zwiebaecke-300g\/\" \/>\n<meta property=\"og:site_name\" content=\"Chrisopigi\" \/>\n<meta name=\"twitter:card\" content=\"summary_large_image\" \/>\n<script type=\"application\/ld+json\" class=\"yoast-schema-graph\">{\"@context\":\"https:\/\/schema.org\",\"@graph\":[{\"@type\":\"WebPage\",\"@id\":\"https:\/\/chrisopigi.gr\/de\/product\/eftazymo-mini-zwiebaecke-300g\/\",\"url\":\"https:\/\/chrisopigi.gr\/de\/product\/eftazymo-mini-zwiebaecke-300g\/\",\"name\":\"Eftazymo Mini-Zwieb\u00e4cke 300g - Chrisopigi\",\"isPartOf\":{\"@id\":\"https:\/\/chrisopigi.gr\/de\/#website\"},\"primaryImageOfPage\":{\"@id\":\"https:\/\/chrisopigi.gr\/de\/product\/eftazymo-mini-zwiebaecke-300g\/#primaryimage\"},\"image\":{\"@id\":\"https:\/\/chrisopigi.gr\/de\/product\/eftazymo-mini-zwiebaecke-300g\/#primaryimage\"},\"thumbnailUrl\":\"https:\/\/chrisopigi.gr\/wp-content\/uploads\/2025\/12\/image-71.png\",\"datePublished\":\"2026-04-26T17:48:40+00:00\",\"breadcrumb\":{\"@id\":\"https:\/\/chrisopigi.gr\/de\/product\/eftazymo-mini-zwiebaecke-300g\/#breadcrumb\"},\"inLanguage\":\"de\",\"potentialAction\":[{\"@type\":\"ReadAction\",\"target\":[\"https:\/\/chrisopigi.gr\/de\/product\/eftazymo-mini-zwiebaecke-300g\/\"]}]},{\"@type\":\"ImageObject\",\"inLanguage\":\"de\",\"@id\":\"https:\/\/chrisopigi.gr\/de\/product\/eftazymo-mini-zwiebaecke-300g\/#primaryimage\",\"url\":\"https:\/\/chrisopigi.gr\/wp-content\/uploads\/2025\/12\/image-71.png\",\"contentUrl\":\"https:\/\/chrisopigi.gr\/wp-content\/uploads\/2025\/12\/image-71.png\",\"width\":1200,\"height\":674},{\"@type\":\"BreadcrumbList\",\"@id\":\"https:\/\/chrisopigi.gr\/de\/product\/eftazymo-mini-zwiebaecke-300g\/#breadcrumb\",\"itemListElement\":[{\"@type\":\"ListItem\",\"position\":1,\"name\":\"\u0391\u03c1\u03c7\u03b9\u03ba\u03ae\",\"item\":\"https:\/\/chrisopigi.gr\/de\/\"},{\"@type\":\"ListItem\",\"position\":2,\"name\":\"Online-Shop\",\"item\":\"https:\/\/chrisopigi.gr\/online-shop\/\"},{\"@type\":\"ListItem\",\"position\":3,\"name\":\"Eftazymo Mini-Zwieb\u00e4cke 300g\"}]},{\"@type\":\"WebSite\",\"@id\":\"https:\/\/chrisopigi.gr\/de\/#website\",\"url\":\"https:\/\/chrisopigi.gr\/de\/\",\"name\":\"Chrisopigi\",\"description\":\"\u039a\u03c1\u03b7\u03c4\u03b9\u03ba\u03cc \u03b5\u03bb\u03b1\u03b9\u03cc\u03bb\u03b1\u03b4\u03bf &amp; \u03bc\u03ad\u03bb\u03b9 \u03b1\u03c0\u03cc \u03c4\u03b7\u03bd \u03a7\u03c1\u03c5\u03c3\u03bf\u03c0\u03b7\u03b3\u03ae \u03a3\u03b7\u03c4\u03b5\u03af\u03b1\u03c2\",\"potentialAction\":[{\"@type\":\"SearchAction\",\"target\":{\"@type\":\"EntryPoint\",\"urlTemplate\":\"https:\/\/chrisopigi.gr\/de\/?s={search_term_string}\"},\"query-input\":{\"@type\":\"PropertyValueSpecification\",\"valueRequired\":true,\"valueName\":\"search_term_string\"}}],\"inLanguage\":\"de\"}]}<\/script>\n<!-- \/ Yoast SEO plugin. -->","yoast_head_json":{"title":"Eftazymo Mini-Zwieb\u00e4cke 300g - Chrisopigi","robots":{"index":"index","follow":"follow","max-snippet":"max-snippet:-1","max-image-preview":"max-image-preview:large","max-video-preview":"max-video-preview:-1"},"canonical":"https:\/\/chrisopigi.gr\/de\/product\/eftazymo-mini-zwiebaecke-300g\/","og_locale":"de_DE","og_type":"article","og_title":"Eftazymo Mini-Zwieb\u00e4cke 300g - Chrisopigi","og_description":"Die Eftazymo Mini-Zwieb\u00e4cke sind traditionelle, knusprige kleine Zwieb\u00e4cke. Ihre Besonderheit liegt in der aufwendigen Herstellung: Sie werden mit einem speziellen Kichererbsen-Sauerteig (aus Kichererbsen gewonnene Hefe) gebacken und traditionell siebenmal geknetet. Dieser einzigartige Prozess verleiht ihnen einen unverwechselbaren, vollen Geschmack und eine besonders knusprige Textur \u2013 ideal f\u00fcr den t\u00e4glichen Verzehr. Sie k\u00f6nnen pur genossen werden oder passen perfekt zu Kaffee, Tee oder Milch. [&hellip;]","og_url":"https:\/\/chrisopigi.gr\/de\/product\/eftazymo-mini-zwiebaecke-300g\/","og_site_name":"Chrisopigi","twitter_card":"summary_large_image","schema":{"@context":"https:\/\/schema.org","@graph":[{"@type":"WebPage","@id":"https:\/\/chrisopigi.gr\/de\/product\/eftazymo-mini-zwiebaecke-300g\/","url":"https:\/\/chrisopigi.gr\/de\/product\/eftazymo-mini-zwiebaecke-300g\/","name":"Eftazymo Mini-Zwieb\u00e4cke 300g - Chrisopigi","isPartOf":{"@id":"https:\/\/chrisopigi.gr\/de\/#website"},"primaryImageOfPage":{"@id":"https:\/\/chrisopigi.gr\/de\/product\/eftazymo-mini-zwiebaecke-300g\/#primaryimage"},"image":{"@id":"https:\/\/chrisopigi.gr\/de\/product\/eftazymo-mini-zwiebaecke-300g\/#primaryimage"},"thumbnailUrl":"https:\/\/chrisopigi.gr\/wp-content\/uploads\/2025\/12\/image-71.png","datePublished":"2026-04-26T17:48:40+00:00","breadcrumb":{"@id":"https:\/\/chrisopigi.gr\/de\/product\/eftazymo-mini-zwiebaecke-300g\/#breadcrumb"},"inLanguage":"de","potentialAction":[{"@type":"ReadAction","target":["https:\/\/chrisopigi.gr\/de\/product\/eftazymo-mini-zwiebaecke-300g\/"]}]},{"@type":"ImageObject","inLanguage":"de","@id":"https:\/\/chrisopigi.gr\/de\/product\/eftazymo-mini-zwiebaecke-300g\/#primaryimage","url":"https:\/\/chrisopigi.gr\/wp-content\/uploads\/2025\/12\/image-71.png","contentUrl":"https:\/\/chrisopigi.gr\/wp-content\/uploads\/2025\/12\/image-71.png","width":1200,"height":674},{"@type":"BreadcrumbList","@id":"https:\/\/chrisopigi.gr\/de\/product\/eftazymo-mini-zwiebaecke-300g\/#breadcrumb","itemListElement":[{"@type":"ListItem","position":1,"name":"\u0391\u03c1\u03c7\u03b9\u03ba\u03ae","item":"https:\/\/chrisopigi.gr\/de\/"},{"@type":"ListItem","position":2,"name":"Online-Shop","item":"https:\/\/chrisopigi.gr\/online-shop\/"},{"@type":"ListItem","position":3,"name":"Eftazymo Mini-Zwieb\u00e4cke 300g"}]},{"@type":"WebSite","@id":"https:\/\/chrisopigi.gr\/de\/#website","url":"https:\/\/chrisopigi.gr\/de\/","name":"Chrisopigi","description":"\u039a\u03c1\u03b7\u03c4\u03b9\u03ba\u03cc \u03b5\u03bb\u03b1\u03b9\u03cc\u03bb\u03b1\u03b4\u03bf &amp; \u03bc\u03ad\u03bb\u03b9 \u03b1\u03c0\u03cc \u03c4\u03b7\u03bd \u03a7\u03c1\u03c5\u03c3\u03bf\u03c0\u03b7\u03b3\u03ae \u03a3\u03b7\u03c4\u03b5\u03af\u03b1\u03c2","potentialAction":[{"@type":"SearchAction","target":{"@type":"EntryPoint","urlTemplate":"https:\/\/chrisopigi.gr\/de\/?s={search_term_string}"},"query-input":{"@type":"PropertyValueSpecification","valueRequired":true,"valueName":"search_term_string"}}],"inLanguage":"de"}]}},"_links":{"self":[{"href":"https:\/\/chrisopigi.gr\/de\/wp-json\/wp\/v2\/product\/49310"}],"collection":[{"href":"https:\/\/chrisopigi.gr\/de\/wp-json\/wp\/v2\/product"}],"about":[{"href":"https:\/\/chrisopigi.gr\/de\/wp-json\/wp\/v2\/types\/product"}],"replies":[{"embeddable":true,"href":"https:\/\/chrisopigi.gr\/de\/wp-json\/wp\/v2\/comments?post=49310"}],"wp:featuredmedia":[{"embeddable":true,"href":"https:\/\/chrisopigi.gr\/de\/wp-json\/wp\/v2\/media\/49311"}],"wp:attachment":[{"href":"https:\/\/chrisopigi.gr\/de\/wp-json\/wp\/v2\/media?parent=49310"}],"wp:term":[{"taxonomy":"product_cat","embeddable":true,"href":"https:\/\/chrisopigi.gr\/de\/wp-json\/wp\/v2\/product_cat?post=49310"},{"taxonomy":"product_tag","embeddable":true,"href":"https:\/\/chrisopigi.gr\/de\/wp-json\/wp\/v2\/product_tag?post=49310"}],"curies":[{"name":"wp","href":"https:\/\/api.w.org\/{rel}","templated":true}]}}