{"id":49312,"date":"2025-12-15T19:27:51","date_gmt":"2026-04-26T17:51:52","guid":{"rendered":"https:\/\/chrisopigi.gr\/product\/mini-roggenzwiebaecke-400g\/"},"modified":"2026-04-26T20:51:52","modified_gmt":"2026-04-26T17:51:52","slug":"mini-roggenzwiebaecke-400g","status":"publish","type":"product","link":"https:\/\/chrisopigi.gr\/de\/product\/mini-roggenzwiebaecke-400g\/","title":{"rendered":"Mini-Roggenzwieb\u00e4cke 400g"},"content":{"rendered":"<p data-start=\"371\" data-end=\"586\">Die <strong data-start=\"374\" data-end=\"393\">Mini-Roggenzwieb\u00e4cke<\/strong> sind traditionelle, knusprige kleine Zwieb\u00e4cke aus Roggenmehl mit einem reichen Geschmack und einer charakteristischen Textur. Sie werden aus einfachen Zutaten hergestellt und sind eine besondere Wahl f\u00fcr den t\u00e4glichen Verzehr.<\/p>\n<p data-start=\"588\" data-end=\"625\">Sie passen ideal zu Kaffee, Tee oder Milch.<\/p>\n<p data-start=\"627\" data-end=\"732\"><strong data-start=\"627\" data-end=\"644\">Ideal f\u00fcr<\/strong>:<br data-start=\"644\" data-end=\"647\">Fr\u00fchst\u00fcck<br data-start=\"655\" data-end=\"658\">Kaffee &amp; Tee<br data-start=\"671\" data-end=\"674\">zum Anbieten f\u00fcr G\u00e4ste<br data-start=\"683\" data-end=\"686\">als Snack zwischendurch<br data-start=\"708\" data-end=\"711\">den traditionellen Tisch<\/p>\n<p data-start=\"734\" data-end=\"786\">Ein authentisches, traditionelles Produkt mit Roggengeschmack.<\/p>\n","protected":false},"excerpt":{"rendered":"<p>Die Mini-Roggenzwieb\u00e4cke sind traditionelle, knusprige kleine Zwieb\u00e4cke aus Roggenmehl mit einem reichen Geschmack und einer charakteristischen Textur. Sie werden aus einfachen Zutaten hergestellt und sind eine besondere Wahl f\u00fcr den t\u00e4glichen Verzehr. Sie passen ideal zu Kaffee, Tee oder Milch. Ideal f\u00fcr:Fr\u00fchst\u00fcckKaffee &amp; Teezum Anbieten f\u00fcr G\u00e4steals Snack zwischendurchden traditionellen Tisch Ein authentisches, traditionelles Produkt mit Roggengeschmack.<\/p>\n","protected":false},"featured_media":49313,"comment_status":"closed","ping_status":"closed","template":"","meta":[],"product_cat":[1824],"product_tag":[],"yoast_head":"<!-- This site is optimized with the Yoast SEO plugin v27.2 - https:\/\/yoast.com\/product\/yoast-seo-wordpress\/ -->\n<title>Mini-Roggenzwieb\u00e4cke 400g - Chrisopigi<\/title>\n<meta name=\"robots\" content=\"index, follow, max-snippet:-1, max-image-preview:large, max-video-preview:-1\" \/>\n<link rel=\"canonical\" href=\"https:\/\/chrisopigi.gr\/de\/product\/mini-roggenzwiebaecke-400g\/\" \/>\n<meta property=\"og:locale\" content=\"de_DE\" \/>\n<meta property=\"og:type\" content=\"article\" \/>\n<meta property=\"og:title\" content=\"Mini-Roggenzwieb\u00e4cke 400g - Chrisopigi\" \/>\n<meta property=\"og:description\" content=\"Die Mini-Roggenzwieb\u00e4cke sind traditionelle, knusprige kleine Zwieb\u00e4cke aus Roggenmehl mit einem reichen Geschmack und einer charakteristischen Textur. Sie werden aus einfachen Zutaten hergestellt und sind eine besondere Wahl f\u00fcr den t\u00e4glichen Verzehr. Sie passen ideal zu Kaffee, Tee oder Milch. Ideal f\u00fcr:Fr\u00fchst\u00fcckKaffee &amp; Teezum Anbieten f\u00fcr G\u00e4steals Snack zwischendurchden traditionellen Tisch Ein authentisches, traditionelles Produkt mit Roggengeschmack.\" \/>\n<meta property=\"og:url\" content=\"https:\/\/chrisopigi.gr\/de\/product\/mini-roggenzwiebaecke-400g\/\" \/>\n<meta property=\"og:site_name\" content=\"Chrisopigi\" \/>\n<meta name=\"twitter:card\" content=\"summary_large_image\" \/>\n<script type=\"application\/ld+json\" class=\"yoast-schema-graph\">{\"@context\":\"https:\/\/schema.org\",\"@graph\":[{\"@type\":\"WebPage\",\"@id\":\"https:\/\/chrisopigi.gr\/de\/product\/mini-roggenzwiebaecke-400g\/\",\"url\":\"https:\/\/chrisopigi.gr\/de\/product\/mini-roggenzwiebaecke-400g\/\",\"name\":\"Mini-Roggenzwieb\u00e4cke 400g - Chrisopigi\",\"isPartOf\":{\"@id\":\"https:\/\/chrisopigi.gr\/de\/#website\"},\"primaryImageOfPage\":{\"@id\":\"https:\/\/chrisopigi.gr\/de\/product\/mini-roggenzwiebaecke-400g\/#primaryimage\"},\"image\":{\"@id\":\"https:\/\/chrisopigi.gr\/de\/product\/mini-roggenzwiebaecke-400g\/#primaryimage\"},\"thumbnailUrl\":\"https:\/\/chrisopigi.gr\/wp-content\/uploads\/2025\/12\/image-70.png\",\"datePublished\":\"2026-04-26T17:51:52+00:00\",\"breadcrumb\":{\"@id\":\"https:\/\/chrisopigi.gr\/de\/product\/mini-roggenzwiebaecke-400g\/#breadcrumb\"},\"inLanguage\":\"de\",\"potentialAction\":[{\"@type\":\"ReadAction\",\"target\":[\"https:\/\/chrisopigi.gr\/de\/product\/mini-roggenzwiebaecke-400g\/\"]}]},{\"@type\":\"ImageObject\",\"inLanguage\":\"de\",\"@id\":\"https:\/\/chrisopigi.gr\/de\/product\/mini-roggenzwiebaecke-400g\/#primaryimage\",\"url\":\"https:\/\/chrisopigi.gr\/wp-content\/uploads\/2025\/12\/image-70.png\",\"contentUrl\":\"https:\/\/chrisopigi.gr\/wp-content\/uploads\/2025\/12\/image-70.png\",\"width\":1200,\"height\":675},{\"@type\":\"BreadcrumbList\",\"@id\":\"https:\/\/chrisopigi.gr\/de\/product\/mini-roggenzwiebaecke-400g\/#breadcrumb\",\"itemListElement\":[{\"@type\":\"ListItem\",\"position\":1,\"name\":\"\u0391\u03c1\u03c7\u03b9\u03ba\u03ae\",\"item\":\"https:\/\/chrisopigi.gr\/de\/\"},{\"@type\":\"ListItem\",\"position\":2,\"name\":\"Online-Shop\",\"item\":\"https:\/\/chrisopigi.gr\/online-shop\/\"},{\"@type\":\"ListItem\",\"position\":3,\"name\":\"Mini-Roggenzwieb\u00e4cke 400g\"}]},{\"@type\":\"WebSite\",\"@id\":\"https:\/\/chrisopigi.gr\/de\/#website\",\"url\":\"https:\/\/chrisopigi.gr\/de\/\",\"name\":\"Chrisopigi\",\"description\":\"\u039a\u03c1\u03b7\u03c4\u03b9\u03ba\u03cc \u03b5\u03bb\u03b1\u03b9\u03cc\u03bb\u03b1\u03b4\u03bf &amp; \u03bc\u03ad\u03bb\u03b9 \u03b1\u03c0\u03cc \u03c4\u03b7\u03bd \u03a7\u03c1\u03c5\u03c3\u03bf\u03c0\u03b7\u03b3\u03ae \u03a3\u03b7\u03c4\u03b5\u03af\u03b1\u03c2\",\"potentialAction\":[{\"@type\":\"SearchAction\",\"target\":{\"@type\":\"EntryPoint\",\"urlTemplate\":\"https:\/\/chrisopigi.gr\/de\/?s={search_term_string}\"},\"query-input\":{\"@type\":\"PropertyValueSpecification\",\"valueRequired\":true,\"valueName\":\"search_term_string\"}}],\"inLanguage\":\"de\"}]}<\/script>\n<!-- \/ Yoast SEO plugin. -->","yoast_head_json":{"title":"Mini-Roggenzwieb\u00e4cke 400g - Chrisopigi","robots":{"index":"index","follow":"follow","max-snippet":"max-snippet:-1","max-image-preview":"max-image-preview:large","max-video-preview":"max-video-preview:-1"},"canonical":"https:\/\/chrisopigi.gr\/de\/product\/mini-roggenzwiebaecke-400g\/","og_locale":"de_DE","og_type":"article","og_title":"Mini-Roggenzwieb\u00e4cke 400g - Chrisopigi","og_description":"Die Mini-Roggenzwieb\u00e4cke sind traditionelle, knusprige kleine Zwieb\u00e4cke aus Roggenmehl mit einem reichen Geschmack und einer charakteristischen Textur. Sie werden aus einfachen Zutaten hergestellt und sind eine besondere Wahl f\u00fcr den t\u00e4glichen Verzehr. Sie passen ideal zu Kaffee, Tee oder Milch. Ideal f\u00fcr:Fr\u00fchst\u00fcckKaffee &amp; Teezum Anbieten f\u00fcr G\u00e4steals Snack zwischendurchden traditionellen Tisch Ein authentisches, traditionelles Produkt mit Roggengeschmack.","og_url":"https:\/\/chrisopigi.gr\/de\/product\/mini-roggenzwiebaecke-400g\/","og_site_name":"Chrisopigi","twitter_card":"summary_large_image","schema":{"@context":"https:\/\/schema.org","@graph":[{"@type":"WebPage","@id":"https:\/\/chrisopigi.gr\/de\/product\/mini-roggenzwiebaecke-400g\/","url":"https:\/\/chrisopigi.gr\/de\/product\/mini-roggenzwiebaecke-400g\/","name":"Mini-Roggenzwieb\u00e4cke 400g - Chrisopigi","isPartOf":{"@id":"https:\/\/chrisopigi.gr\/de\/#website"},"primaryImageOfPage":{"@id":"https:\/\/chrisopigi.gr\/de\/product\/mini-roggenzwiebaecke-400g\/#primaryimage"},"image":{"@id":"https:\/\/chrisopigi.gr\/de\/product\/mini-roggenzwiebaecke-400g\/#primaryimage"},"thumbnailUrl":"https:\/\/chrisopigi.gr\/wp-content\/uploads\/2025\/12\/image-70.png","datePublished":"2026-04-26T17:51:52+00:00","breadcrumb":{"@id":"https:\/\/chrisopigi.gr\/de\/product\/mini-roggenzwiebaecke-400g\/#breadcrumb"},"inLanguage":"de","potentialAction":[{"@type":"ReadAction","target":["https:\/\/chrisopigi.gr\/de\/product\/mini-roggenzwiebaecke-400g\/"]}]},{"@type":"ImageObject","inLanguage":"de","@id":"https:\/\/chrisopigi.gr\/de\/product\/mini-roggenzwiebaecke-400g\/#primaryimage","url":"https:\/\/chrisopigi.gr\/wp-content\/uploads\/2025\/12\/image-70.png","contentUrl":"https:\/\/chrisopigi.gr\/wp-content\/uploads\/2025\/12\/image-70.png","width":1200,"height":675},{"@type":"BreadcrumbList","@id":"https:\/\/chrisopigi.gr\/de\/product\/mini-roggenzwiebaecke-400g\/#breadcrumb","itemListElement":[{"@type":"ListItem","position":1,"name":"\u0391\u03c1\u03c7\u03b9\u03ba\u03ae","item":"https:\/\/chrisopigi.gr\/de\/"},{"@type":"ListItem","position":2,"name":"Online-Shop","item":"https:\/\/chrisopigi.gr\/online-shop\/"},{"@type":"ListItem","position":3,"name":"Mini-Roggenzwieb\u00e4cke 400g"}]},{"@type":"WebSite","@id":"https:\/\/chrisopigi.gr\/de\/#website","url":"https:\/\/chrisopigi.gr\/de\/","name":"Chrisopigi","description":"\u039a\u03c1\u03b7\u03c4\u03b9\u03ba\u03cc \u03b5\u03bb\u03b1\u03b9\u03cc\u03bb\u03b1\u03b4\u03bf &amp; \u03bc\u03ad\u03bb\u03b9 \u03b1\u03c0\u03cc \u03c4\u03b7\u03bd \u03a7\u03c1\u03c5\u03c3\u03bf\u03c0\u03b7\u03b3\u03ae \u03a3\u03b7\u03c4\u03b5\u03af\u03b1\u03c2","potentialAction":[{"@type":"SearchAction","target":{"@type":"EntryPoint","urlTemplate":"https:\/\/chrisopigi.gr\/de\/?s={search_term_string}"},"query-input":{"@type":"PropertyValueSpecification","valueRequired":true,"valueName":"search_term_string"}}],"inLanguage":"de"}]}},"_links":{"self":[{"href":"https:\/\/chrisopigi.gr\/de\/wp-json\/wp\/v2\/product\/49312"}],"collection":[{"href":"https:\/\/chrisopigi.gr\/de\/wp-json\/wp\/v2\/product"}],"about":[{"href":"https:\/\/chrisopigi.gr\/de\/wp-json\/wp\/v2\/types\/product"}],"replies":[{"embeddable":true,"href":"https:\/\/chrisopigi.gr\/de\/wp-json\/wp\/v2\/comments?post=49312"}],"wp:featuredmedia":[{"embeddable":true,"href":"https:\/\/chrisopigi.gr\/de\/wp-json\/wp\/v2\/media\/49313"}],"wp:attachment":[{"href":"https:\/\/chrisopigi.gr\/de\/wp-json\/wp\/v2\/media?parent=49312"}],"wp:term":[{"taxonomy":"product_cat","embeddable":true,"href":"https:\/\/chrisopigi.gr\/de\/wp-json\/wp\/v2\/product_cat?post=49312"},{"taxonomy":"product_tag","embeddable":true,"href":"https:\/\/chrisopigi.gr\/de\/wp-json\/wp\/v2\/product_tag?post=49312"}],"curies":[{"name":"wp","href":"https:\/\/api.w.org\/{rel}","templated":true}]}}