{"id":49314,"date":"2025-12-15T19:20:21","date_gmt":"2026-04-26T17:55:06","guid":{"rendered":"https:\/\/chrisopigi.gr\/product\/kavroumades-400g\/"},"modified":"2026-04-26T20:55:06","modified_gmt":"2026-04-26T17:55:06","slug":"kavroumades-400g","status":"publish","type":"product","link":"https:\/\/chrisopigi.gr\/de\/product\/kavroumades-400g\/","title":{"rendered":"Kavroumades 400g"},"content":{"rendered":"<p data-start=\"336\" data-end=\"516\">Die <strong data-start=\"339\" data-end=\"363\">Vanille-Kavroumades<\/strong> sind traditionelle Kekse mit einer knusprigen Textur und einem milden Vanillegeschmack. Sie werden aus einfachen Zutaten hergestellt und sind eine ideale Wahl f\u00fcr den t\u00e4glichen Genuss.<\/p>\n<p data-start=\"518\" data-end=\"554\">Sie passen perfekt zu Kaffee, Tee oder Milch.<\/p>\n<p data-start=\"556\" data-end=\"661\"><strong data-start=\"556\" data-end=\"573\">Ideal f\u00fcr<\/strong>:<br data-start=\"573\" data-end=\"576\">Fr\u00fchst\u00fcck<br data-start=\"584\" data-end=\"587\">Kaffee &amp; Tee<br data-start=\"600\" data-end=\"603\">zum Anbieten f\u00fcr G\u00e4ste<br data-start=\"612\" data-end=\"615\">als Snack zwischendurch<br data-start=\"637\" data-end=\"640\">den traditionellen Tisch<\/p>\n<p data-start=\"663\" data-end=\"716\">Ein klassischer, beliebter Keks mit traditionellem Geschmack.<\/p>\n","protected":false},"excerpt":{"rendered":"<p>Die Vanille-Kavroumades sind traditionelle Kekse mit einer knusprigen Textur und einem milden Vanillegeschmack. Sie werden aus einfachen Zutaten hergestellt und sind eine ideale Wahl f\u00fcr den t\u00e4glichen Genuss. Sie passen perfekt zu Kaffee, Tee oder Milch. Ideal f\u00fcr:Fr\u00fchst\u00fcckKaffee &amp; Teezum Anbieten f\u00fcr G\u00e4steals Snack zwischendurchden traditionellen Tisch Ein klassischer, beliebter Keks mit traditionellem Geschmack.<\/p>\n","protected":false},"featured_media":49315,"comment_status":"closed","ping_status":"closed","template":"","meta":[],"product_cat":[1824],"product_tag":[],"yoast_head":"<!-- This site is optimized with the Yoast SEO plugin v27.2 - https:\/\/yoast.com\/product\/yoast-seo-wordpress\/ -->\n<title>Kavroumades 400g - Chrisopigi<\/title>\n<meta name=\"robots\" content=\"index, follow, max-snippet:-1, max-image-preview:large, max-video-preview:-1\" \/>\n<link rel=\"canonical\" href=\"https:\/\/chrisopigi.gr\/de\/product\/kavroumades-400g\/\" \/>\n<meta property=\"og:locale\" content=\"de_DE\" \/>\n<meta property=\"og:type\" content=\"article\" \/>\n<meta property=\"og:title\" content=\"Kavroumades 400g - Chrisopigi\" \/>\n<meta property=\"og:description\" content=\"Die Vanille-Kavroumades sind traditionelle Kekse mit einer knusprigen Textur und einem milden Vanillegeschmack. Sie werden aus einfachen Zutaten hergestellt und sind eine ideale Wahl f\u00fcr den t\u00e4glichen Genuss. Sie passen perfekt zu Kaffee, Tee oder Milch. Ideal f\u00fcr:Fr\u00fchst\u00fcckKaffee &amp; Teezum Anbieten f\u00fcr G\u00e4steals Snack zwischendurchden traditionellen Tisch Ein klassischer, beliebter Keks mit traditionellem Geschmack.\" \/>\n<meta property=\"og:url\" content=\"https:\/\/chrisopigi.gr\/de\/product\/kavroumades-400g\/\" \/>\n<meta property=\"og:site_name\" content=\"Chrisopigi\" \/>\n<meta name=\"twitter:card\" content=\"summary_large_image\" \/>\n<script type=\"application\/ld+json\" class=\"yoast-schema-graph\">{\"@context\":\"https:\/\/schema.org\",\"@graph\":[{\"@type\":\"WebPage\",\"@id\":\"https:\/\/chrisopigi.gr\/de\/product\/kavroumades-400g\/\",\"url\":\"https:\/\/chrisopigi.gr\/de\/product\/kavroumades-400g\/\",\"name\":\"Kavroumades 400g - Chrisopigi\",\"isPartOf\":{\"@id\":\"https:\/\/chrisopigi.gr\/de\/#website\"},\"primaryImageOfPage\":{\"@id\":\"https:\/\/chrisopigi.gr\/de\/product\/kavroumades-400g\/#primaryimage\"},\"image\":{\"@id\":\"https:\/\/chrisopigi.gr\/de\/product\/kavroumades-400g\/#primaryimage\"},\"thumbnailUrl\":\"https:\/\/chrisopigi.gr\/wp-content\/uploads\/2025\/12\/resized_image_1000x563_sharp_15.png\",\"datePublished\":\"2026-04-26T17:55:06+00:00\",\"breadcrumb\":{\"@id\":\"https:\/\/chrisopigi.gr\/de\/product\/kavroumades-400g\/#breadcrumb\"},\"inLanguage\":\"de\",\"potentialAction\":[{\"@type\":\"ReadAction\",\"target\":[\"https:\/\/chrisopigi.gr\/de\/product\/kavroumades-400g\/\"]}]},{\"@type\":\"ImageObject\",\"inLanguage\":\"de\",\"@id\":\"https:\/\/chrisopigi.gr\/de\/product\/kavroumades-400g\/#primaryimage\",\"url\":\"https:\/\/chrisopigi.gr\/wp-content\/uploads\/2025\/12\/resized_image_1000x563_sharp_15.png\",\"contentUrl\":\"https:\/\/chrisopigi.gr\/wp-content\/uploads\/2025\/12\/resized_image_1000x563_sharp_15.png\",\"width\":1000,\"height\":563},{\"@type\":\"BreadcrumbList\",\"@id\":\"https:\/\/chrisopigi.gr\/de\/product\/kavroumades-400g\/#breadcrumb\",\"itemListElement\":[{\"@type\":\"ListItem\",\"position\":1,\"name\":\"\u0391\u03c1\u03c7\u03b9\u03ba\u03ae\",\"item\":\"https:\/\/chrisopigi.gr\/de\/\"},{\"@type\":\"ListItem\",\"position\":2,\"name\":\"Online-Shop\",\"item\":\"https:\/\/chrisopigi.gr\/online-shop\/\"},{\"@type\":\"ListItem\",\"position\":3,\"name\":\"Kavroumades 400g\"}]},{\"@type\":\"WebSite\",\"@id\":\"https:\/\/chrisopigi.gr\/de\/#website\",\"url\":\"https:\/\/chrisopigi.gr\/de\/\",\"name\":\"Chrisopigi\",\"description\":\"\u039a\u03c1\u03b7\u03c4\u03b9\u03ba\u03cc \u03b5\u03bb\u03b1\u03b9\u03cc\u03bb\u03b1\u03b4\u03bf &amp; \u03bc\u03ad\u03bb\u03b9 \u03b1\u03c0\u03cc \u03c4\u03b7\u03bd \u03a7\u03c1\u03c5\u03c3\u03bf\u03c0\u03b7\u03b3\u03ae \u03a3\u03b7\u03c4\u03b5\u03af\u03b1\u03c2\",\"potentialAction\":[{\"@type\":\"SearchAction\",\"target\":{\"@type\":\"EntryPoint\",\"urlTemplate\":\"https:\/\/chrisopigi.gr\/de\/?s={search_term_string}\"},\"query-input\":{\"@type\":\"PropertyValueSpecification\",\"valueRequired\":true,\"valueName\":\"search_term_string\"}}],\"inLanguage\":\"de\"}]}<\/script>\n<!-- \/ Yoast SEO plugin. -->","yoast_head_json":{"title":"Kavroumades 400g - Chrisopigi","robots":{"index":"index","follow":"follow","max-snippet":"max-snippet:-1","max-image-preview":"max-image-preview:large","max-video-preview":"max-video-preview:-1"},"canonical":"https:\/\/chrisopigi.gr\/de\/product\/kavroumades-400g\/","og_locale":"de_DE","og_type":"article","og_title":"Kavroumades 400g - Chrisopigi","og_description":"Die Vanille-Kavroumades sind traditionelle Kekse mit einer knusprigen Textur und einem milden Vanillegeschmack. Sie werden aus einfachen Zutaten hergestellt und sind eine ideale Wahl f\u00fcr den t\u00e4glichen Genuss. Sie passen perfekt zu Kaffee, Tee oder Milch. Ideal f\u00fcr:Fr\u00fchst\u00fcckKaffee &amp; Teezum Anbieten f\u00fcr G\u00e4steals Snack zwischendurchden traditionellen Tisch Ein klassischer, beliebter Keks mit traditionellem Geschmack.","og_url":"https:\/\/chrisopigi.gr\/de\/product\/kavroumades-400g\/","og_site_name":"Chrisopigi","twitter_card":"summary_large_image","schema":{"@context":"https:\/\/schema.org","@graph":[{"@type":"WebPage","@id":"https:\/\/chrisopigi.gr\/de\/product\/kavroumades-400g\/","url":"https:\/\/chrisopigi.gr\/de\/product\/kavroumades-400g\/","name":"Kavroumades 400g - Chrisopigi","isPartOf":{"@id":"https:\/\/chrisopigi.gr\/de\/#website"},"primaryImageOfPage":{"@id":"https:\/\/chrisopigi.gr\/de\/product\/kavroumades-400g\/#primaryimage"},"image":{"@id":"https:\/\/chrisopigi.gr\/de\/product\/kavroumades-400g\/#primaryimage"},"thumbnailUrl":"https:\/\/chrisopigi.gr\/wp-content\/uploads\/2025\/12\/resized_image_1000x563_sharp_15.png","datePublished":"2026-04-26T17:55:06+00:00","breadcrumb":{"@id":"https:\/\/chrisopigi.gr\/de\/product\/kavroumades-400g\/#breadcrumb"},"inLanguage":"de","potentialAction":[{"@type":"ReadAction","target":["https:\/\/chrisopigi.gr\/de\/product\/kavroumades-400g\/"]}]},{"@type":"ImageObject","inLanguage":"de","@id":"https:\/\/chrisopigi.gr\/de\/product\/kavroumades-400g\/#primaryimage","url":"https:\/\/chrisopigi.gr\/wp-content\/uploads\/2025\/12\/resized_image_1000x563_sharp_15.png","contentUrl":"https:\/\/chrisopigi.gr\/wp-content\/uploads\/2025\/12\/resized_image_1000x563_sharp_15.png","width":1000,"height":563},{"@type":"BreadcrumbList","@id":"https:\/\/chrisopigi.gr\/de\/product\/kavroumades-400g\/#breadcrumb","itemListElement":[{"@type":"ListItem","position":1,"name":"\u0391\u03c1\u03c7\u03b9\u03ba\u03ae","item":"https:\/\/chrisopigi.gr\/de\/"},{"@type":"ListItem","position":2,"name":"Online-Shop","item":"https:\/\/chrisopigi.gr\/online-shop\/"},{"@type":"ListItem","position":3,"name":"Kavroumades 400g"}]},{"@type":"WebSite","@id":"https:\/\/chrisopigi.gr\/de\/#website","url":"https:\/\/chrisopigi.gr\/de\/","name":"Chrisopigi","description":"\u039a\u03c1\u03b7\u03c4\u03b9\u03ba\u03cc \u03b5\u03bb\u03b1\u03b9\u03cc\u03bb\u03b1\u03b4\u03bf &amp; \u03bc\u03ad\u03bb\u03b9 \u03b1\u03c0\u03cc \u03c4\u03b7\u03bd \u03a7\u03c1\u03c5\u03c3\u03bf\u03c0\u03b7\u03b3\u03ae \u03a3\u03b7\u03c4\u03b5\u03af\u03b1\u03c2","potentialAction":[{"@type":"SearchAction","target":{"@type":"EntryPoint","urlTemplate":"https:\/\/chrisopigi.gr\/de\/?s={search_term_string}"},"query-input":{"@type":"PropertyValueSpecification","valueRequired":true,"valueName":"search_term_string"}}],"inLanguage":"de"}]}},"_links":{"self":[{"href":"https:\/\/chrisopigi.gr\/de\/wp-json\/wp\/v2\/product\/49314"}],"collection":[{"href":"https:\/\/chrisopigi.gr\/de\/wp-json\/wp\/v2\/product"}],"about":[{"href":"https:\/\/chrisopigi.gr\/de\/wp-json\/wp\/v2\/types\/product"}],"replies":[{"embeddable":true,"href":"https:\/\/chrisopigi.gr\/de\/wp-json\/wp\/v2\/comments?post=49314"}],"wp:featuredmedia":[{"embeddable":true,"href":"https:\/\/chrisopigi.gr\/de\/wp-json\/wp\/v2\/media\/49315"}],"wp:attachment":[{"href":"https:\/\/chrisopigi.gr\/de\/wp-json\/wp\/v2\/media?parent=49314"}],"wp:term":[{"taxonomy":"product_cat","embeddable":true,"href":"https:\/\/chrisopigi.gr\/de\/wp-json\/wp\/v2\/product_cat?post=49314"},{"taxonomy":"product_tag","embeddable":true,"href":"https:\/\/chrisopigi.gr\/de\/wp-json\/wp\/v2\/product_tag?post=49314"}],"curies":[{"name":"wp","href":"https:\/\/api.w.org\/{rel}","templated":true}]}}