{"id":49337,"date":"2025-12-09T19:01:34","date_gmt":"2026-04-26T21:26:11","guid":{"rendered":"https:\/\/chrisopigi.gr\/product\/naturbelassene-chios-mastix-20g\/"},"modified":"2026-04-27T00:26:11","modified_gmt":"2026-04-26T21:26:11","slug":"naturbelassene-chios-mastix-20g","status":"publish","type":"product","link":"https:\/\/chrisopigi.gr\/de\/product\/naturbelassene-chios-mastix-20g\/","title":{"rendered":"Naturbelassene Chios-Mastix 20g"},"content":{"rendered":"<p>Studien haben ihren Beitrag zur Gesundheit des Magen-Darm-Trakts bewiesen, da sie den Cholesterinspiegel senkt und eine lebersch\u00fctzende Wirkung bietet, w\u00e4hrend sie Triglyceride und Blutzucker niedrig h\u00e4lt.<\/p>\n<p>1. Hilft intensiv bei Sodbrennen. Wenn Sie Beschwerden haben, w\u00e4hlen Sie 2 St\u00fccke (ein hartes und ein weiches aufgrund der klebrigen Textur) und kauen Sie diese f\u00fcr eine Weile. Dies k\u00f6nnen Sie t\u00e4glich tun.<\/p>\n<p>2. Sie wird normal wie Kaugummi konsumiert, mit dem Unterschied, dass sie nat\u00fcrlich, ohne Verarbeitung und Konservierungsstoffe ist \ud83d\ude09<\/p>\n<p>PERFEKTER TIPP ZUM KOCHEN \ud83d\udc68\u200d\ud83c\udf73<\/p>\n<p>Sie k\u00f6nnen sie in einem M\u00f6rser zu Pulver zersto\u00dfen und zum Kochen und\/oder Backen verwenden.<\/p>\n","protected":false},"excerpt":{"rendered":"<p>Studien haben ihren Beitrag zur Gesundheit des Magen-Darm-Trakts bewiesen, da sie den Cholesterinspiegel senkt und eine lebersch\u00fctzende Wirkung bietet, w\u00e4hrend sie Triglyceride und Blutzucker niedrig h\u00e4lt. 1. Hilft intensiv bei Sodbrennen. Wenn Sie Beschwerden haben, w\u00e4hlen Sie 2 St\u00fccke (ein hartes und ein weiches aufgrund der klebrigen Textur) und kauen Sie diese f\u00fcr eine Weile. Dies k\u00f6nnen Sie t\u00e4glich tun. 2. Sie wird [&hellip;]<\/p>\n","protected":false},"featured_media":49323,"comment_status":"closed","ping_status":"closed","template":"","meta":[],"product_cat":[1825],"product_tag":[],"yoast_head":"<!-- This site is optimized with the Yoast SEO plugin v27.2 - https:\/\/yoast.com\/product\/yoast-seo-wordpress\/ -->\n<title>Naturbelassene Chios-Mastix 20g - Chrisopigi<\/title>\n<meta name=\"robots\" content=\"index, follow, max-snippet:-1, max-image-preview:large, max-video-preview:-1\" \/>\n<link rel=\"canonical\" href=\"https:\/\/chrisopigi.gr\/de\/product\/naturbelassene-chios-mastix-20g\/\" \/>\n<meta property=\"og:locale\" content=\"de_DE\" \/>\n<meta property=\"og:type\" content=\"article\" \/>\n<meta property=\"og:title\" content=\"Naturbelassene Chios-Mastix 20g - Chrisopigi\" \/>\n<meta property=\"og:description\" content=\"Studien haben ihren Beitrag zur Gesundheit des Magen-Darm-Trakts bewiesen, da sie den Cholesterinspiegel senkt und eine lebersch\u00fctzende Wirkung bietet, w\u00e4hrend sie Triglyceride und Blutzucker niedrig h\u00e4lt. 1. Hilft intensiv bei Sodbrennen. Wenn Sie Beschwerden haben, w\u00e4hlen Sie 2 St\u00fccke (ein hartes und ein weiches aufgrund der klebrigen Textur) und kauen Sie diese f\u00fcr eine Weile. Dies k\u00f6nnen Sie t\u00e4glich tun. 2. Sie wird [&hellip;]\" \/>\n<meta property=\"og:url\" content=\"https:\/\/chrisopigi.gr\/de\/product\/naturbelassene-chios-mastix-20g\/\" \/>\n<meta property=\"og:site_name\" content=\"Chrisopigi\" \/>\n<meta name=\"twitter:card\" content=\"summary_large_image\" \/>\n<meta name=\"twitter:label1\" content=\"Gesch\u00e4tzte Lesezeit\" \/>\n\t<meta name=\"twitter:data1\" content=\"1\u00a0Minute\" \/>\n<script type=\"application\/ld+json\" class=\"yoast-schema-graph\">{\"@context\":\"https:\/\/schema.org\",\"@graph\":[{\"@type\":\"WebPage\",\"@id\":\"https:\/\/chrisopigi.gr\/de\/product\/naturbelassene-chios-mastix-20g\/\",\"url\":\"https:\/\/chrisopigi.gr\/de\/product\/naturbelassene-chios-mastix-20g\/\",\"name\":\"Naturbelassene Chios-Mastix 20g - Chrisopigi\",\"isPartOf\":{\"@id\":\"https:\/\/chrisopigi.gr\/de\/#website\"},\"primaryImageOfPage\":{\"@id\":\"https:\/\/chrisopigi.gr\/de\/product\/naturbelassene-chios-mastix-20g\/#primaryimage\"},\"image\":{\"@id\":\"https:\/\/chrisopigi.gr\/de\/product\/naturbelassene-chios-mastix-20g\/#primaryimage\"},\"thumbnailUrl\":\"https:\/\/chrisopigi.gr\/wp-content\/uploads\/2025\/12\/image-45.jpeg\",\"datePublished\":\"2026-04-26T21:26:11+00:00\",\"breadcrumb\":{\"@id\":\"https:\/\/chrisopigi.gr\/de\/product\/naturbelassene-chios-mastix-20g\/#breadcrumb\"},\"inLanguage\":\"de\",\"potentialAction\":[{\"@type\":\"ReadAction\",\"target\":[\"https:\/\/chrisopigi.gr\/de\/product\/naturbelassene-chios-mastix-20g\/\"]}]},{\"@type\":\"ImageObject\",\"inLanguage\":\"de\",\"@id\":\"https:\/\/chrisopigi.gr\/de\/product\/naturbelassene-chios-mastix-20g\/#primaryimage\",\"url\":\"https:\/\/chrisopigi.gr\/wp-content\/uploads\/2025\/12\/image-45.jpeg\",\"contentUrl\":\"https:\/\/chrisopigi.gr\/wp-content\/uploads\/2025\/12\/image-45.jpeg\",\"width\":1200,\"height\":1200},{\"@type\":\"BreadcrumbList\",\"@id\":\"https:\/\/chrisopigi.gr\/de\/product\/naturbelassene-chios-mastix-20g\/#breadcrumb\",\"itemListElement\":[{\"@type\":\"ListItem\",\"position\":1,\"name\":\"\u0391\u03c1\u03c7\u03b9\u03ba\u03ae\",\"item\":\"https:\/\/chrisopigi.gr\/de\/\"},{\"@type\":\"ListItem\",\"position\":2,\"name\":\"Online-Shop\",\"item\":\"https:\/\/chrisopigi.gr\/online-shop\/\"},{\"@type\":\"ListItem\",\"position\":3,\"name\":\"Naturbelassene Chios-Mastix 20g\"}]},{\"@type\":\"WebSite\",\"@id\":\"https:\/\/chrisopigi.gr\/de\/#website\",\"url\":\"https:\/\/chrisopigi.gr\/de\/\",\"name\":\"Chrisopigi\",\"description\":\"\u039a\u03c1\u03b7\u03c4\u03b9\u03ba\u03cc \u03b5\u03bb\u03b1\u03b9\u03cc\u03bb\u03b1\u03b4\u03bf &amp; \u03bc\u03ad\u03bb\u03b9 \u03b1\u03c0\u03cc \u03c4\u03b7\u03bd \u03a7\u03c1\u03c5\u03c3\u03bf\u03c0\u03b7\u03b3\u03ae \u03a3\u03b7\u03c4\u03b5\u03af\u03b1\u03c2\",\"potentialAction\":[{\"@type\":\"SearchAction\",\"target\":{\"@type\":\"EntryPoint\",\"urlTemplate\":\"https:\/\/chrisopigi.gr\/de\/?s={search_term_string}\"},\"query-input\":{\"@type\":\"PropertyValueSpecification\",\"valueRequired\":true,\"valueName\":\"search_term_string\"}}],\"inLanguage\":\"de\"}]}<\/script>\n<!-- \/ Yoast SEO plugin. -->","yoast_head_json":{"title":"Naturbelassene Chios-Mastix 20g - Chrisopigi","robots":{"index":"index","follow":"follow","max-snippet":"max-snippet:-1","max-image-preview":"max-image-preview:large","max-video-preview":"max-video-preview:-1"},"canonical":"https:\/\/chrisopigi.gr\/de\/product\/naturbelassene-chios-mastix-20g\/","og_locale":"de_DE","og_type":"article","og_title":"Naturbelassene Chios-Mastix 20g - Chrisopigi","og_description":"Studien haben ihren Beitrag zur Gesundheit des Magen-Darm-Trakts bewiesen, da sie den Cholesterinspiegel senkt und eine lebersch\u00fctzende Wirkung bietet, w\u00e4hrend sie Triglyceride und Blutzucker niedrig h\u00e4lt. 1. Hilft intensiv bei Sodbrennen. Wenn Sie Beschwerden haben, w\u00e4hlen Sie 2 St\u00fccke (ein hartes und ein weiches aufgrund der klebrigen Textur) und kauen Sie diese f\u00fcr eine Weile. Dies k\u00f6nnen Sie t\u00e4glich tun. 2. Sie wird [&hellip;]","og_url":"https:\/\/chrisopigi.gr\/de\/product\/naturbelassene-chios-mastix-20g\/","og_site_name":"Chrisopigi","twitter_card":"summary_large_image","twitter_misc":{"Gesch\u00e4tzte Lesezeit":"1\u00a0Minute"},"schema":{"@context":"https:\/\/schema.org","@graph":[{"@type":"WebPage","@id":"https:\/\/chrisopigi.gr\/de\/product\/naturbelassene-chios-mastix-20g\/","url":"https:\/\/chrisopigi.gr\/de\/product\/naturbelassene-chios-mastix-20g\/","name":"Naturbelassene Chios-Mastix 20g - Chrisopigi","isPartOf":{"@id":"https:\/\/chrisopigi.gr\/de\/#website"},"primaryImageOfPage":{"@id":"https:\/\/chrisopigi.gr\/de\/product\/naturbelassene-chios-mastix-20g\/#primaryimage"},"image":{"@id":"https:\/\/chrisopigi.gr\/de\/product\/naturbelassene-chios-mastix-20g\/#primaryimage"},"thumbnailUrl":"https:\/\/chrisopigi.gr\/wp-content\/uploads\/2025\/12\/image-45.jpeg","datePublished":"2026-04-26T21:26:11+00:00","breadcrumb":{"@id":"https:\/\/chrisopigi.gr\/de\/product\/naturbelassene-chios-mastix-20g\/#breadcrumb"},"inLanguage":"de","potentialAction":[{"@type":"ReadAction","target":["https:\/\/chrisopigi.gr\/de\/product\/naturbelassene-chios-mastix-20g\/"]}]},{"@type":"ImageObject","inLanguage":"de","@id":"https:\/\/chrisopigi.gr\/de\/product\/naturbelassene-chios-mastix-20g\/#primaryimage","url":"https:\/\/chrisopigi.gr\/wp-content\/uploads\/2025\/12\/image-45.jpeg","contentUrl":"https:\/\/chrisopigi.gr\/wp-content\/uploads\/2025\/12\/image-45.jpeg","width":1200,"height":1200},{"@type":"BreadcrumbList","@id":"https:\/\/chrisopigi.gr\/de\/product\/naturbelassene-chios-mastix-20g\/#breadcrumb","itemListElement":[{"@type":"ListItem","position":1,"name":"\u0391\u03c1\u03c7\u03b9\u03ba\u03ae","item":"https:\/\/chrisopigi.gr\/de\/"},{"@type":"ListItem","position":2,"name":"Online-Shop","item":"https:\/\/chrisopigi.gr\/online-shop\/"},{"@type":"ListItem","position":3,"name":"Naturbelassene Chios-Mastix 20g"}]},{"@type":"WebSite","@id":"https:\/\/chrisopigi.gr\/de\/#website","url":"https:\/\/chrisopigi.gr\/de\/","name":"Chrisopigi","description":"\u039a\u03c1\u03b7\u03c4\u03b9\u03ba\u03cc \u03b5\u03bb\u03b1\u03b9\u03cc\u03bb\u03b1\u03b4\u03bf &amp; \u03bc\u03ad\u03bb\u03b9 \u03b1\u03c0\u03cc \u03c4\u03b7\u03bd \u03a7\u03c1\u03c5\u03c3\u03bf\u03c0\u03b7\u03b3\u03ae \u03a3\u03b7\u03c4\u03b5\u03af\u03b1\u03c2","potentialAction":[{"@type":"SearchAction","target":{"@type":"EntryPoint","urlTemplate":"https:\/\/chrisopigi.gr\/de\/?s={search_term_string}"},"query-input":{"@type":"PropertyValueSpecification","valueRequired":true,"valueName":"search_term_string"}}],"inLanguage":"de"}]}},"_links":{"self":[{"href":"https:\/\/chrisopigi.gr\/de\/wp-json\/wp\/v2\/product\/49337"}],"collection":[{"href":"https:\/\/chrisopigi.gr\/de\/wp-json\/wp\/v2\/product"}],"about":[{"href":"https:\/\/chrisopigi.gr\/de\/wp-json\/wp\/v2\/types\/product"}],"replies":[{"embeddable":true,"href":"https:\/\/chrisopigi.gr\/de\/wp-json\/wp\/v2\/comments?post=49337"}],"wp:featuredmedia":[{"embeddable":true,"href":"https:\/\/chrisopigi.gr\/de\/wp-json\/wp\/v2\/media\/49323"}],"wp:attachment":[{"href":"https:\/\/chrisopigi.gr\/de\/wp-json\/wp\/v2\/media?parent=49337"}],"wp:term":[{"taxonomy":"product_cat","embeddable":true,"href":"https:\/\/chrisopigi.gr\/de\/wp-json\/wp\/v2\/product_cat?post=49337"},{"taxonomy":"product_tag","embeddable":true,"href":"https:\/\/chrisopigi.gr\/de\/wp-json\/wp\/v2\/product_tag?post=49337"}],"curies":[{"name":"wp","href":"https:\/\/api.w.org\/{rel}","templated":true}]}}