{"id":49340,"date":"2025-12-09T18:35:26","date_gmt":"2026-04-26T21:36:55","guid":{"rendered":"https:\/\/chrisopigi.gr\/product\/marilyn-rose-halbtrocken-louloudi-750ml\/"},"modified":"2026-04-27T00:36:55","modified_gmt":"2026-04-26T21:36:55","slug":"marilyn-rose-halbtrocken-louloudi-750ml","status":"publish","type":"product","link":"https:\/\/chrisopigi.gr\/de\/product\/marilyn-rose-halbtrocken-louloudi-750ml\/","title":{"rendered":"Marilyn Ros\u00e9 Halbtrocken Louloudi 750ml"},"content":{"rendered":"<p>Der Marilyn Ros\u00e9 Halbtrocken Louloudi ist ein ausgezeichneter Wein, der eine milde S\u00fc\u00dfe mit einem trockenen Charakter verbindet. Seine sanfte Textur und sein ausgewogener Geschmack machen ihn zum idealen Begleiter f\u00fcr jeden Anlass. <\/p>\n<p>Dieser Ros\u00e9wein passt perfekt zu Meeresfr\u00fcchten, hellem Fleisch und leichten Saucen und bietet ein einzigartiges Geschmackserlebnis. Seine stille (kohlens\u00e4urefreie) Zusammensetzung macht ihn ideal, um ihn w\u00e4hrend einer ganzen Mahlzeit oder zu besonderen Momenten zu genie\u00dfen. <\/p>\n<p>Die Vielfalt der Aromen und Geschmacksrichtungen in diesem Wein macht seine Wahl zu einem sicheren Erfolg.<\/p>\n","protected":false},"excerpt":{"rendered":"<p>Der Marilyn Ros\u00e9 Halbtrocken Louloudi ist ein ausgezeichneter Wein, der eine milde S\u00fc\u00dfe mit einem trockenen Charakter verbindet. Seine sanfte Textur und sein ausgewogener Geschmack machen ihn zum idealen Begleiter f\u00fcr jeden Anlass. Dieser Ros\u00e9wein passt perfekt zu Meeresfr\u00fcchten, hellem Fleisch und leichten Saucen und bietet ein einzigartiges Geschmackserlebnis. Seine stille (kohlens\u00e4urefreie) Zusammensetzung macht ihn ideal, um ihn w\u00e4hrend einer ganzen Mahlzeit oder [&hellip;]<\/p>\n","protected":false},"featured_media":49341,"comment_status":"closed","ping_status":"closed","template":"","meta":[],"product_cat":[1827],"product_tag":[],"yoast_head":"<!-- This site is optimized with the Yoast SEO plugin v27.2 - https:\/\/yoast.com\/product\/yoast-seo-wordpress\/ -->\n<title>Marilyn Ros\u00e9 Halbtrocken Louloudi 750ml - Chrisopigi<\/title>\n<meta name=\"robots\" content=\"index, follow, max-snippet:-1, max-image-preview:large, max-video-preview:-1\" \/>\n<link rel=\"canonical\" href=\"https:\/\/chrisopigi.gr\/de\/product\/marilyn-rose-halbtrocken-louloudi-750ml\/\" \/>\n<meta property=\"og:locale\" content=\"de_DE\" \/>\n<meta property=\"og:type\" content=\"article\" \/>\n<meta property=\"og:title\" content=\"Marilyn Ros\u00e9 Halbtrocken Louloudi 750ml - Chrisopigi\" \/>\n<meta property=\"og:description\" content=\"Der Marilyn Ros\u00e9 Halbtrocken Louloudi ist ein ausgezeichneter Wein, der eine milde S\u00fc\u00dfe mit einem trockenen Charakter verbindet. Seine sanfte Textur und sein ausgewogener Geschmack machen ihn zum idealen Begleiter f\u00fcr jeden Anlass. Dieser Ros\u00e9wein passt perfekt zu Meeresfr\u00fcchten, hellem Fleisch und leichten Saucen und bietet ein einzigartiges Geschmackserlebnis. Seine stille (kohlens\u00e4urefreie) Zusammensetzung macht ihn ideal, um ihn w\u00e4hrend einer ganzen Mahlzeit oder [&hellip;]\" \/>\n<meta property=\"og:url\" content=\"https:\/\/chrisopigi.gr\/de\/product\/marilyn-rose-halbtrocken-louloudi-750ml\/\" \/>\n<meta property=\"og:site_name\" content=\"Chrisopigi\" \/>\n<meta name=\"twitter:card\" content=\"summary_large_image\" \/>\n<script type=\"application\/ld+json\" class=\"yoast-schema-graph\">{\"@context\":\"https:\/\/schema.org\",\"@graph\":[{\"@type\":\"WebPage\",\"@id\":\"https:\/\/chrisopigi.gr\/de\/product\/marilyn-rose-halbtrocken-louloudi-750ml\/\",\"url\":\"https:\/\/chrisopigi.gr\/de\/product\/marilyn-rose-halbtrocken-louloudi-750ml\/\",\"name\":\"Marilyn Ros\u00e9 Halbtrocken Louloudi 750ml - Chrisopigi\",\"isPartOf\":{\"@id\":\"https:\/\/chrisopigi.gr\/de\/#website\"},\"primaryImageOfPage\":{\"@id\":\"https:\/\/chrisopigi.gr\/de\/product\/marilyn-rose-halbtrocken-louloudi-750ml\/#primaryimage\"},\"image\":{\"@id\":\"https:\/\/chrisopigi.gr\/de\/product\/marilyn-rose-halbtrocken-louloudi-750ml\/#primaryimage\"},\"thumbnailUrl\":\"https:\/\/chrisopigi.gr\/wp-content\/uploads\/2025\/12\/image-44.jpeg\",\"datePublished\":\"2026-04-26T21:36:55+00:00\",\"breadcrumb\":{\"@id\":\"https:\/\/chrisopigi.gr\/de\/product\/marilyn-rose-halbtrocken-louloudi-750ml\/#breadcrumb\"},\"inLanguage\":\"de\",\"potentialAction\":[{\"@type\":\"ReadAction\",\"target\":[\"https:\/\/chrisopigi.gr\/de\/product\/marilyn-rose-halbtrocken-louloudi-750ml\/\"]}]},{\"@type\":\"ImageObject\",\"inLanguage\":\"de\",\"@id\":\"https:\/\/chrisopigi.gr\/de\/product\/marilyn-rose-halbtrocken-louloudi-750ml\/#primaryimage\",\"url\":\"https:\/\/chrisopigi.gr\/wp-content\/uploads\/2025\/12\/image-44.jpeg\",\"contentUrl\":\"https:\/\/chrisopigi.gr\/wp-content\/uploads\/2025\/12\/image-44.jpeg\",\"width\":1000,\"height\":1000},{\"@type\":\"BreadcrumbList\",\"@id\":\"https:\/\/chrisopigi.gr\/de\/product\/marilyn-rose-halbtrocken-louloudi-750ml\/#breadcrumb\",\"itemListElement\":[{\"@type\":\"ListItem\",\"position\":1,\"name\":\"\u0391\u03c1\u03c7\u03b9\u03ba\u03ae\",\"item\":\"https:\/\/chrisopigi.gr\/de\/\"},{\"@type\":\"ListItem\",\"position\":2,\"name\":\"Online-Shop\",\"item\":\"https:\/\/chrisopigi.gr\/online-shop\/\"},{\"@type\":\"ListItem\",\"position\":3,\"name\":\"Marilyn Ros\u00e9 Halbtrocken Louloudi 750ml\"}]},{\"@type\":\"WebSite\",\"@id\":\"https:\/\/chrisopigi.gr\/de\/#website\",\"url\":\"https:\/\/chrisopigi.gr\/de\/\",\"name\":\"Chrisopigi\",\"description\":\"\u039a\u03c1\u03b7\u03c4\u03b9\u03ba\u03cc \u03b5\u03bb\u03b1\u03b9\u03cc\u03bb\u03b1\u03b4\u03bf &amp; \u03bc\u03ad\u03bb\u03b9 \u03b1\u03c0\u03cc \u03c4\u03b7\u03bd \u03a7\u03c1\u03c5\u03c3\u03bf\u03c0\u03b7\u03b3\u03ae \u03a3\u03b7\u03c4\u03b5\u03af\u03b1\u03c2\",\"potentialAction\":[{\"@type\":\"SearchAction\",\"target\":{\"@type\":\"EntryPoint\",\"urlTemplate\":\"https:\/\/chrisopigi.gr\/de\/?s={search_term_string}\"},\"query-input\":{\"@type\":\"PropertyValueSpecification\",\"valueRequired\":true,\"valueName\":\"search_term_string\"}}],\"inLanguage\":\"de\"}]}<\/script>\n<!-- \/ Yoast SEO plugin. -->","yoast_head_json":{"title":"Marilyn Ros\u00e9 Halbtrocken Louloudi 750ml - Chrisopigi","robots":{"index":"index","follow":"follow","max-snippet":"max-snippet:-1","max-image-preview":"max-image-preview:large","max-video-preview":"max-video-preview:-1"},"canonical":"https:\/\/chrisopigi.gr\/de\/product\/marilyn-rose-halbtrocken-louloudi-750ml\/","og_locale":"de_DE","og_type":"article","og_title":"Marilyn Ros\u00e9 Halbtrocken Louloudi 750ml - Chrisopigi","og_description":"Der Marilyn Ros\u00e9 Halbtrocken Louloudi ist ein ausgezeichneter Wein, der eine milde S\u00fc\u00dfe mit einem trockenen Charakter verbindet. Seine sanfte Textur und sein ausgewogener Geschmack machen ihn zum idealen Begleiter f\u00fcr jeden Anlass. Dieser Ros\u00e9wein passt perfekt zu Meeresfr\u00fcchten, hellem Fleisch und leichten Saucen und bietet ein einzigartiges Geschmackserlebnis. Seine stille (kohlens\u00e4urefreie) Zusammensetzung macht ihn ideal, um ihn w\u00e4hrend einer ganzen Mahlzeit oder [&hellip;]","og_url":"https:\/\/chrisopigi.gr\/de\/product\/marilyn-rose-halbtrocken-louloudi-750ml\/","og_site_name":"Chrisopigi","twitter_card":"summary_large_image","schema":{"@context":"https:\/\/schema.org","@graph":[{"@type":"WebPage","@id":"https:\/\/chrisopigi.gr\/de\/product\/marilyn-rose-halbtrocken-louloudi-750ml\/","url":"https:\/\/chrisopigi.gr\/de\/product\/marilyn-rose-halbtrocken-louloudi-750ml\/","name":"Marilyn Ros\u00e9 Halbtrocken Louloudi 750ml - Chrisopigi","isPartOf":{"@id":"https:\/\/chrisopigi.gr\/de\/#website"},"primaryImageOfPage":{"@id":"https:\/\/chrisopigi.gr\/de\/product\/marilyn-rose-halbtrocken-louloudi-750ml\/#primaryimage"},"image":{"@id":"https:\/\/chrisopigi.gr\/de\/product\/marilyn-rose-halbtrocken-louloudi-750ml\/#primaryimage"},"thumbnailUrl":"https:\/\/chrisopigi.gr\/wp-content\/uploads\/2025\/12\/image-44.jpeg","datePublished":"2026-04-26T21:36:55+00:00","breadcrumb":{"@id":"https:\/\/chrisopigi.gr\/de\/product\/marilyn-rose-halbtrocken-louloudi-750ml\/#breadcrumb"},"inLanguage":"de","potentialAction":[{"@type":"ReadAction","target":["https:\/\/chrisopigi.gr\/de\/product\/marilyn-rose-halbtrocken-louloudi-750ml\/"]}]},{"@type":"ImageObject","inLanguage":"de","@id":"https:\/\/chrisopigi.gr\/de\/product\/marilyn-rose-halbtrocken-louloudi-750ml\/#primaryimage","url":"https:\/\/chrisopigi.gr\/wp-content\/uploads\/2025\/12\/image-44.jpeg","contentUrl":"https:\/\/chrisopigi.gr\/wp-content\/uploads\/2025\/12\/image-44.jpeg","width":1000,"height":1000},{"@type":"BreadcrumbList","@id":"https:\/\/chrisopigi.gr\/de\/product\/marilyn-rose-halbtrocken-louloudi-750ml\/#breadcrumb","itemListElement":[{"@type":"ListItem","position":1,"name":"\u0391\u03c1\u03c7\u03b9\u03ba\u03ae","item":"https:\/\/chrisopigi.gr\/de\/"},{"@type":"ListItem","position":2,"name":"Online-Shop","item":"https:\/\/chrisopigi.gr\/online-shop\/"},{"@type":"ListItem","position":3,"name":"Marilyn Ros\u00e9 Halbtrocken Louloudi 750ml"}]},{"@type":"WebSite","@id":"https:\/\/chrisopigi.gr\/de\/#website","url":"https:\/\/chrisopigi.gr\/de\/","name":"Chrisopigi","description":"\u039a\u03c1\u03b7\u03c4\u03b9\u03ba\u03cc \u03b5\u03bb\u03b1\u03b9\u03cc\u03bb\u03b1\u03b4\u03bf &amp; \u03bc\u03ad\u03bb\u03b9 \u03b1\u03c0\u03cc \u03c4\u03b7\u03bd \u03a7\u03c1\u03c5\u03c3\u03bf\u03c0\u03b7\u03b3\u03ae \u03a3\u03b7\u03c4\u03b5\u03af\u03b1\u03c2","potentialAction":[{"@type":"SearchAction","target":{"@type":"EntryPoint","urlTemplate":"https:\/\/chrisopigi.gr\/de\/?s={search_term_string}"},"query-input":{"@type":"PropertyValueSpecification","valueRequired":true,"valueName":"search_term_string"}}],"inLanguage":"de"}]}},"_links":{"self":[{"href":"https:\/\/chrisopigi.gr\/de\/wp-json\/wp\/v2\/product\/49340"}],"collection":[{"href":"https:\/\/chrisopigi.gr\/de\/wp-json\/wp\/v2\/product"}],"about":[{"href":"https:\/\/chrisopigi.gr\/de\/wp-json\/wp\/v2\/types\/product"}],"replies":[{"embeddable":true,"href":"https:\/\/chrisopigi.gr\/de\/wp-json\/wp\/v2\/comments?post=49340"}],"wp:featuredmedia":[{"embeddable":true,"href":"https:\/\/chrisopigi.gr\/de\/wp-json\/wp\/v2\/media\/49341"}],"wp:attachment":[{"href":"https:\/\/chrisopigi.gr\/de\/wp-json\/wp\/v2\/media?parent=49340"}],"wp:term":[{"taxonomy":"product_cat","embeddable":true,"href":"https:\/\/chrisopigi.gr\/de\/wp-json\/wp\/v2\/product_cat?post=49340"},{"taxonomy":"product_tag","embeddable":true,"href":"https:\/\/chrisopigi.gr\/de\/wp-json\/wp\/v2\/product_tag?post=49340"}],"curies":[{"name":"wp","href":"https:\/\/api.w.org\/{rel}","templated":true}]}}