{"id":49342,"date":"2025-12-09T17:42:46","date_gmt":"2026-04-26T21:44:42","guid":{"rendered":"https:\/\/chrisopigi.gr\/product\/toplou-samonion-trockener-weisswein-750ml\/"},"modified":"2026-04-27T00:44:42","modified_gmt":"2026-04-26T21:44:42","slug":"toplou-samonion-trockener-weisswein-750ml","status":"publish","type":"product","link":"https:\/\/chrisopigi.gr\/de\/product\/toplou-samonion-trockener-weisswein-750ml\/","title":{"rendered":"Toplou Samonion Trockener Wei\u00dfwein 750ml"},"content":{"rendered":"<p><span style=\"font-family: Helvetica\">Samonion war in der Antike der Name des \u00f6stlichsten Kaps von Kreta, in der N\u00e4he der ber\u00fchmten antiken Stadt Itanos, von wo aus der Apostel Paulus segelte. <\/span><\/p>\n<p><span style=\"font-family: Helvetica\">In der wilden kretischen Sch\u00f6nheit des Kaps von Ostkreta dominiert der einzigartige exotische Palmenwald von Vai. <\/span><\/p>\n<p><span style=\"font-family: Helvetica\">Die mediterrane Rebsorte Assyrtiko wird mit kl\u00f6sterlicher Erfahrung biologisch in den Weinbergen des Heiligen Klosters Toplou in Sitia angebaut und verleiht den Weinen besondere, feine Noten, die mit der reichen Geschichte der Region verwoben sind.<\/span><\/p>\n<p><span style=\"font-family: Helvetica\"><b>Rebsorten<\/b><\/span><\/p>\n<p><span style=\"font-family: Helvetica\">Assyrtiko 100%<\/span><\/p>\n<p><span style=\"font-family: Helvetica\"><b>Sensorische Eigenschaften<\/b><\/span><\/p>\n<p><span style=\"font-family: Helvetica\">S\u00fc\u00dfe Aromen von Zitrone, Ananas und Grapefruit, gleichzeitig erdig und mineralisch.<br \/> Knackige S\u00e4ure mit Aromen von reifer Zitrone und Limette.<\/span><\/p>\n<p><span style=\"font-family: Helvetica\"><b>Speiseempfehlung<\/b><\/span><\/p>\n<p><span style=\"font-family: Helvetica\">Fisch, Fischsuppen, Meeresfr\u00fcchte, H\u00e4hnchen-Souvlaki, Fava, Feta, griechischer Bauernsalat.<\/span><\/p>\n","protected":false},"excerpt":{"rendered":"<p>Samonion war in der Antike der Name des \u00f6stlichsten Kaps von Kreta, in der N\u00e4he der ber\u00fchmten antiken Stadt Itanos, von wo aus der Apostel Paulus segelte. In der wilden kretischen Sch\u00f6nheit des Kaps von Ostkreta dominiert der einzigartige exotische Palmenwald von Vai. Die mediterrane Rebsorte Assyrtiko wird mit kl\u00f6sterlicher Erfahrung biologisch in den Weinbergen des Heiligen Klosters Toplou in Sitia angebaut und [&hellip;]<\/p>\n","protected":false},"featured_media":49343,"comment_status":"closed","ping_status":"closed","template":"","meta":[],"product_cat":[1827],"product_tag":[],"yoast_head":"<!-- This site is optimized with the Yoast SEO plugin v27.2 - https:\/\/yoast.com\/product\/yoast-seo-wordpress\/ -->\n<title>Toplou Samonion Trockener Wei\u00dfwein 750ml - Chrisopigi<\/title>\n<meta name=\"robots\" content=\"index, follow, max-snippet:-1, max-image-preview:large, max-video-preview:-1\" \/>\n<link rel=\"canonical\" href=\"https:\/\/chrisopigi.gr\/de\/product\/toplou-samonion-trockener-weisswein-750ml\/\" \/>\n<meta property=\"og:locale\" content=\"de_DE\" \/>\n<meta property=\"og:type\" content=\"article\" \/>\n<meta property=\"og:title\" content=\"Toplou Samonion Trockener Wei\u00dfwein 750ml - Chrisopigi\" \/>\n<meta property=\"og:description\" content=\"Samonion war in der Antike der Name des \u00f6stlichsten Kaps von Kreta, in der N\u00e4he der ber\u00fchmten antiken Stadt Itanos, von wo aus der Apostel Paulus segelte. In der wilden kretischen Sch\u00f6nheit des Kaps von Ostkreta dominiert der einzigartige exotische Palmenwald von Vai. Die mediterrane Rebsorte Assyrtiko wird mit kl\u00f6sterlicher Erfahrung biologisch in den Weinbergen des Heiligen Klosters Toplou in Sitia angebaut und [&hellip;]\" \/>\n<meta property=\"og:url\" content=\"https:\/\/chrisopigi.gr\/de\/product\/toplou-samonion-trockener-weisswein-750ml\/\" \/>\n<meta property=\"og:site_name\" content=\"Chrisopigi\" \/>\n<meta name=\"twitter:card\" content=\"summary_large_image\" \/>\n<meta name=\"twitter:label1\" content=\"Gesch\u00e4tzte Lesezeit\" \/>\n\t<meta name=\"twitter:data1\" content=\"1\u00a0Minute\" \/>\n<script type=\"application\/ld+json\" class=\"yoast-schema-graph\">{\"@context\":\"https:\/\/schema.org\",\"@graph\":[{\"@type\":\"WebPage\",\"@id\":\"https:\/\/chrisopigi.gr\/de\/product\/toplou-samonion-trockener-weisswein-750ml\/\",\"url\":\"https:\/\/chrisopigi.gr\/de\/product\/toplou-samonion-trockener-weisswein-750ml\/\",\"name\":\"Toplou Samonion Trockener Wei\u00dfwein 750ml - Chrisopigi\",\"isPartOf\":{\"@id\":\"https:\/\/chrisopigi.gr\/de\/#website\"},\"primaryImageOfPage\":{\"@id\":\"https:\/\/chrisopigi.gr\/de\/product\/toplou-samonion-trockener-weisswein-750ml\/#primaryimage\"},\"image\":{\"@id\":\"https:\/\/chrisopigi.gr\/de\/product\/toplou-samonion-trockener-weisswein-750ml\/#primaryimage\"},\"thumbnailUrl\":\"https:\/\/chrisopigi.gr\/wp-content\/uploads\/2025\/12\/image-67.png\",\"datePublished\":\"2026-04-26T21:44:42+00:00\",\"breadcrumb\":{\"@id\":\"https:\/\/chrisopigi.gr\/de\/product\/toplou-samonion-trockener-weisswein-750ml\/#breadcrumb\"},\"inLanguage\":\"de\",\"potentialAction\":[{\"@type\":\"ReadAction\",\"target\":[\"https:\/\/chrisopigi.gr\/de\/product\/toplou-samonion-trockener-weisswein-750ml\/\"]}]},{\"@type\":\"ImageObject\",\"inLanguage\":\"de\",\"@id\":\"https:\/\/chrisopigi.gr\/de\/product\/toplou-samonion-trockener-weisswein-750ml\/#primaryimage\",\"url\":\"https:\/\/chrisopigi.gr\/wp-content\/uploads\/2025\/12\/image-67.png\",\"contentUrl\":\"https:\/\/chrisopigi.gr\/wp-content\/uploads\/2025\/12\/image-67.png\",\"width\":2000,\"height\":2000},{\"@type\":\"BreadcrumbList\",\"@id\":\"https:\/\/chrisopigi.gr\/de\/product\/toplou-samonion-trockener-weisswein-750ml\/#breadcrumb\",\"itemListElement\":[{\"@type\":\"ListItem\",\"position\":1,\"name\":\"\u0391\u03c1\u03c7\u03b9\u03ba\u03ae\",\"item\":\"https:\/\/chrisopigi.gr\/de\/\"},{\"@type\":\"ListItem\",\"position\":2,\"name\":\"Online-Shop\",\"item\":\"https:\/\/chrisopigi.gr\/online-shop\/\"},{\"@type\":\"ListItem\",\"position\":3,\"name\":\"Toplou Samonion Trockener Wei\u00dfwein 750ml\"}]},{\"@type\":\"WebSite\",\"@id\":\"https:\/\/chrisopigi.gr\/de\/#website\",\"url\":\"https:\/\/chrisopigi.gr\/de\/\",\"name\":\"Chrisopigi\",\"description\":\"\u039a\u03c1\u03b7\u03c4\u03b9\u03ba\u03cc \u03b5\u03bb\u03b1\u03b9\u03cc\u03bb\u03b1\u03b4\u03bf &amp; \u03bc\u03ad\u03bb\u03b9 \u03b1\u03c0\u03cc \u03c4\u03b7\u03bd \u03a7\u03c1\u03c5\u03c3\u03bf\u03c0\u03b7\u03b3\u03ae \u03a3\u03b7\u03c4\u03b5\u03af\u03b1\u03c2\",\"potentialAction\":[{\"@type\":\"SearchAction\",\"target\":{\"@type\":\"EntryPoint\",\"urlTemplate\":\"https:\/\/chrisopigi.gr\/de\/?s={search_term_string}\"},\"query-input\":{\"@type\":\"PropertyValueSpecification\",\"valueRequired\":true,\"valueName\":\"search_term_string\"}}],\"inLanguage\":\"de\"}]}<\/script>\n<!-- \/ Yoast SEO plugin. -->","yoast_head_json":{"title":"Toplou Samonion Trockener Wei\u00dfwein 750ml - Chrisopigi","robots":{"index":"index","follow":"follow","max-snippet":"max-snippet:-1","max-image-preview":"max-image-preview:large","max-video-preview":"max-video-preview:-1"},"canonical":"https:\/\/chrisopigi.gr\/de\/product\/toplou-samonion-trockener-weisswein-750ml\/","og_locale":"de_DE","og_type":"article","og_title":"Toplou Samonion Trockener Wei\u00dfwein 750ml - Chrisopigi","og_description":"Samonion war in der Antike der Name des \u00f6stlichsten Kaps von Kreta, in der N\u00e4he der ber\u00fchmten antiken Stadt Itanos, von wo aus der Apostel Paulus segelte. In der wilden kretischen Sch\u00f6nheit des Kaps von Ostkreta dominiert der einzigartige exotische Palmenwald von Vai. Die mediterrane Rebsorte Assyrtiko wird mit kl\u00f6sterlicher Erfahrung biologisch in den Weinbergen des Heiligen Klosters Toplou in Sitia angebaut und [&hellip;]","og_url":"https:\/\/chrisopigi.gr\/de\/product\/toplou-samonion-trockener-weisswein-750ml\/","og_site_name":"Chrisopigi","twitter_card":"summary_large_image","twitter_misc":{"Gesch\u00e4tzte Lesezeit":"1\u00a0Minute"},"schema":{"@context":"https:\/\/schema.org","@graph":[{"@type":"WebPage","@id":"https:\/\/chrisopigi.gr\/de\/product\/toplou-samonion-trockener-weisswein-750ml\/","url":"https:\/\/chrisopigi.gr\/de\/product\/toplou-samonion-trockener-weisswein-750ml\/","name":"Toplou Samonion Trockener Wei\u00dfwein 750ml - Chrisopigi","isPartOf":{"@id":"https:\/\/chrisopigi.gr\/de\/#website"},"primaryImageOfPage":{"@id":"https:\/\/chrisopigi.gr\/de\/product\/toplou-samonion-trockener-weisswein-750ml\/#primaryimage"},"image":{"@id":"https:\/\/chrisopigi.gr\/de\/product\/toplou-samonion-trockener-weisswein-750ml\/#primaryimage"},"thumbnailUrl":"https:\/\/chrisopigi.gr\/wp-content\/uploads\/2025\/12\/image-67.png","datePublished":"2026-04-26T21:44:42+00:00","breadcrumb":{"@id":"https:\/\/chrisopigi.gr\/de\/product\/toplou-samonion-trockener-weisswein-750ml\/#breadcrumb"},"inLanguage":"de","potentialAction":[{"@type":"ReadAction","target":["https:\/\/chrisopigi.gr\/de\/product\/toplou-samonion-trockener-weisswein-750ml\/"]}]},{"@type":"ImageObject","inLanguage":"de","@id":"https:\/\/chrisopigi.gr\/de\/product\/toplou-samonion-trockener-weisswein-750ml\/#primaryimage","url":"https:\/\/chrisopigi.gr\/wp-content\/uploads\/2025\/12\/image-67.png","contentUrl":"https:\/\/chrisopigi.gr\/wp-content\/uploads\/2025\/12\/image-67.png","width":2000,"height":2000},{"@type":"BreadcrumbList","@id":"https:\/\/chrisopigi.gr\/de\/product\/toplou-samonion-trockener-weisswein-750ml\/#breadcrumb","itemListElement":[{"@type":"ListItem","position":1,"name":"\u0391\u03c1\u03c7\u03b9\u03ba\u03ae","item":"https:\/\/chrisopigi.gr\/de\/"},{"@type":"ListItem","position":2,"name":"Online-Shop","item":"https:\/\/chrisopigi.gr\/online-shop\/"},{"@type":"ListItem","position":3,"name":"Toplou Samonion Trockener Wei\u00dfwein 750ml"}]},{"@type":"WebSite","@id":"https:\/\/chrisopigi.gr\/de\/#website","url":"https:\/\/chrisopigi.gr\/de\/","name":"Chrisopigi","description":"\u039a\u03c1\u03b7\u03c4\u03b9\u03ba\u03cc \u03b5\u03bb\u03b1\u03b9\u03cc\u03bb\u03b1\u03b4\u03bf &amp; \u03bc\u03ad\u03bb\u03b9 \u03b1\u03c0\u03cc \u03c4\u03b7\u03bd \u03a7\u03c1\u03c5\u03c3\u03bf\u03c0\u03b7\u03b3\u03ae \u03a3\u03b7\u03c4\u03b5\u03af\u03b1\u03c2","potentialAction":[{"@type":"SearchAction","target":{"@type":"EntryPoint","urlTemplate":"https:\/\/chrisopigi.gr\/de\/?s={search_term_string}"},"query-input":{"@type":"PropertyValueSpecification","valueRequired":true,"valueName":"search_term_string"}}],"inLanguage":"de"}]}},"_links":{"self":[{"href":"https:\/\/chrisopigi.gr\/de\/wp-json\/wp\/v2\/product\/49342"}],"collection":[{"href":"https:\/\/chrisopigi.gr\/de\/wp-json\/wp\/v2\/product"}],"about":[{"href":"https:\/\/chrisopigi.gr\/de\/wp-json\/wp\/v2\/types\/product"}],"replies":[{"embeddable":true,"href":"https:\/\/chrisopigi.gr\/de\/wp-json\/wp\/v2\/comments?post=49342"}],"wp:featuredmedia":[{"embeddable":true,"href":"https:\/\/chrisopigi.gr\/de\/wp-json\/wp\/v2\/media\/49343"}],"wp:attachment":[{"href":"https:\/\/chrisopigi.gr\/de\/wp-json\/wp\/v2\/media?parent=49342"}],"wp:term":[{"taxonomy":"product_cat","embeddable":true,"href":"https:\/\/chrisopigi.gr\/de\/wp-json\/wp\/v2\/product_cat?post=49342"},{"taxonomy":"product_tag","embeddable":true,"href":"https:\/\/chrisopigi.gr\/de\/wp-json\/wp\/v2\/product_tag?post=49342"}],"curies":[{"name":"wp","href":"https:\/\/api.w.org\/{rel}","templated":true}]}}