{"id":49351,"date":"2025-12-09T17:10:30","date_gmt":"2026-04-26T22:20:50","guid":{"rendered":"https:\/\/chrisopigi.gr\/product\/ouzo-38-500ml\/"},"modified":"2026-04-27T01:20:50","modified_gmt":"2026-04-26T22:20:50","slug":"ouzo-38-500ml","status":"publish","type":"product","link":"https:\/\/chrisopigi.gr\/de\/product\/ouzo-38-500ml\/","title":{"rendered":"Ouzo 38% 500ml"},"content":{"rendered":"<p>Entdecken Sie den authentischen Geschmack Griechenlands mit unserem Ouzo. Ein traditionelles griechisches alkoholisches Getr\u00e4nk mit intensivem Anisaroma und einzigartigem Geschmack. Genie\u00dfen Sie ihn in Kombination mit frischen Meeresfr\u00fcchten oder griechischen Desserts f\u00fcr ein wahrhaft genussvolles Geschmackserlebnis. Genie\u00dfen Sie ihn idealerweise auf Eis.<\/p>\n","protected":false},"excerpt":{"rendered":"<p>Entdecken Sie den authentischen Geschmack Griechenlands mit unserem Ouzo. Ein traditionelles griechisches alkoholisches Getr\u00e4nk mit intensivem Anisaroma und einzigartigem Geschmack. Genie\u00dfen Sie ihn in Kombination mit frischen Meeresfr\u00fcchten oder griechischen Desserts f\u00fcr ein wahrhaft genussvolles Geschmackserlebnis. Genie\u00dfen Sie ihn idealerweise auf Eis.<\/p>\n","protected":false},"featured_media":49352,"comment_status":"closed","ping_status":"closed","template":"","meta":[],"product_cat":[1827],"product_tag":[],"yoast_head":"<!-- This site is optimized with the Yoast SEO plugin v27.2 - https:\/\/yoast.com\/product\/yoast-seo-wordpress\/ -->\n<title>Ouzo 38% 500ml - Chrisopigi<\/title>\n<meta name=\"robots\" content=\"index, follow, max-snippet:-1, max-image-preview:large, max-video-preview:-1\" \/>\n<link rel=\"canonical\" href=\"https:\/\/chrisopigi.gr\/de\/product\/ouzo-38-500ml\/\" \/>\n<meta property=\"og:locale\" content=\"de_DE\" \/>\n<meta property=\"og:type\" content=\"article\" \/>\n<meta property=\"og:title\" content=\"Ouzo 38% 500ml - Chrisopigi\" \/>\n<meta property=\"og:description\" content=\"Entdecken Sie den authentischen Geschmack Griechenlands mit unserem Ouzo. Ein traditionelles griechisches alkoholisches Getr\u00e4nk mit intensivem Anisaroma und einzigartigem Geschmack. Genie\u00dfen Sie ihn in Kombination mit frischen Meeresfr\u00fcchten oder griechischen Desserts f\u00fcr ein wahrhaft genussvolles Geschmackserlebnis. Genie\u00dfen Sie ihn idealerweise auf Eis.\" \/>\n<meta property=\"og:url\" content=\"https:\/\/chrisopigi.gr\/de\/product\/ouzo-38-500ml\/\" \/>\n<meta property=\"og:site_name\" content=\"Chrisopigi\" \/>\n<meta name=\"twitter:card\" content=\"summary_large_image\" \/>\n<script type=\"application\/ld+json\" class=\"yoast-schema-graph\">{\"@context\":\"https:\/\/schema.org\",\"@graph\":[{\"@type\":\"WebPage\",\"@id\":\"https:\/\/chrisopigi.gr\/de\/product\/ouzo-38-500ml\/\",\"url\":\"https:\/\/chrisopigi.gr\/de\/product\/ouzo-38-500ml\/\",\"name\":\"Ouzo 38% 500ml - Chrisopigi\",\"isPartOf\":{\"@id\":\"https:\/\/chrisopigi.gr\/de\/#website\"},\"primaryImageOfPage\":{\"@id\":\"https:\/\/chrisopigi.gr\/de\/product\/ouzo-38-500ml\/#primaryimage\"},\"image\":{\"@id\":\"https:\/\/chrisopigi.gr\/de\/product\/ouzo-38-500ml\/#primaryimage\"},\"thumbnailUrl\":\"https:\/\/chrisopigi.gr\/wp-content\/uploads\/2025\/12\/image-40.jpeg\",\"datePublished\":\"2026-04-26T22:20:50+00:00\",\"breadcrumb\":{\"@id\":\"https:\/\/chrisopigi.gr\/de\/product\/ouzo-38-500ml\/#breadcrumb\"},\"inLanguage\":\"de\",\"potentialAction\":[{\"@type\":\"ReadAction\",\"target\":[\"https:\/\/chrisopigi.gr\/de\/product\/ouzo-38-500ml\/\"]}]},{\"@type\":\"ImageObject\",\"inLanguage\":\"de\",\"@id\":\"https:\/\/chrisopigi.gr\/de\/product\/ouzo-38-500ml\/#primaryimage\",\"url\":\"https:\/\/chrisopigi.gr\/wp-content\/uploads\/2025\/12\/image-40.jpeg\",\"contentUrl\":\"https:\/\/chrisopigi.gr\/wp-content\/uploads\/2025\/12\/image-40.jpeg\",\"width\":2560,\"height\":2560},{\"@type\":\"BreadcrumbList\",\"@id\":\"https:\/\/chrisopigi.gr\/de\/product\/ouzo-38-500ml\/#breadcrumb\",\"itemListElement\":[{\"@type\":\"ListItem\",\"position\":1,\"name\":\"\u0391\u03c1\u03c7\u03b9\u03ba\u03ae\",\"item\":\"https:\/\/chrisopigi.gr\/de\/\"},{\"@type\":\"ListItem\",\"position\":2,\"name\":\"Online-Shop\",\"item\":\"https:\/\/chrisopigi.gr\/online-shop\/\"},{\"@type\":\"ListItem\",\"position\":3,\"name\":\"Ouzo 38% 500ml\"}]},{\"@type\":\"WebSite\",\"@id\":\"https:\/\/chrisopigi.gr\/de\/#website\",\"url\":\"https:\/\/chrisopigi.gr\/de\/\",\"name\":\"Chrisopigi\",\"description\":\"\u039a\u03c1\u03b7\u03c4\u03b9\u03ba\u03cc \u03b5\u03bb\u03b1\u03b9\u03cc\u03bb\u03b1\u03b4\u03bf &amp; \u03bc\u03ad\u03bb\u03b9 \u03b1\u03c0\u03cc \u03c4\u03b7\u03bd \u03a7\u03c1\u03c5\u03c3\u03bf\u03c0\u03b7\u03b3\u03ae \u03a3\u03b7\u03c4\u03b5\u03af\u03b1\u03c2\",\"potentialAction\":[{\"@type\":\"SearchAction\",\"target\":{\"@type\":\"EntryPoint\",\"urlTemplate\":\"https:\/\/chrisopigi.gr\/de\/?s={search_term_string}\"},\"query-input\":{\"@type\":\"PropertyValueSpecification\",\"valueRequired\":true,\"valueName\":\"search_term_string\"}}],\"inLanguage\":\"de\"}]}<\/script>\n<!-- \/ Yoast SEO plugin. -->","yoast_head_json":{"title":"Ouzo 38% 500ml - Chrisopigi","robots":{"index":"index","follow":"follow","max-snippet":"max-snippet:-1","max-image-preview":"max-image-preview:large","max-video-preview":"max-video-preview:-1"},"canonical":"https:\/\/chrisopigi.gr\/de\/product\/ouzo-38-500ml\/","og_locale":"de_DE","og_type":"article","og_title":"Ouzo 38% 500ml - Chrisopigi","og_description":"Entdecken Sie den authentischen Geschmack Griechenlands mit unserem Ouzo. Ein traditionelles griechisches alkoholisches Getr\u00e4nk mit intensivem Anisaroma und einzigartigem Geschmack. Genie\u00dfen Sie ihn in Kombination mit frischen Meeresfr\u00fcchten oder griechischen Desserts f\u00fcr ein wahrhaft genussvolles Geschmackserlebnis. Genie\u00dfen Sie ihn idealerweise auf Eis.","og_url":"https:\/\/chrisopigi.gr\/de\/product\/ouzo-38-500ml\/","og_site_name":"Chrisopigi","twitter_card":"summary_large_image","schema":{"@context":"https:\/\/schema.org","@graph":[{"@type":"WebPage","@id":"https:\/\/chrisopigi.gr\/de\/product\/ouzo-38-500ml\/","url":"https:\/\/chrisopigi.gr\/de\/product\/ouzo-38-500ml\/","name":"Ouzo 38% 500ml - Chrisopigi","isPartOf":{"@id":"https:\/\/chrisopigi.gr\/de\/#website"},"primaryImageOfPage":{"@id":"https:\/\/chrisopigi.gr\/de\/product\/ouzo-38-500ml\/#primaryimage"},"image":{"@id":"https:\/\/chrisopigi.gr\/de\/product\/ouzo-38-500ml\/#primaryimage"},"thumbnailUrl":"https:\/\/chrisopigi.gr\/wp-content\/uploads\/2025\/12\/image-40.jpeg","datePublished":"2026-04-26T22:20:50+00:00","breadcrumb":{"@id":"https:\/\/chrisopigi.gr\/de\/product\/ouzo-38-500ml\/#breadcrumb"},"inLanguage":"de","potentialAction":[{"@type":"ReadAction","target":["https:\/\/chrisopigi.gr\/de\/product\/ouzo-38-500ml\/"]}]},{"@type":"ImageObject","inLanguage":"de","@id":"https:\/\/chrisopigi.gr\/de\/product\/ouzo-38-500ml\/#primaryimage","url":"https:\/\/chrisopigi.gr\/wp-content\/uploads\/2025\/12\/image-40.jpeg","contentUrl":"https:\/\/chrisopigi.gr\/wp-content\/uploads\/2025\/12\/image-40.jpeg","width":2560,"height":2560},{"@type":"BreadcrumbList","@id":"https:\/\/chrisopigi.gr\/de\/product\/ouzo-38-500ml\/#breadcrumb","itemListElement":[{"@type":"ListItem","position":1,"name":"\u0391\u03c1\u03c7\u03b9\u03ba\u03ae","item":"https:\/\/chrisopigi.gr\/de\/"},{"@type":"ListItem","position":2,"name":"Online-Shop","item":"https:\/\/chrisopigi.gr\/online-shop\/"},{"@type":"ListItem","position":3,"name":"Ouzo 38% 500ml"}]},{"@type":"WebSite","@id":"https:\/\/chrisopigi.gr\/de\/#website","url":"https:\/\/chrisopigi.gr\/de\/","name":"Chrisopigi","description":"\u039a\u03c1\u03b7\u03c4\u03b9\u03ba\u03cc \u03b5\u03bb\u03b1\u03b9\u03cc\u03bb\u03b1\u03b4\u03bf &amp; \u03bc\u03ad\u03bb\u03b9 \u03b1\u03c0\u03cc \u03c4\u03b7\u03bd \u03a7\u03c1\u03c5\u03c3\u03bf\u03c0\u03b7\u03b3\u03ae \u03a3\u03b7\u03c4\u03b5\u03af\u03b1\u03c2","potentialAction":[{"@type":"SearchAction","target":{"@type":"EntryPoint","urlTemplate":"https:\/\/chrisopigi.gr\/de\/?s={search_term_string}"},"query-input":{"@type":"PropertyValueSpecification","valueRequired":true,"valueName":"search_term_string"}}],"inLanguage":"de"}]}},"_links":{"self":[{"href":"https:\/\/chrisopigi.gr\/de\/wp-json\/wp\/v2\/product\/49351"}],"collection":[{"href":"https:\/\/chrisopigi.gr\/de\/wp-json\/wp\/v2\/product"}],"about":[{"href":"https:\/\/chrisopigi.gr\/de\/wp-json\/wp\/v2\/types\/product"}],"replies":[{"embeddable":true,"href":"https:\/\/chrisopigi.gr\/de\/wp-json\/wp\/v2\/comments?post=49351"}],"wp:featuredmedia":[{"embeddable":true,"href":"https:\/\/chrisopigi.gr\/de\/wp-json\/wp\/v2\/media\/49352"}],"wp:attachment":[{"href":"https:\/\/chrisopigi.gr\/de\/wp-json\/wp\/v2\/media?parent=49351"}],"wp:term":[{"taxonomy":"product_cat","embeddable":true,"href":"https:\/\/chrisopigi.gr\/de\/wp-json\/wp\/v2\/product_cat?post=49351"},{"taxonomy":"product_tag","embeddable":true,"href":"https:\/\/chrisopigi.gr\/de\/wp-json\/wp\/v2\/product_tag?post=49351"}],"curies":[{"name":"wp","href":"https:\/\/api.w.org\/{rel}","templated":true}]}}