{"id":49361,"date":"2025-12-09T16:48:45","date_gmt":"2026-04-26T22:33:31","guid":{"rendered":"https:\/\/chrisopigi.gr\/product\/doppio-rakomelo-20-200ml\/"},"modified":"2026-04-27T01:33:31","modified_gmt":"2026-04-26T22:33:31","slug":"doppio-rakomelo-20-200ml","status":"publish","type":"product","link":"https:\/\/chrisopigi.gr\/de\/product\/doppio-rakomelo-20-200ml\/","title":{"rendered":"Doppio Rakomelo 20% 200ml"},"content":{"rendered":"<p>Genie\u00dfen Sie die Tradition in jedem Schluck mit unserem traditionellen alkoholischen Getr\u00e4nk. Es wird aus kretischer Tsikoudia, auch bekannt als Raki, Thymianhonig und einer Kr\u00e4utermischung wie Zimt und Nelken hergestellt. Seine unverwechselbaren Aromen werden Sie zu jedem Zeitpunkt des Tages begleiten. Genie\u00dfen Sie es hei\u00df oder auf Eis.<\/p>\n","protected":false},"excerpt":{"rendered":"<p>Genie\u00dfen Sie die Tradition in jedem Schluck mit unserem traditionellen alkoholischen Getr\u00e4nk. Es wird aus kretischer Tsikoudia, auch bekannt als Raki, Thymianhonig und einer Kr\u00e4utermischung wie Zimt und Nelken hergestellt. Seine unverwechselbaren Aromen werden Sie zu jedem Zeitpunkt des Tages begleiten. Genie\u00dfen Sie es hei\u00df oder auf Eis.<\/p>\n","protected":false},"featured_media":49362,"comment_status":"closed","ping_status":"closed","template":"","meta":[],"product_cat":[1827],"product_tag":[],"yoast_head":"<!-- This site is optimized with the Yoast SEO plugin v27.2 - https:\/\/yoast.com\/product\/yoast-seo-wordpress\/ -->\n<title>Doppio Rakomelo 20% 200ml - Chrisopigi<\/title>\n<meta name=\"robots\" content=\"index, follow, max-snippet:-1, max-image-preview:large, max-video-preview:-1\" \/>\n<link rel=\"canonical\" href=\"https:\/\/chrisopigi.gr\/de\/product\/doppio-rakomelo-20-200ml\/\" \/>\n<meta property=\"og:locale\" content=\"de_DE\" \/>\n<meta property=\"og:type\" content=\"article\" \/>\n<meta property=\"og:title\" content=\"Doppio Rakomelo 20% 200ml - Chrisopigi\" \/>\n<meta property=\"og:description\" content=\"Genie\u00dfen Sie die Tradition in jedem Schluck mit unserem traditionellen alkoholischen Getr\u00e4nk. Es wird aus kretischer Tsikoudia, auch bekannt als Raki, Thymianhonig und einer Kr\u00e4utermischung wie Zimt und Nelken hergestellt. Seine unverwechselbaren Aromen werden Sie zu jedem Zeitpunkt des Tages begleiten. Genie\u00dfen Sie es hei\u00df oder auf Eis.\" \/>\n<meta property=\"og:url\" content=\"https:\/\/chrisopigi.gr\/de\/product\/doppio-rakomelo-20-200ml\/\" \/>\n<meta property=\"og:site_name\" content=\"Chrisopigi\" \/>\n<meta name=\"twitter:card\" content=\"summary_large_image\" \/>\n<script type=\"application\/ld+json\" class=\"yoast-schema-graph\">{\"@context\":\"https:\/\/schema.org\",\"@graph\":[{\"@type\":\"WebPage\",\"@id\":\"https:\/\/chrisopigi.gr\/de\/product\/doppio-rakomelo-20-200ml\/\",\"url\":\"https:\/\/chrisopigi.gr\/de\/product\/doppio-rakomelo-20-200ml\/\",\"name\":\"Doppio Rakomelo 20% 200ml - Chrisopigi\",\"isPartOf\":{\"@id\":\"https:\/\/chrisopigi.gr\/de\/#website\"},\"primaryImageOfPage\":{\"@id\":\"https:\/\/chrisopigi.gr\/de\/product\/doppio-rakomelo-20-200ml\/#primaryimage\"},\"image\":{\"@id\":\"https:\/\/chrisopigi.gr\/de\/product\/doppio-rakomelo-20-200ml\/#primaryimage\"},\"thumbnailUrl\":\"https:\/\/chrisopigi.gr\/wp-content\/uploads\/2025\/12\/image-35.jpeg\",\"datePublished\":\"2026-04-26T22:33:31+00:00\",\"breadcrumb\":{\"@id\":\"https:\/\/chrisopigi.gr\/de\/product\/doppio-rakomelo-20-200ml\/#breadcrumb\"},\"inLanguage\":\"de\",\"potentialAction\":[{\"@type\":\"ReadAction\",\"target\":[\"https:\/\/chrisopigi.gr\/de\/product\/doppio-rakomelo-20-200ml\/\"]}]},{\"@type\":\"ImageObject\",\"inLanguage\":\"de\",\"@id\":\"https:\/\/chrisopigi.gr\/de\/product\/doppio-rakomelo-20-200ml\/#primaryimage\",\"url\":\"https:\/\/chrisopigi.gr\/wp-content\/uploads\/2025\/12\/image-35.jpeg\",\"contentUrl\":\"https:\/\/chrisopigi.gr\/wp-content\/uploads\/2025\/12\/image-35.jpeg\",\"width\":2560,\"height\":2560},{\"@type\":\"BreadcrumbList\",\"@id\":\"https:\/\/chrisopigi.gr\/de\/product\/doppio-rakomelo-20-200ml\/#breadcrumb\",\"itemListElement\":[{\"@type\":\"ListItem\",\"position\":1,\"name\":\"\u0391\u03c1\u03c7\u03b9\u03ba\u03ae\",\"item\":\"https:\/\/chrisopigi.gr\/de\/\"},{\"@type\":\"ListItem\",\"position\":2,\"name\":\"Online-Shop\",\"item\":\"https:\/\/chrisopigi.gr\/online-shop\/\"},{\"@type\":\"ListItem\",\"position\":3,\"name\":\"Doppio Rakomelo 20% 200ml\"}]},{\"@type\":\"WebSite\",\"@id\":\"https:\/\/chrisopigi.gr\/de\/#website\",\"url\":\"https:\/\/chrisopigi.gr\/de\/\",\"name\":\"Chrisopigi\",\"description\":\"\u039a\u03c1\u03b7\u03c4\u03b9\u03ba\u03cc \u03b5\u03bb\u03b1\u03b9\u03cc\u03bb\u03b1\u03b4\u03bf &amp; \u03bc\u03ad\u03bb\u03b9 \u03b1\u03c0\u03cc \u03c4\u03b7\u03bd \u03a7\u03c1\u03c5\u03c3\u03bf\u03c0\u03b7\u03b3\u03ae \u03a3\u03b7\u03c4\u03b5\u03af\u03b1\u03c2\",\"potentialAction\":[{\"@type\":\"SearchAction\",\"target\":{\"@type\":\"EntryPoint\",\"urlTemplate\":\"https:\/\/chrisopigi.gr\/de\/?s={search_term_string}\"},\"query-input\":{\"@type\":\"PropertyValueSpecification\",\"valueRequired\":true,\"valueName\":\"search_term_string\"}}],\"inLanguage\":\"de\"}]}<\/script>\n<!-- \/ Yoast SEO plugin. -->","yoast_head_json":{"title":"Doppio Rakomelo 20% 200ml - Chrisopigi","robots":{"index":"index","follow":"follow","max-snippet":"max-snippet:-1","max-image-preview":"max-image-preview:large","max-video-preview":"max-video-preview:-1"},"canonical":"https:\/\/chrisopigi.gr\/de\/product\/doppio-rakomelo-20-200ml\/","og_locale":"de_DE","og_type":"article","og_title":"Doppio Rakomelo 20% 200ml - Chrisopigi","og_description":"Genie\u00dfen Sie die Tradition in jedem Schluck mit unserem traditionellen alkoholischen Getr\u00e4nk. Es wird aus kretischer Tsikoudia, auch bekannt als Raki, Thymianhonig und einer Kr\u00e4utermischung wie Zimt und Nelken hergestellt. Seine unverwechselbaren Aromen werden Sie zu jedem Zeitpunkt des Tages begleiten. Genie\u00dfen Sie es hei\u00df oder auf Eis.","og_url":"https:\/\/chrisopigi.gr\/de\/product\/doppio-rakomelo-20-200ml\/","og_site_name":"Chrisopigi","twitter_card":"summary_large_image","schema":{"@context":"https:\/\/schema.org","@graph":[{"@type":"WebPage","@id":"https:\/\/chrisopigi.gr\/de\/product\/doppio-rakomelo-20-200ml\/","url":"https:\/\/chrisopigi.gr\/de\/product\/doppio-rakomelo-20-200ml\/","name":"Doppio Rakomelo 20% 200ml - Chrisopigi","isPartOf":{"@id":"https:\/\/chrisopigi.gr\/de\/#website"},"primaryImageOfPage":{"@id":"https:\/\/chrisopigi.gr\/de\/product\/doppio-rakomelo-20-200ml\/#primaryimage"},"image":{"@id":"https:\/\/chrisopigi.gr\/de\/product\/doppio-rakomelo-20-200ml\/#primaryimage"},"thumbnailUrl":"https:\/\/chrisopigi.gr\/wp-content\/uploads\/2025\/12\/image-35.jpeg","datePublished":"2026-04-26T22:33:31+00:00","breadcrumb":{"@id":"https:\/\/chrisopigi.gr\/de\/product\/doppio-rakomelo-20-200ml\/#breadcrumb"},"inLanguage":"de","potentialAction":[{"@type":"ReadAction","target":["https:\/\/chrisopigi.gr\/de\/product\/doppio-rakomelo-20-200ml\/"]}]},{"@type":"ImageObject","inLanguage":"de","@id":"https:\/\/chrisopigi.gr\/de\/product\/doppio-rakomelo-20-200ml\/#primaryimage","url":"https:\/\/chrisopigi.gr\/wp-content\/uploads\/2025\/12\/image-35.jpeg","contentUrl":"https:\/\/chrisopigi.gr\/wp-content\/uploads\/2025\/12\/image-35.jpeg","width":2560,"height":2560},{"@type":"BreadcrumbList","@id":"https:\/\/chrisopigi.gr\/de\/product\/doppio-rakomelo-20-200ml\/#breadcrumb","itemListElement":[{"@type":"ListItem","position":1,"name":"\u0391\u03c1\u03c7\u03b9\u03ba\u03ae","item":"https:\/\/chrisopigi.gr\/de\/"},{"@type":"ListItem","position":2,"name":"Online-Shop","item":"https:\/\/chrisopigi.gr\/online-shop\/"},{"@type":"ListItem","position":3,"name":"Doppio Rakomelo 20% 200ml"}]},{"@type":"WebSite","@id":"https:\/\/chrisopigi.gr\/de\/#website","url":"https:\/\/chrisopigi.gr\/de\/","name":"Chrisopigi","description":"\u039a\u03c1\u03b7\u03c4\u03b9\u03ba\u03cc \u03b5\u03bb\u03b1\u03b9\u03cc\u03bb\u03b1\u03b4\u03bf &amp; \u03bc\u03ad\u03bb\u03b9 \u03b1\u03c0\u03cc \u03c4\u03b7\u03bd \u03a7\u03c1\u03c5\u03c3\u03bf\u03c0\u03b7\u03b3\u03ae \u03a3\u03b7\u03c4\u03b5\u03af\u03b1\u03c2","potentialAction":[{"@type":"SearchAction","target":{"@type":"EntryPoint","urlTemplate":"https:\/\/chrisopigi.gr\/de\/?s={search_term_string}"},"query-input":{"@type":"PropertyValueSpecification","valueRequired":true,"valueName":"search_term_string"}}],"inLanguage":"de"}]}},"_links":{"self":[{"href":"https:\/\/chrisopigi.gr\/de\/wp-json\/wp\/v2\/product\/49361"}],"collection":[{"href":"https:\/\/chrisopigi.gr\/de\/wp-json\/wp\/v2\/product"}],"about":[{"href":"https:\/\/chrisopigi.gr\/de\/wp-json\/wp\/v2\/types\/product"}],"replies":[{"embeddable":true,"href":"https:\/\/chrisopigi.gr\/de\/wp-json\/wp\/v2\/comments?post=49361"}],"wp:featuredmedia":[{"embeddable":true,"href":"https:\/\/chrisopigi.gr\/de\/wp-json\/wp\/v2\/media\/49362"}],"wp:attachment":[{"href":"https:\/\/chrisopigi.gr\/de\/wp-json\/wp\/v2\/media?parent=49361"}],"wp:term":[{"taxonomy":"product_cat","embeddable":true,"href":"https:\/\/chrisopigi.gr\/de\/wp-json\/wp\/v2\/product_cat?post=49361"},{"taxonomy":"product_tag","embeddable":true,"href":"https:\/\/chrisopigi.gr\/de\/wp-json\/wp\/v2\/product_tag?post=49361"}],"curies":[{"name":"wp","href":"https:\/\/api.w.org\/{rel}","templated":true}]}}