{"id":49370,"date":"2025-12-08T20:39:32","date_gmt":"2026-04-27T17:20:56","guid":{"rendered":"https:\/\/chrisopigi.gr\/product\/toplou-bio-rose-trocken-750ml\/"},"modified":"2026-04-27T20:20:56","modified_gmt":"2026-04-27T17:20:56","slug":"toplou-bio-rose-trocken-750ml","status":"publish","type":"product","link":"https:\/\/chrisopigi.gr\/de\/product\/toplou-bio-rose-trocken-750ml\/","title":{"rendered":"Toplou Bio-Ros\u00e9 Trocken 750ml"},"content":{"rendered":"<p><span style=\"font-family: Helvetica\">Das Heilige Kloster Toplou in Sitia wurde im 14. Jahrhundert n. Chr. gegr\u00fcndet und befindet sich am \u00f6stlichsten Rand Kretas. Eine der Hauptbesch\u00e4ftigungen der M\u00f6nche ist der Weinbau und die Produktion renommierter Weine ohne den Einsatz von Pestiziden. Heute wird die jahrhundertelange kl\u00f6sterliche Erfahrung und Tradition fortgesetzt, indem auf 35 Hektar biologisch bewirtschafteten Weinbergen einheimische und internationale Rebsorten angebaut werden. Mit besonderer Sorgfalt, hohem Fachwissen und Liebe werden sie in modernen Anlagen vinifiziert und bieten uns die hochwertigen biologischen TOPLOU-Weine.<\/span><\/p>\n<p><span style=\"font-family: Helvetica\"><u>Sensorische Eigenschaften<\/u><\/span><\/p>\n<p><span style=\"font-family: Helvetica\">Komplex in der Nase mit dominanten Aromen von Rose, Erdbeere und Kirsche sowie einigen Aprikosennoten. Ein mittelkr\u00e4ftiger Wein mit einem sehr weichen Abgang und Kirsche im Nachhall. <\/span><\/p>\n","protected":false},"excerpt":{"rendered":"<p>Das Heilige Kloster Toplou in Sitia wurde im 14. Jahrhundert n. Chr. gegr\u00fcndet und befindet sich am \u00f6stlichsten Rand Kretas. Eine der Hauptbesch\u00e4ftigungen der M\u00f6nche ist der Weinbau und die Produktion renommierter Weine ohne den Einsatz von Pestiziden. Heute wird die jahrhundertelange kl\u00f6sterliche Erfahrung und Tradition fortgesetzt, indem auf 35 Hektar biologisch bewirtschafteten Weinbergen einheimische und internationale Rebsorten angebaut werden. Mit besonderer Sorgfalt, [&hellip;]<\/p>\n","protected":false},"featured_media":49371,"comment_status":"closed","ping_status":"closed","template":"","meta":[],"product_cat":[1827],"product_tag":[],"yoast_head":"<!-- This site is optimized with the Yoast SEO plugin v27.2 - https:\/\/yoast.com\/product\/yoast-seo-wordpress\/ -->\n<title>Toplou Bio-Ros\u00e9 Trocken 750ml - Chrisopigi<\/title>\n<meta name=\"robots\" content=\"index, follow, max-snippet:-1, max-image-preview:large, max-video-preview:-1\" \/>\n<link rel=\"canonical\" href=\"https:\/\/chrisopigi.gr\/de\/product\/toplou-bio-rose-trocken-750ml\/\" \/>\n<meta property=\"og:locale\" content=\"de_DE\" \/>\n<meta property=\"og:type\" content=\"article\" \/>\n<meta property=\"og:title\" content=\"Toplou Bio-Ros\u00e9 Trocken 750ml - Chrisopigi\" \/>\n<meta property=\"og:description\" content=\"Das Heilige Kloster Toplou in Sitia wurde im 14. Jahrhundert n. Chr. gegr\u00fcndet und befindet sich am \u00f6stlichsten Rand Kretas. Eine der Hauptbesch\u00e4ftigungen der M\u00f6nche ist der Weinbau und die Produktion renommierter Weine ohne den Einsatz von Pestiziden. Heute wird die jahrhundertelange kl\u00f6sterliche Erfahrung und Tradition fortgesetzt, indem auf 35 Hektar biologisch bewirtschafteten Weinbergen einheimische und internationale Rebsorten angebaut werden. Mit besonderer Sorgfalt, [&hellip;]\" \/>\n<meta property=\"og:url\" content=\"https:\/\/chrisopigi.gr\/de\/product\/toplou-bio-rose-trocken-750ml\/\" \/>\n<meta property=\"og:site_name\" content=\"Chrisopigi\" \/>\n<meta name=\"twitter:card\" content=\"summary_large_image\" \/>\n<meta name=\"twitter:label1\" content=\"Gesch\u00e4tzte Lesezeit\" \/>\n\t<meta name=\"twitter:data1\" content=\"1\u00a0Minute\" \/>\n<script type=\"application\/ld+json\" class=\"yoast-schema-graph\">{\"@context\":\"https:\/\/schema.org\",\"@graph\":[{\"@type\":\"WebPage\",\"@id\":\"https:\/\/chrisopigi.gr\/de\/product\/toplou-bio-rose-trocken-750ml\/\",\"url\":\"https:\/\/chrisopigi.gr\/de\/product\/toplou-bio-rose-trocken-750ml\/\",\"name\":\"Toplou Bio-Ros\u00e9 Trocken 750ml - Chrisopigi\",\"isPartOf\":{\"@id\":\"https:\/\/chrisopigi.gr\/de\/#website\"},\"primaryImageOfPage\":{\"@id\":\"https:\/\/chrisopigi.gr\/de\/product\/toplou-bio-rose-trocken-750ml\/#primaryimage\"},\"image\":{\"@id\":\"https:\/\/chrisopigi.gr\/de\/product\/toplou-bio-rose-trocken-750ml\/#primaryimage\"},\"thumbnailUrl\":\"https:\/\/chrisopigi.gr\/wp-content\/uploads\/2025\/12\/image-31.jpeg\",\"datePublished\":\"2026-04-27T17:20:56+00:00\",\"breadcrumb\":{\"@id\":\"https:\/\/chrisopigi.gr\/de\/product\/toplou-bio-rose-trocken-750ml\/#breadcrumb\"},\"inLanguage\":\"de\",\"potentialAction\":[{\"@type\":\"ReadAction\",\"target\":[\"https:\/\/chrisopigi.gr\/de\/product\/toplou-bio-rose-trocken-750ml\/\"]}]},{\"@type\":\"ImageObject\",\"inLanguage\":\"de\",\"@id\":\"https:\/\/chrisopigi.gr\/de\/product\/toplou-bio-rose-trocken-750ml\/#primaryimage\",\"url\":\"https:\/\/chrisopigi.gr\/wp-content\/uploads\/2025\/12\/image-31.jpeg\",\"contentUrl\":\"https:\/\/chrisopigi.gr\/wp-content\/uploads\/2025\/12\/image-31.jpeg\",\"width\":2000,\"height\":2000},{\"@type\":\"BreadcrumbList\",\"@id\":\"https:\/\/chrisopigi.gr\/de\/product\/toplou-bio-rose-trocken-750ml\/#breadcrumb\",\"itemListElement\":[{\"@type\":\"ListItem\",\"position\":1,\"name\":\"\u0391\u03c1\u03c7\u03b9\u03ba\u03ae\",\"item\":\"https:\/\/chrisopigi.gr\/de\/\"},{\"@type\":\"ListItem\",\"position\":2,\"name\":\"Online-Shop\",\"item\":\"https:\/\/chrisopigi.gr\/online-shop\/\"},{\"@type\":\"ListItem\",\"position\":3,\"name\":\"Toplou Bio-Ros\u00e9 Trocken 750ml\"}]},{\"@type\":\"WebSite\",\"@id\":\"https:\/\/chrisopigi.gr\/de\/#website\",\"url\":\"https:\/\/chrisopigi.gr\/de\/\",\"name\":\"Chrisopigi\",\"description\":\"\u039a\u03c1\u03b7\u03c4\u03b9\u03ba\u03cc \u03b5\u03bb\u03b1\u03b9\u03cc\u03bb\u03b1\u03b4\u03bf &amp; \u03bc\u03ad\u03bb\u03b9 \u03b1\u03c0\u03cc \u03c4\u03b7\u03bd \u03a7\u03c1\u03c5\u03c3\u03bf\u03c0\u03b7\u03b3\u03ae \u03a3\u03b7\u03c4\u03b5\u03af\u03b1\u03c2\",\"potentialAction\":[{\"@type\":\"SearchAction\",\"target\":{\"@type\":\"EntryPoint\",\"urlTemplate\":\"https:\/\/chrisopigi.gr\/de\/?s={search_term_string}\"},\"query-input\":{\"@type\":\"PropertyValueSpecification\",\"valueRequired\":true,\"valueName\":\"search_term_string\"}}],\"inLanguage\":\"de\"}]}<\/script>\n<!-- \/ Yoast SEO plugin. -->","yoast_head_json":{"title":"Toplou Bio-Ros\u00e9 Trocken 750ml - Chrisopigi","robots":{"index":"index","follow":"follow","max-snippet":"max-snippet:-1","max-image-preview":"max-image-preview:large","max-video-preview":"max-video-preview:-1"},"canonical":"https:\/\/chrisopigi.gr\/de\/product\/toplou-bio-rose-trocken-750ml\/","og_locale":"de_DE","og_type":"article","og_title":"Toplou Bio-Ros\u00e9 Trocken 750ml - Chrisopigi","og_description":"Das Heilige Kloster Toplou in Sitia wurde im 14. Jahrhundert n. Chr. gegr\u00fcndet und befindet sich am \u00f6stlichsten Rand Kretas. Eine der Hauptbesch\u00e4ftigungen der M\u00f6nche ist der Weinbau und die Produktion renommierter Weine ohne den Einsatz von Pestiziden. Heute wird die jahrhundertelange kl\u00f6sterliche Erfahrung und Tradition fortgesetzt, indem auf 35 Hektar biologisch bewirtschafteten Weinbergen einheimische und internationale Rebsorten angebaut werden. Mit besonderer Sorgfalt, [&hellip;]","og_url":"https:\/\/chrisopigi.gr\/de\/product\/toplou-bio-rose-trocken-750ml\/","og_site_name":"Chrisopigi","twitter_card":"summary_large_image","twitter_misc":{"Gesch\u00e4tzte Lesezeit":"1\u00a0Minute"},"schema":{"@context":"https:\/\/schema.org","@graph":[{"@type":"WebPage","@id":"https:\/\/chrisopigi.gr\/de\/product\/toplou-bio-rose-trocken-750ml\/","url":"https:\/\/chrisopigi.gr\/de\/product\/toplou-bio-rose-trocken-750ml\/","name":"Toplou Bio-Ros\u00e9 Trocken 750ml - Chrisopigi","isPartOf":{"@id":"https:\/\/chrisopigi.gr\/de\/#website"},"primaryImageOfPage":{"@id":"https:\/\/chrisopigi.gr\/de\/product\/toplou-bio-rose-trocken-750ml\/#primaryimage"},"image":{"@id":"https:\/\/chrisopigi.gr\/de\/product\/toplou-bio-rose-trocken-750ml\/#primaryimage"},"thumbnailUrl":"https:\/\/chrisopigi.gr\/wp-content\/uploads\/2025\/12\/image-31.jpeg","datePublished":"2026-04-27T17:20:56+00:00","breadcrumb":{"@id":"https:\/\/chrisopigi.gr\/de\/product\/toplou-bio-rose-trocken-750ml\/#breadcrumb"},"inLanguage":"de","potentialAction":[{"@type":"ReadAction","target":["https:\/\/chrisopigi.gr\/de\/product\/toplou-bio-rose-trocken-750ml\/"]}]},{"@type":"ImageObject","inLanguage":"de","@id":"https:\/\/chrisopigi.gr\/de\/product\/toplou-bio-rose-trocken-750ml\/#primaryimage","url":"https:\/\/chrisopigi.gr\/wp-content\/uploads\/2025\/12\/image-31.jpeg","contentUrl":"https:\/\/chrisopigi.gr\/wp-content\/uploads\/2025\/12\/image-31.jpeg","width":2000,"height":2000},{"@type":"BreadcrumbList","@id":"https:\/\/chrisopigi.gr\/de\/product\/toplou-bio-rose-trocken-750ml\/#breadcrumb","itemListElement":[{"@type":"ListItem","position":1,"name":"\u0391\u03c1\u03c7\u03b9\u03ba\u03ae","item":"https:\/\/chrisopigi.gr\/de\/"},{"@type":"ListItem","position":2,"name":"Online-Shop","item":"https:\/\/chrisopigi.gr\/online-shop\/"},{"@type":"ListItem","position":3,"name":"Toplou Bio-Ros\u00e9 Trocken 750ml"}]},{"@type":"WebSite","@id":"https:\/\/chrisopigi.gr\/de\/#website","url":"https:\/\/chrisopigi.gr\/de\/","name":"Chrisopigi","description":"\u039a\u03c1\u03b7\u03c4\u03b9\u03ba\u03cc \u03b5\u03bb\u03b1\u03b9\u03cc\u03bb\u03b1\u03b4\u03bf &amp; \u03bc\u03ad\u03bb\u03b9 \u03b1\u03c0\u03cc \u03c4\u03b7\u03bd \u03a7\u03c1\u03c5\u03c3\u03bf\u03c0\u03b7\u03b3\u03ae \u03a3\u03b7\u03c4\u03b5\u03af\u03b1\u03c2","potentialAction":[{"@type":"SearchAction","target":{"@type":"EntryPoint","urlTemplate":"https:\/\/chrisopigi.gr\/de\/?s={search_term_string}"},"query-input":{"@type":"PropertyValueSpecification","valueRequired":true,"valueName":"search_term_string"}}],"inLanguage":"de"}]}},"_links":{"self":[{"href":"https:\/\/chrisopigi.gr\/de\/wp-json\/wp\/v2\/product\/49370"}],"collection":[{"href":"https:\/\/chrisopigi.gr\/de\/wp-json\/wp\/v2\/product"}],"about":[{"href":"https:\/\/chrisopigi.gr\/de\/wp-json\/wp\/v2\/types\/product"}],"replies":[{"embeddable":true,"href":"https:\/\/chrisopigi.gr\/de\/wp-json\/wp\/v2\/comments?post=49370"}],"wp:featuredmedia":[{"embeddable":true,"href":"https:\/\/chrisopigi.gr\/de\/wp-json\/wp\/v2\/media\/49371"}],"wp:attachment":[{"href":"https:\/\/chrisopigi.gr\/de\/wp-json\/wp\/v2\/media?parent=49370"}],"wp:term":[{"taxonomy":"product_cat","embeddable":true,"href":"https:\/\/chrisopigi.gr\/de\/wp-json\/wp\/v2\/product_cat?post=49370"},{"taxonomy":"product_tag","embeddable":true,"href":"https:\/\/chrisopigi.gr\/de\/wp-json\/wp\/v2\/product_tag?post=49370"}],"curies":[{"name":"wp","href":"https:\/\/api.w.org\/{rel}","templated":true}]}}