{"id":49374,"date":"2025-12-08T20:43:23","date_gmt":"2026-04-27T17:30:16","guid":{"rendered":"https:\/\/chrisopigi.gr\/product\/toplou-bio-rotwein-trocken-750ml\/"},"modified":"2026-04-27T20:30:16","modified_gmt":"2026-04-27T17:30:16","slug":"toplou-bio-rotwein-trocken-750ml","status":"publish","type":"product","link":"https:\/\/chrisopigi.gr\/de\/product\/toplou-bio-rotwein-trocken-750ml\/","title":{"rendered":"Toplou Bio-Rotwein Trocken 750ml"},"content":{"rendered":"<p><span style=\"font-family: Helvetica\">In Eichenf\u00e4ssern gereifter trockener Rotwein, Gesch\u00fctzte Geografische Angabe Lasithi. Ein kl\u00f6sterlicher, reinsortiger Syrah aus den biologisch bewirtschafteten Weinbergen des Klosters Toplou. Er reift 12 Monate in neuen Eichenf\u00e4ssern. Gut strukturiert, mit tiefer rubinroter Farbe, einem einzigartigen Bouquet mit Noten von Wildrosenholz, gr\u00fcnem Pfeffer, Brombeere und Schokolade, vollmundig mit \u00fcppigem Geschmack und w\u00fcrzigem Abgang.   <\/span><\/p>\n<p><span style=\"font-family: Helvetica\">Im Kloster Toplou werden, in Fortf\u00fchrung der jahrhundertelangen kl\u00f6sterlichen Erfahrung und Tradition, auf 35 Hektar biologisch bewirtschafteten Weinbergen einheimische und internationale Rebsorten angebaut. Die mit besonderer Sorgfalt produzierten Trauben werden in modernen Anlagen mit hohem Fachwissen und Liebe vinifiziert und bieten uns die hochwertigen biologischen TOPLOU-Weine. <\/span><\/p>\n<p><span style=\"font-family: Helvetica\"><\/p>\n<p><\/span><\/p>\n<p><span style=\"font-family: Helvetica\">Rebsorten: 50% Syrah \u2013 50% Kotsifali<\/span><\/p>\n<p><span style=\"font-family: Helvetica\">Kategorie: Trockener Rotwein<\/span><\/p>\n<p><span style=\"font-family: Helvetica\">Alkoholgehalt: 14%<\/span><\/p>\n<p><span style=\"font-family: Helvetica\">Serviertemperatur: 14 &#8211; 16 \u00b0C<\/span><\/p>\n","protected":false},"excerpt":{"rendered":"<p>In Eichenf\u00e4ssern gereifter trockener Rotwein, Gesch\u00fctzte Geografische Angabe Lasithi. Ein kl\u00f6sterlicher, reinsortiger Syrah aus den biologisch bewirtschafteten Weinbergen des Klosters Toplou. Er reift 12 Monate in neuen Eichenf\u00e4ssern. Gut strukturiert, mit tiefer rubinroter Farbe, einem einzigartigen Bouquet mit Noten von Wildrosenholz, gr\u00fcnem Pfeffer, Brombeere und Schokolade, vollmundig mit \u00fcppigem Geschmack und w\u00fcrzigem Abgang. Im Kloster Toplou werden, in Fortf\u00fchrung der jahrhundertelangen kl\u00f6sterlichen Erfahrung [&hellip;]<\/p>\n","protected":false},"featured_media":49375,"comment_status":"closed","ping_status":"closed","template":"","meta":[],"product_cat":[1827],"product_tag":[],"yoast_head":"<!-- This site is optimized with the Yoast SEO plugin v27.2 - https:\/\/yoast.com\/product\/yoast-seo-wordpress\/ -->\n<title>Toplou Bio-Rotwein Trocken 750ml - Chrisopigi<\/title>\n<meta name=\"robots\" content=\"index, follow, max-snippet:-1, max-image-preview:large, max-video-preview:-1\" \/>\n<link rel=\"canonical\" href=\"https:\/\/chrisopigi.gr\/de\/product\/toplou-bio-rotwein-trocken-750ml\/\" \/>\n<meta property=\"og:locale\" content=\"de_DE\" \/>\n<meta property=\"og:type\" content=\"article\" \/>\n<meta property=\"og:title\" content=\"Toplou Bio-Rotwein Trocken 750ml - Chrisopigi\" \/>\n<meta property=\"og:description\" content=\"In Eichenf\u00e4ssern gereifter trockener Rotwein, Gesch\u00fctzte Geografische Angabe Lasithi. Ein kl\u00f6sterlicher, reinsortiger Syrah aus den biologisch bewirtschafteten Weinbergen des Klosters Toplou. Er reift 12 Monate in neuen Eichenf\u00e4ssern. Gut strukturiert, mit tiefer rubinroter Farbe, einem einzigartigen Bouquet mit Noten von Wildrosenholz, gr\u00fcnem Pfeffer, Brombeere und Schokolade, vollmundig mit \u00fcppigem Geschmack und w\u00fcrzigem Abgang. Im Kloster Toplou werden, in Fortf\u00fchrung der jahrhundertelangen kl\u00f6sterlichen Erfahrung [&hellip;]\" \/>\n<meta property=\"og:url\" content=\"https:\/\/chrisopigi.gr\/de\/product\/toplou-bio-rotwein-trocken-750ml\/\" \/>\n<meta property=\"og:site_name\" content=\"Chrisopigi\" \/>\n<meta name=\"twitter:card\" content=\"summary_large_image\" \/>\n<meta name=\"twitter:label1\" content=\"Gesch\u00e4tzte Lesezeit\" \/>\n\t<meta name=\"twitter:data1\" content=\"1\u00a0Minute\" \/>\n<script type=\"application\/ld+json\" class=\"yoast-schema-graph\">{\"@context\":\"https:\/\/schema.org\",\"@graph\":[{\"@type\":\"WebPage\",\"@id\":\"https:\/\/chrisopigi.gr\/de\/product\/toplou-bio-rotwein-trocken-750ml\/\",\"url\":\"https:\/\/chrisopigi.gr\/de\/product\/toplou-bio-rotwein-trocken-750ml\/\",\"name\":\"Toplou Bio-Rotwein Trocken 750ml - Chrisopigi\",\"isPartOf\":{\"@id\":\"https:\/\/chrisopigi.gr\/de\/#website\"},\"primaryImageOfPage\":{\"@id\":\"https:\/\/chrisopigi.gr\/de\/product\/toplou-bio-rotwein-trocken-750ml\/#primaryimage\"},\"image\":{\"@id\":\"https:\/\/chrisopigi.gr\/de\/product\/toplou-bio-rotwein-trocken-750ml\/#primaryimage\"},\"thumbnailUrl\":\"https:\/\/chrisopigi.gr\/wp-content\/uploads\/2025\/12\/image-32.jpeg\",\"datePublished\":\"2026-04-27T17:30:16+00:00\",\"breadcrumb\":{\"@id\":\"https:\/\/chrisopigi.gr\/de\/product\/toplou-bio-rotwein-trocken-750ml\/#breadcrumb\"},\"inLanguage\":\"de\",\"potentialAction\":[{\"@type\":\"ReadAction\",\"target\":[\"https:\/\/chrisopigi.gr\/de\/product\/toplou-bio-rotwein-trocken-750ml\/\"]}]},{\"@type\":\"ImageObject\",\"inLanguage\":\"de\",\"@id\":\"https:\/\/chrisopigi.gr\/de\/product\/toplou-bio-rotwein-trocken-750ml\/#primaryimage\",\"url\":\"https:\/\/chrisopigi.gr\/wp-content\/uploads\/2025\/12\/image-32.jpeg\",\"contentUrl\":\"https:\/\/chrisopigi.gr\/wp-content\/uploads\/2025\/12\/image-32.jpeg\",\"width\":2000,\"height\":2000},{\"@type\":\"BreadcrumbList\",\"@id\":\"https:\/\/chrisopigi.gr\/de\/product\/toplou-bio-rotwein-trocken-750ml\/#breadcrumb\",\"itemListElement\":[{\"@type\":\"ListItem\",\"position\":1,\"name\":\"\u0391\u03c1\u03c7\u03b9\u03ba\u03ae\",\"item\":\"https:\/\/chrisopigi.gr\/de\/\"},{\"@type\":\"ListItem\",\"position\":2,\"name\":\"Online-Shop\",\"item\":\"https:\/\/chrisopigi.gr\/online-shop\/\"},{\"@type\":\"ListItem\",\"position\":3,\"name\":\"Toplou Bio-Rotwein Trocken 750ml\"}]},{\"@type\":\"WebSite\",\"@id\":\"https:\/\/chrisopigi.gr\/de\/#website\",\"url\":\"https:\/\/chrisopigi.gr\/de\/\",\"name\":\"Chrisopigi\",\"description\":\"\u039a\u03c1\u03b7\u03c4\u03b9\u03ba\u03cc \u03b5\u03bb\u03b1\u03b9\u03cc\u03bb\u03b1\u03b4\u03bf &amp; \u03bc\u03ad\u03bb\u03b9 \u03b1\u03c0\u03cc \u03c4\u03b7\u03bd \u03a7\u03c1\u03c5\u03c3\u03bf\u03c0\u03b7\u03b3\u03ae \u03a3\u03b7\u03c4\u03b5\u03af\u03b1\u03c2\",\"potentialAction\":[{\"@type\":\"SearchAction\",\"target\":{\"@type\":\"EntryPoint\",\"urlTemplate\":\"https:\/\/chrisopigi.gr\/de\/?s={search_term_string}\"},\"query-input\":{\"@type\":\"PropertyValueSpecification\",\"valueRequired\":true,\"valueName\":\"search_term_string\"}}],\"inLanguage\":\"de\"}]}<\/script>\n<!-- \/ Yoast SEO plugin. -->","yoast_head_json":{"title":"Toplou Bio-Rotwein Trocken 750ml - Chrisopigi","robots":{"index":"index","follow":"follow","max-snippet":"max-snippet:-1","max-image-preview":"max-image-preview:large","max-video-preview":"max-video-preview:-1"},"canonical":"https:\/\/chrisopigi.gr\/de\/product\/toplou-bio-rotwein-trocken-750ml\/","og_locale":"de_DE","og_type":"article","og_title":"Toplou Bio-Rotwein Trocken 750ml - Chrisopigi","og_description":"In Eichenf\u00e4ssern gereifter trockener Rotwein, Gesch\u00fctzte Geografische Angabe Lasithi. Ein kl\u00f6sterlicher, reinsortiger Syrah aus den biologisch bewirtschafteten Weinbergen des Klosters Toplou. Er reift 12 Monate in neuen Eichenf\u00e4ssern. Gut strukturiert, mit tiefer rubinroter Farbe, einem einzigartigen Bouquet mit Noten von Wildrosenholz, gr\u00fcnem Pfeffer, Brombeere und Schokolade, vollmundig mit \u00fcppigem Geschmack und w\u00fcrzigem Abgang. Im Kloster Toplou werden, in Fortf\u00fchrung der jahrhundertelangen kl\u00f6sterlichen Erfahrung [&hellip;]","og_url":"https:\/\/chrisopigi.gr\/de\/product\/toplou-bio-rotwein-trocken-750ml\/","og_site_name":"Chrisopigi","twitter_card":"summary_large_image","twitter_misc":{"Gesch\u00e4tzte Lesezeit":"1\u00a0Minute"},"schema":{"@context":"https:\/\/schema.org","@graph":[{"@type":"WebPage","@id":"https:\/\/chrisopigi.gr\/de\/product\/toplou-bio-rotwein-trocken-750ml\/","url":"https:\/\/chrisopigi.gr\/de\/product\/toplou-bio-rotwein-trocken-750ml\/","name":"Toplou Bio-Rotwein Trocken 750ml - Chrisopigi","isPartOf":{"@id":"https:\/\/chrisopigi.gr\/de\/#website"},"primaryImageOfPage":{"@id":"https:\/\/chrisopigi.gr\/de\/product\/toplou-bio-rotwein-trocken-750ml\/#primaryimage"},"image":{"@id":"https:\/\/chrisopigi.gr\/de\/product\/toplou-bio-rotwein-trocken-750ml\/#primaryimage"},"thumbnailUrl":"https:\/\/chrisopigi.gr\/wp-content\/uploads\/2025\/12\/image-32.jpeg","datePublished":"2026-04-27T17:30:16+00:00","breadcrumb":{"@id":"https:\/\/chrisopigi.gr\/de\/product\/toplou-bio-rotwein-trocken-750ml\/#breadcrumb"},"inLanguage":"de","potentialAction":[{"@type":"ReadAction","target":["https:\/\/chrisopigi.gr\/de\/product\/toplou-bio-rotwein-trocken-750ml\/"]}]},{"@type":"ImageObject","inLanguage":"de","@id":"https:\/\/chrisopigi.gr\/de\/product\/toplou-bio-rotwein-trocken-750ml\/#primaryimage","url":"https:\/\/chrisopigi.gr\/wp-content\/uploads\/2025\/12\/image-32.jpeg","contentUrl":"https:\/\/chrisopigi.gr\/wp-content\/uploads\/2025\/12\/image-32.jpeg","width":2000,"height":2000},{"@type":"BreadcrumbList","@id":"https:\/\/chrisopigi.gr\/de\/product\/toplou-bio-rotwein-trocken-750ml\/#breadcrumb","itemListElement":[{"@type":"ListItem","position":1,"name":"\u0391\u03c1\u03c7\u03b9\u03ba\u03ae","item":"https:\/\/chrisopigi.gr\/de\/"},{"@type":"ListItem","position":2,"name":"Online-Shop","item":"https:\/\/chrisopigi.gr\/online-shop\/"},{"@type":"ListItem","position":3,"name":"Toplou Bio-Rotwein Trocken 750ml"}]},{"@type":"WebSite","@id":"https:\/\/chrisopigi.gr\/de\/#website","url":"https:\/\/chrisopigi.gr\/de\/","name":"Chrisopigi","description":"\u039a\u03c1\u03b7\u03c4\u03b9\u03ba\u03cc \u03b5\u03bb\u03b1\u03b9\u03cc\u03bb\u03b1\u03b4\u03bf &amp; \u03bc\u03ad\u03bb\u03b9 \u03b1\u03c0\u03cc \u03c4\u03b7\u03bd \u03a7\u03c1\u03c5\u03c3\u03bf\u03c0\u03b7\u03b3\u03ae \u03a3\u03b7\u03c4\u03b5\u03af\u03b1\u03c2","potentialAction":[{"@type":"SearchAction","target":{"@type":"EntryPoint","urlTemplate":"https:\/\/chrisopigi.gr\/de\/?s={search_term_string}"},"query-input":{"@type":"PropertyValueSpecification","valueRequired":true,"valueName":"search_term_string"}}],"inLanguage":"de"}]}},"_links":{"self":[{"href":"https:\/\/chrisopigi.gr\/de\/wp-json\/wp\/v2\/product\/49374"}],"collection":[{"href":"https:\/\/chrisopigi.gr\/de\/wp-json\/wp\/v2\/product"}],"about":[{"href":"https:\/\/chrisopigi.gr\/de\/wp-json\/wp\/v2\/types\/product"}],"replies":[{"embeddable":true,"href":"https:\/\/chrisopigi.gr\/de\/wp-json\/wp\/v2\/comments?post=49374"}],"wp:featuredmedia":[{"embeddable":true,"href":"https:\/\/chrisopigi.gr\/de\/wp-json\/wp\/v2\/media\/49375"}],"wp:attachment":[{"href":"https:\/\/chrisopigi.gr\/de\/wp-json\/wp\/v2\/media?parent=49374"}],"wp:term":[{"taxonomy":"product_cat","embeddable":true,"href":"https:\/\/chrisopigi.gr\/de\/wp-json\/wp\/v2\/product_cat?post=49374"},{"taxonomy":"product_tag","embeddable":true,"href":"https:\/\/chrisopigi.gr\/de\/wp-json\/wp\/v2\/product_tag?post=49374"}],"curies":[{"name":"wp","href":"https:\/\/api.w.org\/{rel}","templated":true}]}}