{"id":49378,"date":"2025-12-08T20:14:22","date_gmt":"2026-04-27T17:45:23","guid":{"rendered":"https:\/\/chrisopigi.gr\/product\/toplou-linos-liatiko-trockener-rotwein-750ml\/"},"modified":"2026-04-27T20:45:23","modified_gmt":"2026-04-27T17:45:23","slug":"toplou-linos-liatiko-trockener-rotwein-750ml","status":"publish","type":"product","link":"https:\/\/chrisopigi.gr\/de\/product\/toplou-linos-liatiko-trockener-rotwein-750ml\/","title":{"rendered":"Toplou Linos Liatiko Trockener Rotwein 750ml"},"content":{"rendered":"<p><span style=\"font-family: Helvetica\">Die eingravierte Inschrift auf der kl\u00f6sterlichen Weinpresse (Linos), die 1709 vom Abt Kallinikos erbaut wurde, ist ein unwiderlegbares Zeugnis daf\u00fcr, dass auf den L\u00e4ndereien des historischen Heiligen Klosters Panagia Akrotiriani-Toplou in Sitia die einheimische Rebsorte Liatiko angebaut wurde. Das Keltern der Trauben fand in den Weinpressen statt und der produzierte kl\u00f6sterliche Wein war hervorragend und ber\u00fchmt.  <\/span><\/p>\n<p><span style=\"font-family: Helvetica\">Die Tradition wird bis heute mit der gleichen Ehrfurcht fortgesetzt. Diese alte rote Rebsorte des kretischen Weinbergs wird biologisch angebaut und in den Anlagen des modernen Weinguts des Klosters vinifiziert, wodurch ihre einzigartigen Eigenschaften besonders hervorgehoben werden.<br \/>\n<\/span><\/p>\n<p><span style=\"font-family: Helvetica\">Ein interessanter Wein aus biologisch angebautem Liatiko, mit intensiver purpurroter Farbe, Finesse, weichem Charakter und einzigartigen Aromen von Trockenfr\u00fcchten, Kr\u00e4utern und Blumen mit einem langen Abgang.<br \/>\n<\/span><\/p>\n<p>Typ: Trocken<\/p>\n<p>Rebsorte: Liatiko<\/p>\n<p>Weinfarbe: Rot<\/p>\n<p>Alkoholgehalt: 13,5%<\/p>\n","protected":false},"excerpt":{"rendered":"<p>Die eingravierte Inschrift auf der kl\u00f6sterlichen Weinpresse (Linos), die 1709 vom Abt Kallinikos erbaut wurde, ist ein unwiderlegbares Zeugnis daf\u00fcr, dass auf den L\u00e4ndereien des historischen Heiligen Klosters Panagia Akrotiriani-Toplou in Sitia die einheimische Rebsorte Liatiko angebaut wurde. Das Keltern der Trauben fand in den Weinpressen statt und der produzierte kl\u00f6sterliche Wein war hervorragend und ber\u00fchmt. Die Tradition wird bis heute mit der [&hellip;]<\/p>\n","protected":false},"featured_media":49379,"comment_status":"closed","ping_status":"closed","template":"","meta":[],"product_cat":[1827],"product_tag":[],"yoast_head":"<!-- This site is optimized with the Yoast SEO plugin v27.2 - https:\/\/yoast.com\/product\/yoast-seo-wordpress\/ -->\n<title>Toplou Linos Liatiko Trockener Rotwein 750ml - Chrisopigi<\/title>\n<meta name=\"robots\" content=\"index, follow, max-snippet:-1, max-image-preview:large, max-video-preview:-1\" \/>\n<link rel=\"canonical\" href=\"https:\/\/chrisopigi.gr\/de\/product\/toplou-linos-liatiko-trockener-rotwein-750ml\/\" \/>\n<meta property=\"og:locale\" content=\"de_DE\" \/>\n<meta property=\"og:type\" content=\"article\" \/>\n<meta property=\"og:title\" content=\"Toplou Linos Liatiko Trockener Rotwein 750ml - Chrisopigi\" \/>\n<meta property=\"og:description\" content=\"Die eingravierte Inschrift auf der kl\u00f6sterlichen Weinpresse (Linos), die 1709 vom Abt Kallinikos erbaut wurde, ist ein unwiderlegbares Zeugnis daf\u00fcr, dass auf den L\u00e4ndereien des historischen Heiligen Klosters Panagia Akrotiriani-Toplou in Sitia die einheimische Rebsorte Liatiko angebaut wurde. Das Keltern der Trauben fand in den Weinpressen statt und der produzierte kl\u00f6sterliche Wein war hervorragend und ber\u00fchmt. Die Tradition wird bis heute mit der [&hellip;]\" \/>\n<meta property=\"og:url\" content=\"https:\/\/chrisopigi.gr\/de\/product\/toplou-linos-liatiko-trockener-rotwein-750ml\/\" \/>\n<meta property=\"og:site_name\" content=\"Chrisopigi\" \/>\n<meta name=\"twitter:card\" content=\"summary_large_image\" \/>\n<meta name=\"twitter:label1\" content=\"Gesch\u00e4tzte Lesezeit\" \/>\n\t<meta name=\"twitter:data1\" content=\"1\u00a0Minute\" \/>\n<script type=\"application\/ld+json\" class=\"yoast-schema-graph\">{\"@context\":\"https:\/\/schema.org\",\"@graph\":[{\"@type\":\"WebPage\",\"@id\":\"https:\/\/chrisopigi.gr\/de\/product\/toplou-linos-liatiko-trockener-rotwein-750ml\/\",\"url\":\"https:\/\/chrisopigi.gr\/de\/product\/toplou-linos-liatiko-trockener-rotwein-750ml\/\",\"name\":\"Toplou Linos Liatiko Trockener Rotwein 750ml - Chrisopigi\",\"isPartOf\":{\"@id\":\"https:\/\/chrisopigi.gr\/de\/#website\"},\"primaryImageOfPage\":{\"@id\":\"https:\/\/chrisopigi.gr\/de\/product\/toplou-linos-liatiko-trockener-rotwein-750ml\/#primaryimage\"},\"image\":{\"@id\":\"https:\/\/chrisopigi.gr\/de\/product\/toplou-linos-liatiko-trockener-rotwein-750ml\/#primaryimage\"},\"thumbnailUrl\":\"https:\/\/chrisopigi.gr\/wp-content\/uploads\/2025\/12\/image-30.jpeg\",\"datePublished\":\"2026-04-27T17:45:23+00:00\",\"breadcrumb\":{\"@id\":\"https:\/\/chrisopigi.gr\/de\/product\/toplou-linos-liatiko-trockener-rotwein-750ml\/#breadcrumb\"},\"inLanguage\":\"de\",\"potentialAction\":[{\"@type\":\"ReadAction\",\"target\":[\"https:\/\/chrisopigi.gr\/de\/product\/toplou-linos-liatiko-trockener-rotwein-750ml\/\"]}]},{\"@type\":\"ImageObject\",\"inLanguage\":\"de\",\"@id\":\"https:\/\/chrisopigi.gr\/de\/product\/toplou-linos-liatiko-trockener-rotwein-750ml\/#primaryimage\",\"url\":\"https:\/\/chrisopigi.gr\/wp-content\/uploads\/2025\/12\/image-30.jpeg\",\"contentUrl\":\"https:\/\/chrisopigi.gr\/wp-content\/uploads\/2025\/12\/image-30.jpeg\",\"width\":2000,\"height\":2000},{\"@type\":\"BreadcrumbList\",\"@id\":\"https:\/\/chrisopigi.gr\/de\/product\/toplou-linos-liatiko-trockener-rotwein-750ml\/#breadcrumb\",\"itemListElement\":[{\"@type\":\"ListItem\",\"position\":1,\"name\":\"\u0391\u03c1\u03c7\u03b9\u03ba\u03ae\",\"item\":\"https:\/\/chrisopigi.gr\/de\/\"},{\"@type\":\"ListItem\",\"position\":2,\"name\":\"Online-Shop\",\"item\":\"https:\/\/chrisopigi.gr\/online-shop\/\"},{\"@type\":\"ListItem\",\"position\":3,\"name\":\"Toplou Linos Liatiko Trockener Rotwein 750ml\"}]},{\"@type\":\"WebSite\",\"@id\":\"https:\/\/chrisopigi.gr\/de\/#website\",\"url\":\"https:\/\/chrisopigi.gr\/de\/\",\"name\":\"Chrisopigi\",\"description\":\"\u039a\u03c1\u03b7\u03c4\u03b9\u03ba\u03cc \u03b5\u03bb\u03b1\u03b9\u03cc\u03bb\u03b1\u03b4\u03bf &amp; \u03bc\u03ad\u03bb\u03b9 \u03b1\u03c0\u03cc \u03c4\u03b7\u03bd \u03a7\u03c1\u03c5\u03c3\u03bf\u03c0\u03b7\u03b3\u03ae \u03a3\u03b7\u03c4\u03b5\u03af\u03b1\u03c2\",\"potentialAction\":[{\"@type\":\"SearchAction\",\"target\":{\"@type\":\"EntryPoint\",\"urlTemplate\":\"https:\/\/chrisopigi.gr\/de\/?s={search_term_string}\"},\"query-input\":{\"@type\":\"PropertyValueSpecification\",\"valueRequired\":true,\"valueName\":\"search_term_string\"}}],\"inLanguage\":\"de\"}]}<\/script>\n<!-- \/ Yoast SEO plugin. -->","yoast_head_json":{"title":"Toplou Linos Liatiko Trockener Rotwein 750ml - Chrisopigi","robots":{"index":"index","follow":"follow","max-snippet":"max-snippet:-1","max-image-preview":"max-image-preview:large","max-video-preview":"max-video-preview:-1"},"canonical":"https:\/\/chrisopigi.gr\/de\/product\/toplou-linos-liatiko-trockener-rotwein-750ml\/","og_locale":"de_DE","og_type":"article","og_title":"Toplou Linos Liatiko Trockener Rotwein 750ml - Chrisopigi","og_description":"Die eingravierte Inschrift auf der kl\u00f6sterlichen Weinpresse (Linos), die 1709 vom Abt Kallinikos erbaut wurde, ist ein unwiderlegbares Zeugnis daf\u00fcr, dass auf den L\u00e4ndereien des historischen Heiligen Klosters Panagia Akrotiriani-Toplou in Sitia die einheimische Rebsorte Liatiko angebaut wurde. Das Keltern der Trauben fand in den Weinpressen statt und der produzierte kl\u00f6sterliche Wein war hervorragend und ber\u00fchmt. Die Tradition wird bis heute mit der [&hellip;]","og_url":"https:\/\/chrisopigi.gr\/de\/product\/toplou-linos-liatiko-trockener-rotwein-750ml\/","og_site_name":"Chrisopigi","twitter_card":"summary_large_image","twitter_misc":{"Gesch\u00e4tzte Lesezeit":"1\u00a0Minute"},"schema":{"@context":"https:\/\/schema.org","@graph":[{"@type":"WebPage","@id":"https:\/\/chrisopigi.gr\/de\/product\/toplou-linos-liatiko-trockener-rotwein-750ml\/","url":"https:\/\/chrisopigi.gr\/de\/product\/toplou-linos-liatiko-trockener-rotwein-750ml\/","name":"Toplou Linos Liatiko Trockener Rotwein 750ml - Chrisopigi","isPartOf":{"@id":"https:\/\/chrisopigi.gr\/de\/#website"},"primaryImageOfPage":{"@id":"https:\/\/chrisopigi.gr\/de\/product\/toplou-linos-liatiko-trockener-rotwein-750ml\/#primaryimage"},"image":{"@id":"https:\/\/chrisopigi.gr\/de\/product\/toplou-linos-liatiko-trockener-rotwein-750ml\/#primaryimage"},"thumbnailUrl":"https:\/\/chrisopigi.gr\/wp-content\/uploads\/2025\/12\/image-30.jpeg","datePublished":"2026-04-27T17:45:23+00:00","breadcrumb":{"@id":"https:\/\/chrisopigi.gr\/de\/product\/toplou-linos-liatiko-trockener-rotwein-750ml\/#breadcrumb"},"inLanguage":"de","potentialAction":[{"@type":"ReadAction","target":["https:\/\/chrisopigi.gr\/de\/product\/toplou-linos-liatiko-trockener-rotwein-750ml\/"]}]},{"@type":"ImageObject","inLanguage":"de","@id":"https:\/\/chrisopigi.gr\/de\/product\/toplou-linos-liatiko-trockener-rotwein-750ml\/#primaryimage","url":"https:\/\/chrisopigi.gr\/wp-content\/uploads\/2025\/12\/image-30.jpeg","contentUrl":"https:\/\/chrisopigi.gr\/wp-content\/uploads\/2025\/12\/image-30.jpeg","width":2000,"height":2000},{"@type":"BreadcrumbList","@id":"https:\/\/chrisopigi.gr\/de\/product\/toplou-linos-liatiko-trockener-rotwein-750ml\/#breadcrumb","itemListElement":[{"@type":"ListItem","position":1,"name":"\u0391\u03c1\u03c7\u03b9\u03ba\u03ae","item":"https:\/\/chrisopigi.gr\/de\/"},{"@type":"ListItem","position":2,"name":"Online-Shop","item":"https:\/\/chrisopigi.gr\/online-shop\/"},{"@type":"ListItem","position":3,"name":"Toplou Linos Liatiko Trockener Rotwein 750ml"}]},{"@type":"WebSite","@id":"https:\/\/chrisopigi.gr\/de\/#website","url":"https:\/\/chrisopigi.gr\/de\/","name":"Chrisopigi","description":"\u039a\u03c1\u03b7\u03c4\u03b9\u03ba\u03cc \u03b5\u03bb\u03b1\u03b9\u03cc\u03bb\u03b1\u03b4\u03bf &amp; \u03bc\u03ad\u03bb\u03b9 \u03b1\u03c0\u03cc \u03c4\u03b7\u03bd \u03a7\u03c1\u03c5\u03c3\u03bf\u03c0\u03b7\u03b3\u03ae \u03a3\u03b7\u03c4\u03b5\u03af\u03b1\u03c2","potentialAction":[{"@type":"SearchAction","target":{"@type":"EntryPoint","urlTemplate":"https:\/\/chrisopigi.gr\/de\/?s={search_term_string}"},"query-input":{"@type":"PropertyValueSpecification","valueRequired":true,"valueName":"search_term_string"}}],"inLanguage":"de"}]}},"_links":{"self":[{"href":"https:\/\/chrisopigi.gr\/de\/wp-json\/wp\/v2\/product\/49378"}],"collection":[{"href":"https:\/\/chrisopigi.gr\/de\/wp-json\/wp\/v2\/product"}],"about":[{"href":"https:\/\/chrisopigi.gr\/de\/wp-json\/wp\/v2\/types\/product"}],"replies":[{"embeddable":true,"href":"https:\/\/chrisopigi.gr\/de\/wp-json\/wp\/v2\/comments?post=49378"}],"wp:featuredmedia":[{"embeddable":true,"href":"https:\/\/chrisopigi.gr\/de\/wp-json\/wp\/v2\/media\/49379"}],"wp:attachment":[{"href":"https:\/\/chrisopigi.gr\/de\/wp-json\/wp\/v2\/media?parent=49378"}],"wp:term":[{"taxonomy":"product_cat","embeddable":true,"href":"https:\/\/chrisopigi.gr\/de\/wp-json\/wp\/v2\/product_cat?post=49378"},{"taxonomy":"product_tag","embeddable":true,"href":"https:\/\/chrisopigi.gr\/de\/wp-json\/wp\/v2\/product_tag?post=49378"}],"curies":[{"name":"wp","href":"https:\/\/api.w.org\/{rel}","templated":true}]}}