{"id":49380,"date":"2025-12-08T20:04:51","date_gmt":"2026-04-27T17:56:57","guid":{"rendered":"https:\/\/chrisopigi.gr\/product\/toplou-gerto-trockener-weisswein-750ml\/"},"modified":"2026-04-27T20:56:57","modified_gmt":"2026-04-27T17:56:57","slug":"toplou-gerto-trockener-weisswein-750ml","status":"publish","type":"product","link":"https:\/\/chrisopigi.gr\/de\/product\/toplou-gerto-trockener-weisswein-750ml\/","title":{"rendered":"Toplou Gerto Trockener Wei\u00dfwein 750ml"},"content":{"rendered":"<p>Die Besonderheit der nat\u00fcrlichen Umgebung am \u00f6stlichsten Rand Kretas, wo sich die B\u00e4ume dem Nordwestwind und der starken D\u00fcrre beugen, verleiht dem GERTO einen wilden und zugleich exotischen Charakter. Das Heilige Kloster Toplou in Sitia war ein Pionier bei der Wiederbelebung einheimischer Rebsorten. Der biologische Anbau der wei\u00dfen kretischen Rebsorte Thrapsathiri wird fortgesetzt und bietet Weinliebhabern exquisite Weinaromen, die die Sinne wecken.<\/p>\n<p>Rebsorten Thrapsathiri 100%<\/p>\n<p>Der Gerto Thrapsathiri stammt aus dem biologischen Weinberg des Klosters Toplou, der sich an einem Hang befindet und starken Winden ausgesetzt ist, was ideale Bedingungen f\u00fcr den Anbau der Rebsorte Thrapsathiri bietet. Unsere Expertise bei der Herstellung hochwertiger Weine aus Thrapsathiri ist unbestritten, und dies spiegelt sich in jeder Flasche wider, die die Authentizit\u00e4t und die reiche Geschichte des Klosters Toplou zum Ausdruck bringt.<\/p>\n<p><strong>Sensorische Eigenschaften<\/strong><br \/>\nAroma: Intensive Noten von tropischen Fr\u00fcchten wie Ananas und Mango, umrahmt von zarten floralen Ankl\u00e4ngen an Jasmin und Rosenbl\u00e4tter.<br \/>\nGeschmack: Lebhafte S\u00e4ure, begleitet von einer samtigen Textur. Aromen von reifen tropischen Fr\u00fcchten und floralen T\u00f6nen, bereichert durch eine ausgepr\u00e4gte Mineralit\u00e4t, die Tiefe und Komplexit\u00e4t verleiht.<br \/>\nAbgang: Lang anhaltend, exotische Fr\u00fcchte<\/p>\n<p><b>Speiseempfehlung<\/b><br \/>\nAllgemeine Kategorien: Pasta, Meeresfr\u00fcchte, pikante Gerichte, asiatische K\u00fcche.<br \/>\nSpezifische Gerichte:<\/p>\n<ul>\n<li>Skioufixta (kretische Pasta) mit Anthotyro (Frischk\u00e4se): Die cremige Textur und die salzigen Aromen verst\u00e4rken die lebhafte S\u00e4ure und die tropischen Aromen des Weines.<\/li>\n<li>Gegrillter Oktopus mit Fava: Die salzigen und pflanzlichen Noten des Oktopus heben die Mineralit\u00e4t und die floralen Nuancen des Weines hervor.<\/li>\n<li>Thail\u00e4ndisches gr\u00fcnes Curry mit Garnelen: Die Gew\u00fcrze und aromatischen Kr\u00e4uter des Currys harmonieren wunderbar mit den tropischen Fr\u00fcchten und der Mineralit\u00e4t des Weines.<\/li>\n<\/ul>\n<p>Flaschenreife Genie\u00dfen Sie ihn jung wegen seiner Lebendigkeit, aber er kann f\u00fcr eine gr\u00f6\u00dfere Komplexit\u00e4t auch bis zu f\u00fcnf Jahre reifen.<\/p>\n","protected":false},"excerpt":{"rendered":"<p>Die Besonderheit der nat\u00fcrlichen Umgebung am \u00f6stlichsten Rand Kretas, wo sich die B\u00e4ume dem Nordwestwind und der starken D\u00fcrre beugen, verleiht dem GERTO einen wilden und zugleich exotischen Charakter. Das Heilige Kloster Toplou in Sitia war ein Pionier bei der Wiederbelebung einheimischer Rebsorten. Der biologische Anbau der wei\u00dfen kretischen Rebsorte Thrapsathiri wird fortgesetzt und bietet Weinliebhabern exquisite Weinaromen, die die Sinne wecken. Rebsorten [&hellip;]<\/p>\n","protected":false},"featured_media":49381,"comment_status":"closed","ping_status":"closed","template":"","meta":[],"product_cat":[1827],"product_tag":[],"yoast_head":"<!-- This site is optimized with the Yoast SEO plugin v27.2 - https:\/\/yoast.com\/product\/yoast-seo-wordpress\/ -->\n<title>Toplou Gerto Trockener Wei\u00dfwein 750ml - Chrisopigi<\/title>\n<meta name=\"robots\" content=\"index, follow, max-snippet:-1, max-image-preview:large, max-video-preview:-1\" \/>\n<link rel=\"canonical\" href=\"https:\/\/chrisopigi.gr\/de\/product\/toplou-gerto-trockener-weisswein-750ml\/\" \/>\n<meta property=\"og:locale\" content=\"de_DE\" \/>\n<meta property=\"og:type\" content=\"article\" \/>\n<meta property=\"og:title\" content=\"Toplou Gerto Trockener Wei\u00dfwein 750ml - Chrisopigi\" \/>\n<meta property=\"og:description\" content=\"Die Besonderheit der nat\u00fcrlichen Umgebung am \u00f6stlichsten Rand Kretas, wo sich die B\u00e4ume dem Nordwestwind und der starken D\u00fcrre beugen, verleiht dem GERTO einen wilden und zugleich exotischen Charakter. Das Heilige Kloster Toplou in Sitia war ein Pionier bei der Wiederbelebung einheimischer Rebsorten. Der biologische Anbau der wei\u00dfen kretischen Rebsorte Thrapsathiri wird fortgesetzt und bietet Weinliebhabern exquisite Weinaromen, die die Sinne wecken. Rebsorten [&hellip;]\" \/>\n<meta property=\"og:url\" content=\"https:\/\/chrisopigi.gr\/de\/product\/toplou-gerto-trockener-weisswein-750ml\/\" \/>\n<meta property=\"og:site_name\" content=\"Chrisopigi\" \/>\n<meta name=\"twitter:card\" content=\"summary_large_image\" \/>\n<meta name=\"twitter:label1\" content=\"Gesch\u00e4tzte Lesezeit\" \/>\n\t<meta name=\"twitter:data1\" content=\"2\u00a0Minuten\" \/>\n<script type=\"application\/ld+json\" class=\"yoast-schema-graph\">{\"@context\":\"https:\/\/schema.org\",\"@graph\":[{\"@type\":\"WebPage\",\"@id\":\"https:\/\/chrisopigi.gr\/de\/product\/toplou-gerto-trockener-weisswein-750ml\/\",\"url\":\"https:\/\/chrisopigi.gr\/de\/product\/toplou-gerto-trockener-weisswein-750ml\/\",\"name\":\"Toplou Gerto Trockener Wei\u00dfwein 750ml - Chrisopigi\",\"isPartOf\":{\"@id\":\"https:\/\/chrisopigi.gr\/de\/#website\"},\"primaryImageOfPage\":{\"@id\":\"https:\/\/chrisopigi.gr\/de\/product\/toplou-gerto-trockener-weisswein-750ml\/#primaryimage\"},\"image\":{\"@id\":\"https:\/\/chrisopigi.gr\/de\/product\/toplou-gerto-trockener-weisswein-750ml\/#primaryimage\"},\"thumbnailUrl\":\"https:\/\/chrisopigi.gr\/wp-content\/uploads\/2025\/12\/image-64.png\",\"datePublished\":\"2026-04-27T17:56:57+00:00\",\"breadcrumb\":{\"@id\":\"https:\/\/chrisopigi.gr\/de\/product\/toplou-gerto-trockener-weisswein-750ml\/#breadcrumb\"},\"inLanguage\":\"de\",\"potentialAction\":[{\"@type\":\"ReadAction\",\"target\":[\"https:\/\/chrisopigi.gr\/de\/product\/toplou-gerto-trockener-weisswein-750ml\/\"]}]},{\"@type\":\"ImageObject\",\"inLanguage\":\"de\",\"@id\":\"https:\/\/chrisopigi.gr\/de\/product\/toplou-gerto-trockener-weisswein-750ml\/#primaryimage\",\"url\":\"https:\/\/chrisopigi.gr\/wp-content\/uploads\/2025\/12\/image-64.png\",\"contentUrl\":\"https:\/\/chrisopigi.gr\/wp-content\/uploads\/2025\/12\/image-64.png\",\"width\":2000,\"height\":2000},{\"@type\":\"BreadcrumbList\",\"@id\":\"https:\/\/chrisopigi.gr\/de\/product\/toplou-gerto-trockener-weisswein-750ml\/#breadcrumb\",\"itemListElement\":[{\"@type\":\"ListItem\",\"position\":1,\"name\":\"\u0391\u03c1\u03c7\u03b9\u03ba\u03ae\",\"item\":\"https:\/\/chrisopigi.gr\/de\/\"},{\"@type\":\"ListItem\",\"position\":2,\"name\":\"Online-Shop\",\"item\":\"https:\/\/chrisopigi.gr\/online-shop\/\"},{\"@type\":\"ListItem\",\"position\":3,\"name\":\"Toplou Gerto Trockener Wei\u00dfwein 750ml\"}]},{\"@type\":\"WebSite\",\"@id\":\"https:\/\/chrisopigi.gr\/de\/#website\",\"url\":\"https:\/\/chrisopigi.gr\/de\/\",\"name\":\"Chrisopigi\",\"description\":\"\u039a\u03c1\u03b7\u03c4\u03b9\u03ba\u03cc \u03b5\u03bb\u03b1\u03b9\u03cc\u03bb\u03b1\u03b4\u03bf &amp; \u03bc\u03ad\u03bb\u03b9 \u03b1\u03c0\u03cc \u03c4\u03b7\u03bd \u03a7\u03c1\u03c5\u03c3\u03bf\u03c0\u03b7\u03b3\u03ae \u03a3\u03b7\u03c4\u03b5\u03af\u03b1\u03c2\",\"potentialAction\":[{\"@type\":\"SearchAction\",\"target\":{\"@type\":\"EntryPoint\",\"urlTemplate\":\"https:\/\/chrisopigi.gr\/de\/?s={search_term_string}\"},\"query-input\":{\"@type\":\"PropertyValueSpecification\",\"valueRequired\":true,\"valueName\":\"search_term_string\"}}],\"inLanguage\":\"de\"}]}<\/script>\n<!-- \/ Yoast SEO plugin. -->","yoast_head_json":{"title":"Toplou Gerto Trockener Wei\u00dfwein 750ml - Chrisopigi","robots":{"index":"index","follow":"follow","max-snippet":"max-snippet:-1","max-image-preview":"max-image-preview:large","max-video-preview":"max-video-preview:-1"},"canonical":"https:\/\/chrisopigi.gr\/de\/product\/toplou-gerto-trockener-weisswein-750ml\/","og_locale":"de_DE","og_type":"article","og_title":"Toplou Gerto Trockener Wei\u00dfwein 750ml - Chrisopigi","og_description":"Die Besonderheit der nat\u00fcrlichen Umgebung am \u00f6stlichsten Rand Kretas, wo sich die B\u00e4ume dem Nordwestwind und der starken D\u00fcrre beugen, verleiht dem GERTO einen wilden und zugleich exotischen Charakter. Das Heilige Kloster Toplou in Sitia war ein Pionier bei der Wiederbelebung einheimischer Rebsorten. Der biologische Anbau der wei\u00dfen kretischen Rebsorte Thrapsathiri wird fortgesetzt und bietet Weinliebhabern exquisite Weinaromen, die die Sinne wecken. Rebsorten [&hellip;]","og_url":"https:\/\/chrisopigi.gr\/de\/product\/toplou-gerto-trockener-weisswein-750ml\/","og_site_name":"Chrisopigi","twitter_card":"summary_large_image","twitter_misc":{"Gesch\u00e4tzte Lesezeit":"2\u00a0Minuten"},"schema":{"@context":"https:\/\/schema.org","@graph":[{"@type":"WebPage","@id":"https:\/\/chrisopigi.gr\/de\/product\/toplou-gerto-trockener-weisswein-750ml\/","url":"https:\/\/chrisopigi.gr\/de\/product\/toplou-gerto-trockener-weisswein-750ml\/","name":"Toplou Gerto Trockener Wei\u00dfwein 750ml - Chrisopigi","isPartOf":{"@id":"https:\/\/chrisopigi.gr\/de\/#website"},"primaryImageOfPage":{"@id":"https:\/\/chrisopigi.gr\/de\/product\/toplou-gerto-trockener-weisswein-750ml\/#primaryimage"},"image":{"@id":"https:\/\/chrisopigi.gr\/de\/product\/toplou-gerto-trockener-weisswein-750ml\/#primaryimage"},"thumbnailUrl":"https:\/\/chrisopigi.gr\/wp-content\/uploads\/2025\/12\/image-64.png","datePublished":"2026-04-27T17:56:57+00:00","breadcrumb":{"@id":"https:\/\/chrisopigi.gr\/de\/product\/toplou-gerto-trockener-weisswein-750ml\/#breadcrumb"},"inLanguage":"de","potentialAction":[{"@type":"ReadAction","target":["https:\/\/chrisopigi.gr\/de\/product\/toplou-gerto-trockener-weisswein-750ml\/"]}]},{"@type":"ImageObject","inLanguage":"de","@id":"https:\/\/chrisopigi.gr\/de\/product\/toplou-gerto-trockener-weisswein-750ml\/#primaryimage","url":"https:\/\/chrisopigi.gr\/wp-content\/uploads\/2025\/12\/image-64.png","contentUrl":"https:\/\/chrisopigi.gr\/wp-content\/uploads\/2025\/12\/image-64.png","width":2000,"height":2000},{"@type":"BreadcrumbList","@id":"https:\/\/chrisopigi.gr\/de\/product\/toplou-gerto-trockener-weisswein-750ml\/#breadcrumb","itemListElement":[{"@type":"ListItem","position":1,"name":"\u0391\u03c1\u03c7\u03b9\u03ba\u03ae","item":"https:\/\/chrisopigi.gr\/de\/"},{"@type":"ListItem","position":2,"name":"Online-Shop","item":"https:\/\/chrisopigi.gr\/online-shop\/"},{"@type":"ListItem","position":3,"name":"Toplou Gerto Trockener Wei\u00dfwein 750ml"}]},{"@type":"WebSite","@id":"https:\/\/chrisopigi.gr\/de\/#website","url":"https:\/\/chrisopigi.gr\/de\/","name":"Chrisopigi","description":"\u039a\u03c1\u03b7\u03c4\u03b9\u03ba\u03cc \u03b5\u03bb\u03b1\u03b9\u03cc\u03bb\u03b1\u03b4\u03bf &amp; \u03bc\u03ad\u03bb\u03b9 \u03b1\u03c0\u03cc \u03c4\u03b7\u03bd \u03a7\u03c1\u03c5\u03c3\u03bf\u03c0\u03b7\u03b3\u03ae \u03a3\u03b7\u03c4\u03b5\u03af\u03b1\u03c2","potentialAction":[{"@type":"SearchAction","target":{"@type":"EntryPoint","urlTemplate":"https:\/\/chrisopigi.gr\/de\/?s={search_term_string}"},"query-input":{"@type":"PropertyValueSpecification","valueRequired":true,"valueName":"search_term_string"}}],"inLanguage":"de"}]}},"_links":{"self":[{"href":"https:\/\/chrisopigi.gr\/de\/wp-json\/wp\/v2\/product\/49380"}],"collection":[{"href":"https:\/\/chrisopigi.gr\/de\/wp-json\/wp\/v2\/product"}],"about":[{"href":"https:\/\/chrisopigi.gr\/de\/wp-json\/wp\/v2\/types\/product"}],"replies":[{"embeddable":true,"href":"https:\/\/chrisopigi.gr\/de\/wp-json\/wp\/v2\/comments?post=49380"}],"wp:featuredmedia":[{"embeddable":true,"href":"https:\/\/chrisopigi.gr\/de\/wp-json\/wp\/v2\/media\/49381"}],"wp:attachment":[{"href":"https:\/\/chrisopigi.gr\/de\/wp-json\/wp\/v2\/media?parent=49380"}],"wp:term":[{"taxonomy":"product_cat","embeddable":true,"href":"https:\/\/chrisopigi.gr\/de\/wp-json\/wp\/v2\/product_cat?post=49380"},{"taxonomy":"product_tag","embeddable":true,"href":"https:\/\/chrisopigi.gr\/de\/wp-json\/wp\/v2\/product_tag?post=49380"}],"curies":[{"name":"wp","href":"https:\/\/api.w.org\/{rel}","templated":true}]}}