{"id":49383,"date":"2025-12-08T19:56:24","date_gmt":"2026-04-27T18:02:48","guid":{"rendered":"https:\/\/chrisopigi.gr\/product\/rakaki-kretischer-raki-38-500ml\/"},"modified":"2026-04-27T21:02:48","modified_gmt":"2026-04-27T18:02:48","slug":"rakaki-kretischer-raki-38-500ml","status":"publish","type":"product","link":"https:\/\/chrisopigi.gr\/de\/product\/rakaki-kretischer-raki-38-500ml\/","title":{"rendered":"Rakaki Kretischer Raki 38% 500ml"},"content":{"rendered":"<p data-start=\"272\" data-end=\"468\">Der Rakaki Kretische Raki ist ein traditionelles kretisches Destillat mit einem reinen, milden Geschmack und einem angenehmen Aroma. Er wird aus ausgew\u00e4hlten Trauben hergestellt und zeichnet sich durch seine Qualit\u00e4t und Ausgewogenheit aus.<\/p>\n<p data-start=\"470\" data-end=\"520\">Er wird pur genossen und ist der ideale Begleiter zu Mezedes (kretischen Vorspeisen).<\/p>\n<p data-start=\"522\" data-end=\"611\">Ideal f\u00fcr:<br data-start=\"538\" data-end=\"541\">Aperitifs<br data-start=\"551\" data-end=\"554\">Mezedes<br data-start=\"563\" data-end=\"566\">gesellige Runden<br data-start=\"574\" data-end=\"577\">den traditionellen Tisch<br data-start=\"599\" data-end=\"602\">zum Anbieten f\u00fcr G\u00e4ste<\/p>\n<p data-start=\"613\" data-end=\"659\">Ein authentisches kretisches Getr\u00e4nk f\u00fcr jeden Anlass.<\/p>\n","protected":false},"excerpt":{"rendered":"<p>Der Rakaki Kretische Raki ist ein traditionelles kretisches Destillat mit einem reinen, milden Geschmack und einem angenehmen Aroma. Er wird aus ausgew\u00e4hlten Trauben hergestellt und zeichnet sich durch seine Qualit\u00e4t und Ausgewogenheit aus. Er wird pur genossen und ist der ideale Begleiter zu Mezedes (kretischen Vorspeisen). Ideal f\u00fcr:AperitifsMezedesgesellige Rundenden traditionellen Tischzum Anbieten f\u00fcr G\u00e4ste Ein authentisches kretisches Getr\u00e4nk f\u00fcr jeden Anlass.<\/p>\n","protected":false},"featured_media":49384,"comment_status":"closed","ping_status":"closed","template":"","meta":[],"product_cat":[1827],"product_tag":[],"yoast_head":"<!-- This site is optimized with the Yoast SEO plugin v27.2 - https:\/\/yoast.com\/product\/yoast-seo-wordpress\/ -->\n<title>Rakaki Kretischer Raki 38% 500ml - Chrisopigi<\/title>\n<meta name=\"robots\" content=\"index, follow, max-snippet:-1, max-image-preview:large, max-video-preview:-1\" \/>\n<link rel=\"canonical\" href=\"https:\/\/chrisopigi.gr\/de\/product\/rakaki-kretischer-raki-38-500ml\/\" \/>\n<meta property=\"og:locale\" content=\"de_DE\" \/>\n<meta property=\"og:type\" content=\"article\" \/>\n<meta property=\"og:title\" content=\"Rakaki Kretischer Raki 38% 500ml - Chrisopigi\" \/>\n<meta property=\"og:description\" content=\"Der Rakaki Kretische Raki ist ein traditionelles kretisches Destillat mit einem reinen, milden Geschmack und einem angenehmen Aroma. Er wird aus ausgew\u00e4hlten Trauben hergestellt und zeichnet sich durch seine Qualit\u00e4t und Ausgewogenheit aus. Er wird pur genossen und ist der ideale Begleiter zu Mezedes (kretischen Vorspeisen). Ideal f\u00fcr:AperitifsMezedesgesellige Rundenden traditionellen Tischzum Anbieten f\u00fcr G\u00e4ste Ein authentisches kretisches Getr\u00e4nk f\u00fcr jeden Anlass.\" \/>\n<meta property=\"og:url\" content=\"https:\/\/chrisopigi.gr\/de\/product\/rakaki-kretischer-raki-38-500ml\/\" \/>\n<meta property=\"og:site_name\" content=\"Chrisopigi\" \/>\n<meta name=\"twitter:card\" content=\"summary_large_image\" \/>\n<script type=\"application\/ld+json\" class=\"yoast-schema-graph\">{\"@context\":\"https:\/\/schema.org\",\"@graph\":[{\"@type\":\"WebPage\",\"@id\":\"https:\/\/chrisopigi.gr\/de\/product\/rakaki-kretischer-raki-38-500ml\/\",\"url\":\"https:\/\/chrisopigi.gr\/de\/product\/rakaki-kretischer-raki-38-500ml\/\",\"name\":\"Rakaki Kretischer Raki 38% 500ml - Chrisopigi\",\"isPartOf\":{\"@id\":\"https:\/\/chrisopigi.gr\/de\/#website\"},\"primaryImageOfPage\":{\"@id\":\"https:\/\/chrisopigi.gr\/de\/product\/rakaki-kretischer-raki-38-500ml\/#primaryimage\"},\"image\":{\"@id\":\"https:\/\/chrisopigi.gr\/de\/product\/rakaki-kretischer-raki-38-500ml\/#primaryimage\"},\"thumbnailUrl\":\"https:\/\/chrisopigi.gr\/wp-content\/uploads\/2025\/12\/image-62.png\",\"datePublished\":\"2026-04-27T18:02:48+00:00\",\"breadcrumb\":{\"@id\":\"https:\/\/chrisopigi.gr\/de\/product\/rakaki-kretischer-raki-38-500ml\/#breadcrumb\"},\"inLanguage\":\"de\",\"potentialAction\":[{\"@type\":\"ReadAction\",\"target\":[\"https:\/\/chrisopigi.gr\/de\/product\/rakaki-kretischer-raki-38-500ml\/\"]}]},{\"@type\":\"ImageObject\",\"inLanguage\":\"de\",\"@id\":\"https:\/\/chrisopigi.gr\/de\/product\/rakaki-kretischer-raki-38-500ml\/#primaryimage\",\"url\":\"https:\/\/chrisopigi.gr\/wp-content\/uploads\/2025\/12\/image-62.png\",\"contentUrl\":\"https:\/\/chrisopigi.gr\/wp-content\/uploads\/2025\/12\/image-62.png\",\"width\":2000,\"height\":2000},{\"@type\":\"BreadcrumbList\",\"@id\":\"https:\/\/chrisopigi.gr\/de\/product\/rakaki-kretischer-raki-38-500ml\/#breadcrumb\",\"itemListElement\":[{\"@type\":\"ListItem\",\"position\":1,\"name\":\"\u0391\u03c1\u03c7\u03b9\u03ba\u03ae\",\"item\":\"https:\/\/chrisopigi.gr\/de\/\"},{\"@type\":\"ListItem\",\"position\":2,\"name\":\"Online-Shop\",\"item\":\"https:\/\/chrisopigi.gr\/online-shop\/\"},{\"@type\":\"ListItem\",\"position\":3,\"name\":\"Rakaki Kretischer Raki 38% 500ml\"}]},{\"@type\":\"WebSite\",\"@id\":\"https:\/\/chrisopigi.gr\/de\/#website\",\"url\":\"https:\/\/chrisopigi.gr\/de\/\",\"name\":\"Chrisopigi\",\"description\":\"\u039a\u03c1\u03b7\u03c4\u03b9\u03ba\u03cc \u03b5\u03bb\u03b1\u03b9\u03cc\u03bb\u03b1\u03b4\u03bf &amp; \u03bc\u03ad\u03bb\u03b9 \u03b1\u03c0\u03cc \u03c4\u03b7\u03bd \u03a7\u03c1\u03c5\u03c3\u03bf\u03c0\u03b7\u03b3\u03ae \u03a3\u03b7\u03c4\u03b5\u03af\u03b1\u03c2\",\"potentialAction\":[{\"@type\":\"SearchAction\",\"target\":{\"@type\":\"EntryPoint\",\"urlTemplate\":\"https:\/\/chrisopigi.gr\/de\/?s={search_term_string}\"},\"query-input\":{\"@type\":\"PropertyValueSpecification\",\"valueRequired\":true,\"valueName\":\"search_term_string\"}}],\"inLanguage\":\"de\"}]}<\/script>\n<!-- \/ Yoast SEO plugin. -->","yoast_head_json":{"title":"Rakaki Kretischer Raki 38% 500ml - Chrisopigi","robots":{"index":"index","follow":"follow","max-snippet":"max-snippet:-1","max-image-preview":"max-image-preview:large","max-video-preview":"max-video-preview:-1"},"canonical":"https:\/\/chrisopigi.gr\/de\/product\/rakaki-kretischer-raki-38-500ml\/","og_locale":"de_DE","og_type":"article","og_title":"Rakaki Kretischer Raki 38% 500ml - Chrisopigi","og_description":"Der Rakaki Kretische Raki ist ein traditionelles kretisches Destillat mit einem reinen, milden Geschmack und einem angenehmen Aroma. Er wird aus ausgew\u00e4hlten Trauben hergestellt und zeichnet sich durch seine Qualit\u00e4t und Ausgewogenheit aus. Er wird pur genossen und ist der ideale Begleiter zu Mezedes (kretischen Vorspeisen). Ideal f\u00fcr:AperitifsMezedesgesellige Rundenden traditionellen Tischzum Anbieten f\u00fcr G\u00e4ste Ein authentisches kretisches Getr\u00e4nk f\u00fcr jeden Anlass.","og_url":"https:\/\/chrisopigi.gr\/de\/product\/rakaki-kretischer-raki-38-500ml\/","og_site_name":"Chrisopigi","twitter_card":"summary_large_image","schema":{"@context":"https:\/\/schema.org","@graph":[{"@type":"WebPage","@id":"https:\/\/chrisopigi.gr\/de\/product\/rakaki-kretischer-raki-38-500ml\/","url":"https:\/\/chrisopigi.gr\/de\/product\/rakaki-kretischer-raki-38-500ml\/","name":"Rakaki Kretischer Raki 38% 500ml - Chrisopigi","isPartOf":{"@id":"https:\/\/chrisopigi.gr\/de\/#website"},"primaryImageOfPage":{"@id":"https:\/\/chrisopigi.gr\/de\/product\/rakaki-kretischer-raki-38-500ml\/#primaryimage"},"image":{"@id":"https:\/\/chrisopigi.gr\/de\/product\/rakaki-kretischer-raki-38-500ml\/#primaryimage"},"thumbnailUrl":"https:\/\/chrisopigi.gr\/wp-content\/uploads\/2025\/12\/image-62.png","datePublished":"2026-04-27T18:02:48+00:00","breadcrumb":{"@id":"https:\/\/chrisopigi.gr\/de\/product\/rakaki-kretischer-raki-38-500ml\/#breadcrumb"},"inLanguage":"de","potentialAction":[{"@type":"ReadAction","target":["https:\/\/chrisopigi.gr\/de\/product\/rakaki-kretischer-raki-38-500ml\/"]}]},{"@type":"ImageObject","inLanguage":"de","@id":"https:\/\/chrisopigi.gr\/de\/product\/rakaki-kretischer-raki-38-500ml\/#primaryimage","url":"https:\/\/chrisopigi.gr\/wp-content\/uploads\/2025\/12\/image-62.png","contentUrl":"https:\/\/chrisopigi.gr\/wp-content\/uploads\/2025\/12\/image-62.png","width":2000,"height":2000},{"@type":"BreadcrumbList","@id":"https:\/\/chrisopigi.gr\/de\/product\/rakaki-kretischer-raki-38-500ml\/#breadcrumb","itemListElement":[{"@type":"ListItem","position":1,"name":"\u0391\u03c1\u03c7\u03b9\u03ba\u03ae","item":"https:\/\/chrisopigi.gr\/de\/"},{"@type":"ListItem","position":2,"name":"Online-Shop","item":"https:\/\/chrisopigi.gr\/online-shop\/"},{"@type":"ListItem","position":3,"name":"Rakaki Kretischer Raki 38% 500ml"}]},{"@type":"WebSite","@id":"https:\/\/chrisopigi.gr\/de\/#website","url":"https:\/\/chrisopigi.gr\/de\/","name":"Chrisopigi","description":"\u039a\u03c1\u03b7\u03c4\u03b9\u03ba\u03cc \u03b5\u03bb\u03b1\u03b9\u03cc\u03bb\u03b1\u03b4\u03bf &amp; \u03bc\u03ad\u03bb\u03b9 \u03b1\u03c0\u03cc \u03c4\u03b7\u03bd \u03a7\u03c1\u03c5\u03c3\u03bf\u03c0\u03b7\u03b3\u03ae \u03a3\u03b7\u03c4\u03b5\u03af\u03b1\u03c2","potentialAction":[{"@type":"SearchAction","target":{"@type":"EntryPoint","urlTemplate":"https:\/\/chrisopigi.gr\/de\/?s={search_term_string}"},"query-input":{"@type":"PropertyValueSpecification","valueRequired":true,"valueName":"search_term_string"}}],"inLanguage":"de"}]}},"_links":{"self":[{"href":"https:\/\/chrisopigi.gr\/de\/wp-json\/wp\/v2\/product\/49383"}],"collection":[{"href":"https:\/\/chrisopigi.gr\/de\/wp-json\/wp\/v2\/product"}],"about":[{"href":"https:\/\/chrisopigi.gr\/de\/wp-json\/wp\/v2\/types\/product"}],"replies":[{"embeddable":true,"href":"https:\/\/chrisopigi.gr\/de\/wp-json\/wp\/v2\/comments?post=49383"}],"wp:featuredmedia":[{"embeddable":true,"href":"https:\/\/chrisopigi.gr\/de\/wp-json\/wp\/v2\/media\/49384"}],"wp:attachment":[{"href":"https:\/\/chrisopigi.gr\/de\/wp-json\/wp\/v2\/media?parent=49383"}],"wp:term":[{"taxonomy":"product_cat","embeddable":true,"href":"https:\/\/chrisopigi.gr\/de\/wp-json\/wp\/v2\/product_cat?post=49383"},{"taxonomy":"product_tag","embeddable":true,"href":"https:\/\/chrisopigi.gr\/de\/wp-json\/wp\/v2\/product_tag?post=49383"}],"curies":[{"name":"wp","href":"https:\/\/api.w.org\/{rel}","templated":true}]}}