{"id":49389,"date":"2025-12-08T19:40:33","date_gmt":"2026-04-27T18:13:31","guid":{"rendered":"https:\/\/chrisopigi.gr\/product\/beeraki-rakomelo-20-200ml\/"},"modified":"2026-04-27T21:13:31","modified_gmt":"2026-04-27T18:13:31","slug":"beeraki-rakomelo-20-200ml","status":"publish","type":"product","link":"https:\/\/chrisopigi.gr\/de\/product\/beeraki-rakomelo-20-200ml\/","title":{"rendered":"BeeRaki Rakomelo 20% 200ml"},"content":{"rendered":"<p data-start=\"291\" data-end=\"476\">BeeRaki Rakomelo ist ein traditionelles Getr\u00e4nk, das exquisiten Raki mit nat\u00fcrlichem Honig kombiniert. Es hat einen s\u00fc\u00dfen, milden Geschmack und ein angenehmes Aroma, ideal f\u00fcr den puren Genuss oder um es G\u00e4sten anzubieten.<\/p>\n<p data-start=\"478\" data-end=\"524\">Es wird je nach Jahreszeit hei\u00df oder kalt serviert.<\/p>\n<p data-start=\"526\" data-end=\"628\">Ideal f\u00fcr:<br data-start=\"542\" data-end=\"545\">Aperitifs<br data-start=\"555\" data-end=\"558\">zum Anbieten f\u00fcr G\u00e4ste<br data-start=\"567\" data-end=\"570\">nach dem Essen<br data-start=\"586\" data-end=\"589\">kalte Tage<br data-start=\"603\" data-end=\"606\">den traditionellen Tisch<\/p>\n<p data-start=\"630\" data-end=\"680\">Ein authentisches traditionelles Getr\u00e4nk mit einem besonderen Geschmack.<\/p>\n","protected":false},"excerpt":{"rendered":"<p>BeeRaki Rakomelo ist ein traditionelles Getr\u00e4nk, das exquisiten Raki mit nat\u00fcrlichem Honig kombiniert. Es hat einen s\u00fc\u00dfen, milden Geschmack und ein angenehmes Aroma, ideal f\u00fcr den puren Genuss oder um es G\u00e4sten anzubieten. Es wird je nach Jahreszeit hei\u00df oder kalt serviert. Ideal f\u00fcr:Aperitifszum Anbieten f\u00fcr G\u00e4stenach dem Essenkalte Tageden traditionellen Tisch Ein authentisches traditionelles Getr\u00e4nk mit einem besonderen Geschmack.<\/p>\n","protected":false},"featured_media":49390,"comment_status":"closed","ping_status":"closed","template":"","meta":[],"product_cat":[1827],"product_tag":[],"yoast_head":"<!-- This site is optimized with the Yoast SEO plugin v27.2 - https:\/\/yoast.com\/product\/yoast-seo-wordpress\/ -->\n<title>BeeRaki Rakomelo 20% 200ml - Chrisopigi<\/title>\n<meta name=\"robots\" content=\"index, follow, max-snippet:-1, max-image-preview:large, max-video-preview:-1\" \/>\n<link rel=\"canonical\" href=\"https:\/\/chrisopigi.gr\/de\/product\/beeraki-rakomelo-20-200ml\/\" \/>\n<meta property=\"og:locale\" content=\"de_DE\" \/>\n<meta property=\"og:type\" content=\"article\" \/>\n<meta property=\"og:title\" content=\"BeeRaki Rakomelo 20% 200ml - Chrisopigi\" \/>\n<meta property=\"og:description\" content=\"BeeRaki Rakomelo ist ein traditionelles Getr\u00e4nk, das exquisiten Raki mit nat\u00fcrlichem Honig kombiniert. Es hat einen s\u00fc\u00dfen, milden Geschmack und ein angenehmes Aroma, ideal f\u00fcr den puren Genuss oder um es G\u00e4sten anzubieten. Es wird je nach Jahreszeit hei\u00df oder kalt serviert. Ideal f\u00fcr:Aperitifszum Anbieten f\u00fcr G\u00e4stenach dem Essenkalte Tageden traditionellen Tisch Ein authentisches traditionelles Getr\u00e4nk mit einem besonderen Geschmack.\" \/>\n<meta property=\"og:url\" content=\"https:\/\/chrisopigi.gr\/de\/product\/beeraki-rakomelo-20-200ml\/\" \/>\n<meta property=\"og:site_name\" content=\"Chrisopigi\" \/>\n<meta name=\"twitter:card\" content=\"summary_large_image\" \/>\n<script type=\"application\/ld+json\" class=\"yoast-schema-graph\">{\"@context\":\"https:\/\/schema.org\",\"@graph\":[{\"@type\":\"WebPage\",\"@id\":\"https:\/\/chrisopigi.gr\/de\/product\/beeraki-rakomelo-20-200ml\/\",\"url\":\"https:\/\/chrisopigi.gr\/de\/product\/beeraki-rakomelo-20-200ml\/\",\"name\":\"BeeRaki Rakomelo 20% 200ml - Chrisopigi\",\"isPartOf\":{\"@id\":\"https:\/\/chrisopigi.gr\/de\/#website\"},\"primaryImageOfPage\":{\"@id\":\"https:\/\/chrisopigi.gr\/de\/product\/beeraki-rakomelo-20-200ml\/#primaryimage\"},\"image\":{\"@id\":\"https:\/\/chrisopigi.gr\/de\/product\/beeraki-rakomelo-20-200ml\/#primaryimage\"},\"thumbnailUrl\":\"https:\/\/chrisopigi.gr\/wp-content\/uploads\/2025\/12\/image-59.png\",\"datePublished\":\"2026-04-27T18:13:31+00:00\",\"breadcrumb\":{\"@id\":\"https:\/\/chrisopigi.gr\/de\/product\/beeraki-rakomelo-20-200ml\/#breadcrumb\"},\"inLanguage\":\"de\",\"potentialAction\":[{\"@type\":\"ReadAction\",\"target\":[\"https:\/\/chrisopigi.gr\/de\/product\/beeraki-rakomelo-20-200ml\/\"]}]},{\"@type\":\"ImageObject\",\"inLanguage\":\"de\",\"@id\":\"https:\/\/chrisopigi.gr\/de\/product\/beeraki-rakomelo-20-200ml\/#primaryimage\",\"url\":\"https:\/\/chrisopigi.gr\/wp-content\/uploads\/2025\/12\/image-59.png\",\"contentUrl\":\"https:\/\/chrisopigi.gr\/wp-content\/uploads\/2025\/12\/image-59.png\",\"width\":1000,\"height\":1000},{\"@type\":\"BreadcrumbList\",\"@id\":\"https:\/\/chrisopigi.gr\/de\/product\/beeraki-rakomelo-20-200ml\/#breadcrumb\",\"itemListElement\":[{\"@type\":\"ListItem\",\"position\":1,\"name\":\"\u0391\u03c1\u03c7\u03b9\u03ba\u03ae\",\"item\":\"https:\/\/chrisopigi.gr\/de\/\"},{\"@type\":\"ListItem\",\"position\":2,\"name\":\"Online-Shop\",\"item\":\"https:\/\/chrisopigi.gr\/online-shop\/\"},{\"@type\":\"ListItem\",\"position\":3,\"name\":\"BeeRaki Rakomelo 20% 200ml\"}]},{\"@type\":\"WebSite\",\"@id\":\"https:\/\/chrisopigi.gr\/de\/#website\",\"url\":\"https:\/\/chrisopigi.gr\/de\/\",\"name\":\"Chrisopigi\",\"description\":\"\u039a\u03c1\u03b7\u03c4\u03b9\u03ba\u03cc \u03b5\u03bb\u03b1\u03b9\u03cc\u03bb\u03b1\u03b4\u03bf &amp; \u03bc\u03ad\u03bb\u03b9 \u03b1\u03c0\u03cc \u03c4\u03b7\u03bd \u03a7\u03c1\u03c5\u03c3\u03bf\u03c0\u03b7\u03b3\u03ae \u03a3\u03b7\u03c4\u03b5\u03af\u03b1\u03c2\",\"potentialAction\":[{\"@type\":\"SearchAction\",\"target\":{\"@type\":\"EntryPoint\",\"urlTemplate\":\"https:\/\/chrisopigi.gr\/de\/?s={search_term_string}\"},\"query-input\":{\"@type\":\"PropertyValueSpecification\",\"valueRequired\":true,\"valueName\":\"search_term_string\"}}],\"inLanguage\":\"de\"}]}<\/script>\n<!-- \/ Yoast SEO plugin. -->","yoast_head_json":{"title":"BeeRaki Rakomelo 20% 200ml - Chrisopigi","robots":{"index":"index","follow":"follow","max-snippet":"max-snippet:-1","max-image-preview":"max-image-preview:large","max-video-preview":"max-video-preview:-1"},"canonical":"https:\/\/chrisopigi.gr\/de\/product\/beeraki-rakomelo-20-200ml\/","og_locale":"de_DE","og_type":"article","og_title":"BeeRaki Rakomelo 20% 200ml - Chrisopigi","og_description":"BeeRaki Rakomelo ist ein traditionelles Getr\u00e4nk, das exquisiten Raki mit nat\u00fcrlichem Honig kombiniert. Es hat einen s\u00fc\u00dfen, milden Geschmack und ein angenehmes Aroma, ideal f\u00fcr den puren Genuss oder um es G\u00e4sten anzubieten. Es wird je nach Jahreszeit hei\u00df oder kalt serviert. Ideal f\u00fcr:Aperitifszum Anbieten f\u00fcr G\u00e4stenach dem Essenkalte Tageden traditionellen Tisch Ein authentisches traditionelles Getr\u00e4nk mit einem besonderen Geschmack.","og_url":"https:\/\/chrisopigi.gr\/de\/product\/beeraki-rakomelo-20-200ml\/","og_site_name":"Chrisopigi","twitter_card":"summary_large_image","schema":{"@context":"https:\/\/schema.org","@graph":[{"@type":"WebPage","@id":"https:\/\/chrisopigi.gr\/de\/product\/beeraki-rakomelo-20-200ml\/","url":"https:\/\/chrisopigi.gr\/de\/product\/beeraki-rakomelo-20-200ml\/","name":"BeeRaki Rakomelo 20% 200ml - Chrisopigi","isPartOf":{"@id":"https:\/\/chrisopigi.gr\/de\/#website"},"primaryImageOfPage":{"@id":"https:\/\/chrisopigi.gr\/de\/product\/beeraki-rakomelo-20-200ml\/#primaryimage"},"image":{"@id":"https:\/\/chrisopigi.gr\/de\/product\/beeraki-rakomelo-20-200ml\/#primaryimage"},"thumbnailUrl":"https:\/\/chrisopigi.gr\/wp-content\/uploads\/2025\/12\/image-59.png","datePublished":"2026-04-27T18:13:31+00:00","breadcrumb":{"@id":"https:\/\/chrisopigi.gr\/de\/product\/beeraki-rakomelo-20-200ml\/#breadcrumb"},"inLanguage":"de","potentialAction":[{"@type":"ReadAction","target":["https:\/\/chrisopigi.gr\/de\/product\/beeraki-rakomelo-20-200ml\/"]}]},{"@type":"ImageObject","inLanguage":"de","@id":"https:\/\/chrisopigi.gr\/de\/product\/beeraki-rakomelo-20-200ml\/#primaryimage","url":"https:\/\/chrisopigi.gr\/wp-content\/uploads\/2025\/12\/image-59.png","contentUrl":"https:\/\/chrisopigi.gr\/wp-content\/uploads\/2025\/12\/image-59.png","width":1000,"height":1000},{"@type":"BreadcrumbList","@id":"https:\/\/chrisopigi.gr\/de\/product\/beeraki-rakomelo-20-200ml\/#breadcrumb","itemListElement":[{"@type":"ListItem","position":1,"name":"\u0391\u03c1\u03c7\u03b9\u03ba\u03ae","item":"https:\/\/chrisopigi.gr\/de\/"},{"@type":"ListItem","position":2,"name":"Online-Shop","item":"https:\/\/chrisopigi.gr\/online-shop\/"},{"@type":"ListItem","position":3,"name":"BeeRaki Rakomelo 20% 200ml"}]},{"@type":"WebSite","@id":"https:\/\/chrisopigi.gr\/de\/#website","url":"https:\/\/chrisopigi.gr\/de\/","name":"Chrisopigi","description":"\u039a\u03c1\u03b7\u03c4\u03b9\u03ba\u03cc \u03b5\u03bb\u03b1\u03b9\u03cc\u03bb\u03b1\u03b4\u03bf &amp; \u03bc\u03ad\u03bb\u03b9 \u03b1\u03c0\u03cc \u03c4\u03b7\u03bd \u03a7\u03c1\u03c5\u03c3\u03bf\u03c0\u03b7\u03b3\u03ae \u03a3\u03b7\u03c4\u03b5\u03af\u03b1\u03c2","potentialAction":[{"@type":"SearchAction","target":{"@type":"EntryPoint","urlTemplate":"https:\/\/chrisopigi.gr\/de\/?s={search_term_string}"},"query-input":{"@type":"PropertyValueSpecification","valueRequired":true,"valueName":"search_term_string"}}],"inLanguage":"de"}]}},"_links":{"self":[{"href":"https:\/\/chrisopigi.gr\/de\/wp-json\/wp\/v2\/product\/49389"}],"collection":[{"href":"https:\/\/chrisopigi.gr\/de\/wp-json\/wp\/v2\/product"}],"about":[{"href":"https:\/\/chrisopigi.gr\/de\/wp-json\/wp\/v2\/types\/product"}],"replies":[{"embeddable":true,"href":"https:\/\/chrisopigi.gr\/de\/wp-json\/wp\/v2\/comments?post=49389"}],"wp:featuredmedia":[{"embeddable":true,"href":"https:\/\/chrisopigi.gr\/de\/wp-json\/wp\/v2\/media\/49390"}],"wp:attachment":[{"href":"https:\/\/chrisopigi.gr\/de\/wp-json\/wp\/v2\/media?parent=49389"}],"wp:term":[{"taxonomy":"product_cat","embeddable":true,"href":"https:\/\/chrisopigi.gr\/de\/wp-json\/wp\/v2\/product_cat?post=49389"},{"taxonomy":"product_tag","embeddable":true,"href":"https:\/\/chrisopigi.gr\/de\/wp-json\/wp\/v2\/product_tag?post=49389"}],"curies":[{"name":"wp","href":"https:\/\/api.w.org\/{rel}","templated":true}]}}