{"id":49391,"date":"2025-12-08T19:16:49","date_gmt":"2026-04-27T18:18:01","guid":{"rendered":"https:\/\/chrisopigi.gr\/product\/bauernsalat-35g\/"},"modified":"2026-04-27T21:18:01","modified_gmt":"2026-04-27T18:18:01","slug":"bauernsalat-35g","status":"publish","type":"product","link":"https:\/\/chrisopigi.gr\/de\/product\/bauernsalat-35g\/","title":{"rendered":"Bauernsalat 35g"},"content":{"rendered":"<p data-start=\"110\" data-end=\"264\">Die Gew\u00fcrzmischung f\u00fcr Bauernsalat ist eine aromatische Kombination aus Kr\u00e4utern und Gew\u00fcrzen, ideal, um den Geschmack des klassischen griechischen Salats hervorzuheben.<\/p>\n<p data-start=\"266\" data-end=\"335\">Wird einfach zusammen mit Oliven\u00f6l \u00fcber den Salat gestreut.<\/p>\n<p data-start=\"337\" data-end=\"446\">Ideal f\u00fcr:<br data-start=\"353\" data-end=\"356\">griechischen Bauernsalat<br data-start=\"374\" data-end=\"377\">Tomaten &amp; Gurken<br data-start=\"396\" data-end=\"399\">Salate mit Feta<br data-start=\"416\" data-end=\"419\">Dakos (kretischer Zwieback-Salat)<br data-start=\"426\" data-end=\"429\">Gem\u00fcse allgemein<\/p>\n<p data-start=\"448\" data-end=\"495\">Eine einfache Mischung f\u00fcr einen frischen, aromatischen Geschmack.<\/p>\n","protected":false},"excerpt":{"rendered":"<p>Die Gew\u00fcrzmischung f\u00fcr Bauernsalat ist eine aromatische Kombination aus Kr\u00e4utern und Gew\u00fcrzen, ideal, um den Geschmack des klassischen griechischen Salats hervorzuheben. Wird einfach zusammen mit Oliven\u00f6l \u00fcber den Salat gestreut. Ideal f\u00fcr:griechischen BauernsalatTomaten &amp; GurkenSalate mit FetaDakos (kretischer Zwieback-Salat)Gem\u00fcse allgemein Eine einfache Mischung f\u00fcr einen frischen, aromatischen Geschmack.<\/p>\n","protected":false},"featured_media":49392,"comment_status":"closed","ping_status":"closed","template":"","meta":[],"product_cat":[1825],"product_tag":[],"yoast_head":"<!-- This site is optimized with the Yoast SEO plugin v27.2 - https:\/\/yoast.com\/product\/yoast-seo-wordpress\/ -->\n<title>Bauernsalat 35g - Chrisopigi<\/title>\n<meta name=\"robots\" content=\"index, follow, max-snippet:-1, max-image-preview:large, max-video-preview:-1\" \/>\n<link rel=\"canonical\" href=\"https:\/\/chrisopigi.gr\/de\/product\/bauernsalat-35g\/\" \/>\n<meta property=\"og:locale\" content=\"de_DE\" \/>\n<meta property=\"og:type\" content=\"article\" \/>\n<meta property=\"og:title\" content=\"Bauernsalat 35g - Chrisopigi\" \/>\n<meta property=\"og:description\" content=\"Die Gew\u00fcrzmischung f\u00fcr Bauernsalat ist eine aromatische Kombination aus Kr\u00e4utern und Gew\u00fcrzen, ideal, um den Geschmack des klassischen griechischen Salats hervorzuheben. Wird einfach zusammen mit Oliven\u00f6l \u00fcber den Salat gestreut. Ideal f\u00fcr:griechischen BauernsalatTomaten &amp; GurkenSalate mit FetaDakos (kretischer Zwieback-Salat)Gem\u00fcse allgemein Eine einfache Mischung f\u00fcr einen frischen, aromatischen Geschmack.\" \/>\n<meta property=\"og:url\" content=\"https:\/\/chrisopigi.gr\/de\/product\/bauernsalat-35g\/\" \/>\n<meta property=\"og:site_name\" content=\"Chrisopigi\" \/>\n<meta name=\"twitter:card\" content=\"summary_large_image\" \/>\n<script type=\"application\/ld+json\" class=\"yoast-schema-graph\">{\"@context\":\"https:\/\/schema.org\",\"@graph\":[{\"@type\":\"WebPage\",\"@id\":\"https:\/\/chrisopigi.gr\/de\/product\/bauernsalat-35g\/\",\"url\":\"https:\/\/chrisopigi.gr\/de\/product\/bauernsalat-35g\/\",\"name\":\"Bauernsalat 35g - Chrisopigi\",\"isPartOf\":{\"@id\":\"https:\/\/chrisopigi.gr\/de\/#website\"},\"primaryImageOfPage\":{\"@id\":\"https:\/\/chrisopigi.gr\/de\/product\/bauernsalat-35g\/#primaryimage\"},\"image\":{\"@id\":\"https:\/\/chrisopigi.gr\/de\/product\/bauernsalat-35g\/#primaryimage\"},\"thumbnailUrl\":\"https:\/\/chrisopigi.gr\/wp-content\/uploads\/2025\/12\/image-57.png\",\"datePublished\":\"2026-04-27T18:18:01+00:00\",\"breadcrumb\":{\"@id\":\"https:\/\/chrisopigi.gr\/de\/product\/bauernsalat-35g\/#breadcrumb\"},\"inLanguage\":\"de\",\"potentialAction\":[{\"@type\":\"ReadAction\",\"target\":[\"https:\/\/chrisopigi.gr\/de\/product\/bauernsalat-35g\/\"]}]},{\"@type\":\"ImageObject\",\"inLanguage\":\"de\",\"@id\":\"https:\/\/chrisopigi.gr\/de\/product\/bauernsalat-35g\/#primaryimage\",\"url\":\"https:\/\/chrisopigi.gr\/wp-content\/uploads\/2025\/12\/image-57.png\",\"contentUrl\":\"https:\/\/chrisopigi.gr\/wp-content\/uploads\/2025\/12\/image-57.png\",\"width\":500,\"height\":700},{\"@type\":\"BreadcrumbList\",\"@id\":\"https:\/\/chrisopigi.gr\/de\/product\/bauernsalat-35g\/#breadcrumb\",\"itemListElement\":[{\"@type\":\"ListItem\",\"position\":1,\"name\":\"\u0391\u03c1\u03c7\u03b9\u03ba\u03ae\",\"item\":\"https:\/\/chrisopigi.gr\/de\/\"},{\"@type\":\"ListItem\",\"position\":2,\"name\":\"Online-Shop\",\"item\":\"https:\/\/chrisopigi.gr\/online-shop\/\"},{\"@type\":\"ListItem\",\"position\":3,\"name\":\"Bauernsalat 35g\"}]},{\"@type\":\"WebSite\",\"@id\":\"https:\/\/chrisopigi.gr\/de\/#website\",\"url\":\"https:\/\/chrisopigi.gr\/de\/\",\"name\":\"Chrisopigi\",\"description\":\"\u039a\u03c1\u03b7\u03c4\u03b9\u03ba\u03cc \u03b5\u03bb\u03b1\u03b9\u03cc\u03bb\u03b1\u03b4\u03bf &amp; \u03bc\u03ad\u03bb\u03b9 \u03b1\u03c0\u03cc \u03c4\u03b7\u03bd \u03a7\u03c1\u03c5\u03c3\u03bf\u03c0\u03b7\u03b3\u03ae \u03a3\u03b7\u03c4\u03b5\u03af\u03b1\u03c2\",\"potentialAction\":[{\"@type\":\"SearchAction\",\"target\":{\"@type\":\"EntryPoint\",\"urlTemplate\":\"https:\/\/chrisopigi.gr\/de\/?s={search_term_string}\"},\"query-input\":{\"@type\":\"PropertyValueSpecification\",\"valueRequired\":true,\"valueName\":\"search_term_string\"}}],\"inLanguage\":\"de\"}]}<\/script>\n<!-- \/ Yoast SEO plugin. -->","yoast_head_json":{"title":"Bauernsalat 35g - Chrisopigi","robots":{"index":"index","follow":"follow","max-snippet":"max-snippet:-1","max-image-preview":"max-image-preview:large","max-video-preview":"max-video-preview:-1"},"canonical":"https:\/\/chrisopigi.gr\/de\/product\/bauernsalat-35g\/","og_locale":"de_DE","og_type":"article","og_title":"Bauernsalat 35g - Chrisopigi","og_description":"Die Gew\u00fcrzmischung f\u00fcr Bauernsalat ist eine aromatische Kombination aus Kr\u00e4utern und Gew\u00fcrzen, ideal, um den Geschmack des klassischen griechischen Salats hervorzuheben. Wird einfach zusammen mit Oliven\u00f6l \u00fcber den Salat gestreut. Ideal f\u00fcr:griechischen BauernsalatTomaten &amp; GurkenSalate mit FetaDakos (kretischer Zwieback-Salat)Gem\u00fcse allgemein Eine einfache Mischung f\u00fcr einen frischen, aromatischen Geschmack.","og_url":"https:\/\/chrisopigi.gr\/de\/product\/bauernsalat-35g\/","og_site_name":"Chrisopigi","twitter_card":"summary_large_image","schema":{"@context":"https:\/\/schema.org","@graph":[{"@type":"WebPage","@id":"https:\/\/chrisopigi.gr\/de\/product\/bauernsalat-35g\/","url":"https:\/\/chrisopigi.gr\/de\/product\/bauernsalat-35g\/","name":"Bauernsalat 35g - Chrisopigi","isPartOf":{"@id":"https:\/\/chrisopigi.gr\/de\/#website"},"primaryImageOfPage":{"@id":"https:\/\/chrisopigi.gr\/de\/product\/bauernsalat-35g\/#primaryimage"},"image":{"@id":"https:\/\/chrisopigi.gr\/de\/product\/bauernsalat-35g\/#primaryimage"},"thumbnailUrl":"https:\/\/chrisopigi.gr\/wp-content\/uploads\/2025\/12\/image-57.png","datePublished":"2026-04-27T18:18:01+00:00","breadcrumb":{"@id":"https:\/\/chrisopigi.gr\/de\/product\/bauernsalat-35g\/#breadcrumb"},"inLanguage":"de","potentialAction":[{"@type":"ReadAction","target":["https:\/\/chrisopigi.gr\/de\/product\/bauernsalat-35g\/"]}]},{"@type":"ImageObject","inLanguage":"de","@id":"https:\/\/chrisopigi.gr\/de\/product\/bauernsalat-35g\/#primaryimage","url":"https:\/\/chrisopigi.gr\/wp-content\/uploads\/2025\/12\/image-57.png","contentUrl":"https:\/\/chrisopigi.gr\/wp-content\/uploads\/2025\/12\/image-57.png","width":500,"height":700},{"@type":"BreadcrumbList","@id":"https:\/\/chrisopigi.gr\/de\/product\/bauernsalat-35g\/#breadcrumb","itemListElement":[{"@type":"ListItem","position":1,"name":"\u0391\u03c1\u03c7\u03b9\u03ba\u03ae","item":"https:\/\/chrisopigi.gr\/de\/"},{"@type":"ListItem","position":2,"name":"Online-Shop","item":"https:\/\/chrisopigi.gr\/online-shop\/"},{"@type":"ListItem","position":3,"name":"Bauernsalat 35g"}]},{"@type":"WebSite","@id":"https:\/\/chrisopigi.gr\/de\/#website","url":"https:\/\/chrisopigi.gr\/de\/","name":"Chrisopigi","description":"\u039a\u03c1\u03b7\u03c4\u03b9\u03ba\u03cc \u03b5\u03bb\u03b1\u03b9\u03cc\u03bb\u03b1\u03b4\u03bf &amp; \u03bc\u03ad\u03bb\u03b9 \u03b1\u03c0\u03cc \u03c4\u03b7\u03bd \u03a7\u03c1\u03c5\u03c3\u03bf\u03c0\u03b7\u03b3\u03ae \u03a3\u03b7\u03c4\u03b5\u03af\u03b1\u03c2","potentialAction":[{"@type":"SearchAction","target":{"@type":"EntryPoint","urlTemplate":"https:\/\/chrisopigi.gr\/de\/?s={search_term_string}"},"query-input":{"@type":"PropertyValueSpecification","valueRequired":true,"valueName":"search_term_string"}}],"inLanguage":"de"}]}},"_links":{"self":[{"href":"https:\/\/chrisopigi.gr\/de\/wp-json\/wp\/v2\/product\/49391"}],"collection":[{"href":"https:\/\/chrisopigi.gr\/de\/wp-json\/wp\/v2\/product"}],"about":[{"href":"https:\/\/chrisopigi.gr\/de\/wp-json\/wp\/v2\/types\/product"}],"replies":[{"embeddable":true,"href":"https:\/\/chrisopigi.gr\/de\/wp-json\/wp\/v2\/comments?post=49391"}],"wp:featuredmedia":[{"embeddable":true,"href":"https:\/\/chrisopigi.gr\/de\/wp-json\/wp\/v2\/media\/49392"}],"wp:attachment":[{"href":"https:\/\/chrisopigi.gr\/de\/wp-json\/wp\/v2\/media?parent=49391"}],"wp:term":[{"taxonomy":"product_cat","embeddable":true,"href":"https:\/\/chrisopigi.gr\/de\/wp-json\/wp\/v2\/product_cat?post=49391"},{"taxonomy":"product_tag","embeddable":true,"href":"https:\/\/chrisopigi.gr\/de\/wp-json\/wp\/v2\/product_tag?post=49391"}],"curies":[{"name":"wp","href":"https:\/\/api.w.org\/{rel}","templated":true}]}}