{"id":49393,"date":"2025-12-08T19:13:40","date_gmt":"2026-04-27T18:22:31","guid":{"rendered":"https:\/\/chrisopigi.gr\/product\/feta-40g\/"},"modified":"2026-04-27T21:22:31","modified_gmt":"2026-04-27T18:22:31","slug":"feta-40g","status":"publish","type":"product","link":"https:\/\/chrisopigi.gr\/de\/product\/feta-40g\/","title":{"rendered":"Feta 40g<br>"},"content":{"rendered":"<p data-start=\"98\" data-end=\"243\">Die Feta-Gew\u00fcrzmischung ist eine aromatische Kombination aus Gew\u00fcrzen und Kr\u00e4utern, ideal, um den Geschmack von Feta und anderen Wei\u00dfk\u00e4sesorten hervorzuheben.<\/p>\n<p data-start=\"245\" data-end=\"314\">Sie ist einfach anzuwenden und verleiht Salaten und Vorspeisen ein zus\u00e4tzliches Aroma.<\/p>\n<p data-start=\"316\" data-end=\"394\">Ideal f\u00fcr:<br data-start=\"332\" data-end=\"335\">Feta<br data-start=\"341\" data-end=\"344\">gebackenen Feta<br data-start=\"355\" data-end=\"358\">Salate<br data-start=\"367\" data-end=\"370\">Dakos (kretischer Zwieback-Salat)<br data-start=\"377\" data-end=\"380\">K\u00e4se allgemein<\/p>\n<p data-start=\"396\" data-end=\"445\">Eine einfache und leckere Mischung f\u00fcr den t\u00e4glichen Gebrauch.<\/p>\n","protected":false},"excerpt":{"rendered":"<p>Die Feta-Gew\u00fcrzmischung ist eine aromatische Kombination aus Gew\u00fcrzen und Kr\u00e4utern, ideal, um den Geschmack von Feta und anderen Wei\u00dfk\u00e4sesorten hervorzuheben. Sie ist einfach anzuwenden und verleiht Salaten und Vorspeisen ein zus\u00e4tzliches Aroma. Ideal f\u00fcr:Fetagebackenen FetaSalateDakos (kretischer Zwieback-Salat)K\u00e4se allgemein Eine einfache und leckere Mischung f\u00fcr den t\u00e4glichen Gebrauch.<\/p>\n","protected":false},"featured_media":49394,"comment_status":"closed","ping_status":"closed","template":"","meta":[],"product_cat":[1825],"product_tag":[],"yoast_head":"<!-- This site is optimized with the Yoast SEO plugin v27.2 - https:\/\/yoast.com\/product\/yoast-seo-wordpress\/ -->\n<title>Feta 40g - Chrisopigi<\/title>\n<meta name=\"robots\" content=\"index, follow, max-snippet:-1, max-image-preview:large, max-video-preview:-1\" \/>\n<link rel=\"canonical\" href=\"https:\/\/chrisopigi.gr\/de\/product\/feta-40g\/\" \/>\n<meta property=\"og:locale\" content=\"de_DE\" \/>\n<meta property=\"og:type\" content=\"article\" \/>\n<meta property=\"og:title\" content=\"Feta 40g - Chrisopigi\" \/>\n<meta property=\"og:description\" content=\"Die Feta-Gew\u00fcrzmischung ist eine aromatische Kombination aus Gew\u00fcrzen und Kr\u00e4utern, ideal, um den Geschmack von Feta und anderen Wei\u00dfk\u00e4sesorten hervorzuheben. Sie ist einfach anzuwenden und verleiht Salaten und Vorspeisen ein zus\u00e4tzliches Aroma. Ideal f\u00fcr:Fetagebackenen FetaSalateDakos (kretischer Zwieback-Salat)K\u00e4se allgemein Eine einfache und leckere Mischung f\u00fcr den t\u00e4glichen Gebrauch.\" \/>\n<meta property=\"og:url\" content=\"https:\/\/chrisopigi.gr\/de\/product\/feta-40g\/\" \/>\n<meta property=\"og:site_name\" content=\"Chrisopigi\" \/>\n<meta name=\"twitter:card\" content=\"summary_large_image\" \/>\n<script type=\"application\/ld+json\" class=\"yoast-schema-graph\">{\"@context\":\"https:\/\/schema.org\",\"@graph\":[{\"@type\":\"WebPage\",\"@id\":\"https:\/\/chrisopigi.gr\/de\/product\/feta-40g\/\",\"url\":\"https:\/\/chrisopigi.gr\/de\/product\/feta-40g\/\",\"name\":\"Feta 40g - Chrisopigi\",\"isPartOf\":{\"@id\":\"https:\/\/chrisopigi.gr\/de\/#website\"},\"primaryImageOfPage\":{\"@id\":\"https:\/\/chrisopigi.gr\/de\/product\/feta-40g\/#primaryimage\"},\"image\":{\"@id\":\"https:\/\/chrisopigi.gr\/de\/product\/feta-40g\/#primaryimage\"},\"thumbnailUrl\":\"https:\/\/chrisopigi.gr\/wp-content\/uploads\/2025\/12\/image-56.png\",\"datePublished\":\"2026-04-27T18:22:31+00:00\",\"breadcrumb\":{\"@id\":\"https:\/\/chrisopigi.gr\/de\/product\/feta-40g\/#breadcrumb\"},\"inLanguage\":\"de\",\"potentialAction\":[{\"@type\":\"ReadAction\",\"target\":[\"https:\/\/chrisopigi.gr\/de\/product\/feta-40g\/\"]}]},{\"@type\":\"ImageObject\",\"inLanguage\":\"de\",\"@id\":\"https:\/\/chrisopigi.gr\/de\/product\/feta-40g\/#primaryimage\",\"url\":\"https:\/\/chrisopigi.gr\/wp-content\/uploads\/2025\/12\/image-56.png\",\"contentUrl\":\"https:\/\/chrisopigi.gr\/wp-content\/uploads\/2025\/12\/image-56.png\",\"width\":500,\"height\":700},{\"@type\":\"BreadcrumbList\",\"@id\":\"https:\/\/chrisopigi.gr\/de\/product\/feta-40g\/#breadcrumb\",\"itemListElement\":[{\"@type\":\"ListItem\",\"position\":1,\"name\":\"\u0391\u03c1\u03c7\u03b9\u03ba\u03ae\",\"item\":\"https:\/\/chrisopigi.gr\/de\/\"},{\"@type\":\"ListItem\",\"position\":2,\"name\":\"Online-Shop\",\"item\":\"https:\/\/chrisopigi.gr\/online-shop\/\"},{\"@type\":\"ListItem\",\"position\":3,\"name\":\"Feta 40g\"}]},{\"@type\":\"WebSite\",\"@id\":\"https:\/\/chrisopigi.gr\/de\/#website\",\"url\":\"https:\/\/chrisopigi.gr\/de\/\",\"name\":\"Chrisopigi\",\"description\":\"\u039a\u03c1\u03b7\u03c4\u03b9\u03ba\u03cc \u03b5\u03bb\u03b1\u03b9\u03cc\u03bb\u03b1\u03b4\u03bf &amp; \u03bc\u03ad\u03bb\u03b9 \u03b1\u03c0\u03cc \u03c4\u03b7\u03bd \u03a7\u03c1\u03c5\u03c3\u03bf\u03c0\u03b7\u03b3\u03ae \u03a3\u03b7\u03c4\u03b5\u03af\u03b1\u03c2\",\"potentialAction\":[{\"@type\":\"SearchAction\",\"target\":{\"@type\":\"EntryPoint\",\"urlTemplate\":\"https:\/\/chrisopigi.gr\/de\/?s={search_term_string}\"},\"query-input\":{\"@type\":\"PropertyValueSpecification\",\"valueRequired\":true,\"valueName\":\"search_term_string\"}}],\"inLanguage\":\"de\"}]}<\/script>\n<!-- \/ Yoast SEO plugin. -->","yoast_head_json":{"title":"Feta 40g - Chrisopigi","robots":{"index":"index","follow":"follow","max-snippet":"max-snippet:-1","max-image-preview":"max-image-preview:large","max-video-preview":"max-video-preview:-1"},"canonical":"https:\/\/chrisopigi.gr\/de\/product\/feta-40g\/","og_locale":"de_DE","og_type":"article","og_title":"Feta 40g - Chrisopigi","og_description":"Die Feta-Gew\u00fcrzmischung ist eine aromatische Kombination aus Gew\u00fcrzen und Kr\u00e4utern, ideal, um den Geschmack von Feta und anderen Wei\u00dfk\u00e4sesorten hervorzuheben. Sie ist einfach anzuwenden und verleiht Salaten und Vorspeisen ein zus\u00e4tzliches Aroma. Ideal f\u00fcr:Fetagebackenen FetaSalateDakos (kretischer Zwieback-Salat)K\u00e4se allgemein Eine einfache und leckere Mischung f\u00fcr den t\u00e4glichen Gebrauch.","og_url":"https:\/\/chrisopigi.gr\/de\/product\/feta-40g\/","og_site_name":"Chrisopigi","twitter_card":"summary_large_image","schema":{"@context":"https:\/\/schema.org","@graph":[{"@type":"WebPage","@id":"https:\/\/chrisopigi.gr\/de\/product\/feta-40g\/","url":"https:\/\/chrisopigi.gr\/de\/product\/feta-40g\/","name":"Feta 40g - Chrisopigi","isPartOf":{"@id":"https:\/\/chrisopigi.gr\/de\/#website"},"primaryImageOfPage":{"@id":"https:\/\/chrisopigi.gr\/de\/product\/feta-40g\/#primaryimage"},"image":{"@id":"https:\/\/chrisopigi.gr\/de\/product\/feta-40g\/#primaryimage"},"thumbnailUrl":"https:\/\/chrisopigi.gr\/wp-content\/uploads\/2025\/12\/image-56.png","datePublished":"2026-04-27T18:22:31+00:00","breadcrumb":{"@id":"https:\/\/chrisopigi.gr\/de\/product\/feta-40g\/#breadcrumb"},"inLanguage":"de","potentialAction":[{"@type":"ReadAction","target":["https:\/\/chrisopigi.gr\/de\/product\/feta-40g\/"]}]},{"@type":"ImageObject","inLanguage":"de","@id":"https:\/\/chrisopigi.gr\/de\/product\/feta-40g\/#primaryimage","url":"https:\/\/chrisopigi.gr\/wp-content\/uploads\/2025\/12\/image-56.png","contentUrl":"https:\/\/chrisopigi.gr\/wp-content\/uploads\/2025\/12\/image-56.png","width":500,"height":700},{"@type":"BreadcrumbList","@id":"https:\/\/chrisopigi.gr\/de\/product\/feta-40g\/#breadcrumb","itemListElement":[{"@type":"ListItem","position":1,"name":"\u0391\u03c1\u03c7\u03b9\u03ba\u03ae","item":"https:\/\/chrisopigi.gr\/de\/"},{"@type":"ListItem","position":2,"name":"Online-Shop","item":"https:\/\/chrisopigi.gr\/online-shop\/"},{"@type":"ListItem","position":3,"name":"Feta 40g"}]},{"@type":"WebSite","@id":"https:\/\/chrisopigi.gr\/de\/#website","url":"https:\/\/chrisopigi.gr\/de\/","name":"Chrisopigi","description":"\u039a\u03c1\u03b7\u03c4\u03b9\u03ba\u03cc \u03b5\u03bb\u03b1\u03b9\u03cc\u03bb\u03b1\u03b4\u03bf &amp; \u03bc\u03ad\u03bb\u03b9 \u03b1\u03c0\u03cc \u03c4\u03b7\u03bd \u03a7\u03c1\u03c5\u03c3\u03bf\u03c0\u03b7\u03b3\u03ae \u03a3\u03b7\u03c4\u03b5\u03af\u03b1\u03c2","potentialAction":[{"@type":"SearchAction","target":{"@type":"EntryPoint","urlTemplate":"https:\/\/chrisopigi.gr\/de\/?s={search_term_string}"},"query-input":{"@type":"PropertyValueSpecification","valueRequired":true,"valueName":"search_term_string"}}],"inLanguage":"de"}]}},"_links":{"self":[{"href":"https:\/\/chrisopigi.gr\/de\/wp-json\/wp\/v2\/product\/49393"}],"collection":[{"href":"https:\/\/chrisopigi.gr\/de\/wp-json\/wp\/v2\/product"}],"about":[{"href":"https:\/\/chrisopigi.gr\/de\/wp-json\/wp\/v2\/types\/product"}],"replies":[{"embeddable":true,"href":"https:\/\/chrisopigi.gr\/de\/wp-json\/wp\/v2\/comments?post=49393"}],"wp:featuredmedia":[{"embeddable":true,"href":"https:\/\/chrisopigi.gr\/de\/wp-json\/wp\/v2\/media\/49394"}],"wp:attachment":[{"href":"https:\/\/chrisopigi.gr\/de\/wp-json\/wp\/v2\/media?parent=49393"}],"wp:term":[{"taxonomy":"product_cat","embeddable":true,"href":"https:\/\/chrisopigi.gr\/de\/wp-json\/wp\/v2\/product_cat?post=49393"},{"taxonomy":"product_tag","embeddable":true,"href":"https:\/\/chrisopigi.gr\/de\/wp-json\/wp\/v2\/product_tag?post=49393"}],"curies":[{"name":"wp","href":"https:\/\/api.w.org\/{rel}","templated":true}]}}