{"id":49395,"date":"2025-12-08T19:09:58","date_gmt":"2026-04-27T18:26:06","guid":{"rendered":"https:\/\/chrisopigi.gr\/product\/kartoffeln-50g\/"},"modified":"2026-04-27T21:26:06","modified_gmt":"2026-04-27T18:26:06","slug":"kartoffeln-50g","status":"publish","type":"product","link":"https:\/\/chrisopigi.gr\/de\/product\/kartoffeln-50g\/","title":{"rendered":"Kartoffeln 50g"},"content":{"rendered":"<p data-start=\"101\" data-end=\"268\">Die Gew\u00fcrzmischung f\u00fcr Kartoffeln ist eine schmackhafte Kombination aus Gew\u00fcrzen und aromatischen Kr\u00e4utern, ideal, um Ofenkartoffeln, Pommes frites oder Grillkartoffeln einen vollen Geschmack zu verleihen.<\/p>\n<p data-start=\"270\" data-end=\"337\">Sie ist einfach anzuwenden und sorgt bei jeder Zubereitung f\u00fcr ein gleichbleibend gutes Ergebnis.<\/p>\n<p data-start=\"339\" data-end=\"448\">Ideal f\u00fcr:<br data-start=\"355\" data-end=\"358\">Ofenkartoffeln<br data-start=\"375\" data-end=\"378\">Pommes frites<br data-start=\"397\" data-end=\"400\">Wedges<br data-start=\"408\" data-end=\"411\">gegrilltes Gem\u00fcse<br data-start=\"426\" data-end=\"429\">Beilagen<\/p>\n<p data-start=\"450\" data-end=\"491\">Eine praktische Mischung f\u00fcr leckere Kartoffeln.<\/p>\n","protected":false},"excerpt":{"rendered":"<p>Die Gew\u00fcrzmischung f\u00fcr Kartoffeln ist eine schmackhafte Kombination aus Gew\u00fcrzen und aromatischen Kr\u00e4utern, ideal, um Ofenkartoffeln, Pommes frites oder Grillkartoffeln einen vollen Geschmack zu verleihen. Sie ist einfach anzuwenden und sorgt bei jeder Zubereitung f\u00fcr ein gleichbleibend gutes Ergebnis. Ideal f\u00fcr:OfenkartoffelnPommes fritesWedgesgegrilltes Gem\u00fcseBeilagen Eine praktische Mischung f\u00fcr leckere Kartoffeln.<\/p>\n","protected":false},"featured_media":49396,"comment_status":"closed","ping_status":"closed","template":"","meta":[],"product_cat":[1825],"product_tag":[],"yoast_head":"<!-- This site is optimized with the Yoast SEO plugin v27.2 - https:\/\/yoast.com\/product\/yoast-seo-wordpress\/ -->\n<title>Kartoffeln 50g - Chrisopigi<\/title>\n<meta name=\"robots\" content=\"index, follow, max-snippet:-1, max-image-preview:large, max-video-preview:-1\" \/>\n<link rel=\"canonical\" href=\"https:\/\/chrisopigi.gr\/de\/product\/kartoffeln-50g\/\" \/>\n<meta property=\"og:locale\" content=\"de_DE\" \/>\n<meta property=\"og:type\" content=\"article\" \/>\n<meta property=\"og:title\" content=\"Kartoffeln 50g - Chrisopigi\" \/>\n<meta property=\"og:description\" content=\"Die Gew\u00fcrzmischung f\u00fcr Kartoffeln ist eine schmackhafte Kombination aus Gew\u00fcrzen und aromatischen Kr\u00e4utern, ideal, um Ofenkartoffeln, Pommes frites oder Grillkartoffeln einen vollen Geschmack zu verleihen. Sie ist einfach anzuwenden und sorgt bei jeder Zubereitung f\u00fcr ein gleichbleibend gutes Ergebnis. Ideal f\u00fcr:OfenkartoffelnPommes fritesWedgesgegrilltes Gem\u00fcseBeilagen Eine praktische Mischung f\u00fcr leckere Kartoffeln.\" \/>\n<meta property=\"og:url\" content=\"https:\/\/chrisopigi.gr\/de\/product\/kartoffeln-50g\/\" \/>\n<meta property=\"og:site_name\" content=\"Chrisopigi\" \/>\n<meta name=\"twitter:card\" content=\"summary_large_image\" \/>\n<script type=\"application\/ld+json\" class=\"yoast-schema-graph\">{\"@context\":\"https:\/\/schema.org\",\"@graph\":[{\"@type\":\"WebPage\",\"@id\":\"https:\/\/chrisopigi.gr\/de\/product\/kartoffeln-50g\/\",\"url\":\"https:\/\/chrisopigi.gr\/de\/product\/kartoffeln-50g\/\",\"name\":\"Kartoffeln 50g - Chrisopigi\",\"isPartOf\":{\"@id\":\"https:\/\/chrisopigi.gr\/de\/#website\"},\"primaryImageOfPage\":{\"@id\":\"https:\/\/chrisopigi.gr\/de\/product\/kartoffeln-50g\/#primaryimage\"},\"image\":{\"@id\":\"https:\/\/chrisopigi.gr\/de\/product\/kartoffeln-50g\/#primaryimage\"},\"thumbnailUrl\":\"https:\/\/chrisopigi.gr\/wp-content\/uploads\/2025\/12\/image-55.png\",\"datePublished\":\"2026-04-27T18:26:06+00:00\",\"breadcrumb\":{\"@id\":\"https:\/\/chrisopigi.gr\/de\/product\/kartoffeln-50g\/#breadcrumb\"},\"inLanguage\":\"de\",\"potentialAction\":[{\"@type\":\"ReadAction\",\"target\":[\"https:\/\/chrisopigi.gr\/de\/product\/kartoffeln-50g\/\"]}]},{\"@type\":\"ImageObject\",\"inLanguage\":\"de\",\"@id\":\"https:\/\/chrisopigi.gr\/de\/product\/kartoffeln-50g\/#primaryimage\",\"url\":\"https:\/\/chrisopigi.gr\/wp-content\/uploads\/2025\/12\/image-55.png\",\"contentUrl\":\"https:\/\/chrisopigi.gr\/wp-content\/uploads\/2025\/12\/image-55.png\",\"width\":500,\"height\":700},{\"@type\":\"BreadcrumbList\",\"@id\":\"https:\/\/chrisopigi.gr\/de\/product\/kartoffeln-50g\/#breadcrumb\",\"itemListElement\":[{\"@type\":\"ListItem\",\"position\":1,\"name\":\"\u0391\u03c1\u03c7\u03b9\u03ba\u03ae\",\"item\":\"https:\/\/chrisopigi.gr\/de\/\"},{\"@type\":\"ListItem\",\"position\":2,\"name\":\"Online-Shop\",\"item\":\"https:\/\/chrisopigi.gr\/online-shop\/\"},{\"@type\":\"ListItem\",\"position\":3,\"name\":\"Kartoffeln 50g\"}]},{\"@type\":\"WebSite\",\"@id\":\"https:\/\/chrisopigi.gr\/de\/#website\",\"url\":\"https:\/\/chrisopigi.gr\/de\/\",\"name\":\"Chrisopigi\",\"description\":\"\u039a\u03c1\u03b7\u03c4\u03b9\u03ba\u03cc \u03b5\u03bb\u03b1\u03b9\u03cc\u03bb\u03b1\u03b4\u03bf &amp; \u03bc\u03ad\u03bb\u03b9 \u03b1\u03c0\u03cc \u03c4\u03b7\u03bd \u03a7\u03c1\u03c5\u03c3\u03bf\u03c0\u03b7\u03b3\u03ae \u03a3\u03b7\u03c4\u03b5\u03af\u03b1\u03c2\",\"potentialAction\":[{\"@type\":\"SearchAction\",\"target\":{\"@type\":\"EntryPoint\",\"urlTemplate\":\"https:\/\/chrisopigi.gr\/de\/?s={search_term_string}\"},\"query-input\":{\"@type\":\"PropertyValueSpecification\",\"valueRequired\":true,\"valueName\":\"search_term_string\"}}],\"inLanguage\":\"de\"}]}<\/script>\n<!-- \/ Yoast SEO plugin. -->","yoast_head_json":{"title":"Kartoffeln 50g - Chrisopigi","robots":{"index":"index","follow":"follow","max-snippet":"max-snippet:-1","max-image-preview":"max-image-preview:large","max-video-preview":"max-video-preview:-1"},"canonical":"https:\/\/chrisopigi.gr\/de\/product\/kartoffeln-50g\/","og_locale":"de_DE","og_type":"article","og_title":"Kartoffeln 50g - Chrisopigi","og_description":"Die Gew\u00fcrzmischung f\u00fcr Kartoffeln ist eine schmackhafte Kombination aus Gew\u00fcrzen und aromatischen Kr\u00e4utern, ideal, um Ofenkartoffeln, Pommes frites oder Grillkartoffeln einen vollen Geschmack zu verleihen. Sie ist einfach anzuwenden und sorgt bei jeder Zubereitung f\u00fcr ein gleichbleibend gutes Ergebnis. Ideal f\u00fcr:OfenkartoffelnPommes fritesWedgesgegrilltes Gem\u00fcseBeilagen Eine praktische Mischung f\u00fcr leckere Kartoffeln.","og_url":"https:\/\/chrisopigi.gr\/de\/product\/kartoffeln-50g\/","og_site_name":"Chrisopigi","twitter_card":"summary_large_image","schema":{"@context":"https:\/\/schema.org","@graph":[{"@type":"WebPage","@id":"https:\/\/chrisopigi.gr\/de\/product\/kartoffeln-50g\/","url":"https:\/\/chrisopigi.gr\/de\/product\/kartoffeln-50g\/","name":"Kartoffeln 50g - Chrisopigi","isPartOf":{"@id":"https:\/\/chrisopigi.gr\/de\/#website"},"primaryImageOfPage":{"@id":"https:\/\/chrisopigi.gr\/de\/product\/kartoffeln-50g\/#primaryimage"},"image":{"@id":"https:\/\/chrisopigi.gr\/de\/product\/kartoffeln-50g\/#primaryimage"},"thumbnailUrl":"https:\/\/chrisopigi.gr\/wp-content\/uploads\/2025\/12\/image-55.png","datePublished":"2026-04-27T18:26:06+00:00","breadcrumb":{"@id":"https:\/\/chrisopigi.gr\/de\/product\/kartoffeln-50g\/#breadcrumb"},"inLanguage":"de","potentialAction":[{"@type":"ReadAction","target":["https:\/\/chrisopigi.gr\/de\/product\/kartoffeln-50g\/"]}]},{"@type":"ImageObject","inLanguage":"de","@id":"https:\/\/chrisopigi.gr\/de\/product\/kartoffeln-50g\/#primaryimage","url":"https:\/\/chrisopigi.gr\/wp-content\/uploads\/2025\/12\/image-55.png","contentUrl":"https:\/\/chrisopigi.gr\/wp-content\/uploads\/2025\/12\/image-55.png","width":500,"height":700},{"@type":"BreadcrumbList","@id":"https:\/\/chrisopigi.gr\/de\/product\/kartoffeln-50g\/#breadcrumb","itemListElement":[{"@type":"ListItem","position":1,"name":"\u0391\u03c1\u03c7\u03b9\u03ba\u03ae","item":"https:\/\/chrisopigi.gr\/de\/"},{"@type":"ListItem","position":2,"name":"Online-Shop","item":"https:\/\/chrisopigi.gr\/online-shop\/"},{"@type":"ListItem","position":3,"name":"Kartoffeln 50g"}]},{"@type":"WebSite","@id":"https:\/\/chrisopigi.gr\/de\/#website","url":"https:\/\/chrisopigi.gr\/de\/","name":"Chrisopigi","description":"\u039a\u03c1\u03b7\u03c4\u03b9\u03ba\u03cc \u03b5\u03bb\u03b1\u03b9\u03cc\u03bb\u03b1\u03b4\u03bf &amp; \u03bc\u03ad\u03bb\u03b9 \u03b1\u03c0\u03cc \u03c4\u03b7\u03bd \u03a7\u03c1\u03c5\u03c3\u03bf\u03c0\u03b7\u03b3\u03ae \u03a3\u03b7\u03c4\u03b5\u03af\u03b1\u03c2","potentialAction":[{"@type":"SearchAction","target":{"@type":"EntryPoint","urlTemplate":"https:\/\/chrisopigi.gr\/de\/?s={search_term_string}"},"query-input":{"@type":"PropertyValueSpecification","valueRequired":true,"valueName":"search_term_string"}}],"inLanguage":"de"}]}},"_links":{"self":[{"href":"https:\/\/chrisopigi.gr\/de\/wp-json\/wp\/v2\/product\/49395"}],"collection":[{"href":"https:\/\/chrisopigi.gr\/de\/wp-json\/wp\/v2\/product"}],"about":[{"href":"https:\/\/chrisopigi.gr\/de\/wp-json\/wp\/v2\/types\/product"}],"replies":[{"embeddable":true,"href":"https:\/\/chrisopigi.gr\/de\/wp-json\/wp\/v2\/comments?post=49395"}],"wp:featuredmedia":[{"embeddable":true,"href":"https:\/\/chrisopigi.gr\/de\/wp-json\/wp\/v2\/media\/49396"}],"wp:attachment":[{"href":"https:\/\/chrisopigi.gr\/de\/wp-json\/wp\/v2\/media?parent=49395"}],"wp:term":[{"taxonomy":"product_cat","embeddable":true,"href":"https:\/\/chrisopigi.gr\/de\/wp-json\/wp\/v2\/product_cat?post=49395"},{"taxonomy":"product_tag","embeddable":true,"href":"https:\/\/chrisopigi.gr\/de\/wp-json\/wp\/v2\/product_tag?post=49395"}],"curies":[{"name":"wp","href":"https:\/\/api.w.org\/{rel}","templated":true}]}}