{"id":49397,"date":"2025-12-08T19:06:45","date_gmt":"2026-04-27T18:29:25","guid":{"rendered":"https:\/\/chrisopigi.gr\/product\/gyros-50g\/"},"modified":"2026-04-27T21:29:25","modified_gmt":"2026-04-27T18:29:25","slug":"gyros-50g","status":"publish","type":"product","link":"https:\/\/chrisopigi.gr\/de\/product\/gyros-50g\/","title":{"rendered":"Gyros 50g"},"content":{"rendered":"<p data-start=\"98\" data-end=\"244\">Die Gyros-Gew\u00fcrzmischung ist eine fertige Kombination aus Gew\u00fcrzen und aromatischen Kr\u00e4utern, ideal, um Gyros und gegrilltem Fleisch einen authentischen Geschmack zu verleihen.<\/p>\n<p data-start=\"246\" data-end=\"292\">Geeignet f\u00fcr die Verwendung in der Pfanne, im Ofen oder auf dem Grill.<\/p>\n<p data-start=\"294\" data-end=\"384\">Ideal f\u00fcr:<br data-start=\"310\" data-end=\"313\">Schweine-Gyros<br data-start=\"327\" data-end=\"330\">H\u00e4hnchen-Gyros<br data-start=\"346\" data-end=\"349\">Souvlaki (Fleischspie\u00dfe)<br data-start=\"359\" data-end=\"362\">Kebab<br data-start=\"370\" data-end=\"373\">Marinaden<\/p>\n<p data-start=\"386\" data-end=\"444\">Eine praktische Mischung f\u00fcr den traditionellen Gyros-Geschmack zu Hause.<\/p>\n","protected":false},"excerpt":{"rendered":"<p>Die Gyros-Gew\u00fcrzmischung ist eine fertige Kombination aus Gew\u00fcrzen und aromatischen Kr\u00e4utern, ideal, um Gyros und gegrilltem Fleisch einen authentischen Geschmack zu verleihen. Geeignet f\u00fcr die Verwendung in der Pfanne, im Ofen oder auf dem Grill. Ideal f\u00fcr:Schweine-GyrosH\u00e4hnchen-GyrosSouvlaki (Fleischspie\u00dfe)KebabMarinaden Eine praktische Mischung f\u00fcr den traditionellen Gyros-Geschmack zu Hause.<\/p>\n","protected":false},"featured_media":49398,"comment_status":"closed","ping_status":"closed","template":"","meta":[],"product_cat":[1825],"product_tag":[],"yoast_head":"<!-- This site is optimized with the Yoast SEO plugin v27.2 - https:\/\/yoast.com\/product\/yoast-seo-wordpress\/ -->\n<title>Gyros 50g - Chrisopigi<\/title>\n<meta name=\"robots\" content=\"index, follow, max-snippet:-1, max-image-preview:large, max-video-preview:-1\" \/>\n<link rel=\"canonical\" href=\"https:\/\/chrisopigi.gr\/de\/product\/gyros-50g\/\" \/>\n<meta property=\"og:locale\" content=\"de_DE\" \/>\n<meta property=\"og:type\" content=\"article\" \/>\n<meta property=\"og:title\" content=\"Gyros 50g - Chrisopigi\" \/>\n<meta property=\"og:description\" content=\"Die Gyros-Gew\u00fcrzmischung ist eine fertige Kombination aus Gew\u00fcrzen und aromatischen Kr\u00e4utern, ideal, um Gyros und gegrilltem Fleisch einen authentischen Geschmack zu verleihen. Geeignet f\u00fcr die Verwendung in der Pfanne, im Ofen oder auf dem Grill. Ideal f\u00fcr:Schweine-GyrosH\u00e4hnchen-GyrosSouvlaki (Fleischspie\u00dfe)KebabMarinaden Eine praktische Mischung f\u00fcr den traditionellen Gyros-Geschmack zu Hause.\" \/>\n<meta property=\"og:url\" content=\"https:\/\/chrisopigi.gr\/de\/product\/gyros-50g\/\" \/>\n<meta property=\"og:site_name\" content=\"Chrisopigi\" \/>\n<meta name=\"twitter:card\" content=\"summary_large_image\" \/>\n<script type=\"application\/ld+json\" class=\"yoast-schema-graph\">{\"@context\":\"https:\/\/schema.org\",\"@graph\":[{\"@type\":\"WebPage\",\"@id\":\"https:\/\/chrisopigi.gr\/de\/product\/gyros-50g\/\",\"url\":\"https:\/\/chrisopigi.gr\/de\/product\/gyros-50g\/\",\"name\":\"Gyros 50g - Chrisopigi\",\"isPartOf\":{\"@id\":\"https:\/\/chrisopigi.gr\/de\/#website\"},\"primaryImageOfPage\":{\"@id\":\"https:\/\/chrisopigi.gr\/de\/product\/gyros-50g\/#primaryimage\"},\"image\":{\"@id\":\"https:\/\/chrisopigi.gr\/de\/product\/gyros-50g\/#primaryimage\"},\"thumbnailUrl\":\"https:\/\/chrisopigi.gr\/wp-content\/uploads\/2025\/12\/image-54.png\",\"datePublished\":\"2026-04-27T18:29:25+00:00\",\"breadcrumb\":{\"@id\":\"https:\/\/chrisopigi.gr\/de\/product\/gyros-50g\/#breadcrumb\"},\"inLanguage\":\"de\",\"potentialAction\":[{\"@type\":\"ReadAction\",\"target\":[\"https:\/\/chrisopigi.gr\/de\/product\/gyros-50g\/\"]}]},{\"@type\":\"ImageObject\",\"inLanguage\":\"de\",\"@id\":\"https:\/\/chrisopigi.gr\/de\/product\/gyros-50g\/#primaryimage\",\"url\":\"https:\/\/chrisopigi.gr\/wp-content\/uploads\/2025\/12\/image-54.png\",\"contentUrl\":\"https:\/\/chrisopigi.gr\/wp-content\/uploads\/2025\/12\/image-54.png\",\"width\":500,\"height\":700},{\"@type\":\"BreadcrumbList\",\"@id\":\"https:\/\/chrisopigi.gr\/de\/product\/gyros-50g\/#breadcrumb\",\"itemListElement\":[{\"@type\":\"ListItem\",\"position\":1,\"name\":\"\u0391\u03c1\u03c7\u03b9\u03ba\u03ae\",\"item\":\"https:\/\/chrisopigi.gr\/de\/\"},{\"@type\":\"ListItem\",\"position\":2,\"name\":\"Online-Shop\",\"item\":\"https:\/\/chrisopigi.gr\/online-shop\/\"},{\"@type\":\"ListItem\",\"position\":3,\"name\":\"Gyros 50g\"}]},{\"@type\":\"WebSite\",\"@id\":\"https:\/\/chrisopigi.gr\/de\/#website\",\"url\":\"https:\/\/chrisopigi.gr\/de\/\",\"name\":\"Chrisopigi\",\"description\":\"\u039a\u03c1\u03b7\u03c4\u03b9\u03ba\u03cc \u03b5\u03bb\u03b1\u03b9\u03cc\u03bb\u03b1\u03b4\u03bf &amp; \u03bc\u03ad\u03bb\u03b9 \u03b1\u03c0\u03cc \u03c4\u03b7\u03bd \u03a7\u03c1\u03c5\u03c3\u03bf\u03c0\u03b7\u03b3\u03ae \u03a3\u03b7\u03c4\u03b5\u03af\u03b1\u03c2\",\"potentialAction\":[{\"@type\":\"SearchAction\",\"target\":{\"@type\":\"EntryPoint\",\"urlTemplate\":\"https:\/\/chrisopigi.gr\/de\/?s={search_term_string}\"},\"query-input\":{\"@type\":\"PropertyValueSpecification\",\"valueRequired\":true,\"valueName\":\"search_term_string\"}}],\"inLanguage\":\"de\"}]}<\/script>\n<!-- \/ Yoast SEO plugin. -->","yoast_head_json":{"title":"Gyros 50g - Chrisopigi","robots":{"index":"index","follow":"follow","max-snippet":"max-snippet:-1","max-image-preview":"max-image-preview:large","max-video-preview":"max-video-preview:-1"},"canonical":"https:\/\/chrisopigi.gr\/de\/product\/gyros-50g\/","og_locale":"de_DE","og_type":"article","og_title":"Gyros 50g - Chrisopigi","og_description":"Die Gyros-Gew\u00fcrzmischung ist eine fertige Kombination aus Gew\u00fcrzen und aromatischen Kr\u00e4utern, ideal, um Gyros und gegrilltem Fleisch einen authentischen Geschmack zu verleihen. Geeignet f\u00fcr die Verwendung in der Pfanne, im Ofen oder auf dem Grill. Ideal f\u00fcr:Schweine-GyrosH\u00e4hnchen-GyrosSouvlaki (Fleischspie\u00dfe)KebabMarinaden Eine praktische Mischung f\u00fcr den traditionellen Gyros-Geschmack zu Hause.","og_url":"https:\/\/chrisopigi.gr\/de\/product\/gyros-50g\/","og_site_name":"Chrisopigi","twitter_card":"summary_large_image","schema":{"@context":"https:\/\/schema.org","@graph":[{"@type":"WebPage","@id":"https:\/\/chrisopigi.gr\/de\/product\/gyros-50g\/","url":"https:\/\/chrisopigi.gr\/de\/product\/gyros-50g\/","name":"Gyros 50g - Chrisopigi","isPartOf":{"@id":"https:\/\/chrisopigi.gr\/de\/#website"},"primaryImageOfPage":{"@id":"https:\/\/chrisopigi.gr\/de\/product\/gyros-50g\/#primaryimage"},"image":{"@id":"https:\/\/chrisopigi.gr\/de\/product\/gyros-50g\/#primaryimage"},"thumbnailUrl":"https:\/\/chrisopigi.gr\/wp-content\/uploads\/2025\/12\/image-54.png","datePublished":"2026-04-27T18:29:25+00:00","breadcrumb":{"@id":"https:\/\/chrisopigi.gr\/de\/product\/gyros-50g\/#breadcrumb"},"inLanguage":"de","potentialAction":[{"@type":"ReadAction","target":["https:\/\/chrisopigi.gr\/de\/product\/gyros-50g\/"]}]},{"@type":"ImageObject","inLanguage":"de","@id":"https:\/\/chrisopigi.gr\/de\/product\/gyros-50g\/#primaryimage","url":"https:\/\/chrisopigi.gr\/wp-content\/uploads\/2025\/12\/image-54.png","contentUrl":"https:\/\/chrisopigi.gr\/wp-content\/uploads\/2025\/12\/image-54.png","width":500,"height":700},{"@type":"BreadcrumbList","@id":"https:\/\/chrisopigi.gr\/de\/product\/gyros-50g\/#breadcrumb","itemListElement":[{"@type":"ListItem","position":1,"name":"\u0391\u03c1\u03c7\u03b9\u03ba\u03ae","item":"https:\/\/chrisopigi.gr\/de\/"},{"@type":"ListItem","position":2,"name":"Online-Shop","item":"https:\/\/chrisopigi.gr\/online-shop\/"},{"@type":"ListItem","position":3,"name":"Gyros 50g"}]},{"@type":"WebSite","@id":"https:\/\/chrisopigi.gr\/de\/#website","url":"https:\/\/chrisopigi.gr\/de\/","name":"Chrisopigi","description":"\u039a\u03c1\u03b7\u03c4\u03b9\u03ba\u03cc \u03b5\u03bb\u03b1\u03b9\u03cc\u03bb\u03b1\u03b4\u03bf &amp; \u03bc\u03ad\u03bb\u03b9 \u03b1\u03c0\u03cc \u03c4\u03b7\u03bd \u03a7\u03c1\u03c5\u03c3\u03bf\u03c0\u03b7\u03b3\u03ae \u03a3\u03b7\u03c4\u03b5\u03af\u03b1\u03c2","potentialAction":[{"@type":"SearchAction","target":{"@type":"EntryPoint","urlTemplate":"https:\/\/chrisopigi.gr\/de\/?s={search_term_string}"},"query-input":{"@type":"PropertyValueSpecification","valueRequired":true,"valueName":"search_term_string"}}],"inLanguage":"de"}]}},"_links":{"self":[{"href":"https:\/\/chrisopigi.gr\/de\/wp-json\/wp\/v2\/product\/49397"}],"collection":[{"href":"https:\/\/chrisopigi.gr\/de\/wp-json\/wp\/v2\/product"}],"about":[{"href":"https:\/\/chrisopigi.gr\/de\/wp-json\/wp\/v2\/types\/product"}],"replies":[{"embeddable":true,"href":"https:\/\/chrisopigi.gr\/de\/wp-json\/wp\/v2\/comments?post=49397"}],"wp:featuredmedia":[{"embeddable":true,"href":"https:\/\/chrisopigi.gr\/de\/wp-json\/wp\/v2\/media\/49398"}],"wp:attachment":[{"href":"https:\/\/chrisopigi.gr\/de\/wp-json\/wp\/v2\/media?parent=49397"}],"wp:term":[{"taxonomy":"product_cat","embeddable":true,"href":"https:\/\/chrisopigi.gr\/de\/wp-json\/wp\/v2\/product_cat?post=49397"},{"taxonomy":"product_tag","embeddable":true,"href":"https:\/\/chrisopigi.gr\/de\/wp-json\/wp\/v2\/product_tag?post=49397"}],"curies":[{"name":"wp","href":"https:\/\/api.w.org\/{rel}","templated":true}]}}