{"id":49402,"date":"2025-12-08T19:03:47","date_gmt":"2026-04-28T12:05:58","guid":{"rendered":"https:\/\/chrisopigi.gr\/product\/barbecue-und-souvlaki-50g\/"},"modified":"2026-04-28T15:05:58","modified_gmt":"2026-04-28T12:05:58","slug":"barbecue-und-souvlaki-50g","status":"publish","type":"product","link":"https:\/\/chrisopigi.gr\/de\/product\/barbecue-und-souvlaki-50g\/","title":{"rendered":"Barbecue und Souvlaki 50g"},"content":{"rendered":"<p data-start=\"109\" data-end=\"306\">Die Gew\u00fcrzmischung f\u00fcr Barbecue &amp; Souvlaki ist eine schmackhafte Kombination aus Gew\u00fcrzen und aromatischen Kr\u00e4utern, ideal f\u00fcr Fleisch vom Grill oder aus der Pfanne. Sie verleiht dem Grillgut einen reichen Geschmack und ein wunderbares Aroma. <\/p>\n<p data-start=\"308\" data-end=\"370\">Geeignet f\u00fcr den t\u00e4glichen Gebrauch, aber auch f\u00fcr Grillabende mit Freunden.<\/p>\n<p data-start=\"372\" data-end=\"465\">Ideal f\u00fcr:<br data-start=\"388\" data-end=\"391\">Schweine-Souvlaki (Fleischspie\u00dfe)<br data-start=\"409\" data-end=\"412\">H\u00e4hnchen<br data-start=\"423\" data-end=\"426\">Steaks<br data-start=\"437\" data-end=\"440\">Burgers<br data-start=\"449\" data-end=\"452\">Grillgut allgemein<\/p>\n<p data-start=\"467\" data-end=\"505\">Eine praktische Mischung f\u00fcr perfektes Grillen.<\/p>\n","protected":false},"excerpt":{"rendered":"<p>Die Gew\u00fcrzmischung f\u00fcr Barbecue &amp; Souvlaki ist eine schmackhafte Kombination aus Gew\u00fcrzen und aromatischen Kr\u00e4utern, ideal f\u00fcr Fleisch vom Grill oder aus der Pfanne. Sie verleiht dem Grillgut einen reichen Geschmack und ein wunderbares Aroma. Geeignet f\u00fcr den t\u00e4glichen Gebrauch, aber auch f\u00fcr Grillabende mit Freunden. Ideal f\u00fcr:Schweine-Souvlaki (Fleischspie\u00dfe)H\u00e4hnchenSteaksBurgersGrillgut allgemein Eine praktische Mischung f\u00fcr perfektes Grillen.<\/p>\n","protected":false},"featured_media":49403,"comment_status":"closed","ping_status":"closed","template":"","meta":[],"product_cat":[1825],"product_tag":[],"yoast_head":"<!-- This site is optimized with the Yoast SEO plugin v27.2 - https:\/\/yoast.com\/product\/yoast-seo-wordpress\/ -->\n<title>Barbecue und Souvlaki 50g - Chrisopigi<\/title>\n<meta name=\"robots\" content=\"index, follow, max-snippet:-1, max-image-preview:large, max-video-preview:-1\" \/>\n<link rel=\"canonical\" href=\"https:\/\/chrisopigi.gr\/de\/product\/barbecue-und-souvlaki-50g\/\" \/>\n<meta property=\"og:locale\" content=\"de_DE\" \/>\n<meta property=\"og:type\" content=\"article\" \/>\n<meta property=\"og:title\" content=\"Barbecue und Souvlaki 50g - Chrisopigi\" \/>\n<meta property=\"og:description\" content=\"Die Gew\u00fcrzmischung f\u00fcr Barbecue &amp; Souvlaki ist eine schmackhafte Kombination aus Gew\u00fcrzen und aromatischen Kr\u00e4utern, ideal f\u00fcr Fleisch vom Grill oder aus der Pfanne. Sie verleiht dem Grillgut einen reichen Geschmack und ein wunderbares Aroma. Geeignet f\u00fcr den t\u00e4glichen Gebrauch, aber auch f\u00fcr Grillabende mit Freunden. Ideal f\u00fcr:Schweine-Souvlaki (Fleischspie\u00dfe)H\u00e4hnchenSteaksBurgersGrillgut allgemein Eine praktische Mischung f\u00fcr perfektes Grillen.\" \/>\n<meta property=\"og:url\" content=\"https:\/\/chrisopigi.gr\/de\/product\/barbecue-und-souvlaki-50g\/\" \/>\n<meta property=\"og:site_name\" content=\"Chrisopigi\" \/>\n<meta name=\"twitter:card\" content=\"summary_large_image\" \/>\n<script type=\"application\/ld+json\" class=\"yoast-schema-graph\">{\"@context\":\"https:\/\/schema.org\",\"@graph\":[{\"@type\":\"WebPage\",\"@id\":\"https:\/\/chrisopigi.gr\/de\/product\/barbecue-und-souvlaki-50g\/\",\"url\":\"https:\/\/chrisopigi.gr\/de\/product\/barbecue-und-souvlaki-50g\/\",\"name\":\"Barbecue und Souvlaki 50g - Chrisopigi\",\"isPartOf\":{\"@id\":\"https:\/\/chrisopigi.gr\/de\/#website\"},\"primaryImageOfPage\":{\"@id\":\"https:\/\/chrisopigi.gr\/de\/product\/barbecue-und-souvlaki-50g\/#primaryimage\"},\"image\":{\"@id\":\"https:\/\/chrisopigi.gr\/de\/product\/barbecue-und-souvlaki-50g\/#primaryimage\"},\"thumbnailUrl\":\"https:\/\/chrisopigi.gr\/wp-content\/uploads\/2025\/12\/image-53.png\",\"datePublished\":\"2026-04-28T12:05:58+00:00\",\"breadcrumb\":{\"@id\":\"https:\/\/chrisopigi.gr\/de\/product\/barbecue-und-souvlaki-50g\/#breadcrumb\"},\"inLanguage\":\"de\",\"potentialAction\":[{\"@type\":\"ReadAction\",\"target\":[\"https:\/\/chrisopigi.gr\/de\/product\/barbecue-und-souvlaki-50g\/\"]}]},{\"@type\":\"ImageObject\",\"inLanguage\":\"de\",\"@id\":\"https:\/\/chrisopigi.gr\/de\/product\/barbecue-und-souvlaki-50g\/#primaryimage\",\"url\":\"https:\/\/chrisopigi.gr\/wp-content\/uploads\/2025\/12\/image-53.png\",\"contentUrl\":\"https:\/\/chrisopigi.gr\/wp-content\/uploads\/2025\/12\/image-53.png\",\"width\":500,\"height\":700},{\"@type\":\"BreadcrumbList\",\"@id\":\"https:\/\/chrisopigi.gr\/de\/product\/barbecue-und-souvlaki-50g\/#breadcrumb\",\"itemListElement\":[{\"@type\":\"ListItem\",\"position\":1,\"name\":\"\u0391\u03c1\u03c7\u03b9\u03ba\u03ae\",\"item\":\"https:\/\/chrisopigi.gr\/de\/\"},{\"@type\":\"ListItem\",\"position\":2,\"name\":\"Online-Shop\",\"item\":\"https:\/\/chrisopigi.gr\/online-shop\/\"},{\"@type\":\"ListItem\",\"position\":3,\"name\":\"Barbecue und Souvlaki 50g\"}]},{\"@type\":\"WebSite\",\"@id\":\"https:\/\/chrisopigi.gr\/de\/#website\",\"url\":\"https:\/\/chrisopigi.gr\/de\/\",\"name\":\"Chrisopigi\",\"description\":\"\u039a\u03c1\u03b7\u03c4\u03b9\u03ba\u03cc \u03b5\u03bb\u03b1\u03b9\u03cc\u03bb\u03b1\u03b4\u03bf &amp; \u03bc\u03ad\u03bb\u03b9 \u03b1\u03c0\u03cc \u03c4\u03b7\u03bd \u03a7\u03c1\u03c5\u03c3\u03bf\u03c0\u03b7\u03b3\u03ae \u03a3\u03b7\u03c4\u03b5\u03af\u03b1\u03c2\",\"potentialAction\":[{\"@type\":\"SearchAction\",\"target\":{\"@type\":\"EntryPoint\",\"urlTemplate\":\"https:\/\/chrisopigi.gr\/de\/?s={search_term_string}\"},\"query-input\":{\"@type\":\"PropertyValueSpecification\",\"valueRequired\":true,\"valueName\":\"search_term_string\"}}],\"inLanguage\":\"de\"}]}<\/script>\n<!-- \/ Yoast SEO plugin. -->","yoast_head_json":{"title":"Barbecue und Souvlaki 50g - Chrisopigi","robots":{"index":"index","follow":"follow","max-snippet":"max-snippet:-1","max-image-preview":"max-image-preview:large","max-video-preview":"max-video-preview:-1"},"canonical":"https:\/\/chrisopigi.gr\/de\/product\/barbecue-und-souvlaki-50g\/","og_locale":"de_DE","og_type":"article","og_title":"Barbecue und Souvlaki 50g - Chrisopigi","og_description":"Die Gew\u00fcrzmischung f\u00fcr Barbecue &amp; Souvlaki ist eine schmackhafte Kombination aus Gew\u00fcrzen und aromatischen Kr\u00e4utern, ideal f\u00fcr Fleisch vom Grill oder aus der Pfanne. Sie verleiht dem Grillgut einen reichen Geschmack und ein wunderbares Aroma. Geeignet f\u00fcr den t\u00e4glichen Gebrauch, aber auch f\u00fcr Grillabende mit Freunden. Ideal f\u00fcr:Schweine-Souvlaki (Fleischspie\u00dfe)H\u00e4hnchenSteaksBurgersGrillgut allgemein Eine praktische Mischung f\u00fcr perfektes Grillen.","og_url":"https:\/\/chrisopigi.gr\/de\/product\/barbecue-und-souvlaki-50g\/","og_site_name":"Chrisopigi","twitter_card":"summary_large_image","schema":{"@context":"https:\/\/schema.org","@graph":[{"@type":"WebPage","@id":"https:\/\/chrisopigi.gr\/de\/product\/barbecue-und-souvlaki-50g\/","url":"https:\/\/chrisopigi.gr\/de\/product\/barbecue-und-souvlaki-50g\/","name":"Barbecue und Souvlaki 50g - Chrisopigi","isPartOf":{"@id":"https:\/\/chrisopigi.gr\/de\/#website"},"primaryImageOfPage":{"@id":"https:\/\/chrisopigi.gr\/de\/product\/barbecue-und-souvlaki-50g\/#primaryimage"},"image":{"@id":"https:\/\/chrisopigi.gr\/de\/product\/barbecue-und-souvlaki-50g\/#primaryimage"},"thumbnailUrl":"https:\/\/chrisopigi.gr\/wp-content\/uploads\/2025\/12\/image-53.png","datePublished":"2026-04-28T12:05:58+00:00","breadcrumb":{"@id":"https:\/\/chrisopigi.gr\/de\/product\/barbecue-und-souvlaki-50g\/#breadcrumb"},"inLanguage":"de","potentialAction":[{"@type":"ReadAction","target":["https:\/\/chrisopigi.gr\/de\/product\/barbecue-und-souvlaki-50g\/"]}]},{"@type":"ImageObject","inLanguage":"de","@id":"https:\/\/chrisopigi.gr\/de\/product\/barbecue-und-souvlaki-50g\/#primaryimage","url":"https:\/\/chrisopigi.gr\/wp-content\/uploads\/2025\/12\/image-53.png","contentUrl":"https:\/\/chrisopigi.gr\/wp-content\/uploads\/2025\/12\/image-53.png","width":500,"height":700},{"@type":"BreadcrumbList","@id":"https:\/\/chrisopigi.gr\/de\/product\/barbecue-und-souvlaki-50g\/#breadcrumb","itemListElement":[{"@type":"ListItem","position":1,"name":"\u0391\u03c1\u03c7\u03b9\u03ba\u03ae","item":"https:\/\/chrisopigi.gr\/de\/"},{"@type":"ListItem","position":2,"name":"Online-Shop","item":"https:\/\/chrisopigi.gr\/online-shop\/"},{"@type":"ListItem","position":3,"name":"Barbecue und Souvlaki 50g"}]},{"@type":"WebSite","@id":"https:\/\/chrisopigi.gr\/de\/#website","url":"https:\/\/chrisopigi.gr\/de\/","name":"Chrisopigi","description":"\u039a\u03c1\u03b7\u03c4\u03b9\u03ba\u03cc \u03b5\u03bb\u03b1\u03b9\u03cc\u03bb\u03b1\u03b4\u03bf &amp; \u03bc\u03ad\u03bb\u03b9 \u03b1\u03c0\u03cc \u03c4\u03b7\u03bd \u03a7\u03c1\u03c5\u03c3\u03bf\u03c0\u03b7\u03b3\u03ae \u03a3\u03b7\u03c4\u03b5\u03af\u03b1\u03c2","potentialAction":[{"@type":"SearchAction","target":{"@type":"EntryPoint","urlTemplate":"https:\/\/chrisopigi.gr\/de\/?s={search_term_string}"},"query-input":{"@type":"PropertyValueSpecification","valueRequired":true,"valueName":"search_term_string"}}],"inLanguage":"de"}]}},"_links":{"self":[{"href":"https:\/\/chrisopigi.gr\/de\/wp-json\/wp\/v2\/product\/49402"}],"collection":[{"href":"https:\/\/chrisopigi.gr\/de\/wp-json\/wp\/v2\/product"}],"about":[{"href":"https:\/\/chrisopigi.gr\/de\/wp-json\/wp\/v2\/types\/product"}],"replies":[{"embeddable":true,"href":"https:\/\/chrisopigi.gr\/de\/wp-json\/wp\/v2\/comments?post=49402"}],"wp:featuredmedia":[{"embeddable":true,"href":"https:\/\/chrisopigi.gr\/de\/wp-json\/wp\/v2\/media\/49403"}],"wp:attachment":[{"href":"https:\/\/chrisopigi.gr\/de\/wp-json\/wp\/v2\/media?parent=49402"}],"wp:term":[{"taxonomy":"product_cat","embeddable":true,"href":"https:\/\/chrisopigi.gr\/de\/wp-json\/wp\/v2\/product_cat?post=49402"},{"taxonomy":"product_tag","embeddable":true,"href":"https:\/\/chrisopigi.gr\/de\/wp-json\/wp\/v2\/product_tag?post=49402"}],"curies":[{"name":"wp","href":"https:\/\/api.w.org\/{rel}","templated":true}]}}