{"id":49404,"date":"2025-12-08T19:00:08","date_gmt":"2026-04-28T20:28:16","guid":{"rendered":"https:\/\/chrisopigi.gr\/product\/haehnchen-50g\/"},"modified":"2026-04-28T23:28:16","modified_gmt":"2026-04-28T20:28:16","slug":"haehnchen-50g","status":"publish","type":"product","link":"https:\/\/chrisopigi.gr\/de\/product\/haehnchen-50g\/","title":{"rendered":"H\u00e4hnchen 50g"},"content":{"rendered":"<p data-start=\"103\" data-end=\"265\">Die H\u00e4hnchen-Gew\u00fcrzmischung ist eine ausgewogene Kombination aus Gew\u00fcrzen und aromatischen Kr\u00e4utern, ideal, um jedem H\u00e4hnchenrezept Geschmack und Aroma zu verleihen.<\/p>\n<p data-start=\"267\" data-end=\"324\">Geeignet f\u00fcr die Zubereitung im Ofen, in der Pfanne oder auf dem Grill.<\/p>\n<p data-start=\"326\" data-end=\"431\"><strong data-start=\"326\" data-end=\"342\">Ideal f\u00fcr<\/strong>:<br data-start=\"342\" data-end=\"345\">Brath\u00e4hnchen<br data-start=\"361\" data-end=\"364\">H\u00e4hnchenfilet<br data-start=\"383\" data-end=\"386\">gegrilltes H\u00e4hnchen<br data-start=\"404\" data-end=\"407\">Marinaden<br data-start=\"418\" data-end=\"421\">Stir-Fry<\/p>\n<p data-start=\"433\" data-end=\"484\">Eine praktische Mischung f\u00fcr leckere H\u00e4hnchengerichte.<\/p>\n","protected":false},"excerpt":{"rendered":"<p>Die H\u00e4hnchen-Gew\u00fcrzmischung ist eine ausgewogene Kombination aus Gew\u00fcrzen und aromatischen Kr\u00e4utern, ideal, um jedem H\u00e4hnchenrezept Geschmack und Aroma zu verleihen. Geeignet f\u00fcr die Zubereitung im Ofen, in der Pfanne oder auf dem Grill. Ideal f\u00fcr:Brath\u00e4hnchenH\u00e4hnchenfiletgegrilltes H\u00e4hnchenMarinadenStir-Fry Eine praktische Mischung f\u00fcr leckere H\u00e4hnchengerichte.<\/p>\n","protected":false},"featured_media":49405,"comment_status":"closed","ping_status":"closed","template":"","meta":[],"product_cat":[1825],"product_tag":[],"yoast_head":"<!-- This site is optimized with the Yoast SEO plugin v27.2 - https:\/\/yoast.com\/product\/yoast-seo-wordpress\/ -->\n<title>H\u00e4hnchen 50g - Chrisopigi<\/title>\n<meta name=\"robots\" content=\"index, follow, max-snippet:-1, max-image-preview:large, max-video-preview:-1\" \/>\n<link rel=\"canonical\" href=\"https:\/\/chrisopigi.gr\/de\/product\/haehnchen-50g\/\" \/>\n<meta property=\"og:locale\" content=\"de_DE\" \/>\n<meta property=\"og:type\" content=\"article\" \/>\n<meta property=\"og:title\" content=\"H\u00e4hnchen 50g - Chrisopigi\" \/>\n<meta property=\"og:description\" content=\"Die H\u00e4hnchen-Gew\u00fcrzmischung ist eine ausgewogene Kombination aus Gew\u00fcrzen und aromatischen Kr\u00e4utern, ideal, um jedem H\u00e4hnchenrezept Geschmack und Aroma zu verleihen. Geeignet f\u00fcr die Zubereitung im Ofen, in der Pfanne oder auf dem Grill. Ideal f\u00fcr:Brath\u00e4hnchenH\u00e4hnchenfiletgegrilltes H\u00e4hnchenMarinadenStir-Fry Eine praktische Mischung f\u00fcr leckere H\u00e4hnchengerichte.\" \/>\n<meta property=\"og:url\" content=\"https:\/\/chrisopigi.gr\/de\/product\/haehnchen-50g\/\" \/>\n<meta property=\"og:site_name\" content=\"Chrisopigi\" \/>\n<meta name=\"twitter:card\" content=\"summary_large_image\" \/>\n<script type=\"application\/ld+json\" class=\"yoast-schema-graph\">{\"@context\":\"https:\/\/schema.org\",\"@graph\":[{\"@type\":\"WebPage\",\"@id\":\"https:\/\/chrisopigi.gr\/de\/product\/haehnchen-50g\/\",\"url\":\"https:\/\/chrisopigi.gr\/de\/product\/haehnchen-50g\/\",\"name\":\"H\u00e4hnchen 50g - Chrisopigi\",\"isPartOf\":{\"@id\":\"https:\/\/chrisopigi.gr\/de\/#website\"},\"primaryImageOfPage\":{\"@id\":\"https:\/\/chrisopigi.gr\/de\/product\/haehnchen-50g\/#primaryimage\"},\"image\":{\"@id\":\"https:\/\/chrisopigi.gr\/de\/product\/haehnchen-50g\/#primaryimage\"},\"thumbnailUrl\":\"https:\/\/chrisopigi.gr\/wp-content\/uploads\/2025\/12\/image-52.png\",\"datePublished\":\"2026-04-28T20:28:16+00:00\",\"breadcrumb\":{\"@id\":\"https:\/\/chrisopigi.gr\/de\/product\/haehnchen-50g\/#breadcrumb\"},\"inLanguage\":\"de\",\"potentialAction\":[{\"@type\":\"ReadAction\",\"target\":[\"https:\/\/chrisopigi.gr\/de\/product\/haehnchen-50g\/\"]}]},{\"@type\":\"ImageObject\",\"inLanguage\":\"de\",\"@id\":\"https:\/\/chrisopigi.gr\/de\/product\/haehnchen-50g\/#primaryimage\",\"url\":\"https:\/\/chrisopigi.gr\/wp-content\/uploads\/2025\/12\/image-52.png\",\"contentUrl\":\"https:\/\/chrisopigi.gr\/wp-content\/uploads\/2025\/12\/image-52.png\",\"width\":500,\"height\":700},{\"@type\":\"BreadcrumbList\",\"@id\":\"https:\/\/chrisopigi.gr\/de\/product\/haehnchen-50g\/#breadcrumb\",\"itemListElement\":[{\"@type\":\"ListItem\",\"position\":1,\"name\":\"\u0391\u03c1\u03c7\u03b9\u03ba\u03ae\",\"item\":\"https:\/\/chrisopigi.gr\/de\/startseite\/\"},{\"@type\":\"ListItem\",\"position\":2,\"name\":\"Online-Shop\",\"item\":\"https:\/\/chrisopigi.gr\/online-shop\/\"},{\"@type\":\"ListItem\",\"position\":3,\"name\":\"H\u00e4hnchen 50g\"}]},{\"@type\":\"WebSite\",\"@id\":\"https:\/\/chrisopigi.gr\/de\/#website\",\"url\":\"https:\/\/chrisopigi.gr\/de\/\",\"name\":\"Chrisopigi\",\"description\":\"\u039a\u03c1\u03b7\u03c4\u03b9\u03ba\u03cc \u03b5\u03bb\u03b1\u03b9\u03cc\u03bb\u03b1\u03b4\u03bf &amp; \u03bc\u03ad\u03bb\u03b9 \u03b1\u03c0\u03cc \u03c4\u03b7\u03bd \u03a7\u03c1\u03c5\u03c3\u03bf\u03c0\u03b7\u03b3\u03ae \u03a3\u03b7\u03c4\u03b5\u03af\u03b1\u03c2\",\"potentialAction\":[{\"@type\":\"SearchAction\",\"target\":{\"@type\":\"EntryPoint\",\"urlTemplate\":\"https:\/\/chrisopigi.gr\/de\/?s={search_term_string}\"},\"query-input\":{\"@type\":\"PropertyValueSpecification\",\"valueRequired\":true,\"valueName\":\"search_term_string\"}}],\"inLanguage\":\"de\"}]}<\/script>\n<!-- \/ Yoast SEO plugin. -->","yoast_head_json":{"title":"H\u00e4hnchen 50g - Chrisopigi","robots":{"index":"index","follow":"follow","max-snippet":"max-snippet:-1","max-image-preview":"max-image-preview:large","max-video-preview":"max-video-preview:-1"},"canonical":"https:\/\/chrisopigi.gr\/de\/product\/haehnchen-50g\/","og_locale":"de_DE","og_type":"article","og_title":"H\u00e4hnchen 50g - Chrisopigi","og_description":"Die H\u00e4hnchen-Gew\u00fcrzmischung ist eine ausgewogene Kombination aus Gew\u00fcrzen und aromatischen Kr\u00e4utern, ideal, um jedem H\u00e4hnchenrezept Geschmack und Aroma zu verleihen. Geeignet f\u00fcr die Zubereitung im Ofen, in der Pfanne oder auf dem Grill. Ideal f\u00fcr:Brath\u00e4hnchenH\u00e4hnchenfiletgegrilltes H\u00e4hnchenMarinadenStir-Fry Eine praktische Mischung f\u00fcr leckere H\u00e4hnchengerichte.","og_url":"https:\/\/chrisopigi.gr\/de\/product\/haehnchen-50g\/","og_site_name":"Chrisopigi","twitter_card":"summary_large_image","schema":{"@context":"https:\/\/schema.org","@graph":[{"@type":"WebPage","@id":"https:\/\/chrisopigi.gr\/de\/product\/haehnchen-50g\/","url":"https:\/\/chrisopigi.gr\/de\/product\/haehnchen-50g\/","name":"H\u00e4hnchen 50g - Chrisopigi","isPartOf":{"@id":"https:\/\/chrisopigi.gr\/de\/#website"},"primaryImageOfPage":{"@id":"https:\/\/chrisopigi.gr\/de\/product\/haehnchen-50g\/#primaryimage"},"image":{"@id":"https:\/\/chrisopigi.gr\/de\/product\/haehnchen-50g\/#primaryimage"},"thumbnailUrl":"https:\/\/chrisopigi.gr\/wp-content\/uploads\/2025\/12\/image-52.png","datePublished":"2026-04-28T20:28:16+00:00","breadcrumb":{"@id":"https:\/\/chrisopigi.gr\/de\/product\/haehnchen-50g\/#breadcrumb"},"inLanguage":"de","potentialAction":[{"@type":"ReadAction","target":["https:\/\/chrisopigi.gr\/de\/product\/haehnchen-50g\/"]}]},{"@type":"ImageObject","inLanguage":"de","@id":"https:\/\/chrisopigi.gr\/de\/product\/haehnchen-50g\/#primaryimage","url":"https:\/\/chrisopigi.gr\/wp-content\/uploads\/2025\/12\/image-52.png","contentUrl":"https:\/\/chrisopigi.gr\/wp-content\/uploads\/2025\/12\/image-52.png","width":500,"height":700},{"@type":"BreadcrumbList","@id":"https:\/\/chrisopigi.gr\/de\/product\/haehnchen-50g\/#breadcrumb","itemListElement":[{"@type":"ListItem","position":1,"name":"\u0391\u03c1\u03c7\u03b9\u03ba\u03ae","item":"https:\/\/chrisopigi.gr\/de\/startseite\/"},{"@type":"ListItem","position":2,"name":"Online-Shop","item":"https:\/\/chrisopigi.gr\/online-shop\/"},{"@type":"ListItem","position":3,"name":"H\u00e4hnchen 50g"}]},{"@type":"WebSite","@id":"https:\/\/chrisopigi.gr\/de\/#website","url":"https:\/\/chrisopigi.gr\/de\/","name":"Chrisopigi","description":"\u039a\u03c1\u03b7\u03c4\u03b9\u03ba\u03cc \u03b5\u03bb\u03b1\u03b9\u03cc\u03bb\u03b1\u03b4\u03bf &amp; \u03bc\u03ad\u03bb\u03b9 \u03b1\u03c0\u03cc \u03c4\u03b7\u03bd \u03a7\u03c1\u03c5\u03c3\u03bf\u03c0\u03b7\u03b3\u03ae \u03a3\u03b7\u03c4\u03b5\u03af\u03b1\u03c2","potentialAction":[{"@type":"SearchAction","target":{"@type":"EntryPoint","urlTemplate":"https:\/\/chrisopigi.gr\/de\/?s={search_term_string}"},"query-input":{"@type":"PropertyValueSpecification","valueRequired":true,"valueName":"search_term_string"}}],"inLanguage":"de"}]}},"_links":{"self":[{"href":"https:\/\/chrisopigi.gr\/de\/wp-json\/wp\/v2\/product\/49404"}],"collection":[{"href":"https:\/\/chrisopigi.gr\/de\/wp-json\/wp\/v2\/product"}],"about":[{"href":"https:\/\/chrisopigi.gr\/de\/wp-json\/wp\/v2\/types\/product"}],"replies":[{"embeddable":true,"href":"https:\/\/chrisopigi.gr\/de\/wp-json\/wp\/v2\/comments?post=49404"}],"wp:featuredmedia":[{"embeddable":true,"href":"https:\/\/chrisopigi.gr\/de\/wp-json\/wp\/v2\/media\/49405"}],"wp:attachment":[{"href":"https:\/\/chrisopigi.gr\/de\/wp-json\/wp\/v2\/media?parent=49404"}],"wp:term":[{"taxonomy":"product_cat","embeddable":true,"href":"https:\/\/chrisopigi.gr\/de\/wp-json\/wp\/v2\/product_cat?post=49404"},{"taxonomy":"product_tag","embeddable":true,"href":"https:\/\/chrisopigi.gr\/de\/wp-json\/wp\/v2\/product_tag?post=49404"}],"curies":[{"name":"wp","href":"https:\/\/api.w.org\/{rel}","templated":true}]}}