{"id":49408,"date":"2025-12-08T18:51:43","date_gmt":"2026-04-28T20:34:29","guid":{"rendered":"https:\/\/chrisopigi.gr\/product\/fisch-40g\/"},"modified":"2026-04-28T23:34:29","modified_gmt":"2026-04-28T20:34:29","slug":"fisch-40g","status":"publish","type":"product","link":"https:\/\/chrisopigi.gr\/de\/product\/fisch-40g\/","title":{"rendered":"Fisch 40g"},"content":{"rendered":"<p data-start=\"132\" data-end=\"310\">Die Gew\u00fcrzmischung f\u00fcr Fisch ist eine ausgewogene Kombination aus Gew\u00fcrzen und aromatischen Kr\u00e4utern, die speziell entwickelt wurde, um den nat\u00fcrlichen Geschmack des Fisches hervorzuheben, ohne ihn zu \u00fcberdecken.<\/p>\n<p data-start=\"312\" data-end=\"367\">Ideal f\u00fcr die Zubereitung im Ofen, in der Pfanne oder auf dem Grill.<\/p>\n<p data-start=\"369\" data-end=\"459\"><strong data-start=\"369\" data-end=\"385\">Ideal f\u00fcr<\/strong>:<br data-start=\"385\" data-end=\"388\">Wei\u00dffisch<br data-start=\"401\" data-end=\"404\">Lachs<br data-start=\"412\" data-end=\"415\">Garnelen<br data-start=\"424\" data-end=\"427\">Meeresfr\u00fcchte allgemein<br data-start=\"445\" data-end=\"448\">Marinaden<\/p>\n<p data-start=\"461\" data-end=\"513\">Eine praktische Mischung f\u00fcr leckeren und aromatischen Fisch.<\/p>\n","protected":false},"excerpt":{"rendered":"<p>Die Gew\u00fcrzmischung f\u00fcr Fisch ist eine ausgewogene Kombination aus Gew\u00fcrzen und aromatischen Kr\u00e4utern, die speziell entwickelt wurde, um den nat\u00fcrlichen Geschmack des Fisches hervorzuheben, ohne ihn zu \u00fcberdecken. Ideal f\u00fcr die Zubereitung im Ofen, in der Pfanne oder auf dem Grill. Ideal f\u00fcr:Wei\u00dffischLachsGarnelenMeeresfr\u00fcchte allgemeinMarinaden Eine praktische Mischung f\u00fcr leckeren und aromatischen Fisch.<\/p>\n","protected":false},"featured_media":49409,"comment_status":"closed","ping_status":"closed","template":"","meta":[],"product_cat":[1825],"product_tag":[],"yoast_head":"<!-- This site is optimized with the Yoast SEO plugin v27.2 - https:\/\/yoast.com\/product\/yoast-seo-wordpress\/ -->\n<title>Fisch 40g - Chrisopigi<\/title>\n<meta name=\"robots\" content=\"index, follow, max-snippet:-1, max-image-preview:large, max-video-preview:-1\" \/>\n<link rel=\"canonical\" href=\"https:\/\/chrisopigi.gr\/de\/product\/fisch-40g\/\" \/>\n<meta property=\"og:locale\" content=\"de_DE\" \/>\n<meta property=\"og:type\" content=\"article\" \/>\n<meta property=\"og:title\" content=\"Fisch 40g - Chrisopigi\" \/>\n<meta property=\"og:description\" content=\"Die Gew\u00fcrzmischung f\u00fcr Fisch ist eine ausgewogene Kombination aus Gew\u00fcrzen und aromatischen Kr\u00e4utern, die speziell entwickelt wurde, um den nat\u00fcrlichen Geschmack des Fisches hervorzuheben, ohne ihn zu \u00fcberdecken. Ideal f\u00fcr die Zubereitung im Ofen, in der Pfanne oder auf dem Grill. Ideal f\u00fcr:Wei\u00dffischLachsGarnelenMeeresfr\u00fcchte allgemeinMarinaden Eine praktische Mischung f\u00fcr leckeren und aromatischen Fisch.\" \/>\n<meta property=\"og:url\" content=\"https:\/\/chrisopigi.gr\/de\/product\/fisch-40g\/\" \/>\n<meta property=\"og:site_name\" content=\"Chrisopigi\" \/>\n<meta name=\"twitter:card\" content=\"summary_large_image\" \/>\n<script type=\"application\/ld+json\" class=\"yoast-schema-graph\">{\"@context\":\"https:\/\/schema.org\",\"@graph\":[{\"@type\":\"WebPage\",\"@id\":\"https:\/\/chrisopigi.gr\/de\/product\/fisch-40g\/\",\"url\":\"https:\/\/chrisopigi.gr\/de\/product\/fisch-40g\/\",\"name\":\"Fisch 40g - Chrisopigi\",\"isPartOf\":{\"@id\":\"https:\/\/chrisopigi.gr\/de\/#website\"},\"primaryImageOfPage\":{\"@id\":\"https:\/\/chrisopigi.gr\/de\/product\/fisch-40g\/#primaryimage\"},\"image\":{\"@id\":\"https:\/\/chrisopigi.gr\/de\/product\/fisch-40g\/#primaryimage\"},\"thumbnailUrl\":\"https:\/\/chrisopigi.gr\/wp-content\/uploads\/2025\/12\/image-50.png\",\"datePublished\":\"2026-04-28T20:34:29+00:00\",\"breadcrumb\":{\"@id\":\"https:\/\/chrisopigi.gr\/de\/product\/fisch-40g\/#breadcrumb\"},\"inLanguage\":\"de\",\"potentialAction\":[{\"@type\":\"ReadAction\",\"target\":[\"https:\/\/chrisopigi.gr\/de\/product\/fisch-40g\/\"]}]},{\"@type\":\"ImageObject\",\"inLanguage\":\"de\",\"@id\":\"https:\/\/chrisopigi.gr\/de\/product\/fisch-40g\/#primaryimage\",\"url\":\"https:\/\/chrisopigi.gr\/wp-content\/uploads\/2025\/12\/image-50.png\",\"contentUrl\":\"https:\/\/chrisopigi.gr\/wp-content\/uploads\/2025\/12\/image-50.png\",\"width\":500,\"height\":700},{\"@type\":\"BreadcrumbList\",\"@id\":\"https:\/\/chrisopigi.gr\/de\/product\/fisch-40g\/#breadcrumb\",\"itemListElement\":[{\"@type\":\"ListItem\",\"position\":1,\"name\":\"\u0391\u03c1\u03c7\u03b9\u03ba\u03ae\",\"item\":\"https:\/\/chrisopigi.gr\/de\/startseite\/\"},{\"@type\":\"ListItem\",\"position\":2,\"name\":\"Online-Shop\",\"item\":\"https:\/\/chrisopigi.gr\/online-shop\/\"},{\"@type\":\"ListItem\",\"position\":3,\"name\":\"Fisch 40g\"}]},{\"@type\":\"WebSite\",\"@id\":\"https:\/\/chrisopigi.gr\/de\/#website\",\"url\":\"https:\/\/chrisopigi.gr\/de\/\",\"name\":\"Chrisopigi\",\"description\":\"\u039a\u03c1\u03b7\u03c4\u03b9\u03ba\u03cc \u03b5\u03bb\u03b1\u03b9\u03cc\u03bb\u03b1\u03b4\u03bf &amp; \u03bc\u03ad\u03bb\u03b9 \u03b1\u03c0\u03cc \u03c4\u03b7\u03bd \u03a7\u03c1\u03c5\u03c3\u03bf\u03c0\u03b7\u03b3\u03ae \u03a3\u03b7\u03c4\u03b5\u03af\u03b1\u03c2\",\"potentialAction\":[{\"@type\":\"SearchAction\",\"target\":{\"@type\":\"EntryPoint\",\"urlTemplate\":\"https:\/\/chrisopigi.gr\/de\/?s={search_term_string}\"},\"query-input\":{\"@type\":\"PropertyValueSpecification\",\"valueRequired\":true,\"valueName\":\"search_term_string\"}}],\"inLanguage\":\"de\"}]}<\/script>\n<!-- \/ Yoast SEO plugin. -->","yoast_head_json":{"title":"Fisch 40g - Chrisopigi","robots":{"index":"index","follow":"follow","max-snippet":"max-snippet:-1","max-image-preview":"max-image-preview:large","max-video-preview":"max-video-preview:-1"},"canonical":"https:\/\/chrisopigi.gr\/de\/product\/fisch-40g\/","og_locale":"de_DE","og_type":"article","og_title":"Fisch 40g - Chrisopigi","og_description":"Die Gew\u00fcrzmischung f\u00fcr Fisch ist eine ausgewogene Kombination aus Gew\u00fcrzen und aromatischen Kr\u00e4utern, die speziell entwickelt wurde, um den nat\u00fcrlichen Geschmack des Fisches hervorzuheben, ohne ihn zu \u00fcberdecken. Ideal f\u00fcr die Zubereitung im Ofen, in der Pfanne oder auf dem Grill. Ideal f\u00fcr:Wei\u00dffischLachsGarnelenMeeresfr\u00fcchte allgemeinMarinaden Eine praktische Mischung f\u00fcr leckeren und aromatischen Fisch.","og_url":"https:\/\/chrisopigi.gr\/de\/product\/fisch-40g\/","og_site_name":"Chrisopigi","twitter_card":"summary_large_image","schema":{"@context":"https:\/\/schema.org","@graph":[{"@type":"WebPage","@id":"https:\/\/chrisopigi.gr\/de\/product\/fisch-40g\/","url":"https:\/\/chrisopigi.gr\/de\/product\/fisch-40g\/","name":"Fisch 40g - Chrisopigi","isPartOf":{"@id":"https:\/\/chrisopigi.gr\/de\/#website"},"primaryImageOfPage":{"@id":"https:\/\/chrisopigi.gr\/de\/product\/fisch-40g\/#primaryimage"},"image":{"@id":"https:\/\/chrisopigi.gr\/de\/product\/fisch-40g\/#primaryimage"},"thumbnailUrl":"https:\/\/chrisopigi.gr\/wp-content\/uploads\/2025\/12\/image-50.png","datePublished":"2026-04-28T20:34:29+00:00","breadcrumb":{"@id":"https:\/\/chrisopigi.gr\/de\/product\/fisch-40g\/#breadcrumb"},"inLanguage":"de","potentialAction":[{"@type":"ReadAction","target":["https:\/\/chrisopigi.gr\/de\/product\/fisch-40g\/"]}]},{"@type":"ImageObject","inLanguage":"de","@id":"https:\/\/chrisopigi.gr\/de\/product\/fisch-40g\/#primaryimage","url":"https:\/\/chrisopigi.gr\/wp-content\/uploads\/2025\/12\/image-50.png","contentUrl":"https:\/\/chrisopigi.gr\/wp-content\/uploads\/2025\/12\/image-50.png","width":500,"height":700},{"@type":"BreadcrumbList","@id":"https:\/\/chrisopigi.gr\/de\/product\/fisch-40g\/#breadcrumb","itemListElement":[{"@type":"ListItem","position":1,"name":"\u0391\u03c1\u03c7\u03b9\u03ba\u03ae","item":"https:\/\/chrisopigi.gr\/de\/startseite\/"},{"@type":"ListItem","position":2,"name":"Online-Shop","item":"https:\/\/chrisopigi.gr\/online-shop\/"},{"@type":"ListItem","position":3,"name":"Fisch 40g"}]},{"@type":"WebSite","@id":"https:\/\/chrisopigi.gr\/de\/#website","url":"https:\/\/chrisopigi.gr\/de\/","name":"Chrisopigi","description":"\u039a\u03c1\u03b7\u03c4\u03b9\u03ba\u03cc \u03b5\u03bb\u03b1\u03b9\u03cc\u03bb\u03b1\u03b4\u03bf &amp; \u03bc\u03ad\u03bb\u03b9 \u03b1\u03c0\u03cc \u03c4\u03b7\u03bd \u03a7\u03c1\u03c5\u03c3\u03bf\u03c0\u03b7\u03b3\u03ae \u03a3\u03b7\u03c4\u03b5\u03af\u03b1\u03c2","potentialAction":[{"@type":"SearchAction","target":{"@type":"EntryPoint","urlTemplate":"https:\/\/chrisopigi.gr\/de\/?s={search_term_string}"},"query-input":{"@type":"PropertyValueSpecification","valueRequired":true,"valueName":"search_term_string"}}],"inLanguage":"de"}]}},"_links":{"self":[{"href":"https:\/\/chrisopigi.gr\/de\/wp-json\/wp\/v2\/product\/49408"}],"collection":[{"href":"https:\/\/chrisopigi.gr\/de\/wp-json\/wp\/v2\/product"}],"about":[{"href":"https:\/\/chrisopigi.gr\/de\/wp-json\/wp\/v2\/types\/product"}],"replies":[{"embeddable":true,"href":"https:\/\/chrisopigi.gr\/de\/wp-json\/wp\/v2\/comments?post=49408"}],"wp:featuredmedia":[{"embeddable":true,"href":"https:\/\/chrisopigi.gr\/de\/wp-json\/wp\/v2\/media\/49409"}],"wp:attachment":[{"href":"https:\/\/chrisopigi.gr\/de\/wp-json\/wp\/v2\/media?parent=49408"}],"wp:term":[{"taxonomy":"product_cat","embeddable":true,"href":"https:\/\/chrisopigi.gr\/de\/wp-json\/wp\/v2\/product_cat?post=49408"},{"taxonomy":"product_tag","embeddable":true,"href":"https:\/\/chrisopigi.gr\/de\/wp-json\/wp\/v2\/product_tag?post=49408"}],"curies":[{"name":"wp","href":"https:\/\/api.w.org\/{rel}","templated":true}]}}