{"id":49410,"date":"2025-12-08T18:47:57","date_gmt":"2026-04-28T20:37:18","guid":{"rendered":"https:\/\/chrisopigi.gr\/product\/frikadellen-50g\/"},"modified":"2026-04-28T23:37:18","modified_gmt":"2026-04-28T20:37:18","slug":"frikadellen-50g","status":"publish","type":"product","link":"https:\/\/chrisopigi.gr\/de\/product\/frikadellen-50g\/","title":{"rendered":"Frikadellen 50g"},"content":{"rendered":"<p data-start=\"155\" data-end=\"386\">Die Gew\u00fcrzmischung f\u00fcr Frikadellen ist eine fertige Kombination aus Gew\u00fcrzen und aromatischen Kr\u00e4utern, ideal f\u00fcr saftige und leckere Burger und Frikadellen. Sie bietet einen reichen Geschmack und ein ausgewogenes Aroma, ohne den Eigengeschmack des Fleisches zu \u00fcberdecken. <\/p>\n<p data-start=\"388\" data-end=\"464\">Sie ist einfach anzuwenden und garantiert bei jeder Zubereitung ein gleichbleibend gutes Ergebnis.<\/p>\n<p data-start=\"466\" data-end=\"602\"><strong data-start=\"466\" data-end=\"482\">Ideal f\u00fcr<\/strong>:<br data-start=\"482\" data-end=\"485\">Rinderfrikadellen<br data-start=\"507\" data-end=\"510\">Chicken-Burger<br data-start=\"527\" data-end=\"530\">vegane oder Gem\u00fcse-Burger<br data-start=\"557\" data-end=\"560\">Fleischb\u00e4llchen (Keftedes)<br data-start=\"570\" data-end=\"573\">Zubereitung auf dem Grill oder in der Pfanne<\/p>\n<p data-start=\"604\" data-end=\"655\">Eine praktische Mischung f\u00fcr jedes Mal leckere Burger.<\/p>\n","protected":false},"excerpt":{"rendered":"<p>Die Gew\u00fcrzmischung f\u00fcr Frikadellen ist eine fertige Kombination aus Gew\u00fcrzen und aromatischen Kr\u00e4utern, ideal f\u00fcr saftige und leckere Burger und Frikadellen. Sie bietet einen reichen Geschmack und ein ausgewogenes Aroma, ohne den Eigengeschmack des Fleisches zu \u00fcberdecken. Sie ist einfach anzuwenden und garantiert bei jeder Zubereitung ein gleichbleibend gutes Ergebnis. Ideal f\u00fcr:RinderfrikadellenChicken-Burgervegane oder Gem\u00fcse-BurgerFleischb\u00e4llchen (Keftedes)Zubereitung auf dem Grill oder in der Pfanne Eine [&hellip;]<\/p>\n","protected":false},"featured_media":49411,"comment_status":"closed","ping_status":"closed","template":"","meta":[],"product_cat":[1825],"product_tag":[],"yoast_head":"<!-- This site is optimized with the Yoast SEO plugin v27.2 - https:\/\/yoast.com\/product\/yoast-seo-wordpress\/ -->\n<title>Frikadellen 50g - Chrisopigi<\/title>\n<meta name=\"robots\" content=\"index, follow, max-snippet:-1, max-image-preview:large, max-video-preview:-1\" \/>\n<link rel=\"canonical\" href=\"https:\/\/chrisopigi.gr\/de\/product\/frikadellen-50g\/\" \/>\n<meta property=\"og:locale\" content=\"de_DE\" \/>\n<meta property=\"og:type\" content=\"article\" \/>\n<meta property=\"og:title\" content=\"Frikadellen 50g - Chrisopigi\" \/>\n<meta property=\"og:description\" content=\"Die Gew\u00fcrzmischung f\u00fcr Frikadellen ist eine fertige Kombination aus Gew\u00fcrzen und aromatischen Kr\u00e4utern, ideal f\u00fcr saftige und leckere Burger und Frikadellen. Sie bietet einen reichen Geschmack und ein ausgewogenes Aroma, ohne den Eigengeschmack des Fleisches zu \u00fcberdecken. Sie ist einfach anzuwenden und garantiert bei jeder Zubereitung ein gleichbleibend gutes Ergebnis. Ideal f\u00fcr:RinderfrikadellenChicken-Burgervegane oder Gem\u00fcse-BurgerFleischb\u00e4llchen (Keftedes)Zubereitung auf dem Grill oder in der Pfanne Eine [&hellip;]\" \/>\n<meta property=\"og:url\" content=\"https:\/\/chrisopigi.gr\/de\/product\/frikadellen-50g\/\" \/>\n<meta property=\"og:site_name\" content=\"Chrisopigi\" \/>\n<meta name=\"twitter:card\" content=\"summary_large_image\" \/>\n<script type=\"application\/ld+json\" class=\"yoast-schema-graph\">{\"@context\":\"https:\/\/schema.org\",\"@graph\":[{\"@type\":\"WebPage\",\"@id\":\"https:\/\/chrisopigi.gr\/de\/product\/frikadellen-50g\/\",\"url\":\"https:\/\/chrisopigi.gr\/de\/product\/frikadellen-50g\/\",\"name\":\"Frikadellen 50g - Chrisopigi\",\"isPartOf\":{\"@id\":\"https:\/\/chrisopigi.gr\/de\/#website\"},\"primaryImageOfPage\":{\"@id\":\"https:\/\/chrisopigi.gr\/de\/product\/frikadellen-50g\/#primaryimage\"},\"image\":{\"@id\":\"https:\/\/chrisopigi.gr\/de\/product\/frikadellen-50g\/#primaryimage\"},\"thumbnailUrl\":\"https:\/\/chrisopigi.gr\/wp-content\/uploads\/2025\/12\/image-49.png\",\"datePublished\":\"2026-04-28T20:37:18+00:00\",\"breadcrumb\":{\"@id\":\"https:\/\/chrisopigi.gr\/de\/product\/frikadellen-50g\/#breadcrumb\"},\"inLanguage\":\"de\",\"potentialAction\":[{\"@type\":\"ReadAction\",\"target\":[\"https:\/\/chrisopigi.gr\/de\/product\/frikadellen-50g\/\"]}]},{\"@type\":\"ImageObject\",\"inLanguage\":\"de\",\"@id\":\"https:\/\/chrisopigi.gr\/de\/product\/frikadellen-50g\/#primaryimage\",\"url\":\"https:\/\/chrisopigi.gr\/wp-content\/uploads\/2025\/12\/image-49.png\",\"contentUrl\":\"https:\/\/chrisopigi.gr\/wp-content\/uploads\/2025\/12\/image-49.png\",\"width\":500,\"height\":700},{\"@type\":\"BreadcrumbList\",\"@id\":\"https:\/\/chrisopigi.gr\/de\/product\/frikadellen-50g\/#breadcrumb\",\"itemListElement\":[{\"@type\":\"ListItem\",\"position\":1,\"name\":\"\u0391\u03c1\u03c7\u03b9\u03ba\u03ae\",\"item\":\"https:\/\/chrisopigi.gr\/de\/\"},{\"@type\":\"ListItem\",\"position\":2,\"name\":\"Online-Shop\",\"item\":\"https:\/\/chrisopigi.gr\/online-shop\/\"},{\"@type\":\"ListItem\",\"position\":3,\"name\":\"Frikadellen 50g\"}]},{\"@type\":\"WebSite\",\"@id\":\"https:\/\/chrisopigi.gr\/de\/#website\",\"url\":\"https:\/\/chrisopigi.gr\/de\/\",\"name\":\"Chrisopigi\",\"description\":\"\u039a\u03c1\u03b7\u03c4\u03b9\u03ba\u03cc \u03b5\u03bb\u03b1\u03b9\u03cc\u03bb\u03b1\u03b4\u03bf &amp; \u03bc\u03ad\u03bb\u03b9 \u03b1\u03c0\u03cc \u03c4\u03b7\u03bd \u03a7\u03c1\u03c5\u03c3\u03bf\u03c0\u03b7\u03b3\u03ae \u03a3\u03b7\u03c4\u03b5\u03af\u03b1\u03c2\",\"potentialAction\":[{\"@type\":\"SearchAction\",\"target\":{\"@type\":\"EntryPoint\",\"urlTemplate\":\"https:\/\/chrisopigi.gr\/de\/?s={search_term_string}\"},\"query-input\":{\"@type\":\"PropertyValueSpecification\",\"valueRequired\":true,\"valueName\":\"search_term_string\"}}],\"inLanguage\":\"de\"}]}<\/script>\n<!-- \/ Yoast SEO plugin. -->","yoast_head_json":{"title":"Frikadellen 50g - Chrisopigi","robots":{"index":"index","follow":"follow","max-snippet":"max-snippet:-1","max-image-preview":"max-image-preview:large","max-video-preview":"max-video-preview:-1"},"canonical":"https:\/\/chrisopigi.gr\/de\/product\/frikadellen-50g\/","og_locale":"de_DE","og_type":"article","og_title":"Frikadellen 50g - Chrisopigi","og_description":"Die Gew\u00fcrzmischung f\u00fcr Frikadellen ist eine fertige Kombination aus Gew\u00fcrzen und aromatischen Kr\u00e4utern, ideal f\u00fcr saftige und leckere Burger und Frikadellen. Sie bietet einen reichen Geschmack und ein ausgewogenes Aroma, ohne den Eigengeschmack des Fleisches zu \u00fcberdecken. Sie ist einfach anzuwenden und garantiert bei jeder Zubereitung ein gleichbleibend gutes Ergebnis. Ideal f\u00fcr:RinderfrikadellenChicken-Burgervegane oder Gem\u00fcse-BurgerFleischb\u00e4llchen (Keftedes)Zubereitung auf dem Grill oder in der Pfanne Eine [&hellip;]","og_url":"https:\/\/chrisopigi.gr\/de\/product\/frikadellen-50g\/","og_site_name":"Chrisopigi","twitter_card":"summary_large_image","schema":{"@context":"https:\/\/schema.org","@graph":[{"@type":"WebPage","@id":"https:\/\/chrisopigi.gr\/de\/product\/frikadellen-50g\/","url":"https:\/\/chrisopigi.gr\/de\/product\/frikadellen-50g\/","name":"Frikadellen 50g - Chrisopigi","isPartOf":{"@id":"https:\/\/chrisopigi.gr\/de\/#website"},"primaryImageOfPage":{"@id":"https:\/\/chrisopigi.gr\/de\/product\/frikadellen-50g\/#primaryimage"},"image":{"@id":"https:\/\/chrisopigi.gr\/de\/product\/frikadellen-50g\/#primaryimage"},"thumbnailUrl":"https:\/\/chrisopigi.gr\/wp-content\/uploads\/2025\/12\/image-49.png","datePublished":"2026-04-28T20:37:18+00:00","breadcrumb":{"@id":"https:\/\/chrisopigi.gr\/de\/product\/frikadellen-50g\/#breadcrumb"},"inLanguage":"de","potentialAction":[{"@type":"ReadAction","target":["https:\/\/chrisopigi.gr\/de\/product\/frikadellen-50g\/"]}]},{"@type":"ImageObject","inLanguage":"de","@id":"https:\/\/chrisopigi.gr\/de\/product\/frikadellen-50g\/#primaryimage","url":"https:\/\/chrisopigi.gr\/wp-content\/uploads\/2025\/12\/image-49.png","contentUrl":"https:\/\/chrisopigi.gr\/wp-content\/uploads\/2025\/12\/image-49.png","width":500,"height":700},{"@type":"BreadcrumbList","@id":"https:\/\/chrisopigi.gr\/de\/product\/frikadellen-50g\/#breadcrumb","itemListElement":[{"@type":"ListItem","position":1,"name":"\u0391\u03c1\u03c7\u03b9\u03ba\u03ae","item":"https:\/\/chrisopigi.gr\/de\/"},{"@type":"ListItem","position":2,"name":"Online-Shop","item":"https:\/\/chrisopigi.gr\/online-shop\/"},{"@type":"ListItem","position":3,"name":"Frikadellen 50g"}]},{"@type":"WebSite","@id":"https:\/\/chrisopigi.gr\/de\/#website","url":"https:\/\/chrisopigi.gr\/de\/","name":"Chrisopigi","description":"\u039a\u03c1\u03b7\u03c4\u03b9\u03ba\u03cc \u03b5\u03bb\u03b1\u03b9\u03cc\u03bb\u03b1\u03b4\u03bf &amp; \u03bc\u03ad\u03bb\u03b9 \u03b1\u03c0\u03cc \u03c4\u03b7\u03bd \u03a7\u03c1\u03c5\u03c3\u03bf\u03c0\u03b7\u03b3\u03ae \u03a3\u03b7\u03c4\u03b5\u03af\u03b1\u03c2","potentialAction":[{"@type":"SearchAction","target":{"@type":"EntryPoint","urlTemplate":"https:\/\/chrisopigi.gr\/de\/?s={search_term_string}"},"query-input":{"@type":"PropertyValueSpecification","valueRequired":true,"valueName":"search_term_string"}}],"inLanguage":"de"}]}},"_links":{"self":[{"href":"https:\/\/chrisopigi.gr\/de\/wp-json\/wp\/v2\/product\/49410"}],"collection":[{"href":"https:\/\/chrisopigi.gr\/de\/wp-json\/wp\/v2\/product"}],"about":[{"href":"https:\/\/chrisopigi.gr\/de\/wp-json\/wp\/v2\/types\/product"}],"replies":[{"embeddable":true,"href":"https:\/\/chrisopigi.gr\/de\/wp-json\/wp\/v2\/comments?post=49410"}],"wp:featuredmedia":[{"embeddable":true,"href":"https:\/\/chrisopigi.gr\/de\/wp-json\/wp\/v2\/media\/49411"}],"wp:attachment":[{"href":"https:\/\/chrisopigi.gr\/de\/wp-json\/wp\/v2\/media?parent=49410"}],"wp:term":[{"taxonomy":"product_cat","embeddable":true,"href":"https:\/\/chrisopigi.gr\/de\/wp-json\/wp\/v2\/product_cat?post=49410"},{"taxonomy":"product_tag","embeddable":true,"href":"https:\/\/chrisopigi.gr\/de\/wp-json\/wp\/v2\/product_tag?post=49410"}],"curies":[{"name":"wp","href":"https:\/\/api.w.org\/{rel}","templated":true}]}}