{"id":49412,"date":"2025-12-06T19:02:43","date_gmt":"2026-04-28T20:39:15","guid":{"rendered":"https:\/\/chrisopigi.gr\/product\/blunar-vodka-40-700ml\/"},"modified":"2026-04-28T23:39:15","modified_gmt":"2026-04-28T20:39:15","slug":"blunar-vodka-40-700ml","status":"publish","type":"product","link":"https:\/\/chrisopigi.gr\/de\/product\/blunar-vodka-40-700ml\/","title":{"rendered":"Blunar Vodka 40% 700ml"},"content":{"rendered":"<p>Blunar ist ein Premium-Wodka, der in Agios Nikolaos, Lasithi, hergestellt wird. Er zeichnet sich durch seine au\u00dfergew\u00f6hnliche Reinheit und seinen milden Geschmack aus, das Ergebnis mehrfacher Destillationen und sorgf\u00e4ltig ausgew\u00e4hlter Rohstoffe. Der Name \u201eBlunar\u201c spiegelt die Inspiration aus der Ruhe und Reinheit des Nachthimmels wider. Am Gaumen entfaltet sich eine reiche Kombination von Aromen verschiedener Zitrusfr\u00fcchte wie Mandarine, Orange, Limette und Bitterorange. Er ist die ideale Wahl als Basis f\u00fcr Cocktails wie den Cosmopolitan, kann aber auch wunderbar pur genossen werden, da sein aromatischer Charakter ihn \u00e4u\u00dferst zug\u00e4nglich und angenehm macht und Wodka-Liebhabern ein einzigartiges Erlebnis bietet.<\/p>\n","protected":false},"excerpt":{"rendered":"<p>Blunar ist ein Premium-Wodka, der in Agios Nikolaos, Lasithi, hergestellt wird. Er zeichnet sich durch seine au\u00dfergew\u00f6hnliche Reinheit und seinen milden Geschmack aus, das Ergebnis mehrfacher Destillationen und sorgf\u00e4ltig ausgew\u00e4hlter Rohstoffe. Der Name \u201eBlunar\u201c spiegelt die Inspiration aus der Ruhe und Reinheit des Nachthimmels wider. Am Gaumen entfaltet sich eine reiche Kombination von Aromen verschiedener Zitrusfr\u00fcchte wie Mandarine, Orange, Limette und Bitterorange. Er [&hellip;]<\/p>\n","protected":false},"featured_media":49413,"comment_status":"closed","ping_status":"closed","template":"","meta":[],"product_cat":[1827],"product_tag":[],"yoast_head":"<!-- This site is optimized with the Yoast SEO plugin v27.2 - https:\/\/yoast.com\/product\/yoast-seo-wordpress\/ -->\n<title>Blunar Vodka 40% 700ml - Chrisopigi<\/title>\n<meta name=\"robots\" content=\"index, follow, max-snippet:-1, max-image-preview:large, max-video-preview:-1\" \/>\n<link rel=\"canonical\" href=\"https:\/\/chrisopigi.gr\/de\/product\/blunar-vodka-40-700ml\/\" \/>\n<meta property=\"og:locale\" content=\"de_DE\" \/>\n<meta property=\"og:type\" content=\"article\" \/>\n<meta property=\"og:title\" content=\"Blunar Vodka 40% 700ml - Chrisopigi\" \/>\n<meta property=\"og:description\" content=\"Blunar ist ein Premium-Wodka, der in Agios Nikolaos, Lasithi, hergestellt wird. Er zeichnet sich durch seine au\u00dfergew\u00f6hnliche Reinheit und seinen milden Geschmack aus, das Ergebnis mehrfacher Destillationen und sorgf\u00e4ltig ausgew\u00e4hlter Rohstoffe. Der Name \u201eBlunar\u201c spiegelt die Inspiration aus der Ruhe und Reinheit des Nachthimmels wider. Am Gaumen entfaltet sich eine reiche Kombination von Aromen verschiedener Zitrusfr\u00fcchte wie Mandarine, Orange, Limette und Bitterorange. Er [&hellip;]\" \/>\n<meta property=\"og:url\" content=\"https:\/\/chrisopigi.gr\/de\/product\/blunar-vodka-40-700ml\/\" \/>\n<meta property=\"og:site_name\" content=\"Chrisopigi\" \/>\n<meta name=\"twitter:card\" content=\"summary_large_image\" \/>\n<meta name=\"twitter:label1\" content=\"Gesch\u00e4tzte Lesezeit\" \/>\n\t<meta name=\"twitter:data1\" content=\"1\u00a0Minute\" \/>\n<script type=\"application\/ld+json\" class=\"yoast-schema-graph\">{\"@context\":\"https:\/\/schema.org\",\"@graph\":[{\"@type\":\"WebPage\",\"@id\":\"https:\/\/chrisopigi.gr\/de\/product\/blunar-vodka-40-700ml\/\",\"url\":\"https:\/\/chrisopigi.gr\/de\/product\/blunar-vodka-40-700ml\/\",\"name\":\"Blunar Vodka 40% 700ml - Chrisopigi\",\"isPartOf\":{\"@id\":\"https:\/\/chrisopigi.gr\/de\/#website\"},\"primaryImageOfPage\":{\"@id\":\"https:\/\/chrisopigi.gr\/de\/product\/blunar-vodka-40-700ml\/#primaryimage\"},\"image\":{\"@id\":\"https:\/\/chrisopigi.gr\/de\/product\/blunar-vodka-40-700ml\/#primaryimage\"},\"thumbnailUrl\":\"https:\/\/chrisopigi.gr\/wp-content\/uploads\/2025\/12\/image-47.png\",\"datePublished\":\"2026-04-28T20:39:15+00:00\",\"breadcrumb\":{\"@id\":\"https:\/\/chrisopigi.gr\/de\/product\/blunar-vodka-40-700ml\/#breadcrumb\"},\"inLanguage\":\"de\",\"potentialAction\":[{\"@type\":\"ReadAction\",\"target\":[\"https:\/\/chrisopigi.gr\/de\/product\/blunar-vodka-40-700ml\/\"]}]},{\"@type\":\"ImageObject\",\"inLanguage\":\"de\",\"@id\":\"https:\/\/chrisopigi.gr\/de\/product\/blunar-vodka-40-700ml\/#primaryimage\",\"url\":\"https:\/\/chrisopigi.gr\/wp-content\/uploads\/2025\/12\/image-47.png\",\"contentUrl\":\"https:\/\/chrisopigi.gr\/wp-content\/uploads\/2025\/12\/image-47.png\",\"width\":610,\"height\":610},{\"@type\":\"BreadcrumbList\",\"@id\":\"https:\/\/chrisopigi.gr\/de\/product\/blunar-vodka-40-700ml\/#breadcrumb\",\"itemListElement\":[{\"@type\":\"ListItem\",\"position\":1,\"name\":\"\u0391\u03c1\u03c7\u03b9\u03ba\u03ae\",\"item\":\"https:\/\/chrisopigi.gr\/de\/startseite\/\"},{\"@type\":\"ListItem\",\"position\":2,\"name\":\"Online-Shop\",\"item\":\"https:\/\/chrisopigi.gr\/online-shop\/\"},{\"@type\":\"ListItem\",\"position\":3,\"name\":\"Blunar Vodka 40% 700ml\"}]},{\"@type\":\"WebSite\",\"@id\":\"https:\/\/chrisopigi.gr\/de\/#website\",\"url\":\"https:\/\/chrisopigi.gr\/de\/\",\"name\":\"Chrisopigi\",\"description\":\"\u039a\u03c1\u03b7\u03c4\u03b9\u03ba\u03cc \u03b5\u03bb\u03b1\u03b9\u03cc\u03bb\u03b1\u03b4\u03bf &amp; \u03bc\u03ad\u03bb\u03b9 \u03b1\u03c0\u03cc \u03c4\u03b7\u03bd \u03a7\u03c1\u03c5\u03c3\u03bf\u03c0\u03b7\u03b3\u03ae \u03a3\u03b7\u03c4\u03b5\u03af\u03b1\u03c2\",\"potentialAction\":[{\"@type\":\"SearchAction\",\"target\":{\"@type\":\"EntryPoint\",\"urlTemplate\":\"https:\/\/chrisopigi.gr\/de\/?s={search_term_string}\"},\"query-input\":{\"@type\":\"PropertyValueSpecification\",\"valueRequired\":true,\"valueName\":\"search_term_string\"}}],\"inLanguage\":\"de\"}]}<\/script>\n<!-- \/ Yoast SEO plugin. -->","yoast_head_json":{"title":"Blunar Vodka 40% 700ml - Chrisopigi","robots":{"index":"index","follow":"follow","max-snippet":"max-snippet:-1","max-image-preview":"max-image-preview:large","max-video-preview":"max-video-preview:-1"},"canonical":"https:\/\/chrisopigi.gr\/de\/product\/blunar-vodka-40-700ml\/","og_locale":"de_DE","og_type":"article","og_title":"Blunar Vodka 40% 700ml - Chrisopigi","og_description":"Blunar ist ein Premium-Wodka, der in Agios Nikolaos, Lasithi, hergestellt wird. Er zeichnet sich durch seine au\u00dfergew\u00f6hnliche Reinheit und seinen milden Geschmack aus, das Ergebnis mehrfacher Destillationen und sorgf\u00e4ltig ausgew\u00e4hlter Rohstoffe. Der Name \u201eBlunar\u201c spiegelt die Inspiration aus der Ruhe und Reinheit des Nachthimmels wider. Am Gaumen entfaltet sich eine reiche Kombination von Aromen verschiedener Zitrusfr\u00fcchte wie Mandarine, Orange, Limette und Bitterorange. Er [&hellip;]","og_url":"https:\/\/chrisopigi.gr\/de\/product\/blunar-vodka-40-700ml\/","og_site_name":"Chrisopigi","twitter_card":"summary_large_image","twitter_misc":{"Gesch\u00e4tzte Lesezeit":"1\u00a0Minute"},"schema":{"@context":"https:\/\/schema.org","@graph":[{"@type":"WebPage","@id":"https:\/\/chrisopigi.gr\/de\/product\/blunar-vodka-40-700ml\/","url":"https:\/\/chrisopigi.gr\/de\/product\/blunar-vodka-40-700ml\/","name":"Blunar Vodka 40% 700ml - Chrisopigi","isPartOf":{"@id":"https:\/\/chrisopigi.gr\/de\/#website"},"primaryImageOfPage":{"@id":"https:\/\/chrisopigi.gr\/de\/product\/blunar-vodka-40-700ml\/#primaryimage"},"image":{"@id":"https:\/\/chrisopigi.gr\/de\/product\/blunar-vodka-40-700ml\/#primaryimage"},"thumbnailUrl":"https:\/\/chrisopigi.gr\/wp-content\/uploads\/2025\/12\/image-47.png","datePublished":"2026-04-28T20:39:15+00:00","breadcrumb":{"@id":"https:\/\/chrisopigi.gr\/de\/product\/blunar-vodka-40-700ml\/#breadcrumb"},"inLanguage":"de","potentialAction":[{"@type":"ReadAction","target":["https:\/\/chrisopigi.gr\/de\/product\/blunar-vodka-40-700ml\/"]}]},{"@type":"ImageObject","inLanguage":"de","@id":"https:\/\/chrisopigi.gr\/de\/product\/blunar-vodka-40-700ml\/#primaryimage","url":"https:\/\/chrisopigi.gr\/wp-content\/uploads\/2025\/12\/image-47.png","contentUrl":"https:\/\/chrisopigi.gr\/wp-content\/uploads\/2025\/12\/image-47.png","width":610,"height":610},{"@type":"BreadcrumbList","@id":"https:\/\/chrisopigi.gr\/de\/product\/blunar-vodka-40-700ml\/#breadcrumb","itemListElement":[{"@type":"ListItem","position":1,"name":"\u0391\u03c1\u03c7\u03b9\u03ba\u03ae","item":"https:\/\/chrisopigi.gr\/de\/startseite\/"},{"@type":"ListItem","position":2,"name":"Online-Shop","item":"https:\/\/chrisopigi.gr\/online-shop\/"},{"@type":"ListItem","position":3,"name":"Blunar Vodka 40% 700ml"}]},{"@type":"WebSite","@id":"https:\/\/chrisopigi.gr\/de\/#website","url":"https:\/\/chrisopigi.gr\/de\/","name":"Chrisopigi","description":"\u039a\u03c1\u03b7\u03c4\u03b9\u03ba\u03cc \u03b5\u03bb\u03b1\u03b9\u03cc\u03bb\u03b1\u03b4\u03bf &amp; \u03bc\u03ad\u03bb\u03b9 \u03b1\u03c0\u03cc \u03c4\u03b7\u03bd \u03a7\u03c1\u03c5\u03c3\u03bf\u03c0\u03b7\u03b3\u03ae \u03a3\u03b7\u03c4\u03b5\u03af\u03b1\u03c2","potentialAction":[{"@type":"SearchAction","target":{"@type":"EntryPoint","urlTemplate":"https:\/\/chrisopigi.gr\/de\/?s={search_term_string}"},"query-input":{"@type":"PropertyValueSpecification","valueRequired":true,"valueName":"search_term_string"}}],"inLanguage":"de"}]}},"_links":{"self":[{"href":"https:\/\/chrisopigi.gr\/de\/wp-json\/wp\/v2\/product\/49412"}],"collection":[{"href":"https:\/\/chrisopigi.gr\/de\/wp-json\/wp\/v2\/product"}],"about":[{"href":"https:\/\/chrisopigi.gr\/de\/wp-json\/wp\/v2\/types\/product"}],"replies":[{"embeddable":true,"href":"https:\/\/chrisopigi.gr\/de\/wp-json\/wp\/v2\/comments?post=49412"}],"wp:featuredmedia":[{"embeddable":true,"href":"https:\/\/chrisopigi.gr\/de\/wp-json\/wp\/v2\/media\/49413"}],"wp:attachment":[{"href":"https:\/\/chrisopigi.gr\/de\/wp-json\/wp\/v2\/media?parent=49412"}],"wp:term":[{"taxonomy":"product_cat","embeddable":true,"href":"https:\/\/chrisopigi.gr\/de\/wp-json\/wp\/v2\/product_cat?post=49412"},{"taxonomy":"product_tag","embeddable":true,"href":"https:\/\/chrisopigi.gr\/de\/wp-json\/wp\/v2\/product_tag?post=49412"}],"curies":[{"name":"wp","href":"https:\/\/api.w.org\/{rel}","templated":true}]}}