{"id":49414,"date":"2025-12-06T18:55:35","date_gmt":"2026-04-28T20:45:31","guid":{"rendered":"https:\/\/chrisopigi.gr\/product\/magiovotano-suesser-rotwein-500ml\/"},"modified":"2026-04-28T23:45:31","modified_gmt":"2026-04-28T20:45:31","slug":"magiovotano-suesser-rotwein-500ml","status":"publish","type":"product","link":"https:\/\/chrisopigi.gr\/de\/product\/magiovotano-suesser-rotwein-500ml\/","title":{"rendered":"MagioVotano S\u00fc\u00dfer Rotwein 500ml"},"content":{"rendered":"<p data-start=\"265\" data-end=\"466\">Der <strong data-start=\"268\" data-end=\"304\">MAGIOVOTANO Wild Ferment Liatiko<\/strong> ist ein <strong data-start=\"316\" data-end=\"368\">ausdrucksstarker s\u00fc\u00dfer Rotwein aus nat\u00fcrlicher G\u00e4rung<\/strong>, der den aromatischen Reichtum und die nat\u00fcrliche S\u00fc\u00dfe der kretischen Rebsorte <strong data-start=\"454\" data-end=\"465\">Liatiko<\/strong> hervorhebt.<\/p>\n<p data-start=\"468\" data-end=\"796\">Im Glas pr\u00e4sentiert er sich in einer <strong data-start=\"494\" data-end=\"517\">tief rubinroten Farbe<\/strong>. In der Nase entfalten sich Aromen von <strong data-start=\"550\" data-end=\"625\">reifen roten Fr\u00fcchten, Kirschen, Rosinen und getrockneten Pflaumen<\/strong>, mit Noten von <strong data-start=\"636\" data-end=\"664\">Gew\u00fcrzen und Karamell<\/strong>. Am Gaumen ist er <strong data-start=\"682\" data-end=\"715\">vollmundig, samtig und reichhaltig<\/strong>, mit einer ausgewogenen S\u00fc\u00dfe, weichen Tanninen und <strong data-start=\"764\" data-end=\"795\">einem langen, genussvollen Abgang.<\/strong><\/p>\n<p data-start=\"798\" data-end=\"936\">Die wilde G\u00e4rung (Wild Ferment) verleiht dem Wein Tiefe und Authentizit\u00e4t und bewahrt seinen nat\u00fcrlichen Charakter und seine lebendige Energie.<\/p>\n<p data-start=\"938\" data-end=\"1117\"><strong data-start=\"938\" data-end=\"968\">Serviertemperatur<\/strong>: 12-14\u00b0C<br data-start=\"976\" data-end=\"979\"><strong data-start=\"979\" data-end=\"1006\">Passt ideal zu<\/strong>:<br data-start=\"1006\" data-end=\"1009\">Schokoladendesserts<br data-start=\"1032\" data-end=\"1035\">Trockenfr\u00fcchten<br data-start=\"1055\" data-end=\"1058\">Tartes<br data-start=\"1066\" data-end=\"1069\">Blauschimmel- und gereiftem K\u00e4se<br data-start=\"1096\" data-end=\"1099\">N\u00fcssen<\/p>\n","protected":false},"excerpt":{"rendered":"<p>Der MAGIOVOTANO Wild Ferment Liatiko ist ein ausdrucksstarker s\u00fc\u00dfer Rotwein aus nat\u00fcrlicher G\u00e4rung, der den aromatischen Reichtum und die nat\u00fcrliche S\u00fc\u00dfe der kretischen Rebsorte Liatiko hervorhebt. Im Glas pr\u00e4sentiert er sich in einer tief rubinroten Farbe. In der Nase entfalten sich Aromen von reifen roten Fr\u00fcchten, Kirschen, Rosinen und getrockneten Pflaumen, mit Noten von Gew\u00fcrzen und Karamell. Am Gaumen ist er vollmundig, samtig [&hellip;]<\/p>\n","protected":false},"featured_media":49415,"comment_status":"closed","ping_status":"closed","template":"","meta":[],"product_cat":[1827],"product_tag":[],"yoast_head":"<!-- This site is optimized with the Yoast SEO plugin v27.2 - https:\/\/yoast.com\/product\/yoast-seo-wordpress\/ -->\n<title>MagioVotano S\u00fc\u00dfer Rotwein 500ml - Chrisopigi<\/title>\n<meta name=\"robots\" content=\"index, follow, max-snippet:-1, max-image-preview:large, max-video-preview:-1\" \/>\n<link rel=\"canonical\" href=\"https:\/\/chrisopigi.gr\/de\/product\/magiovotano-suesser-rotwein-500ml\/\" \/>\n<meta property=\"og:locale\" content=\"de_DE\" \/>\n<meta property=\"og:type\" content=\"article\" \/>\n<meta property=\"og:title\" content=\"MagioVotano S\u00fc\u00dfer Rotwein 500ml - Chrisopigi\" \/>\n<meta property=\"og:description\" content=\"Der MAGIOVOTANO Wild Ferment Liatiko ist ein ausdrucksstarker s\u00fc\u00dfer Rotwein aus nat\u00fcrlicher G\u00e4rung, der den aromatischen Reichtum und die nat\u00fcrliche S\u00fc\u00dfe der kretischen Rebsorte Liatiko hervorhebt. Im Glas pr\u00e4sentiert er sich in einer tief rubinroten Farbe. In der Nase entfalten sich Aromen von reifen roten Fr\u00fcchten, Kirschen, Rosinen und getrockneten Pflaumen, mit Noten von Gew\u00fcrzen und Karamell. Am Gaumen ist er vollmundig, samtig [&hellip;]\" \/>\n<meta property=\"og:url\" content=\"https:\/\/chrisopigi.gr\/de\/product\/magiovotano-suesser-rotwein-500ml\/\" \/>\n<meta property=\"og:site_name\" content=\"Chrisopigi\" \/>\n<meta name=\"twitter:card\" content=\"summary_large_image\" \/>\n<meta name=\"twitter:label1\" content=\"Gesch\u00e4tzte Lesezeit\" \/>\n\t<meta name=\"twitter:data1\" content=\"1\u00a0Minute\" \/>\n<script type=\"application\/ld+json\" class=\"yoast-schema-graph\">{\"@context\":\"https:\/\/schema.org\",\"@graph\":[{\"@type\":\"WebPage\",\"@id\":\"https:\/\/chrisopigi.gr\/de\/product\/magiovotano-suesser-rotwein-500ml\/\",\"url\":\"https:\/\/chrisopigi.gr\/de\/product\/magiovotano-suesser-rotwein-500ml\/\",\"name\":\"MagioVotano S\u00fc\u00dfer Rotwein 500ml - Chrisopigi\",\"isPartOf\":{\"@id\":\"https:\/\/chrisopigi.gr\/de\/#website\"},\"primaryImageOfPage\":{\"@id\":\"https:\/\/chrisopigi.gr\/de\/product\/magiovotano-suesser-rotwein-500ml\/#primaryimage\"},\"image\":{\"@id\":\"https:\/\/chrisopigi.gr\/de\/product\/magiovotano-suesser-rotwein-500ml\/#primaryimage\"},\"thumbnailUrl\":\"https:\/\/chrisopigi.gr\/wp-content\/uploads\/2025\/12\/image-15.jpeg\",\"datePublished\":\"2026-04-28T20:45:31+00:00\",\"breadcrumb\":{\"@id\":\"https:\/\/chrisopigi.gr\/de\/product\/magiovotano-suesser-rotwein-500ml\/#breadcrumb\"},\"inLanguage\":\"de\",\"potentialAction\":[{\"@type\":\"ReadAction\",\"target\":[\"https:\/\/chrisopigi.gr\/de\/product\/magiovotano-suesser-rotwein-500ml\/\"]}]},{\"@type\":\"ImageObject\",\"inLanguage\":\"de\",\"@id\":\"https:\/\/chrisopigi.gr\/de\/product\/magiovotano-suesser-rotwein-500ml\/#primaryimage\",\"url\":\"https:\/\/chrisopigi.gr\/wp-content\/uploads\/2025\/12\/image-15.jpeg\",\"contentUrl\":\"https:\/\/chrisopigi.gr\/wp-content\/uploads\/2025\/12\/image-15.jpeg\",\"width\":1000,\"height\":1000},{\"@type\":\"BreadcrumbList\",\"@id\":\"https:\/\/chrisopigi.gr\/de\/product\/magiovotano-suesser-rotwein-500ml\/#breadcrumb\",\"itemListElement\":[{\"@type\":\"ListItem\",\"position\":1,\"name\":\"\u0391\u03c1\u03c7\u03b9\u03ba\u03ae\",\"item\":\"https:\/\/chrisopigi.gr\/de\/\"},{\"@type\":\"ListItem\",\"position\":2,\"name\":\"Online-Shop\",\"item\":\"https:\/\/chrisopigi.gr\/online-shop\/\"},{\"@type\":\"ListItem\",\"position\":3,\"name\":\"MagioVotano S\u00fc\u00dfer Rotwein 500ml\"}]},{\"@type\":\"WebSite\",\"@id\":\"https:\/\/chrisopigi.gr\/de\/#website\",\"url\":\"https:\/\/chrisopigi.gr\/de\/\",\"name\":\"Chrisopigi\",\"description\":\"\u039a\u03c1\u03b7\u03c4\u03b9\u03ba\u03cc \u03b5\u03bb\u03b1\u03b9\u03cc\u03bb\u03b1\u03b4\u03bf &amp; \u03bc\u03ad\u03bb\u03b9 \u03b1\u03c0\u03cc \u03c4\u03b7\u03bd \u03a7\u03c1\u03c5\u03c3\u03bf\u03c0\u03b7\u03b3\u03ae \u03a3\u03b7\u03c4\u03b5\u03af\u03b1\u03c2\",\"potentialAction\":[{\"@type\":\"SearchAction\",\"target\":{\"@type\":\"EntryPoint\",\"urlTemplate\":\"https:\/\/chrisopigi.gr\/de\/?s={search_term_string}\"},\"query-input\":{\"@type\":\"PropertyValueSpecification\",\"valueRequired\":true,\"valueName\":\"search_term_string\"}}],\"inLanguage\":\"de\"}]}<\/script>\n<!-- \/ Yoast SEO plugin. -->","yoast_head_json":{"title":"MagioVotano S\u00fc\u00dfer Rotwein 500ml - Chrisopigi","robots":{"index":"index","follow":"follow","max-snippet":"max-snippet:-1","max-image-preview":"max-image-preview:large","max-video-preview":"max-video-preview:-1"},"canonical":"https:\/\/chrisopigi.gr\/de\/product\/magiovotano-suesser-rotwein-500ml\/","og_locale":"de_DE","og_type":"article","og_title":"MagioVotano S\u00fc\u00dfer Rotwein 500ml - Chrisopigi","og_description":"Der MAGIOVOTANO Wild Ferment Liatiko ist ein ausdrucksstarker s\u00fc\u00dfer Rotwein aus nat\u00fcrlicher G\u00e4rung, der den aromatischen Reichtum und die nat\u00fcrliche S\u00fc\u00dfe der kretischen Rebsorte Liatiko hervorhebt. Im Glas pr\u00e4sentiert er sich in einer tief rubinroten Farbe. In der Nase entfalten sich Aromen von reifen roten Fr\u00fcchten, Kirschen, Rosinen und getrockneten Pflaumen, mit Noten von Gew\u00fcrzen und Karamell. Am Gaumen ist er vollmundig, samtig [&hellip;]","og_url":"https:\/\/chrisopigi.gr\/de\/product\/magiovotano-suesser-rotwein-500ml\/","og_site_name":"Chrisopigi","twitter_card":"summary_large_image","twitter_misc":{"Gesch\u00e4tzte Lesezeit":"1\u00a0Minute"},"schema":{"@context":"https:\/\/schema.org","@graph":[{"@type":"WebPage","@id":"https:\/\/chrisopigi.gr\/de\/product\/magiovotano-suesser-rotwein-500ml\/","url":"https:\/\/chrisopigi.gr\/de\/product\/magiovotano-suesser-rotwein-500ml\/","name":"MagioVotano S\u00fc\u00dfer Rotwein 500ml - Chrisopigi","isPartOf":{"@id":"https:\/\/chrisopigi.gr\/de\/#website"},"primaryImageOfPage":{"@id":"https:\/\/chrisopigi.gr\/de\/product\/magiovotano-suesser-rotwein-500ml\/#primaryimage"},"image":{"@id":"https:\/\/chrisopigi.gr\/de\/product\/magiovotano-suesser-rotwein-500ml\/#primaryimage"},"thumbnailUrl":"https:\/\/chrisopigi.gr\/wp-content\/uploads\/2025\/12\/image-15.jpeg","datePublished":"2026-04-28T20:45:31+00:00","breadcrumb":{"@id":"https:\/\/chrisopigi.gr\/de\/product\/magiovotano-suesser-rotwein-500ml\/#breadcrumb"},"inLanguage":"de","potentialAction":[{"@type":"ReadAction","target":["https:\/\/chrisopigi.gr\/de\/product\/magiovotano-suesser-rotwein-500ml\/"]}]},{"@type":"ImageObject","inLanguage":"de","@id":"https:\/\/chrisopigi.gr\/de\/product\/magiovotano-suesser-rotwein-500ml\/#primaryimage","url":"https:\/\/chrisopigi.gr\/wp-content\/uploads\/2025\/12\/image-15.jpeg","contentUrl":"https:\/\/chrisopigi.gr\/wp-content\/uploads\/2025\/12\/image-15.jpeg","width":1000,"height":1000},{"@type":"BreadcrumbList","@id":"https:\/\/chrisopigi.gr\/de\/product\/magiovotano-suesser-rotwein-500ml\/#breadcrumb","itemListElement":[{"@type":"ListItem","position":1,"name":"\u0391\u03c1\u03c7\u03b9\u03ba\u03ae","item":"https:\/\/chrisopigi.gr\/de\/"},{"@type":"ListItem","position":2,"name":"Online-Shop","item":"https:\/\/chrisopigi.gr\/online-shop\/"},{"@type":"ListItem","position":3,"name":"MagioVotano S\u00fc\u00dfer Rotwein 500ml"}]},{"@type":"WebSite","@id":"https:\/\/chrisopigi.gr\/de\/#website","url":"https:\/\/chrisopigi.gr\/de\/","name":"Chrisopigi","description":"\u039a\u03c1\u03b7\u03c4\u03b9\u03ba\u03cc \u03b5\u03bb\u03b1\u03b9\u03cc\u03bb\u03b1\u03b4\u03bf &amp; \u03bc\u03ad\u03bb\u03b9 \u03b1\u03c0\u03cc \u03c4\u03b7\u03bd \u03a7\u03c1\u03c5\u03c3\u03bf\u03c0\u03b7\u03b3\u03ae \u03a3\u03b7\u03c4\u03b5\u03af\u03b1\u03c2","potentialAction":[{"@type":"SearchAction","target":{"@type":"EntryPoint","urlTemplate":"https:\/\/chrisopigi.gr\/de\/?s={search_term_string}"},"query-input":{"@type":"PropertyValueSpecification","valueRequired":true,"valueName":"search_term_string"}}],"inLanguage":"de"}]}},"_links":{"self":[{"href":"https:\/\/chrisopigi.gr\/de\/wp-json\/wp\/v2\/product\/49414"}],"collection":[{"href":"https:\/\/chrisopigi.gr\/de\/wp-json\/wp\/v2\/product"}],"about":[{"href":"https:\/\/chrisopigi.gr\/de\/wp-json\/wp\/v2\/types\/product"}],"replies":[{"embeddable":true,"href":"https:\/\/chrisopigi.gr\/de\/wp-json\/wp\/v2\/comments?post=49414"}],"wp:featuredmedia":[{"embeddable":true,"href":"https:\/\/chrisopigi.gr\/de\/wp-json\/wp\/v2\/media\/49415"}],"wp:attachment":[{"href":"https:\/\/chrisopigi.gr\/de\/wp-json\/wp\/v2\/media?parent=49414"}],"wp:term":[{"taxonomy":"product_cat","embeddable":true,"href":"https:\/\/chrisopigi.gr\/de\/wp-json\/wp\/v2\/product_cat?post=49414"},{"taxonomy":"product_tag","embeddable":true,"href":"https:\/\/chrisopigi.gr\/de\/wp-json\/wp\/v2\/product_tag?post=49414"}],"curies":[{"name":"wp","href":"https:\/\/api.w.org\/{rel}","templated":true}]}}