{"id":49416,"date":"2025-12-06T18:50:14","date_gmt":"2026-04-28T20:50:45","guid":{"rendered":"https:\/\/chrisopigi.gr\/product\/rodalos-trockener-rosewein-750ml\/"},"modified":"2026-04-28T23:50:45","modified_gmt":"2026-04-28T20:50:45","slug":"rodalos-trockener-rosewein-750ml","status":"publish","type":"product","link":"https:\/\/chrisopigi.gr\/de\/product\/rodalos-trockener-rosewein-750ml\/","title":{"rendered":"Rodalos Trockener Ros\u00e9wein 750ml"},"content":{"rendered":"<p data-start=\"292\" data-end=\"559\">Der <strong data-start=\"295\" data-end=\"319\">RODALOS Wild Ferment<\/strong> ist ein eleganter und ausdrucksstarker <strong data-start=\"354\" data-end=\"385\">biologischer trockener Ros\u00e9wein<\/strong>, der mit wilden Hefen und minimalen Eingriffen in die Weinherstellung produziert wird. Ein Wein, der die Finesse der Rebsorte <strong data-start=\"503\" data-end=\"515\">Liatiko<\/strong> auf einzigartige Weise mit der Frische und Struktur des <strong data-start=\"545\" data-end=\"558\">Assyrtiko<\/strong> vereint.<\/p>\n<p data-start=\"561\" data-end=\"862\">Im Glas pr\u00e4sentiert er sich in einer <strong data-start=\"587\" data-end=\"629\">leuchtend rosa Farbe mit lachsfarbenen Reflexen<\/strong>. In der Nase entfalten sich Aromen von roten <strong data-start=\"662\" data-end=\"702\">Fr\u00fcchten, Erdbeeren und Kirschen<\/strong>, zusammen mit Noten von <strong data-start=\"718\" data-end=\"745\">Zitrusfr\u00fcchten und Bl\u00fcten<\/strong>. Am Gaumen ist er <strong data-start=\"763\" data-end=\"797\">erfrischend, ausgewogen und fein,<\/strong> mit einer lebhaften S\u00e4ure, einem eleganten K\u00f6rper und <strong data-start=\"832\" data-end=\"861\">einem sauberen, fruchtigen Abgang.<\/strong><\/p>\n<p data-start=\"864\" data-end=\"1027\">Seine nat\u00fcrliche G\u00e4rung f\u00e4ngt den authentischen Charakter der Rebsorten und des kretischen Weinbergs ein und bietet einen Wein voller <strong data-start=\"986\" data-end=\"1026\">Energie, Frische und Pers\u00f6nlichkeit<\/strong>.<\/p>\n<p data-start=\"1029\" data-end=\"1203\"><strong data-start=\"1029\" data-end=\"1059\">Serviertemperatur<\/strong>: 8-10\u00b0C<br data-start=\"1066\" data-end=\"1069\">P<strong data-start=\"1069\" data-end=\"1096\">asst ideal zu:<\/strong><br data-start=\"1096\" data-end=\"1099\">Meeresfr\u00fcchten &amp; Muscheln<br data-start=\"1120\" data-end=\"1123\">Sushi<br data-start=\"1130\" data-end=\"1133\">wei\u00dfem Fleisch<br data-start=\"1147\" data-end=\"1150\">frischen Salaten<br data-start=\"1168\" data-end=\"1171\">Pasta mit leichten Saucen<\/p>\n","protected":false},"excerpt":{"rendered":"<p>Der RODALOS Wild Ferment ist ein eleganter und ausdrucksstarker biologischer trockener Ros\u00e9wein, der mit wilden Hefen und minimalen Eingriffen in die Weinherstellung produziert wird. Ein Wein, der die Finesse der Rebsorte Liatiko auf einzigartige Weise mit der Frische und Struktur des Assyrtiko vereint. Im Glas pr\u00e4sentiert er sich in einer leuchtend rosa Farbe mit lachsfarbenen Reflexen. In der Nase entfalten sich Aromen von [&hellip;]<\/p>\n","protected":false},"featured_media":49417,"comment_status":"closed","ping_status":"closed","template":"","meta":[],"product_cat":[1827],"product_tag":[],"yoast_head":"<!-- This site is optimized with the Yoast SEO plugin v27.2 - https:\/\/yoast.com\/product\/yoast-seo-wordpress\/ -->\n<title>Rodalos Trockener Ros\u00e9wein 750ml - Chrisopigi<\/title>\n<meta name=\"robots\" content=\"index, follow, max-snippet:-1, max-image-preview:large, max-video-preview:-1\" \/>\n<link rel=\"canonical\" href=\"https:\/\/chrisopigi.gr\/de\/product\/rodalos-trockener-rosewein-750ml\/\" \/>\n<meta property=\"og:locale\" content=\"de_DE\" \/>\n<meta property=\"og:type\" content=\"article\" \/>\n<meta property=\"og:title\" content=\"Rodalos Trockener Ros\u00e9wein 750ml - Chrisopigi\" \/>\n<meta property=\"og:description\" content=\"Der RODALOS Wild Ferment ist ein eleganter und ausdrucksstarker biologischer trockener Ros\u00e9wein, der mit wilden Hefen und minimalen Eingriffen in die Weinherstellung produziert wird. Ein Wein, der die Finesse der Rebsorte Liatiko auf einzigartige Weise mit der Frische und Struktur des Assyrtiko vereint. Im Glas pr\u00e4sentiert er sich in einer leuchtend rosa Farbe mit lachsfarbenen Reflexen. In der Nase entfalten sich Aromen von [&hellip;]\" \/>\n<meta property=\"og:url\" content=\"https:\/\/chrisopigi.gr\/de\/product\/rodalos-trockener-rosewein-750ml\/\" \/>\n<meta property=\"og:site_name\" content=\"Chrisopigi\" \/>\n<meta name=\"twitter:card\" content=\"summary_large_image\" \/>\n<meta name=\"twitter:label1\" content=\"Gesch\u00e4tzte Lesezeit\" \/>\n\t<meta name=\"twitter:data1\" content=\"1\u00a0Minute\" \/>\n<script type=\"application\/ld+json\" class=\"yoast-schema-graph\">{\"@context\":\"https:\/\/schema.org\",\"@graph\":[{\"@type\":\"WebPage\",\"@id\":\"https:\/\/chrisopigi.gr\/de\/product\/rodalos-trockener-rosewein-750ml\/\",\"url\":\"https:\/\/chrisopigi.gr\/de\/product\/rodalos-trockener-rosewein-750ml\/\",\"name\":\"Rodalos Trockener Ros\u00e9wein 750ml - Chrisopigi\",\"isPartOf\":{\"@id\":\"https:\/\/chrisopigi.gr\/de\/#website\"},\"primaryImageOfPage\":{\"@id\":\"https:\/\/chrisopigi.gr\/de\/product\/rodalos-trockener-rosewein-750ml\/#primaryimage\"},\"image\":{\"@id\":\"https:\/\/chrisopigi.gr\/de\/product\/rodalos-trockener-rosewein-750ml\/#primaryimage\"},\"thumbnailUrl\":\"https:\/\/chrisopigi.gr\/wp-content\/uploads\/2025\/12\/image-14.jpeg\",\"datePublished\":\"2026-04-28T20:50:45+00:00\",\"breadcrumb\":{\"@id\":\"https:\/\/chrisopigi.gr\/de\/product\/rodalos-trockener-rosewein-750ml\/#breadcrumb\"},\"inLanguage\":\"de\",\"potentialAction\":[{\"@type\":\"ReadAction\",\"target\":[\"https:\/\/chrisopigi.gr\/de\/product\/rodalos-trockener-rosewein-750ml\/\"]}]},{\"@type\":\"ImageObject\",\"inLanguage\":\"de\",\"@id\":\"https:\/\/chrisopigi.gr\/de\/product\/rodalos-trockener-rosewein-750ml\/#primaryimage\",\"url\":\"https:\/\/chrisopigi.gr\/wp-content\/uploads\/2025\/12\/image-14.jpeg\",\"contentUrl\":\"https:\/\/chrisopigi.gr\/wp-content\/uploads\/2025\/12\/image-14.jpeg\",\"width\":1000,\"height\":1000},{\"@type\":\"BreadcrumbList\",\"@id\":\"https:\/\/chrisopigi.gr\/de\/product\/rodalos-trockener-rosewein-750ml\/#breadcrumb\",\"itemListElement\":[{\"@type\":\"ListItem\",\"position\":1,\"name\":\"\u0391\u03c1\u03c7\u03b9\u03ba\u03ae\",\"item\":\"https:\/\/chrisopigi.gr\/de\/\"},{\"@type\":\"ListItem\",\"position\":2,\"name\":\"Online-Shop\",\"item\":\"https:\/\/chrisopigi.gr\/online-shop\/\"},{\"@type\":\"ListItem\",\"position\":3,\"name\":\"Rodalos Trockener Ros\u00e9wein 750ml\"}]},{\"@type\":\"WebSite\",\"@id\":\"https:\/\/chrisopigi.gr\/de\/#website\",\"url\":\"https:\/\/chrisopigi.gr\/de\/\",\"name\":\"Chrisopigi\",\"description\":\"\u039a\u03c1\u03b7\u03c4\u03b9\u03ba\u03cc \u03b5\u03bb\u03b1\u03b9\u03cc\u03bb\u03b1\u03b4\u03bf &amp; \u03bc\u03ad\u03bb\u03b9 \u03b1\u03c0\u03cc \u03c4\u03b7\u03bd \u03a7\u03c1\u03c5\u03c3\u03bf\u03c0\u03b7\u03b3\u03ae \u03a3\u03b7\u03c4\u03b5\u03af\u03b1\u03c2\",\"potentialAction\":[{\"@type\":\"SearchAction\",\"target\":{\"@type\":\"EntryPoint\",\"urlTemplate\":\"https:\/\/chrisopigi.gr\/de\/?s={search_term_string}\"},\"query-input\":{\"@type\":\"PropertyValueSpecification\",\"valueRequired\":true,\"valueName\":\"search_term_string\"}}],\"inLanguage\":\"de\"}]}<\/script>\n<!-- \/ Yoast SEO plugin. -->","yoast_head_json":{"title":"Rodalos Trockener Ros\u00e9wein 750ml - Chrisopigi","robots":{"index":"index","follow":"follow","max-snippet":"max-snippet:-1","max-image-preview":"max-image-preview:large","max-video-preview":"max-video-preview:-1"},"canonical":"https:\/\/chrisopigi.gr\/de\/product\/rodalos-trockener-rosewein-750ml\/","og_locale":"de_DE","og_type":"article","og_title":"Rodalos Trockener Ros\u00e9wein 750ml - Chrisopigi","og_description":"Der RODALOS Wild Ferment ist ein eleganter und ausdrucksstarker biologischer trockener Ros\u00e9wein, der mit wilden Hefen und minimalen Eingriffen in die Weinherstellung produziert wird. Ein Wein, der die Finesse der Rebsorte Liatiko auf einzigartige Weise mit der Frische und Struktur des Assyrtiko vereint. Im Glas pr\u00e4sentiert er sich in einer leuchtend rosa Farbe mit lachsfarbenen Reflexen. In der Nase entfalten sich Aromen von [&hellip;]","og_url":"https:\/\/chrisopigi.gr\/de\/product\/rodalos-trockener-rosewein-750ml\/","og_site_name":"Chrisopigi","twitter_card":"summary_large_image","twitter_misc":{"Gesch\u00e4tzte Lesezeit":"1\u00a0Minute"},"schema":{"@context":"https:\/\/schema.org","@graph":[{"@type":"WebPage","@id":"https:\/\/chrisopigi.gr\/de\/product\/rodalos-trockener-rosewein-750ml\/","url":"https:\/\/chrisopigi.gr\/de\/product\/rodalos-trockener-rosewein-750ml\/","name":"Rodalos Trockener Ros\u00e9wein 750ml - Chrisopigi","isPartOf":{"@id":"https:\/\/chrisopigi.gr\/de\/#website"},"primaryImageOfPage":{"@id":"https:\/\/chrisopigi.gr\/de\/product\/rodalos-trockener-rosewein-750ml\/#primaryimage"},"image":{"@id":"https:\/\/chrisopigi.gr\/de\/product\/rodalos-trockener-rosewein-750ml\/#primaryimage"},"thumbnailUrl":"https:\/\/chrisopigi.gr\/wp-content\/uploads\/2025\/12\/image-14.jpeg","datePublished":"2026-04-28T20:50:45+00:00","breadcrumb":{"@id":"https:\/\/chrisopigi.gr\/de\/product\/rodalos-trockener-rosewein-750ml\/#breadcrumb"},"inLanguage":"de","potentialAction":[{"@type":"ReadAction","target":["https:\/\/chrisopigi.gr\/de\/product\/rodalos-trockener-rosewein-750ml\/"]}]},{"@type":"ImageObject","inLanguage":"de","@id":"https:\/\/chrisopigi.gr\/de\/product\/rodalos-trockener-rosewein-750ml\/#primaryimage","url":"https:\/\/chrisopigi.gr\/wp-content\/uploads\/2025\/12\/image-14.jpeg","contentUrl":"https:\/\/chrisopigi.gr\/wp-content\/uploads\/2025\/12\/image-14.jpeg","width":1000,"height":1000},{"@type":"BreadcrumbList","@id":"https:\/\/chrisopigi.gr\/de\/product\/rodalos-trockener-rosewein-750ml\/#breadcrumb","itemListElement":[{"@type":"ListItem","position":1,"name":"\u0391\u03c1\u03c7\u03b9\u03ba\u03ae","item":"https:\/\/chrisopigi.gr\/de\/"},{"@type":"ListItem","position":2,"name":"Online-Shop","item":"https:\/\/chrisopigi.gr\/online-shop\/"},{"@type":"ListItem","position":3,"name":"Rodalos Trockener Ros\u00e9wein 750ml"}]},{"@type":"WebSite","@id":"https:\/\/chrisopigi.gr\/de\/#website","url":"https:\/\/chrisopigi.gr\/de\/","name":"Chrisopigi","description":"\u039a\u03c1\u03b7\u03c4\u03b9\u03ba\u03cc \u03b5\u03bb\u03b1\u03b9\u03cc\u03bb\u03b1\u03b4\u03bf &amp; \u03bc\u03ad\u03bb\u03b9 \u03b1\u03c0\u03cc \u03c4\u03b7\u03bd \u03a7\u03c1\u03c5\u03c3\u03bf\u03c0\u03b7\u03b3\u03ae \u03a3\u03b7\u03c4\u03b5\u03af\u03b1\u03c2","potentialAction":[{"@type":"SearchAction","target":{"@type":"EntryPoint","urlTemplate":"https:\/\/chrisopigi.gr\/de\/?s={search_term_string}"},"query-input":{"@type":"PropertyValueSpecification","valueRequired":true,"valueName":"search_term_string"}}],"inLanguage":"de"}]}},"_links":{"self":[{"href":"https:\/\/chrisopigi.gr\/de\/wp-json\/wp\/v2\/product\/49416"}],"collection":[{"href":"https:\/\/chrisopigi.gr\/de\/wp-json\/wp\/v2\/product"}],"about":[{"href":"https:\/\/chrisopigi.gr\/de\/wp-json\/wp\/v2\/types\/product"}],"replies":[{"embeddable":true,"href":"https:\/\/chrisopigi.gr\/de\/wp-json\/wp\/v2\/comments?post=49416"}],"wp:featuredmedia":[{"embeddable":true,"href":"https:\/\/chrisopigi.gr\/de\/wp-json\/wp\/v2\/media\/49417"}],"wp:attachment":[{"href":"https:\/\/chrisopigi.gr\/de\/wp-json\/wp\/v2\/media?parent=49416"}],"wp:term":[{"taxonomy":"product_cat","embeddable":true,"href":"https:\/\/chrisopigi.gr\/de\/wp-json\/wp\/v2\/product_cat?post=49416"},{"taxonomy":"product_tag","embeddable":true,"href":"https:\/\/chrisopigi.gr\/de\/wp-json\/wp\/v2\/product_tag?post=49416"}],"curies":[{"name":"wp","href":"https:\/\/api.w.org\/{rel}","templated":true}]}}