{"id":49418,"date":"2025-12-06T18:45:04","date_gmt":"2026-04-28T20:55:42","guid":{"rendered":"https:\/\/chrisopigi.gr\/product\/erotodiomataris-rotwein-750ml\/"},"modified":"2026-04-28T23:55:42","modified_gmt":"2026-04-28T20:55:42","slug":"erotodiomataris-rotwein-750ml","status":"publish","type":"product","link":"https:\/\/chrisopigi.gr\/de\/product\/erotodiomataris-rotwein-750ml\/","title":{"rendered":"Erotodiomataris Rotwein 750ml"},"content":{"rendered":"<p data-start=\"312\" data-end=\"548\">Ein b<strong data-start=\"317\" data-end=\"360\">esonderer, nat\u00fcrlicher trockener Rotwein<\/strong> mit starker Pers\u00f6nlichkeit und authentischem Charakter, hergestellt mit <strong data-start=\"427\" data-end=\"458\">wilden Hefen (Wild Ferment)<\/strong> und sanften Weinbereitungsmethoden, der die Philosophie des nat\u00fcrlichen und biologischen Weins ehrt.<\/p>\n<p data-start=\"550\" data-end=\"862\">Im Glas pr\u00e4sentiert er sich in einer <strong data-start=\"571\" data-end=\"594\">tief rubinroten Farbe<\/strong>, w\u00e4hrend sich in der Nase Aromen von <strong data-start=\"631\" data-end=\"680\">reifen roten Fr\u00fcchten, Kirschen und Pflaumen<\/strong> zusammen mit Noten von <strong data-start=\"696\" data-end=\"744\">Gew\u00fcrzen, Erde und pflanzlicher Komplexit\u00e4t entfalten<\/strong>. Am Gaumen ist er <strong data-start=\"762\" data-end=\"781\">vollmundig, lebhaft<\/strong>, mit ausgewogener S\u00e4ure, samtigen Tanninen und einem <strong data-start=\"831\" data-end=\"861\">langen, ausdrucksstarken Abgang.<\/strong><\/p>\n<p data-start=\"864\" data-end=\"1060\">Das k\u00fcnstlerische Etikett und die Philosophie der wilden G\u00e4rung spiegeln einen Wein voller <strong data-start=\"944\" data-end=\"996\">Freiheit, Authentizit\u00e4t und starkem Charakter wider<\/strong>, ideal f\u00fcr alle, die etwas anderes als das Konventionelle suchen.<\/p>\n<p data-start=\"1062\" data-end=\"1255\">Ideale Serviertemperatur: 16\u201318\u00b0C<\/p>\n","protected":false},"excerpt":{"rendered":"<p>Ein besonderer, nat\u00fcrlicher trockener Rotwein mit starker Pers\u00f6nlichkeit und authentischem Charakter, hergestellt mit wilden Hefen (Wild Ferment) und sanften Weinbereitungsmethoden, der die Philosophie des nat\u00fcrlichen und biologischen Weins ehrt. Im Glas pr\u00e4sentiert er sich in einer tief rubinroten Farbe, w\u00e4hrend sich in der Nase Aromen von reifen roten Fr\u00fcchten, Kirschen und Pflaumen zusammen mit Noten von Gew\u00fcrzen, Erde und pflanzlicher Komplexit\u00e4t entfalten. Am [&hellip;]<\/p>\n","protected":false},"featured_media":49419,"comment_status":"closed","ping_status":"closed","template":"","meta":[],"product_cat":[1827],"product_tag":[],"yoast_head":"<!-- This site is optimized with the Yoast SEO plugin v27.2 - https:\/\/yoast.com\/product\/yoast-seo-wordpress\/ -->\n<title>Erotodiomataris Rotwein 750ml - Chrisopigi<\/title>\n<meta name=\"robots\" content=\"index, follow, max-snippet:-1, max-image-preview:large, max-video-preview:-1\" \/>\n<link rel=\"canonical\" href=\"https:\/\/chrisopigi.gr\/de\/product\/erotodiomataris-rotwein-750ml\/\" \/>\n<meta property=\"og:locale\" content=\"de_DE\" \/>\n<meta property=\"og:type\" content=\"article\" \/>\n<meta property=\"og:title\" content=\"Erotodiomataris Rotwein 750ml - Chrisopigi\" \/>\n<meta property=\"og:description\" content=\"Ein besonderer, nat\u00fcrlicher trockener Rotwein mit starker Pers\u00f6nlichkeit und authentischem Charakter, hergestellt mit wilden Hefen (Wild Ferment) und sanften Weinbereitungsmethoden, der die Philosophie des nat\u00fcrlichen und biologischen Weins ehrt. Im Glas pr\u00e4sentiert er sich in einer tief rubinroten Farbe, w\u00e4hrend sich in der Nase Aromen von reifen roten Fr\u00fcchten, Kirschen und Pflaumen zusammen mit Noten von Gew\u00fcrzen, Erde und pflanzlicher Komplexit\u00e4t entfalten. Am [&hellip;]\" \/>\n<meta property=\"og:url\" content=\"https:\/\/chrisopigi.gr\/de\/product\/erotodiomataris-rotwein-750ml\/\" \/>\n<meta property=\"og:site_name\" content=\"Chrisopigi\" \/>\n<meta name=\"twitter:card\" content=\"summary_large_image\" \/>\n<meta name=\"twitter:label1\" content=\"Gesch\u00e4tzte Lesezeit\" \/>\n\t<meta name=\"twitter:data1\" content=\"1\u00a0Minute\" \/>\n<script type=\"application\/ld+json\" class=\"yoast-schema-graph\">{\"@context\":\"https:\/\/schema.org\",\"@graph\":[{\"@type\":\"WebPage\",\"@id\":\"https:\/\/chrisopigi.gr\/de\/product\/erotodiomataris-rotwein-750ml\/\",\"url\":\"https:\/\/chrisopigi.gr\/de\/product\/erotodiomataris-rotwein-750ml\/\",\"name\":\"Erotodiomataris Rotwein 750ml - Chrisopigi\",\"isPartOf\":{\"@id\":\"https:\/\/chrisopigi.gr\/de\/#website\"},\"primaryImageOfPage\":{\"@id\":\"https:\/\/chrisopigi.gr\/de\/product\/erotodiomataris-rotwein-750ml\/#primaryimage\"},\"image\":{\"@id\":\"https:\/\/chrisopigi.gr\/de\/product\/erotodiomataris-rotwein-750ml\/#primaryimage\"},\"thumbnailUrl\":\"https:\/\/chrisopigi.gr\/wp-content\/uploads\/2025\/12\/image-12.jpeg\",\"datePublished\":\"2026-04-28T20:55:42+00:00\",\"breadcrumb\":{\"@id\":\"https:\/\/chrisopigi.gr\/de\/product\/erotodiomataris-rotwein-750ml\/#breadcrumb\"},\"inLanguage\":\"de\",\"potentialAction\":[{\"@type\":\"ReadAction\",\"target\":[\"https:\/\/chrisopigi.gr\/de\/product\/erotodiomataris-rotwein-750ml\/\"]}]},{\"@type\":\"ImageObject\",\"inLanguage\":\"de\",\"@id\":\"https:\/\/chrisopigi.gr\/de\/product\/erotodiomataris-rotwein-750ml\/#primaryimage\",\"url\":\"https:\/\/chrisopigi.gr\/wp-content\/uploads\/2025\/12\/image-12.jpeg\",\"contentUrl\":\"https:\/\/chrisopigi.gr\/wp-content\/uploads\/2025\/12\/image-12.jpeg\",\"width\":1000,\"height\":1000},{\"@type\":\"BreadcrumbList\",\"@id\":\"https:\/\/chrisopigi.gr\/de\/product\/erotodiomataris-rotwein-750ml\/#breadcrumb\",\"itemListElement\":[{\"@type\":\"ListItem\",\"position\":1,\"name\":\"\u0391\u03c1\u03c7\u03b9\u03ba\u03ae\",\"item\":\"https:\/\/chrisopigi.gr\/de\/\"},{\"@type\":\"ListItem\",\"position\":2,\"name\":\"Online-Shop\",\"item\":\"https:\/\/chrisopigi.gr\/online-shop\/\"},{\"@type\":\"ListItem\",\"position\":3,\"name\":\"Erotodiomataris Rotwein 750ml\"}]},{\"@type\":\"WebSite\",\"@id\":\"https:\/\/chrisopigi.gr\/de\/#website\",\"url\":\"https:\/\/chrisopigi.gr\/de\/\",\"name\":\"Chrisopigi\",\"description\":\"\u039a\u03c1\u03b7\u03c4\u03b9\u03ba\u03cc \u03b5\u03bb\u03b1\u03b9\u03cc\u03bb\u03b1\u03b4\u03bf &amp; \u03bc\u03ad\u03bb\u03b9 \u03b1\u03c0\u03cc \u03c4\u03b7\u03bd \u03a7\u03c1\u03c5\u03c3\u03bf\u03c0\u03b7\u03b3\u03ae \u03a3\u03b7\u03c4\u03b5\u03af\u03b1\u03c2\",\"potentialAction\":[{\"@type\":\"SearchAction\",\"target\":{\"@type\":\"EntryPoint\",\"urlTemplate\":\"https:\/\/chrisopigi.gr\/de\/?s={search_term_string}\"},\"query-input\":{\"@type\":\"PropertyValueSpecification\",\"valueRequired\":true,\"valueName\":\"search_term_string\"}}],\"inLanguage\":\"de\"}]}<\/script>\n<!-- \/ Yoast SEO plugin. -->","yoast_head_json":{"title":"Erotodiomataris Rotwein 750ml - Chrisopigi","robots":{"index":"index","follow":"follow","max-snippet":"max-snippet:-1","max-image-preview":"max-image-preview:large","max-video-preview":"max-video-preview:-1"},"canonical":"https:\/\/chrisopigi.gr\/de\/product\/erotodiomataris-rotwein-750ml\/","og_locale":"de_DE","og_type":"article","og_title":"Erotodiomataris Rotwein 750ml - Chrisopigi","og_description":"Ein besonderer, nat\u00fcrlicher trockener Rotwein mit starker Pers\u00f6nlichkeit und authentischem Charakter, hergestellt mit wilden Hefen (Wild Ferment) und sanften Weinbereitungsmethoden, der die Philosophie des nat\u00fcrlichen und biologischen Weins ehrt. Im Glas pr\u00e4sentiert er sich in einer tief rubinroten Farbe, w\u00e4hrend sich in der Nase Aromen von reifen roten Fr\u00fcchten, Kirschen und Pflaumen zusammen mit Noten von Gew\u00fcrzen, Erde und pflanzlicher Komplexit\u00e4t entfalten. Am [&hellip;]","og_url":"https:\/\/chrisopigi.gr\/de\/product\/erotodiomataris-rotwein-750ml\/","og_site_name":"Chrisopigi","twitter_card":"summary_large_image","twitter_misc":{"Gesch\u00e4tzte Lesezeit":"1\u00a0Minute"},"schema":{"@context":"https:\/\/schema.org","@graph":[{"@type":"WebPage","@id":"https:\/\/chrisopigi.gr\/de\/product\/erotodiomataris-rotwein-750ml\/","url":"https:\/\/chrisopigi.gr\/de\/product\/erotodiomataris-rotwein-750ml\/","name":"Erotodiomataris Rotwein 750ml - Chrisopigi","isPartOf":{"@id":"https:\/\/chrisopigi.gr\/de\/#website"},"primaryImageOfPage":{"@id":"https:\/\/chrisopigi.gr\/de\/product\/erotodiomataris-rotwein-750ml\/#primaryimage"},"image":{"@id":"https:\/\/chrisopigi.gr\/de\/product\/erotodiomataris-rotwein-750ml\/#primaryimage"},"thumbnailUrl":"https:\/\/chrisopigi.gr\/wp-content\/uploads\/2025\/12\/image-12.jpeg","datePublished":"2026-04-28T20:55:42+00:00","breadcrumb":{"@id":"https:\/\/chrisopigi.gr\/de\/product\/erotodiomataris-rotwein-750ml\/#breadcrumb"},"inLanguage":"de","potentialAction":[{"@type":"ReadAction","target":["https:\/\/chrisopigi.gr\/de\/product\/erotodiomataris-rotwein-750ml\/"]}]},{"@type":"ImageObject","inLanguage":"de","@id":"https:\/\/chrisopigi.gr\/de\/product\/erotodiomataris-rotwein-750ml\/#primaryimage","url":"https:\/\/chrisopigi.gr\/wp-content\/uploads\/2025\/12\/image-12.jpeg","contentUrl":"https:\/\/chrisopigi.gr\/wp-content\/uploads\/2025\/12\/image-12.jpeg","width":1000,"height":1000},{"@type":"BreadcrumbList","@id":"https:\/\/chrisopigi.gr\/de\/product\/erotodiomataris-rotwein-750ml\/#breadcrumb","itemListElement":[{"@type":"ListItem","position":1,"name":"\u0391\u03c1\u03c7\u03b9\u03ba\u03ae","item":"https:\/\/chrisopigi.gr\/de\/"},{"@type":"ListItem","position":2,"name":"Online-Shop","item":"https:\/\/chrisopigi.gr\/online-shop\/"},{"@type":"ListItem","position":3,"name":"Erotodiomataris Rotwein 750ml"}]},{"@type":"WebSite","@id":"https:\/\/chrisopigi.gr\/de\/#website","url":"https:\/\/chrisopigi.gr\/de\/","name":"Chrisopigi","description":"\u039a\u03c1\u03b7\u03c4\u03b9\u03ba\u03cc \u03b5\u03bb\u03b1\u03b9\u03cc\u03bb\u03b1\u03b4\u03bf &amp; \u03bc\u03ad\u03bb\u03b9 \u03b1\u03c0\u03cc \u03c4\u03b7\u03bd \u03a7\u03c1\u03c5\u03c3\u03bf\u03c0\u03b7\u03b3\u03ae \u03a3\u03b7\u03c4\u03b5\u03af\u03b1\u03c2","potentialAction":[{"@type":"SearchAction","target":{"@type":"EntryPoint","urlTemplate":"https:\/\/chrisopigi.gr\/de\/?s={search_term_string}"},"query-input":{"@type":"PropertyValueSpecification","valueRequired":true,"valueName":"search_term_string"}}],"inLanguage":"de"}]}},"_links":{"self":[{"href":"https:\/\/chrisopigi.gr\/de\/wp-json\/wp\/v2\/product\/49418"}],"collection":[{"href":"https:\/\/chrisopigi.gr\/de\/wp-json\/wp\/v2\/product"}],"about":[{"href":"https:\/\/chrisopigi.gr\/de\/wp-json\/wp\/v2\/types\/product"}],"replies":[{"embeddable":true,"href":"https:\/\/chrisopigi.gr\/de\/wp-json\/wp\/v2\/comments?post=49418"}],"wp:featuredmedia":[{"embeddable":true,"href":"https:\/\/chrisopigi.gr\/de\/wp-json\/wp\/v2\/media\/49419"}],"wp:attachment":[{"href":"https:\/\/chrisopigi.gr\/de\/wp-json\/wp\/v2\/media?parent=49418"}],"wp:term":[{"taxonomy":"product_cat","embeddable":true,"href":"https:\/\/chrisopigi.gr\/de\/wp-json\/wp\/v2\/product_cat?post=49418"},{"taxonomy":"product_tag","embeddable":true,"href":"https:\/\/chrisopigi.gr\/de\/wp-json\/wp\/v2\/product_tag?post=49418"}],"curies":[{"name":"wp","href":"https:\/\/api.w.org\/{rel}","templated":true}]}}