{"id":49421,"date":"2025-12-06T18:37:16","date_gmt":"2026-04-28T21:01:11","guid":{"rendered":"https:\/\/chrisopigi.gr\/product\/anthosmia-trockener-weisswein-750ml\/"},"modified":"2026-04-29T00:01:11","modified_gmt":"2026-04-28T21:01:11","slug":"anthosmia-trockener-weisswein-750ml","status":"publish","type":"product","link":"https:\/\/chrisopigi.gr\/de\/product\/anthosmia-trockener-weisswein-750ml\/","title":{"rendered":"Anthosmia Trockener Wei\u00dfwein 750ml"},"content":{"rendered":"<p>Der Bio-Wein Anthosmia ist eine hervorragende Wahl f\u00fcr Liebhaber trockener Wei\u00dfweine. Er wird aus der Rebsorte Moschato (Muskateller) hergestellt und bietet einen milden Geschmack, der das reiche und qualitative Erbe Griechenlands zum Ausdruck bringt. Dieser Wein umfasst 750 ml und zeichnet sich durch seinen trockenen Geschmack aus, der ihn zum idealen Begleiter f\u00fcr verschiedene Gerichte macht.<\/p>\n","protected":false},"excerpt":{"rendered":"<p>Der Bio-Wein Anthosmia ist eine hervorragende Wahl f\u00fcr Liebhaber trockener Wei\u00dfweine. Er wird aus der Rebsorte Moschato (Muskateller) hergestellt und bietet einen milden Geschmack, der das reiche und qualitative Erbe Griechenlands zum Ausdruck bringt. Dieser Wein umfasst 750 ml und zeichnet sich durch seinen trockenen Geschmack aus, der ihn zum idealen Begleiter f\u00fcr verschiedene Gerichte macht.<\/p>\n","protected":false},"featured_media":49422,"comment_status":"closed","ping_status":"closed","template":"","meta":[],"product_cat":[1827],"product_tag":[],"yoast_head":"<!-- This site is optimized with the Yoast SEO plugin v27.2 - https:\/\/yoast.com\/product\/yoast-seo-wordpress\/ -->\n<title>Anthosmia Trockener Wei\u00dfwein 750ml - Chrisopigi<\/title>\n<meta name=\"robots\" content=\"index, follow, max-snippet:-1, max-image-preview:large, max-video-preview:-1\" \/>\n<link rel=\"canonical\" href=\"https:\/\/chrisopigi.gr\/de\/product\/anthosmia-trockener-weisswein-750ml\/\" \/>\n<meta property=\"og:locale\" content=\"de_DE\" \/>\n<meta property=\"og:type\" content=\"article\" \/>\n<meta property=\"og:title\" content=\"Anthosmia Trockener Wei\u00dfwein 750ml - Chrisopigi\" \/>\n<meta property=\"og:description\" content=\"Der Bio-Wein Anthosmia ist eine hervorragende Wahl f\u00fcr Liebhaber trockener Wei\u00dfweine. Er wird aus der Rebsorte Moschato (Muskateller) hergestellt und bietet einen milden Geschmack, der das reiche und qualitative Erbe Griechenlands zum Ausdruck bringt. Dieser Wein umfasst 750 ml und zeichnet sich durch seinen trockenen Geschmack aus, der ihn zum idealen Begleiter f\u00fcr verschiedene Gerichte macht.\" \/>\n<meta property=\"og:url\" content=\"https:\/\/chrisopigi.gr\/de\/product\/anthosmia-trockener-weisswein-750ml\/\" \/>\n<meta property=\"og:site_name\" content=\"Chrisopigi\" \/>\n<meta name=\"twitter:card\" content=\"summary_large_image\" \/>\n<script type=\"application\/ld+json\" class=\"yoast-schema-graph\">{\"@context\":\"https:\/\/schema.org\",\"@graph\":[{\"@type\":\"WebPage\",\"@id\":\"https:\/\/chrisopigi.gr\/de\/product\/anthosmia-trockener-weisswein-750ml\/\",\"url\":\"https:\/\/chrisopigi.gr\/de\/product\/anthosmia-trockener-weisswein-750ml\/\",\"name\":\"Anthosmia Trockener Wei\u00dfwein 750ml - Chrisopigi\",\"isPartOf\":{\"@id\":\"https:\/\/chrisopigi.gr\/de\/#website\"},\"primaryImageOfPage\":{\"@id\":\"https:\/\/chrisopigi.gr\/de\/product\/anthosmia-trockener-weisswein-750ml\/#primaryimage\"},\"image\":{\"@id\":\"https:\/\/chrisopigi.gr\/de\/product\/anthosmia-trockener-weisswein-750ml\/#primaryimage\"},\"thumbnailUrl\":\"https:\/\/chrisopigi.gr\/wp-content\/uploads\/2025\/12\/image-11.jpeg\",\"datePublished\":\"2026-04-28T21:01:11+00:00\",\"breadcrumb\":{\"@id\":\"https:\/\/chrisopigi.gr\/de\/product\/anthosmia-trockener-weisswein-750ml\/#breadcrumb\"},\"inLanguage\":\"de\",\"potentialAction\":[{\"@type\":\"ReadAction\",\"target\":[\"https:\/\/chrisopigi.gr\/de\/product\/anthosmia-trockener-weisswein-750ml\/\"]}]},{\"@type\":\"ImageObject\",\"inLanguage\":\"de\",\"@id\":\"https:\/\/chrisopigi.gr\/de\/product\/anthosmia-trockener-weisswein-750ml\/#primaryimage\",\"url\":\"https:\/\/chrisopigi.gr\/wp-content\/uploads\/2025\/12\/image-11.jpeg\",\"contentUrl\":\"https:\/\/chrisopigi.gr\/wp-content\/uploads\/2025\/12\/image-11.jpeg\",\"width\":1000,\"height\":1000},{\"@type\":\"BreadcrumbList\",\"@id\":\"https:\/\/chrisopigi.gr\/de\/product\/anthosmia-trockener-weisswein-750ml\/#breadcrumb\",\"itemListElement\":[{\"@type\":\"ListItem\",\"position\":1,\"name\":\"\u0391\u03c1\u03c7\u03b9\u03ba\u03ae\",\"item\":\"https:\/\/chrisopigi.gr\/de\/\"},{\"@type\":\"ListItem\",\"position\":2,\"name\":\"Online-Shop\",\"item\":\"https:\/\/chrisopigi.gr\/online-shop\/\"},{\"@type\":\"ListItem\",\"position\":3,\"name\":\"Anthosmia Trockener Wei\u00dfwein 750ml\"}]},{\"@type\":\"WebSite\",\"@id\":\"https:\/\/chrisopigi.gr\/de\/#website\",\"url\":\"https:\/\/chrisopigi.gr\/de\/\",\"name\":\"Chrisopigi\",\"description\":\"\u039a\u03c1\u03b7\u03c4\u03b9\u03ba\u03cc \u03b5\u03bb\u03b1\u03b9\u03cc\u03bb\u03b1\u03b4\u03bf &amp; \u03bc\u03ad\u03bb\u03b9 \u03b1\u03c0\u03cc \u03c4\u03b7\u03bd \u03a7\u03c1\u03c5\u03c3\u03bf\u03c0\u03b7\u03b3\u03ae \u03a3\u03b7\u03c4\u03b5\u03af\u03b1\u03c2\",\"potentialAction\":[{\"@type\":\"SearchAction\",\"target\":{\"@type\":\"EntryPoint\",\"urlTemplate\":\"https:\/\/chrisopigi.gr\/de\/?s={search_term_string}\"},\"query-input\":{\"@type\":\"PropertyValueSpecification\",\"valueRequired\":true,\"valueName\":\"search_term_string\"}}],\"inLanguage\":\"de\"}]}<\/script>\n<!-- \/ Yoast SEO plugin. -->","yoast_head_json":{"title":"Anthosmia Trockener Wei\u00dfwein 750ml - Chrisopigi","robots":{"index":"index","follow":"follow","max-snippet":"max-snippet:-1","max-image-preview":"max-image-preview:large","max-video-preview":"max-video-preview:-1"},"canonical":"https:\/\/chrisopigi.gr\/de\/product\/anthosmia-trockener-weisswein-750ml\/","og_locale":"de_DE","og_type":"article","og_title":"Anthosmia Trockener Wei\u00dfwein 750ml - Chrisopigi","og_description":"Der Bio-Wein Anthosmia ist eine hervorragende Wahl f\u00fcr Liebhaber trockener Wei\u00dfweine. Er wird aus der Rebsorte Moschato (Muskateller) hergestellt und bietet einen milden Geschmack, der das reiche und qualitative Erbe Griechenlands zum Ausdruck bringt. Dieser Wein umfasst 750 ml und zeichnet sich durch seinen trockenen Geschmack aus, der ihn zum idealen Begleiter f\u00fcr verschiedene Gerichte macht.","og_url":"https:\/\/chrisopigi.gr\/de\/product\/anthosmia-trockener-weisswein-750ml\/","og_site_name":"Chrisopigi","twitter_card":"summary_large_image","schema":{"@context":"https:\/\/schema.org","@graph":[{"@type":"WebPage","@id":"https:\/\/chrisopigi.gr\/de\/product\/anthosmia-trockener-weisswein-750ml\/","url":"https:\/\/chrisopigi.gr\/de\/product\/anthosmia-trockener-weisswein-750ml\/","name":"Anthosmia Trockener Wei\u00dfwein 750ml - Chrisopigi","isPartOf":{"@id":"https:\/\/chrisopigi.gr\/de\/#website"},"primaryImageOfPage":{"@id":"https:\/\/chrisopigi.gr\/de\/product\/anthosmia-trockener-weisswein-750ml\/#primaryimage"},"image":{"@id":"https:\/\/chrisopigi.gr\/de\/product\/anthosmia-trockener-weisswein-750ml\/#primaryimage"},"thumbnailUrl":"https:\/\/chrisopigi.gr\/wp-content\/uploads\/2025\/12\/image-11.jpeg","datePublished":"2026-04-28T21:01:11+00:00","breadcrumb":{"@id":"https:\/\/chrisopigi.gr\/de\/product\/anthosmia-trockener-weisswein-750ml\/#breadcrumb"},"inLanguage":"de","potentialAction":[{"@type":"ReadAction","target":["https:\/\/chrisopigi.gr\/de\/product\/anthosmia-trockener-weisswein-750ml\/"]}]},{"@type":"ImageObject","inLanguage":"de","@id":"https:\/\/chrisopigi.gr\/de\/product\/anthosmia-trockener-weisswein-750ml\/#primaryimage","url":"https:\/\/chrisopigi.gr\/wp-content\/uploads\/2025\/12\/image-11.jpeg","contentUrl":"https:\/\/chrisopigi.gr\/wp-content\/uploads\/2025\/12\/image-11.jpeg","width":1000,"height":1000},{"@type":"BreadcrumbList","@id":"https:\/\/chrisopigi.gr\/de\/product\/anthosmia-trockener-weisswein-750ml\/#breadcrumb","itemListElement":[{"@type":"ListItem","position":1,"name":"\u0391\u03c1\u03c7\u03b9\u03ba\u03ae","item":"https:\/\/chrisopigi.gr\/de\/"},{"@type":"ListItem","position":2,"name":"Online-Shop","item":"https:\/\/chrisopigi.gr\/online-shop\/"},{"@type":"ListItem","position":3,"name":"Anthosmia Trockener Wei\u00dfwein 750ml"}]},{"@type":"WebSite","@id":"https:\/\/chrisopigi.gr\/de\/#website","url":"https:\/\/chrisopigi.gr\/de\/","name":"Chrisopigi","description":"\u039a\u03c1\u03b7\u03c4\u03b9\u03ba\u03cc \u03b5\u03bb\u03b1\u03b9\u03cc\u03bb\u03b1\u03b4\u03bf &amp; \u03bc\u03ad\u03bb\u03b9 \u03b1\u03c0\u03cc \u03c4\u03b7\u03bd \u03a7\u03c1\u03c5\u03c3\u03bf\u03c0\u03b7\u03b3\u03ae \u03a3\u03b7\u03c4\u03b5\u03af\u03b1\u03c2","potentialAction":[{"@type":"SearchAction","target":{"@type":"EntryPoint","urlTemplate":"https:\/\/chrisopigi.gr\/de\/?s={search_term_string}"},"query-input":{"@type":"PropertyValueSpecification","valueRequired":true,"valueName":"search_term_string"}}],"inLanguage":"de"}]}},"_links":{"self":[{"href":"https:\/\/chrisopigi.gr\/de\/wp-json\/wp\/v2\/product\/49421"}],"collection":[{"href":"https:\/\/chrisopigi.gr\/de\/wp-json\/wp\/v2\/product"}],"about":[{"href":"https:\/\/chrisopigi.gr\/de\/wp-json\/wp\/v2\/types\/product"}],"replies":[{"embeddable":true,"href":"https:\/\/chrisopigi.gr\/de\/wp-json\/wp\/v2\/comments?post=49421"}],"wp:featuredmedia":[{"embeddable":true,"href":"https:\/\/chrisopigi.gr\/de\/wp-json\/wp\/v2\/media\/49422"}],"wp:attachment":[{"href":"https:\/\/chrisopigi.gr\/de\/wp-json\/wp\/v2\/media?parent=49421"}],"wp:term":[{"taxonomy":"product_cat","embeddable":true,"href":"https:\/\/chrisopigi.gr\/de\/wp-json\/wp\/v2\/product_cat?post=49421"},{"taxonomy":"product_tag","embeddable":true,"href":"https:\/\/chrisopigi.gr\/de\/wp-json\/wp\/v2\/product_tag?post=49421"}],"curies":[{"name":"wp","href":"https:\/\/api.w.org\/{rel}","templated":true}]}}