{"id":49423,"date":"2025-12-06T18:10:17","date_gmt":"2026-04-28T21:05:40","guid":{"rendered":"https:\/\/chrisopigi.gr\/product\/bio-balsamico-creme-thymianhonig-250ml\/"},"modified":"2026-04-29T00:05:40","modified_gmt":"2026-04-28T21:05:40","slug":"bio-balsamico-creme-thymianhonig-250ml","status":"publish","type":"product","link":"https:\/\/chrisopigi.gr\/de\/product\/bio-balsamico-creme-thymianhonig-250ml\/","title":{"rendered":"Bio-Balsamico-Creme mit Thymianhonig 250ml"},"content":{"rendered":"<p>Die Balsamico-Cremes der Familie Papadaki in verschiedenen Geschmacksrichtungen sind ein authentisches Produkt ohne Zucker, Farbstoffe und Konservierungsmittel, das wir kreiert haben, um Sie zu fantasievollen Rezepten zu inspirieren. Sie sind auch ideal f\u00fcr alle, die den puren Geschmack von Balsamico in Kombination mit ihren Lieblingsgerichten w\u00fcnschen.<\/p>\n<p>Zutaten: konzentrierter Bio-Traubenmost 65%, Essig aus Bio-Trauben 19%, Bio-Thymianhonig 16%. Biologisches, 100% nat\u00fcrliches Produkt, ohne Zusatz von Konservierungsstoffen, Zucker und Farbstoffen. An einem k\u00fchlen und trockenen Ort aufbewahren. Nach dem \u00d6ffnen im K\u00fchlschrank aufbewahren.<\/p>\n","protected":false},"excerpt":{"rendered":"<p>Die Balsamico-Cremes der Familie Papadaki in verschiedenen Geschmacksrichtungen sind ein authentisches Produkt ohne Zucker, Farbstoffe und Konservierungsmittel, das wir kreiert haben, um Sie zu fantasievollen Rezepten zu inspirieren. Sie sind auch ideal f\u00fcr alle, die den puren Geschmack von Balsamico in Kombination mit ihren Lieblingsgerichten w\u00fcnschen. Zutaten: konzentrierter Bio-Traubenmost 65%, Essig aus Bio-Trauben 19%, Bio-Thymianhonig 16%. Biologisches, 100% nat\u00fcrliches Produkt, ohne Zusatz von [&hellip;]<\/p>\n","protected":false},"featured_media":49424,"comment_status":"closed","ping_status":"closed","template":"","meta":[],"product_cat":[1828],"product_tag":[],"yoast_head":"<!-- This site is optimized with the Yoast SEO plugin v27.2 - https:\/\/yoast.com\/product\/yoast-seo-wordpress\/ -->\n<title>Bio-Balsamico-Creme mit Thymianhonig 250ml - Chrisopigi<\/title>\n<meta name=\"robots\" content=\"index, follow, max-snippet:-1, max-image-preview:large, max-video-preview:-1\" \/>\n<link rel=\"canonical\" href=\"https:\/\/chrisopigi.gr\/de\/product\/bio-balsamico-creme-thymianhonig-250ml\/\" \/>\n<meta property=\"og:locale\" content=\"de_DE\" \/>\n<meta property=\"og:type\" content=\"article\" \/>\n<meta property=\"og:title\" content=\"Bio-Balsamico-Creme mit Thymianhonig 250ml - Chrisopigi\" \/>\n<meta property=\"og:description\" content=\"Die Balsamico-Cremes der Familie Papadaki in verschiedenen Geschmacksrichtungen sind ein authentisches Produkt ohne Zucker, Farbstoffe und Konservierungsmittel, das wir kreiert haben, um Sie zu fantasievollen Rezepten zu inspirieren. Sie sind auch ideal f\u00fcr alle, die den puren Geschmack von Balsamico in Kombination mit ihren Lieblingsgerichten w\u00fcnschen. Zutaten: konzentrierter Bio-Traubenmost 65%, Essig aus Bio-Trauben 19%, Bio-Thymianhonig 16%. Biologisches, 100% nat\u00fcrliches Produkt, ohne Zusatz von [&hellip;]\" \/>\n<meta property=\"og:url\" content=\"https:\/\/chrisopigi.gr\/de\/product\/bio-balsamico-creme-thymianhonig-250ml\/\" \/>\n<meta property=\"og:site_name\" content=\"Chrisopigi\" \/>\n<meta name=\"twitter:card\" content=\"summary_large_image\" \/>\n<script type=\"application\/ld+json\" class=\"yoast-schema-graph\">{\"@context\":\"https:\/\/schema.org\",\"@graph\":[{\"@type\":\"WebPage\",\"@id\":\"https:\/\/chrisopigi.gr\/de\/product\/bio-balsamico-creme-thymianhonig-250ml\/\",\"url\":\"https:\/\/chrisopigi.gr\/de\/product\/bio-balsamico-creme-thymianhonig-250ml\/\",\"name\":\"Bio-Balsamico-Creme mit Thymianhonig 250ml - Chrisopigi\",\"isPartOf\":{\"@id\":\"https:\/\/chrisopigi.gr\/de\/#website\"},\"primaryImageOfPage\":{\"@id\":\"https:\/\/chrisopigi.gr\/de\/product\/bio-balsamico-creme-thymianhonig-250ml\/#primaryimage\"},\"image\":{\"@id\":\"https:\/\/chrisopigi.gr\/de\/product\/bio-balsamico-creme-thymianhonig-250ml\/#primaryimage\"},\"thumbnailUrl\":\"https:\/\/chrisopigi.gr\/wp-content\/uploads\/2025\/12\/image-9.jpeg\",\"datePublished\":\"2026-04-28T21:05:40+00:00\",\"breadcrumb\":{\"@id\":\"https:\/\/chrisopigi.gr\/de\/product\/bio-balsamico-creme-thymianhonig-250ml\/#breadcrumb\"},\"inLanguage\":\"de\",\"potentialAction\":[{\"@type\":\"ReadAction\",\"target\":[\"https:\/\/chrisopigi.gr\/de\/product\/bio-balsamico-creme-thymianhonig-250ml\/\"]}]},{\"@type\":\"ImageObject\",\"inLanguage\":\"de\",\"@id\":\"https:\/\/chrisopigi.gr\/de\/product\/bio-balsamico-creme-thymianhonig-250ml\/#primaryimage\",\"url\":\"https:\/\/chrisopigi.gr\/wp-content\/uploads\/2025\/12\/image-9.jpeg\",\"contentUrl\":\"https:\/\/chrisopigi.gr\/wp-content\/uploads\/2025\/12\/image-9.jpeg\",\"width\":1000,\"height\":1500},{\"@type\":\"BreadcrumbList\",\"@id\":\"https:\/\/chrisopigi.gr\/de\/product\/bio-balsamico-creme-thymianhonig-250ml\/#breadcrumb\",\"itemListElement\":[{\"@type\":\"ListItem\",\"position\":1,\"name\":\"\u0391\u03c1\u03c7\u03b9\u03ba\u03ae\",\"item\":\"https:\/\/chrisopigi.gr\/de\/\"},{\"@type\":\"ListItem\",\"position\":2,\"name\":\"Online-Shop\",\"item\":\"https:\/\/chrisopigi.gr\/online-shop\/\"},{\"@type\":\"ListItem\",\"position\":3,\"name\":\"Bio-Balsamico-Creme mit Thymianhonig 250ml\"}]},{\"@type\":\"WebSite\",\"@id\":\"https:\/\/chrisopigi.gr\/de\/#website\",\"url\":\"https:\/\/chrisopigi.gr\/de\/\",\"name\":\"Chrisopigi\",\"description\":\"\u039a\u03c1\u03b7\u03c4\u03b9\u03ba\u03cc \u03b5\u03bb\u03b1\u03b9\u03cc\u03bb\u03b1\u03b4\u03bf &amp; \u03bc\u03ad\u03bb\u03b9 \u03b1\u03c0\u03cc \u03c4\u03b7\u03bd \u03a7\u03c1\u03c5\u03c3\u03bf\u03c0\u03b7\u03b3\u03ae \u03a3\u03b7\u03c4\u03b5\u03af\u03b1\u03c2\",\"potentialAction\":[{\"@type\":\"SearchAction\",\"target\":{\"@type\":\"EntryPoint\",\"urlTemplate\":\"https:\/\/chrisopigi.gr\/de\/?s={search_term_string}\"},\"query-input\":{\"@type\":\"PropertyValueSpecification\",\"valueRequired\":true,\"valueName\":\"search_term_string\"}}],\"inLanguage\":\"de\"}]}<\/script>\n<!-- \/ Yoast SEO plugin. -->","yoast_head_json":{"title":"Bio-Balsamico-Creme mit Thymianhonig 250ml - Chrisopigi","robots":{"index":"index","follow":"follow","max-snippet":"max-snippet:-1","max-image-preview":"max-image-preview:large","max-video-preview":"max-video-preview:-1"},"canonical":"https:\/\/chrisopigi.gr\/de\/product\/bio-balsamico-creme-thymianhonig-250ml\/","og_locale":"de_DE","og_type":"article","og_title":"Bio-Balsamico-Creme mit Thymianhonig 250ml - Chrisopigi","og_description":"Die Balsamico-Cremes der Familie Papadaki in verschiedenen Geschmacksrichtungen sind ein authentisches Produkt ohne Zucker, Farbstoffe und Konservierungsmittel, das wir kreiert haben, um Sie zu fantasievollen Rezepten zu inspirieren. Sie sind auch ideal f\u00fcr alle, die den puren Geschmack von Balsamico in Kombination mit ihren Lieblingsgerichten w\u00fcnschen. Zutaten: konzentrierter Bio-Traubenmost 65%, Essig aus Bio-Trauben 19%, Bio-Thymianhonig 16%. Biologisches, 100% nat\u00fcrliches Produkt, ohne Zusatz von [&hellip;]","og_url":"https:\/\/chrisopigi.gr\/de\/product\/bio-balsamico-creme-thymianhonig-250ml\/","og_site_name":"Chrisopigi","twitter_card":"summary_large_image","schema":{"@context":"https:\/\/schema.org","@graph":[{"@type":"WebPage","@id":"https:\/\/chrisopigi.gr\/de\/product\/bio-balsamico-creme-thymianhonig-250ml\/","url":"https:\/\/chrisopigi.gr\/de\/product\/bio-balsamico-creme-thymianhonig-250ml\/","name":"Bio-Balsamico-Creme mit Thymianhonig 250ml - Chrisopigi","isPartOf":{"@id":"https:\/\/chrisopigi.gr\/de\/#website"},"primaryImageOfPage":{"@id":"https:\/\/chrisopigi.gr\/de\/product\/bio-balsamico-creme-thymianhonig-250ml\/#primaryimage"},"image":{"@id":"https:\/\/chrisopigi.gr\/de\/product\/bio-balsamico-creme-thymianhonig-250ml\/#primaryimage"},"thumbnailUrl":"https:\/\/chrisopigi.gr\/wp-content\/uploads\/2025\/12\/image-9.jpeg","datePublished":"2026-04-28T21:05:40+00:00","breadcrumb":{"@id":"https:\/\/chrisopigi.gr\/de\/product\/bio-balsamico-creme-thymianhonig-250ml\/#breadcrumb"},"inLanguage":"de","potentialAction":[{"@type":"ReadAction","target":["https:\/\/chrisopigi.gr\/de\/product\/bio-balsamico-creme-thymianhonig-250ml\/"]}]},{"@type":"ImageObject","inLanguage":"de","@id":"https:\/\/chrisopigi.gr\/de\/product\/bio-balsamico-creme-thymianhonig-250ml\/#primaryimage","url":"https:\/\/chrisopigi.gr\/wp-content\/uploads\/2025\/12\/image-9.jpeg","contentUrl":"https:\/\/chrisopigi.gr\/wp-content\/uploads\/2025\/12\/image-9.jpeg","width":1000,"height":1500},{"@type":"BreadcrumbList","@id":"https:\/\/chrisopigi.gr\/de\/product\/bio-balsamico-creme-thymianhonig-250ml\/#breadcrumb","itemListElement":[{"@type":"ListItem","position":1,"name":"\u0391\u03c1\u03c7\u03b9\u03ba\u03ae","item":"https:\/\/chrisopigi.gr\/de\/"},{"@type":"ListItem","position":2,"name":"Online-Shop","item":"https:\/\/chrisopigi.gr\/online-shop\/"},{"@type":"ListItem","position":3,"name":"Bio-Balsamico-Creme mit Thymianhonig 250ml"}]},{"@type":"WebSite","@id":"https:\/\/chrisopigi.gr\/de\/#website","url":"https:\/\/chrisopigi.gr\/de\/","name":"Chrisopigi","description":"\u039a\u03c1\u03b7\u03c4\u03b9\u03ba\u03cc \u03b5\u03bb\u03b1\u03b9\u03cc\u03bb\u03b1\u03b4\u03bf &amp; \u03bc\u03ad\u03bb\u03b9 \u03b1\u03c0\u03cc \u03c4\u03b7\u03bd \u03a7\u03c1\u03c5\u03c3\u03bf\u03c0\u03b7\u03b3\u03ae \u03a3\u03b7\u03c4\u03b5\u03af\u03b1\u03c2","potentialAction":[{"@type":"SearchAction","target":{"@type":"EntryPoint","urlTemplate":"https:\/\/chrisopigi.gr\/de\/?s={search_term_string}"},"query-input":{"@type":"PropertyValueSpecification","valueRequired":true,"valueName":"search_term_string"}}],"inLanguage":"de"}]}},"_links":{"self":[{"href":"https:\/\/chrisopigi.gr\/de\/wp-json\/wp\/v2\/product\/49423"}],"collection":[{"href":"https:\/\/chrisopigi.gr\/de\/wp-json\/wp\/v2\/product"}],"about":[{"href":"https:\/\/chrisopigi.gr\/de\/wp-json\/wp\/v2\/types\/product"}],"replies":[{"embeddable":true,"href":"https:\/\/chrisopigi.gr\/de\/wp-json\/wp\/v2\/comments?post=49423"}],"wp:featuredmedia":[{"embeddable":true,"href":"https:\/\/chrisopigi.gr\/de\/wp-json\/wp\/v2\/media\/49424"}],"wp:attachment":[{"href":"https:\/\/chrisopigi.gr\/de\/wp-json\/wp\/v2\/media?parent=49423"}],"wp:term":[{"taxonomy":"product_cat","embeddable":true,"href":"https:\/\/chrisopigi.gr\/de\/wp-json\/wp\/v2\/product_cat?post=49423"},{"taxonomy":"product_tag","embeddable":true,"href":"https:\/\/chrisopigi.gr\/de\/wp-json\/wp\/v2\/product_tag?post=49423"}],"curies":[{"name":"wp","href":"https:\/\/api.w.org\/{rel}","templated":true}]}}