{"id":49453,"date":"2026-04-29T00:28:20","date_gmt":"2026-04-28T21:28:20","guid":{"rendered":"https:\/\/chrisopigi.gr\/product\/chrisopigi-balsam-seife-100g\/"},"modified":"2026-04-29T00:28:22","modified_gmt":"2026-04-28T21:28:22","slug":"chrisopigi-balsam-seife-100g","status":"publish","type":"product","link":"https:\/\/chrisopigi.gr\/de\/product\/chrisopigi-balsam-seife-100g\/","title":{"rendered":"Balsam-Seife Chrysopigi 100g"},"content":{"rendered":"<div class=\"wpb-content-wrapper\"><p>[vc_row css=&#8221;.vc_custom_1578589837485{margin-bottom: 40px !important;}&#8221;][vc_column width=&#8221;1\/2&#8243;][vc_column_text][chrisopigi_product_attrs][\/vc_column_text][\/vc_column][vc_column width=&#8221;1\/2&#8243;][vc_column_text]<\/p>\n<p style=\"text-align: left\">[chrisopigi_product_shipping]<\/p>\n<p>[\/vc_column_text][\/vc_column][\/vc_row][vc_row][vc_column width=&#8221;1\/6&#8243;][\/vc_column][vc_column width=&#8221;2\/3&#8243;][vc_column_text][chrisopigi_product_reviews][\/vc_column_text][\/vc_column][vc_column width=&#8221;1\/6&#8243;][\/vc_column][\/vc_row]<\/p>\n<\/div>","protected":false},"excerpt":{"rendered":"<p>Die Balsam-Seife Chrisopigi ist eine auf Oliven\u00f6l basierende Seife, die mit Respekt vor dem traditionellen Verfahren hergestellt wird.<br \/>Im Gegensatz zu industriellen Seifen bewahrt das traditionelle Herstellungsrezept die nat\u00fcrlichen feuchtigkeitsspendenden Eigenschaften des Oliven\u00f6ls und garantiert eine Seife, die reich an Antioxidantien und Vitamin E ist.<br \/>Das v\u00f6llige Fehlen von Konservierungsstoffen und chemischen Zus\u00e4tzen macht sie hypoallergen und somit f\u00fcr alle Hauttypen geeignet.<\/p>\n","protected":false},"featured_media":49454,"comment_status":"closed","ping_status":"closed","template":"","meta":[],"product_cat":[1834],"product_tag":[],"yoast_head":"<!-- This site is optimized with the Yoast SEO plugin v27.2 - https:\/\/yoast.com\/product\/yoast-seo-wordpress\/ -->\n<title>Balsam-Seife Chrysopigi 100g - Chrisopigi<\/title>\n<meta name=\"robots\" content=\"index, follow, max-snippet:-1, max-image-preview:large, max-video-preview:-1\" \/>\n<link rel=\"canonical\" href=\"https:\/\/chrisopigi.gr\/de\/product\/chrisopigi-balsam-seife-100g\/\" \/>\n<meta property=\"og:locale\" content=\"de_DE\" \/>\n<meta property=\"og:type\" content=\"article\" \/>\n<meta property=\"og:title\" content=\"Balsam-Seife Chrysopigi 100g - Chrisopigi\" \/>\n<meta property=\"og:description\" content=\"Die Balsam-Seife Chrisopigi ist eine auf Oliven\u00f6l basierende Seife, die mit Respekt vor dem traditionellen Verfahren hergestellt wird.Im Gegensatz zu industriellen Seifen bewahrt das traditionelle Herstellungsrezept die nat\u00fcrlichen feuchtigkeitsspendenden Eigenschaften des Oliven\u00f6ls und garantiert eine Seife, die reich an Antioxidantien und Vitamin E ist.Das v\u00f6llige Fehlen von Konservierungsstoffen und chemischen Zus\u00e4tzen macht sie hypoallergen und somit f\u00fcr alle Hauttypen geeignet.\" \/>\n<meta property=\"og:url\" content=\"https:\/\/chrisopigi.gr\/de\/product\/chrisopigi-balsam-seife-100g\/\" \/>\n<meta property=\"og:site_name\" content=\"Chrisopigi\" \/>\n<meta property=\"article:modified_time\" content=\"2026-04-28T21:28:22+00:00\" \/>\n<meta property=\"og:image\" content=\"https:\/\/chrisopigi.gr\/wp-content\/uploads\/2020\/01\/chrisopigi-st-johns-wort-soap-100gr-e1612012587120.jpg\" \/>\n\t<meta property=\"og:image:width\" content=\"1200\" \/>\n\t<meta property=\"og:image:height\" content=\"1200\" \/>\n\t<meta property=\"og:image:type\" content=\"image\/jpeg\" \/>\n<meta name=\"twitter:card\" content=\"summary_large_image\" \/>\n<script type=\"application\/ld+json\" class=\"yoast-schema-graph\">{\"@context\":\"https:\/\/schema.org\",\"@graph\":[{\"@type\":\"WebPage\",\"@id\":\"https:\/\/chrisopigi.gr\/de\/product\/chrisopigi-balsam-seife-100g\/\",\"url\":\"https:\/\/chrisopigi.gr\/de\/product\/chrisopigi-balsam-seife-100g\/\",\"name\":\"Balsam-Seife Chrysopigi 100g - Chrisopigi\",\"isPartOf\":{\"@id\":\"https:\/\/chrisopigi.gr\/de\/#website\"},\"primaryImageOfPage\":{\"@id\":\"https:\/\/chrisopigi.gr\/de\/product\/chrisopigi-balsam-seife-100g\/#primaryimage\"},\"image\":{\"@id\":\"https:\/\/chrisopigi.gr\/de\/product\/chrisopigi-balsam-seife-100g\/#primaryimage\"},\"thumbnailUrl\":\"https:\/\/chrisopigi.gr\/wp-content\/uploads\/2020\/01\/chrisopigi-st-johns-wort-soap-100gr-e1612012587120.jpg\",\"datePublished\":\"2026-04-28T21:28:20+00:00\",\"dateModified\":\"2026-04-28T21:28:22+00:00\",\"breadcrumb\":{\"@id\":\"https:\/\/chrisopigi.gr\/de\/product\/chrisopigi-balsam-seife-100g\/#breadcrumb\"},\"inLanguage\":\"de\",\"potentialAction\":[{\"@type\":\"ReadAction\",\"target\":[\"https:\/\/chrisopigi.gr\/de\/product\/chrisopigi-balsam-seife-100g\/\"]}]},{\"@type\":\"ImageObject\",\"inLanguage\":\"de\",\"@id\":\"https:\/\/chrisopigi.gr\/de\/product\/chrisopigi-balsam-seife-100g\/#primaryimage\",\"url\":\"https:\/\/chrisopigi.gr\/wp-content\/uploads\/2020\/01\/chrisopigi-st-johns-wort-soap-100gr-e1612012587120.jpg\",\"contentUrl\":\"https:\/\/chrisopigi.gr\/wp-content\/uploads\/2020\/01\/chrisopigi-st-johns-wort-soap-100gr-e1612012587120.jpg\",\"width\":1200,\"height\":1200},{\"@type\":\"BreadcrumbList\",\"@id\":\"https:\/\/chrisopigi.gr\/de\/product\/chrisopigi-balsam-seife-100g\/#breadcrumb\",\"itemListElement\":[{\"@type\":\"ListItem\",\"position\":1,\"name\":\"\u0391\u03c1\u03c7\u03b9\u03ba\u03ae\",\"item\":\"https:\/\/chrisopigi.gr\/de\/\"},{\"@type\":\"ListItem\",\"position\":2,\"name\":\"Online-Shop\",\"item\":\"https:\/\/chrisopigi.gr\/online-shop\/\"},{\"@type\":\"ListItem\",\"position\":3,\"name\":\"Balsam-Seife Chrysopigi 100g\"}]},{\"@type\":\"WebSite\",\"@id\":\"https:\/\/chrisopigi.gr\/de\/#website\",\"url\":\"https:\/\/chrisopigi.gr\/de\/\",\"name\":\"Chrisopigi\",\"description\":\"\u039a\u03c1\u03b7\u03c4\u03b9\u03ba\u03cc \u03b5\u03bb\u03b1\u03b9\u03cc\u03bb\u03b1\u03b4\u03bf &amp; \u03bc\u03ad\u03bb\u03b9 \u03b1\u03c0\u03cc \u03c4\u03b7\u03bd \u03a7\u03c1\u03c5\u03c3\u03bf\u03c0\u03b7\u03b3\u03ae \u03a3\u03b7\u03c4\u03b5\u03af\u03b1\u03c2\",\"potentialAction\":[{\"@type\":\"SearchAction\",\"target\":{\"@type\":\"EntryPoint\",\"urlTemplate\":\"https:\/\/chrisopigi.gr\/de\/?s={search_term_string}\"},\"query-input\":{\"@type\":\"PropertyValueSpecification\",\"valueRequired\":true,\"valueName\":\"search_term_string\"}}],\"inLanguage\":\"de\"}]}<\/script>\n<!-- \/ Yoast SEO plugin. -->","yoast_head_json":{"title":"Balsam-Seife Chrysopigi 100g - Chrisopigi","robots":{"index":"index","follow":"follow","max-snippet":"max-snippet:-1","max-image-preview":"max-image-preview:large","max-video-preview":"max-video-preview:-1"},"canonical":"https:\/\/chrisopigi.gr\/de\/product\/chrisopigi-balsam-seife-100g\/","og_locale":"de_DE","og_type":"article","og_title":"Balsam-Seife Chrysopigi 100g - Chrisopigi","og_description":"Die Balsam-Seife Chrisopigi ist eine auf Oliven\u00f6l basierende Seife, die mit Respekt vor dem traditionellen Verfahren hergestellt wird.Im Gegensatz zu industriellen Seifen bewahrt das traditionelle Herstellungsrezept die nat\u00fcrlichen feuchtigkeitsspendenden Eigenschaften des Oliven\u00f6ls und garantiert eine Seife, die reich an Antioxidantien und Vitamin E ist.Das v\u00f6llige Fehlen von Konservierungsstoffen und chemischen Zus\u00e4tzen macht sie hypoallergen und somit f\u00fcr alle Hauttypen geeignet.","og_url":"https:\/\/chrisopigi.gr\/de\/product\/chrisopigi-balsam-seife-100g\/","og_site_name":"Chrisopigi","article_modified_time":"2026-04-28T21:28:22+00:00","og_image":[{"width":1200,"height":1200,"url":"https:\/\/chrisopigi.gr\/wp-content\/uploads\/2020\/01\/chrisopigi-st-johns-wort-soap-100gr-e1612012587120.jpg","type":"image\/jpeg"}],"twitter_card":"summary_large_image","schema":{"@context":"https:\/\/schema.org","@graph":[{"@type":"WebPage","@id":"https:\/\/chrisopigi.gr\/de\/product\/chrisopigi-balsam-seife-100g\/","url":"https:\/\/chrisopigi.gr\/de\/product\/chrisopigi-balsam-seife-100g\/","name":"Balsam-Seife Chrysopigi 100g - Chrisopigi","isPartOf":{"@id":"https:\/\/chrisopigi.gr\/de\/#website"},"primaryImageOfPage":{"@id":"https:\/\/chrisopigi.gr\/de\/product\/chrisopigi-balsam-seife-100g\/#primaryimage"},"image":{"@id":"https:\/\/chrisopigi.gr\/de\/product\/chrisopigi-balsam-seife-100g\/#primaryimage"},"thumbnailUrl":"https:\/\/chrisopigi.gr\/wp-content\/uploads\/2020\/01\/chrisopigi-st-johns-wort-soap-100gr-e1612012587120.jpg","datePublished":"2026-04-28T21:28:20+00:00","dateModified":"2026-04-28T21:28:22+00:00","breadcrumb":{"@id":"https:\/\/chrisopigi.gr\/de\/product\/chrisopigi-balsam-seife-100g\/#breadcrumb"},"inLanguage":"de","potentialAction":[{"@type":"ReadAction","target":["https:\/\/chrisopigi.gr\/de\/product\/chrisopigi-balsam-seife-100g\/"]}]},{"@type":"ImageObject","inLanguage":"de","@id":"https:\/\/chrisopigi.gr\/de\/product\/chrisopigi-balsam-seife-100g\/#primaryimage","url":"https:\/\/chrisopigi.gr\/wp-content\/uploads\/2020\/01\/chrisopigi-st-johns-wort-soap-100gr-e1612012587120.jpg","contentUrl":"https:\/\/chrisopigi.gr\/wp-content\/uploads\/2020\/01\/chrisopigi-st-johns-wort-soap-100gr-e1612012587120.jpg","width":1200,"height":1200},{"@type":"BreadcrumbList","@id":"https:\/\/chrisopigi.gr\/de\/product\/chrisopigi-balsam-seife-100g\/#breadcrumb","itemListElement":[{"@type":"ListItem","position":1,"name":"\u0391\u03c1\u03c7\u03b9\u03ba\u03ae","item":"https:\/\/chrisopigi.gr\/de\/"},{"@type":"ListItem","position":2,"name":"Online-Shop","item":"https:\/\/chrisopigi.gr\/online-shop\/"},{"@type":"ListItem","position":3,"name":"Balsam-Seife Chrysopigi 100g"}]},{"@type":"WebSite","@id":"https:\/\/chrisopigi.gr\/de\/#website","url":"https:\/\/chrisopigi.gr\/de\/","name":"Chrisopigi","description":"\u039a\u03c1\u03b7\u03c4\u03b9\u03ba\u03cc \u03b5\u03bb\u03b1\u03b9\u03cc\u03bb\u03b1\u03b4\u03bf &amp; \u03bc\u03ad\u03bb\u03b9 \u03b1\u03c0\u03cc \u03c4\u03b7\u03bd \u03a7\u03c1\u03c5\u03c3\u03bf\u03c0\u03b7\u03b3\u03ae \u03a3\u03b7\u03c4\u03b5\u03af\u03b1\u03c2","potentialAction":[{"@type":"SearchAction","target":{"@type":"EntryPoint","urlTemplate":"https:\/\/chrisopigi.gr\/de\/?s={search_term_string}"},"query-input":{"@type":"PropertyValueSpecification","valueRequired":true,"valueName":"search_term_string"}}],"inLanguage":"de"}]}},"_links":{"self":[{"href":"https:\/\/chrisopigi.gr\/de\/wp-json\/wp\/v2\/product\/49453"}],"collection":[{"href":"https:\/\/chrisopigi.gr\/de\/wp-json\/wp\/v2\/product"}],"about":[{"href":"https:\/\/chrisopigi.gr\/de\/wp-json\/wp\/v2\/types\/product"}],"replies":[{"embeddable":true,"href":"https:\/\/chrisopigi.gr\/de\/wp-json\/wp\/v2\/comments?post=49453"}],"wp:featuredmedia":[{"embeddable":true,"href":"https:\/\/chrisopigi.gr\/de\/wp-json\/wp\/v2\/media\/49454"}],"wp:attachment":[{"href":"https:\/\/chrisopigi.gr\/de\/wp-json\/wp\/v2\/media?parent=49453"}],"wp:term":[{"taxonomy":"product_cat","embeddable":true,"href":"https:\/\/chrisopigi.gr\/de\/wp-json\/wp\/v2\/product_cat?post=49453"},{"taxonomy":"product_tag","embeddable":true,"href":"https:\/\/chrisopigi.gr\/de\/wp-json\/wp\/v2\/product_tag?post=49453"}],"curies":[{"name":"wp","href":"https:\/\/api.w.org\/{rel}","templated":true}]}}