{"id":49463,"date":"2025-12-06T17:17:59","date_gmt":"2026-04-29T11:05:12","guid":{"rendered":"https:\/\/chrisopigi.gr\/product\/kretische-bio-sultaninen-180g\/"},"modified":"2026-04-29T14:05:12","modified_gmt":"2026-04-29T11:05:12","slug":"kretische-bio-sultaninen-180g","status":"publish","type":"product","link":"https:\/\/chrisopigi.gr\/de\/product\/kretische-bio-sultaninen-180g\/","title":{"rendered":"Kretische Bio-Sultaninen 180g"},"content":{"rendered":"<p>In unseren Weinbergen werden zur sch\u00f6nsten Jahreszeit unsere Trauben der Sorte Sultana geerntet, um die PAPADAKIS Bio-Sultaninen herzustellen. Diese Superfood-Sultaninen, reich an Polyphenolen und ein 100% nat\u00fcrliches Produkt, sind f\u00fcr ihre wohltuenden und antioxidativen Eigenschaften sowie ihren hohen N\u00e4hrwert bekannt. Sie sind wertvoll f\u00fcr unseren K\u00f6rper, st\u00e4rken und beleben unser Immunsystem und erhalten so das absolute Gleichgewicht. <\/p>\n<p>Ohne Konservierungsstoffe &#8211; Nat\u00fcrliche Antioxidantien &#8211; 100% nat\u00fcrliche S\u00fc\u00dfe &amp; Trocknung &#8211; Ohne Natriumzusatz &#8211; Glutenfrei &#8211; Vegan<\/p>\n","protected":false},"excerpt":{"rendered":"<p>In unseren Weinbergen werden zur sch\u00f6nsten Jahreszeit unsere Trauben der Sorte Sultana geerntet, um die PAPADAKIS Bio-Sultaninen herzustellen. Diese Superfood-Sultaninen, reich an Polyphenolen und ein 100% nat\u00fcrliches Produkt, sind f\u00fcr ihre wohltuenden und antioxidativen Eigenschaften sowie ihren hohen N\u00e4hrwert bekannt. Sie sind wertvoll f\u00fcr unseren K\u00f6rper, st\u00e4rken und beleben unser Immunsystem und erhalten so das absolute Gleichgewicht. Ohne Konservierungsstoffe &#8211; Nat\u00fcrliche Antioxidantien &#8211; [&hellip;]<\/p>\n","protected":false},"featured_media":49464,"comment_status":"closed","ping_status":"closed","template":"","meta":[],"product_cat":[1835],"product_tag":[],"yoast_head":"<!-- This site is optimized with the Yoast SEO plugin v27.2 - https:\/\/yoast.com\/product\/yoast-seo-wordpress\/ -->\n<title>Kretische Bio-Sultaninen 180g - Chrisopigi<\/title>\n<meta name=\"robots\" content=\"index, follow, max-snippet:-1, max-image-preview:large, max-video-preview:-1\" \/>\n<link rel=\"canonical\" href=\"https:\/\/chrisopigi.gr\/de\/product\/kretische-bio-sultaninen-180g\/\" \/>\n<meta property=\"og:locale\" content=\"de_DE\" \/>\n<meta property=\"og:type\" content=\"article\" \/>\n<meta property=\"og:title\" content=\"Kretische Bio-Sultaninen 180g - Chrisopigi\" \/>\n<meta property=\"og:description\" content=\"In unseren Weinbergen werden zur sch\u00f6nsten Jahreszeit unsere Trauben der Sorte Sultana geerntet, um die PAPADAKIS Bio-Sultaninen herzustellen. Diese Superfood-Sultaninen, reich an Polyphenolen und ein 100% nat\u00fcrliches Produkt, sind f\u00fcr ihre wohltuenden und antioxidativen Eigenschaften sowie ihren hohen N\u00e4hrwert bekannt. Sie sind wertvoll f\u00fcr unseren K\u00f6rper, st\u00e4rken und beleben unser Immunsystem und erhalten so das absolute Gleichgewicht. Ohne Konservierungsstoffe &#8211; Nat\u00fcrliche Antioxidantien &#8211; [&hellip;]\" \/>\n<meta property=\"og:url\" content=\"https:\/\/chrisopigi.gr\/de\/product\/kretische-bio-sultaninen-180g\/\" \/>\n<meta property=\"og:site_name\" content=\"Chrisopigi\" \/>\n<meta name=\"twitter:card\" content=\"summary_large_image\" \/>\n<script type=\"application\/ld+json\" class=\"yoast-schema-graph\">{\"@context\":\"https:\/\/schema.org\",\"@graph\":[{\"@type\":\"WebPage\",\"@id\":\"https:\/\/chrisopigi.gr\/de\/product\/kretische-bio-sultaninen-180g\/\",\"url\":\"https:\/\/chrisopigi.gr\/de\/product\/kretische-bio-sultaninen-180g\/\",\"name\":\"Kretische Bio-Sultaninen 180g - Chrisopigi\",\"isPartOf\":{\"@id\":\"https:\/\/chrisopigi.gr\/de\/#website\"},\"primaryImageOfPage\":{\"@id\":\"https:\/\/chrisopigi.gr\/de\/product\/kretische-bio-sultaninen-180g\/#primaryimage\"},\"image\":{\"@id\":\"https:\/\/chrisopigi.gr\/de\/product\/kretische-bio-sultaninen-180g\/#primaryimage\"},\"thumbnailUrl\":\"https:\/\/chrisopigi.gr\/wp-content\/uploads\/2025\/12\/image.jpeg\",\"datePublished\":\"2026-04-29T11:05:12+00:00\",\"breadcrumb\":{\"@id\":\"https:\/\/chrisopigi.gr\/de\/product\/kretische-bio-sultaninen-180g\/#breadcrumb\"},\"inLanguage\":\"de\",\"potentialAction\":[{\"@type\":\"ReadAction\",\"target\":[\"https:\/\/chrisopigi.gr\/de\/product\/kretische-bio-sultaninen-180g\/\"]}]},{\"@type\":\"ImageObject\",\"inLanguage\":\"de\",\"@id\":\"https:\/\/chrisopigi.gr\/de\/product\/kretische-bio-sultaninen-180g\/#primaryimage\",\"url\":\"https:\/\/chrisopigi.gr\/wp-content\/uploads\/2025\/12\/image.jpeg\",\"contentUrl\":\"https:\/\/chrisopigi.gr\/wp-content\/uploads\/2025\/12\/image.jpeg\",\"width\":183,\"height\":275},{\"@type\":\"BreadcrumbList\",\"@id\":\"https:\/\/chrisopigi.gr\/de\/product\/kretische-bio-sultaninen-180g\/#breadcrumb\",\"itemListElement\":[{\"@type\":\"ListItem\",\"position\":1,\"name\":\"\u0391\u03c1\u03c7\u03b9\u03ba\u03ae\",\"item\":\"https:\/\/chrisopigi.gr\/de\/\"},{\"@type\":\"ListItem\",\"position\":2,\"name\":\"Online-Shop\",\"item\":\"https:\/\/chrisopigi.gr\/online-shop\/\"},{\"@type\":\"ListItem\",\"position\":3,\"name\":\"Kretische Bio-Sultaninen 180g\"}]},{\"@type\":\"WebSite\",\"@id\":\"https:\/\/chrisopigi.gr\/de\/#website\",\"url\":\"https:\/\/chrisopigi.gr\/de\/\",\"name\":\"Chrisopigi\",\"description\":\"\u039a\u03c1\u03b7\u03c4\u03b9\u03ba\u03cc \u03b5\u03bb\u03b1\u03b9\u03cc\u03bb\u03b1\u03b4\u03bf &amp; \u03bc\u03ad\u03bb\u03b9 \u03b1\u03c0\u03cc \u03c4\u03b7\u03bd \u03a7\u03c1\u03c5\u03c3\u03bf\u03c0\u03b7\u03b3\u03ae \u03a3\u03b7\u03c4\u03b5\u03af\u03b1\u03c2\",\"potentialAction\":[{\"@type\":\"SearchAction\",\"target\":{\"@type\":\"EntryPoint\",\"urlTemplate\":\"https:\/\/chrisopigi.gr\/de\/?s={search_term_string}\"},\"query-input\":{\"@type\":\"PropertyValueSpecification\",\"valueRequired\":true,\"valueName\":\"search_term_string\"}}],\"inLanguage\":\"de\"}]}<\/script>\n<!-- \/ Yoast SEO plugin. -->","yoast_head_json":{"title":"Kretische Bio-Sultaninen 180g - Chrisopigi","robots":{"index":"index","follow":"follow","max-snippet":"max-snippet:-1","max-image-preview":"max-image-preview:large","max-video-preview":"max-video-preview:-1"},"canonical":"https:\/\/chrisopigi.gr\/de\/product\/kretische-bio-sultaninen-180g\/","og_locale":"de_DE","og_type":"article","og_title":"Kretische Bio-Sultaninen 180g - Chrisopigi","og_description":"In unseren Weinbergen werden zur sch\u00f6nsten Jahreszeit unsere Trauben der Sorte Sultana geerntet, um die PAPADAKIS Bio-Sultaninen herzustellen. Diese Superfood-Sultaninen, reich an Polyphenolen und ein 100% nat\u00fcrliches Produkt, sind f\u00fcr ihre wohltuenden und antioxidativen Eigenschaften sowie ihren hohen N\u00e4hrwert bekannt. Sie sind wertvoll f\u00fcr unseren K\u00f6rper, st\u00e4rken und beleben unser Immunsystem und erhalten so das absolute Gleichgewicht. Ohne Konservierungsstoffe &#8211; Nat\u00fcrliche Antioxidantien &#8211; [&hellip;]","og_url":"https:\/\/chrisopigi.gr\/de\/product\/kretische-bio-sultaninen-180g\/","og_site_name":"Chrisopigi","twitter_card":"summary_large_image","schema":{"@context":"https:\/\/schema.org","@graph":[{"@type":"WebPage","@id":"https:\/\/chrisopigi.gr\/de\/product\/kretische-bio-sultaninen-180g\/","url":"https:\/\/chrisopigi.gr\/de\/product\/kretische-bio-sultaninen-180g\/","name":"Kretische Bio-Sultaninen 180g - Chrisopigi","isPartOf":{"@id":"https:\/\/chrisopigi.gr\/de\/#website"},"primaryImageOfPage":{"@id":"https:\/\/chrisopigi.gr\/de\/product\/kretische-bio-sultaninen-180g\/#primaryimage"},"image":{"@id":"https:\/\/chrisopigi.gr\/de\/product\/kretische-bio-sultaninen-180g\/#primaryimage"},"thumbnailUrl":"https:\/\/chrisopigi.gr\/wp-content\/uploads\/2025\/12\/image.jpeg","datePublished":"2026-04-29T11:05:12+00:00","breadcrumb":{"@id":"https:\/\/chrisopigi.gr\/de\/product\/kretische-bio-sultaninen-180g\/#breadcrumb"},"inLanguage":"de","potentialAction":[{"@type":"ReadAction","target":["https:\/\/chrisopigi.gr\/de\/product\/kretische-bio-sultaninen-180g\/"]}]},{"@type":"ImageObject","inLanguage":"de","@id":"https:\/\/chrisopigi.gr\/de\/product\/kretische-bio-sultaninen-180g\/#primaryimage","url":"https:\/\/chrisopigi.gr\/wp-content\/uploads\/2025\/12\/image.jpeg","contentUrl":"https:\/\/chrisopigi.gr\/wp-content\/uploads\/2025\/12\/image.jpeg","width":183,"height":275},{"@type":"BreadcrumbList","@id":"https:\/\/chrisopigi.gr\/de\/product\/kretische-bio-sultaninen-180g\/#breadcrumb","itemListElement":[{"@type":"ListItem","position":1,"name":"\u0391\u03c1\u03c7\u03b9\u03ba\u03ae","item":"https:\/\/chrisopigi.gr\/de\/"},{"@type":"ListItem","position":2,"name":"Online-Shop","item":"https:\/\/chrisopigi.gr\/online-shop\/"},{"@type":"ListItem","position":3,"name":"Kretische Bio-Sultaninen 180g"}]},{"@type":"WebSite","@id":"https:\/\/chrisopigi.gr\/de\/#website","url":"https:\/\/chrisopigi.gr\/de\/","name":"Chrisopigi","description":"\u039a\u03c1\u03b7\u03c4\u03b9\u03ba\u03cc \u03b5\u03bb\u03b1\u03b9\u03cc\u03bb\u03b1\u03b4\u03bf &amp; \u03bc\u03ad\u03bb\u03b9 \u03b1\u03c0\u03cc \u03c4\u03b7\u03bd \u03a7\u03c1\u03c5\u03c3\u03bf\u03c0\u03b7\u03b3\u03ae \u03a3\u03b7\u03c4\u03b5\u03af\u03b1\u03c2","potentialAction":[{"@type":"SearchAction","target":{"@type":"EntryPoint","urlTemplate":"https:\/\/chrisopigi.gr\/de\/?s={search_term_string}"},"query-input":{"@type":"PropertyValueSpecification","valueRequired":true,"valueName":"search_term_string"}}],"inLanguage":"de"}]}},"_links":{"self":[{"href":"https:\/\/chrisopigi.gr\/de\/wp-json\/wp\/v2\/product\/49463"}],"collection":[{"href":"https:\/\/chrisopigi.gr\/de\/wp-json\/wp\/v2\/product"}],"about":[{"href":"https:\/\/chrisopigi.gr\/de\/wp-json\/wp\/v2\/types\/product"}],"replies":[{"embeddable":true,"href":"https:\/\/chrisopigi.gr\/de\/wp-json\/wp\/v2\/comments?post=49463"}],"wp:featuredmedia":[{"embeddable":true,"href":"https:\/\/chrisopigi.gr\/de\/wp-json\/wp\/v2\/media\/49464"}],"wp:attachment":[{"href":"https:\/\/chrisopigi.gr\/de\/wp-json\/wp\/v2\/media?parent=49463"}],"wp:term":[{"taxonomy":"product_cat","embeddable":true,"href":"https:\/\/chrisopigi.gr\/de\/wp-json\/wp\/v2\/product_cat?post=49463"},{"taxonomy":"product_tag","embeddable":true,"href":"https:\/\/chrisopigi.gr\/de\/wp-json\/wp\/v2\/product_tag?post=49463"}],"curies":[{"name":"wp","href":"https:\/\/api.w.org\/{rel}","templated":true}]}}