{"id":49466,"date":"2025-12-05T21:02:32","date_gmt":"2026-04-29T11:10:11","guid":{"rendered":"https:\/\/chrisopigi.gr\/product\/majoran-5ml\/"},"modified":"2026-04-29T14:10:11","modified_gmt":"2026-04-29T11:10:11","slug":"majoran-5ml","status":"publish","type":"product","link":"https:\/\/chrisopigi.gr\/de\/product\/majoran-5ml\/","title":{"rendered":"Majoran 5ml"},"content":{"rendered":"<p data-start=\"232\" data-end=\"483\">Das \u00e4therische Majoran\u00f6l hat ein weiches, warmes und erdiges Aroma, das ein Gef\u00fchl von Ruhe und nat\u00fcrlicher S\u00fc\u00dfe verstr\u00f6mt. Mit seinem charakteristischen botanischen Ton und seinen sanften, erdigen Noten schafft es eine gem\u00fctliche und warme Atmosph\u00e4re im Raum. <\/p>\n<p data-start=\"485\" data-end=\"662\">Majoran, ein traditionelles mediterranes Kraut, bietet ein feines, dezentes Aroma, das ideal f\u00fcr Momente der Entspannung und eine ruhige Atmosph\u00e4re zu Hause oder am Arbeitsplatz ist.<\/p>\n<p data-start=\"664\" data-end=\"818\">Es wird aus biologisch angebautem Majoran hergestellt und mit nat\u00fcrlichen Methoden destilliert, um seine Reinheit und sein nat\u00fcrliches Aroma vollst\u00e4ndig zu bewahren.<\/p>\n<h4 data-start=\"820\" data-end=\"1028\">\ud83c\udf3f Anwendungen<\/h4>\n<p data-start=\"820\" data-end=\"1028\">\u2022 Im Aromadiffusor f\u00fcr ein weiches, erdiges Aroma \u2022 Zur Schaffung einer warmen, ruhigen Atmosph\u00e4re \u2022 In Mischungen mit Lavendel, Salbei oder Zitrusfr\u00fcchten f\u00fcr ausgewogene Duftkompositionen<\/p>\n<p data-start=\"1030\" data-end=\"1085\"><em data-start=\"1030\" data-end=\"1085\">(Nicht unverd\u00fcnnt direkt auf der Haut anwenden.)<\/em><\/p>\n<h4 data-start=\"1087\" data-end=\"1242\">\ud83c\udf3f Qualit\u00e4t<\/h4>\n<p data-start=\"1087\" data-end=\"1242\">100% reines, biologisches \u00e4therisches Majoran\u00f6l Ohne Zusatzstoffe oder synthetische Duftstoffe Auf Kreta mit traditioneller Dampfdestillation destilliert<\/p>\n<p data-start=\"1244\" data-end=\"1326\">Ein weiches, erdiges und warmes Aroma, das dem Raum nat\u00fcrlichen Komfort und Harmonie verleiht.<\/p>\n","protected":false},"excerpt":{"rendered":"<p>Das \u00e4therische Majoran\u00f6l hat ein weiches, warmes und erdiges Aroma, das ein Gef\u00fchl von Ruhe und nat\u00fcrlicher S\u00fc\u00dfe verstr\u00f6mt. Mit seinem charakteristischen botanischen Ton und seinen sanften, erdigen Noten schafft es eine gem\u00fctliche und warme Atmosph\u00e4re im Raum. Majoran, ein traditionelles mediterranes Kraut, bietet ein feines, dezentes Aroma, das ideal f\u00fcr Momente der Entspannung und eine ruhige Atmosph\u00e4re zu Hause oder am Arbeitsplatz [&hellip;]<\/p>\n","protected":false},"featured_media":49467,"comment_status":"closed","ping_status":"closed","template":"","meta":[],"product_cat":[1826],"product_tag":[],"yoast_head":"<!-- This site is optimized with the Yoast SEO plugin v27.2 - https:\/\/yoast.com\/product\/yoast-seo-wordpress\/ -->\n<title>Majoran 5ml - Chrisopigi<\/title>\n<meta name=\"robots\" content=\"index, follow, max-snippet:-1, max-image-preview:large, max-video-preview:-1\" \/>\n<link rel=\"canonical\" href=\"https:\/\/chrisopigi.gr\/de\/product\/majoran-5ml\/\" \/>\n<meta property=\"og:locale\" content=\"de_DE\" \/>\n<meta property=\"og:type\" content=\"article\" \/>\n<meta property=\"og:title\" content=\"Majoran 5ml - Chrisopigi\" \/>\n<meta property=\"og:description\" content=\"Das \u00e4therische Majoran\u00f6l hat ein weiches, warmes und erdiges Aroma, das ein Gef\u00fchl von Ruhe und nat\u00fcrlicher S\u00fc\u00dfe verstr\u00f6mt. Mit seinem charakteristischen botanischen Ton und seinen sanften, erdigen Noten schafft es eine gem\u00fctliche und warme Atmosph\u00e4re im Raum. Majoran, ein traditionelles mediterranes Kraut, bietet ein feines, dezentes Aroma, das ideal f\u00fcr Momente der Entspannung und eine ruhige Atmosph\u00e4re zu Hause oder am Arbeitsplatz [&hellip;]\" \/>\n<meta property=\"og:url\" content=\"https:\/\/chrisopigi.gr\/de\/product\/majoran-5ml\/\" \/>\n<meta property=\"og:site_name\" content=\"Chrisopigi\" \/>\n<meta name=\"twitter:card\" content=\"summary_large_image\" \/>\n<meta name=\"twitter:label1\" content=\"Gesch\u00e4tzte Lesezeit\" \/>\n\t<meta name=\"twitter:data1\" content=\"1\u00a0Minute\" \/>\n<script type=\"application\/ld+json\" class=\"yoast-schema-graph\">{\"@context\":\"https:\/\/schema.org\",\"@graph\":[{\"@type\":\"WebPage\",\"@id\":\"https:\/\/chrisopigi.gr\/de\/product\/majoran-5ml\/\",\"url\":\"https:\/\/chrisopigi.gr\/de\/product\/majoran-5ml\/\",\"name\":\"Majoran 5ml - Chrisopigi\",\"isPartOf\":{\"@id\":\"https:\/\/chrisopigi.gr\/de\/#website\"},\"primaryImageOfPage\":{\"@id\":\"https:\/\/chrisopigi.gr\/de\/product\/majoran-5ml\/#primaryimage\"},\"image\":{\"@id\":\"https:\/\/chrisopigi.gr\/de\/product\/majoran-5ml\/#primaryimage\"},\"thumbnailUrl\":\"https:\/\/chrisopigi.gr\/wp-content\/uploads\/2025\/12\/image-39.png\",\"datePublished\":\"2026-04-29T11:10:11+00:00\",\"breadcrumb\":{\"@id\":\"https:\/\/chrisopigi.gr\/de\/product\/majoran-5ml\/#breadcrumb\"},\"inLanguage\":\"de\",\"potentialAction\":[{\"@type\":\"ReadAction\",\"target\":[\"https:\/\/chrisopigi.gr\/de\/product\/majoran-5ml\/\"]}]},{\"@type\":\"ImageObject\",\"inLanguage\":\"de\",\"@id\":\"https:\/\/chrisopigi.gr\/de\/product\/majoran-5ml\/#primaryimage\",\"url\":\"https:\/\/chrisopigi.gr\/wp-content\/uploads\/2025\/12\/image-39.png\",\"contentUrl\":\"https:\/\/chrisopigi.gr\/wp-content\/uploads\/2025\/12\/image-39.png\",\"width\":500,\"height\":700},{\"@type\":\"BreadcrumbList\",\"@id\":\"https:\/\/chrisopigi.gr\/de\/product\/majoran-5ml\/#breadcrumb\",\"itemListElement\":[{\"@type\":\"ListItem\",\"position\":1,\"name\":\"\u0391\u03c1\u03c7\u03b9\u03ba\u03ae\",\"item\":\"https:\/\/chrisopigi.gr\/de\/\"},{\"@type\":\"ListItem\",\"position\":2,\"name\":\"Online-Shop\",\"item\":\"https:\/\/chrisopigi.gr\/online-shop\/\"},{\"@type\":\"ListItem\",\"position\":3,\"name\":\"Majoran 5ml\"}]},{\"@type\":\"WebSite\",\"@id\":\"https:\/\/chrisopigi.gr\/de\/#website\",\"url\":\"https:\/\/chrisopigi.gr\/de\/\",\"name\":\"Chrisopigi\",\"description\":\"\u039a\u03c1\u03b7\u03c4\u03b9\u03ba\u03cc \u03b5\u03bb\u03b1\u03b9\u03cc\u03bb\u03b1\u03b4\u03bf &amp; \u03bc\u03ad\u03bb\u03b9 \u03b1\u03c0\u03cc \u03c4\u03b7\u03bd \u03a7\u03c1\u03c5\u03c3\u03bf\u03c0\u03b7\u03b3\u03ae \u03a3\u03b7\u03c4\u03b5\u03af\u03b1\u03c2\",\"potentialAction\":[{\"@type\":\"SearchAction\",\"target\":{\"@type\":\"EntryPoint\",\"urlTemplate\":\"https:\/\/chrisopigi.gr\/de\/?s={search_term_string}\"},\"query-input\":{\"@type\":\"PropertyValueSpecification\",\"valueRequired\":true,\"valueName\":\"search_term_string\"}}],\"inLanguage\":\"de\"}]}<\/script>\n<!-- \/ Yoast SEO plugin. -->","yoast_head_json":{"title":"Majoran 5ml - Chrisopigi","robots":{"index":"index","follow":"follow","max-snippet":"max-snippet:-1","max-image-preview":"max-image-preview:large","max-video-preview":"max-video-preview:-1"},"canonical":"https:\/\/chrisopigi.gr\/de\/product\/majoran-5ml\/","og_locale":"de_DE","og_type":"article","og_title":"Majoran 5ml - Chrisopigi","og_description":"Das \u00e4therische Majoran\u00f6l hat ein weiches, warmes und erdiges Aroma, das ein Gef\u00fchl von Ruhe und nat\u00fcrlicher S\u00fc\u00dfe verstr\u00f6mt. Mit seinem charakteristischen botanischen Ton und seinen sanften, erdigen Noten schafft es eine gem\u00fctliche und warme Atmosph\u00e4re im Raum. Majoran, ein traditionelles mediterranes Kraut, bietet ein feines, dezentes Aroma, das ideal f\u00fcr Momente der Entspannung und eine ruhige Atmosph\u00e4re zu Hause oder am Arbeitsplatz [&hellip;]","og_url":"https:\/\/chrisopigi.gr\/de\/product\/majoran-5ml\/","og_site_name":"Chrisopigi","twitter_card":"summary_large_image","twitter_misc":{"Gesch\u00e4tzte Lesezeit":"1\u00a0Minute"},"schema":{"@context":"https:\/\/schema.org","@graph":[{"@type":"WebPage","@id":"https:\/\/chrisopigi.gr\/de\/product\/majoran-5ml\/","url":"https:\/\/chrisopigi.gr\/de\/product\/majoran-5ml\/","name":"Majoran 5ml - Chrisopigi","isPartOf":{"@id":"https:\/\/chrisopigi.gr\/de\/#website"},"primaryImageOfPage":{"@id":"https:\/\/chrisopigi.gr\/de\/product\/majoran-5ml\/#primaryimage"},"image":{"@id":"https:\/\/chrisopigi.gr\/de\/product\/majoran-5ml\/#primaryimage"},"thumbnailUrl":"https:\/\/chrisopigi.gr\/wp-content\/uploads\/2025\/12\/image-39.png","datePublished":"2026-04-29T11:10:11+00:00","breadcrumb":{"@id":"https:\/\/chrisopigi.gr\/de\/product\/majoran-5ml\/#breadcrumb"},"inLanguage":"de","potentialAction":[{"@type":"ReadAction","target":["https:\/\/chrisopigi.gr\/de\/product\/majoran-5ml\/"]}]},{"@type":"ImageObject","inLanguage":"de","@id":"https:\/\/chrisopigi.gr\/de\/product\/majoran-5ml\/#primaryimage","url":"https:\/\/chrisopigi.gr\/wp-content\/uploads\/2025\/12\/image-39.png","contentUrl":"https:\/\/chrisopigi.gr\/wp-content\/uploads\/2025\/12\/image-39.png","width":500,"height":700},{"@type":"BreadcrumbList","@id":"https:\/\/chrisopigi.gr\/de\/product\/majoran-5ml\/#breadcrumb","itemListElement":[{"@type":"ListItem","position":1,"name":"\u0391\u03c1\u03c7\u03b9\u03ba\u03ae","item":"https:\/\/chrisopigi.gr\/de\/"},{"@type":"ListItem","position":2,"name":"Online-Shop","item":"https:\/\/chrisopigi.gr\/online-shop\/"},{"@type":"ListItem","position":3,"name":"Majoran 5ml"}]},{"@type":"WebSite","@id":"https:\/\/chrisopigi.gr\/de\/#website","url":"https:\/\/chrisopigi.gr\/de\/","name":"Chrisopigi","description":"\u039a\u03c1\u03b7\u03c4\u03b9\u03ba\u03cc \u03b5\u03bb\u03b1\u03b9\u03cc\u03bb\u03b1\u03b4\u03bf &amp; \u03bc\u03ad\u03bb\u03b9 \u03b1\u03c0\u03cc \u03c4\u03b7\u03bd \u03a7\u03c1\u03c5\u03c3\u03bf\u03c0\u03b7\u03b3\u03ae \u03a3\u03b7\u03c4\u03b5\u03af\u03b1\u03c2","potentialAction":[{"@type":"SearchAction","target":{"@type":"EntryPoint","urlTemplate":"https:\/\/chrisopigi.gr\/de\/?s={search_term_string}"},"query-input":{"@type":"PropertyValueSpecification","valueRequired":true,"valueName":"search_term_string"}}],"inLanguage":"de"}]}},"_links":{"self":[{"href":"https:\/\/chrisopigi.gr\/de\/wp-json\/wp\/v2\/product\/49466"}],"collection":[{"href":"https:\/\/chrisopigi.gr\/de\/wp-json\/wp\/v2\/product"}],"about":[{"href":"https:\/\/chrisopigi.gr\/de\/wp-json\/wp\/v2\/types\/product"}],"replies":[{"embeddable":true,"href":"https:\/\/chrisopigi.gr\/de\/wp-json\/wp\/v2\/comments?post=49466"}],"wp:featuredmedia":[{"embeddable":true,"href":"https:\/\/chrisopigi.gr\/de\/wp-json\/wp\/v2\/media\/49467"}],"wp:attachment":[{"href":"https:\/\/chrisopigi.gr\/de\/wp-json\/wp\/v2\/media?parent=49466"}],"wp:term":[{"taxonomy":"product_cat","embeddable":true,"href":"https:\/\/chrisopigi.gr\/de\/wp-json\/wp\/v2\/product_cat?post=49466"},{"taxonomy":"product_tag","embeddable":true,"href":"https:\/\/chrisopigi.gr\/de\/wp-json\/wp\/v2\/product_tag?post=49466"}],"curies":[{"name":"wp","href":"https:\/\/api.w.org\/{rel}","templated":true}]}}