{"id":49468,"date":"2025-12-05T20:56:56","date_gmt":"2026-04-29T11:14:14","guid":{"rendered":"https:\/\/chrisopigi.gr\/product\/oregano-5ml\/"},"modified":"2026-04-29T14:14:14","modified_gmt":"2026-04-29T11:14:14","slug":"oregano-5ml","status":"publish","type":"product","link":"https:\/\/chrisopigi.gr\/de\/product\/oregano-5ml\/","title":{"rendered":"Oregano 5ml"},"content":{"rendered":"<p data-start=\"227\" data-end=\"510\">Das \u00e4therische Oregano\u00f6l hat ein intensives, w\u00fcrziges und reiches botanisches Aroma, das die Kraft und Authentizit\u00e4t der kretischen Erde ausdr\u00fcckt. Sein charakteristisches Aroma \u2013 tief, warm und voller aromatischer Intensit\u00e4t \u2013 schafft eine Atmosph\u00e4re von W\u00e4rme und nat\u00fcrlicher Reinheit im Raum.<\/p>\n<p data-start=\"512\" data-end=\"669\">Es wird aus zertifiziertem biologischem Oregano hergestellt und mit nat\u00fcrlichen Methoden destilliert, um die hohe Qualit\u00e4t und botanische Authentizit\u00e4t der Pflanze zu erhalten.<\/p>\n<h4 data-start=\"671\" data-end=\"879\">\ud83c\udf3f Anwendungen<\/h4>\n<p data-start=\"671\" data-end=\"879\">\u2022 Im Aromadiffusor f\u00fcr ein kr\u00e4ftiges, botanisches Aroma \u2022 F\u00fcr ein Gef\u00fchl von W\u00e4rme und Reinheit zu Hause \u2022 In Mischungen mit Thymian, Rosmarin oder Zitronengras f\u00fcr intensiv aromatische Profile<\/p>\n<p data-start=\"881\" data-end=\"936\"><em data-start=\"881\" data-end=\"936\">(Nicht unverd\u00fcnnt direkt auf der Haut anwenden.)<\/em><\/p>\n<h4 data-start=\"938\" data-end=\"1072\">\ud83c\udf3f Qualit\u00e4t<\/h4>\n<p data-start=\"938\" data-end=\"1072\">100% reines, biologisches \u00e4therisches Oregano\u00f6l Ohne Zusatzstoffe oder synthetische Duftstoffe Auf Kreta traditionell destilliert<\/p>\n<p data-start=\"1074\" data-end=\"1178\">Ein kr\u00e4ftiges, aromatisches \u00d6l, das den authentischen, warmen Charakter mediterraner Kr\u00e4uter in den Raum bringt.<\/p>\n","protected":false},"excerpt":{"rendered":"<p>Das \u00e4therische Oregano\u00f6l hat ein intensives, w\u00fcrziges und reiches botanisches Aroma, das die Kraft und Authentizit\u00e4t der kretischen Erde ausdr\u00fcckt. Sein charakteristisches Aroma \u2013 tief, warm und voller aromatischer Intensit\u00e4t \u2013 schafft eine Atmosph\u00e4re von W\u00e4rme und nat\u00fcrlicher Reinheit im Raum. Es wird aus zertifiziertem biologischem Oregano hergestellt und mit nat\u00fcrlichen Methoden destilliert, um die hohe Qualit\u00e4t und botanische Authentizit\u00e4t der Pflanze zu [&hellip;]<\/p>\n","protected":false},"featured_media":49469,"comment_status":"closed","ping_status":"closed","template":"","meta":[],"product_cat":[1826],"product_tag":[],"yoast_head":"<!-- This site is optimized with the Yoast SEO plugin v27.2 - https:\/\/yoast.com\/product\/yoast-seo-wordpress\/ -->\n<title>Oregano 5ml - Chrisopigi<\/title>\n<meta name=\"robots\" content=\"index, follow, max-snippet:-1, max-image-preview:large, max-video-preview:-1\" \/>\n<link rel=\"canonical\" href=\"https:\/\/chrisopigi.gr\/de\/product\/oregano-5ml\/\" \/>\n<meta property=\"og:locale\" content=\"de_DE\" \/>\n<meta property=\"og:type\" content=\"article\" \/>\n<meta property=\"og:title\" content=\"Oregano 5ml - Chrisopigi\" \/>\n<meta property=\"og:description\" content=\"Das \u00e4therische Oregano\u00f6l hat ein intensives, w\u00fcrziges und reiches botanisches Aroma, das die Kraft und Authentizit\u00e4t der kretischen Erde ausdr\u00fcckt. Sein charakteristisches Aroma \u2013 tief, warm und voller aromatischer Intensit\u00e4t \u2013 schafft eine Atmosph\u00e4re von W\u00e4rme und nat\u00fcrlicher Reinheit im Raum. Es wird aus zertifiziertem biologischem Oregano hergestellt und mit nat\u00fcrlichen Methoden destilliert, um die hohe Qualit\u00e4t und botanische Authentizit\u00e4t der Pflanze zu [&hellip;]\" \/>\n<meta property=\"og:url\" content=\"https:\/\/chrisopigi.gr\/de\/product\/oregano-5ml\/\" \/>\n<meta property=\"og:site_name\" content=\"Chrisopigi\" \/>\n<meta name=\"twitter:card\" content=\"summary_large_image\" \/>\n<meta name=\"twitter:label1\" content=\"Gesch\u00e4tzte Lesezeit\" \/>\n\t<meta name=\"twitter:data1\" content=\"1\u00a0Minute\" \/>\n<script type=\"application\/ld+json\" class=\"yoast-schema-graph\">{\"@context\":\"https:\/\/schema.org\",\"@graph\":[{\"@type\":\"WebPage\",\"@id\":\"https:\/\/chrisopigi.gr\/de\/product\/oregano-5ml\/\",\"url\":\"https:\/\/chrisopigi.gr\/de\/product\/oregano-5ml\/\",\"name\":\"Oregano 5ml - Chrisopigi\",\"isPartOf\":{\"@id\":\"https:\/\/chrisopigi.gr\/de\/#website\"},\"primaryImageOfPage\":{\"@id\":\"https:\/\/chrisopigi.gr\/de\/product\/oregano-5ml\/#primaryimage\"},\"image\":{\"@id\":\"https:\/\/chrisopigi.gr\/de\/product\/oregano-5ml\/#primaryimage\"},\"thumbnailUrl\":\"https:\/\/chrisopigi.gr\/wp-content\/uploads\/2025\/12\/image-38.png\",\"datePublished\":\"2026-04-29T11:14:14+00:00\",\"breadcrumb\":{\"@id\":\"https:\/\/chrisopigi.gr\/de\/product\/oregano-5ml\/#breadcrumb\"},\"inLanguage\":\"de\",\"potentialAction\":[{\"@type\":\"ReadAction\",\"target\":[\"https:\/\/chrisopigi.gr\/de\/product\/oregano-5ml\/\"]}]},{\"@type\":\"ImageObject\",\"inLanguage\":\"de\",\"@id\":\"https:\/\/chrisopigi.gr\/de\/product\/oregano-5ml\/#primaryimage\",\"url\":\"https:\/\/chrisopigi.gr\/wp-content\/uploads\/2025\/12\/image-38.png\",\"contentUrl\":\"https:\/\/chrisopigi.gr\/wp-content\/uploads\/2025\/12\/image-38.png\",\"width\":500,\"height\":700},{\"@type\":\"BreadcrumbList\",\"@id\":\"https:\/\/chrisopigi.gr\/de\/product\/oregano-5ml\/#breadcrumb\",\"itemListElement\":[{\"@type\":\"ListItem\",\"position\":1,\"name\":\"\u0391\u03c1\u03c7\u03b9\u03ba\u03ae\",\"item\":\"https:\/\/chrisopigi.gr\/de\/\"},{\"@type\":\"ListItem\",\"position\":2,\"name\":\"Online-Shop\",\"item\":\"https:\/\/chrisopigi.gr\/online-shop\/\"},{\"@type\":\"ListItem\",\"position\":3,\"name\":\"Oregano 5ml\"}]},{\"@type\":\"WebSite\",\"@id\":\"https:\/\/chrisopigi.gr\/de\/#website\",\"url\":\"https:\/\/chrisopigi.gr\/de\/\",\"name\":\"Chrisopigi\",\"description\":\"\u039a\u03c1\u03b7\u03c4\u03b9\u03ba\u03cc \u03b5\u03bb\u03b1\u03b9\u03cc\u03bb\u03b1\u03b4\u03bf &amp; \u03bc\u03ad\u03bb\u03b9 \u03b1\u03c0\u03cc \u03c4\u03b7\u03bd \u03a7\u03c1\u03c5\u03c3\u03bf\u03c0\u03b7\u03b3\u03ae \u03a3\u03b7\u03c4\u03b5\u03af\u03b1\u03c2\",\"potentialAction\":[{\"@type\":\"SearchAction\",\"target\":{\"@type\":\"EntryPoint\",\"urlTemplate\":\"https:\/\/chrisopigi.gr\/de\/?s={search_term_string}\"},\"query-input\":{\"@type\":\"PropertyValueSpecification\",\"valueRequired\":true,\"valueName\":\"search_term_string\"}}],\"inLanguage\":\"de\"}]}<\/script>\n<!-- \/ Yoast SEO plugin. -->","yoast_head_json":{"title":"Oregano 5ml - Chrisopigi","robots":{"index":"index","follow":"follow","max-snippet":"max-snippet:-1","max-image-preview":"max-image-preview:large","max-video-preview":"max-video-preview:-1"},"canonical":"https:\/\/chrisopigi.gr\/de\/product\/oregano-5ml\/","og_locale":"de_DE","og_type":"article","og_title":"Oregano 5ml - Chrisopigi","og_description":"Das \u00e4therische Oregano\u00f6l hat ein intensives, w\u00fcrziges und reiches botanisches Aroma, das die Kraft und Authentizit\u00e4t der kretischen Erde ausdr\u00fcckt. Sein charakteristisches Aroma \u2013 tief, warm und voller aromatischer Intensit\u00e4t \u2013 schafft eine Atmosph\u00e4re von W\u00e4rme und nat\u00fcrlicher Reinheit im Raum. Es wird aus zertifiziertem biologischem Oregano hergestellt und mit nat\u00fcrlichen Methoden destilliert, um die hohe Qualit\u00e4t und botanische Authentizit\u00e4t der Pflanze zu [&hellip;]","og_url":"https:\/\/chrisopigi.gr\/de\/product\/oregano-5ml\/","og_site_name":"Chrisopigi","twitter_card":"summary_large_image","twitter_misc":{"Gesch\u00e4tzte Lesezeit":"1\u00a0Minute"},"schema":{"@context":"https:\/\/schema.org","@graph":[{"@type":"WebPage","@id":"https:\/\/chrisopigi.gr\/de\/product\/oregano-5ml\/","url":"https:\/\/chrisopigi.gr\/de\/product\/oregano-5ml\/","name":"Oregano 5ml - Chrisopigi","isPartOf":{"@id":"https:\/\/chrisopigi.gr\/de\/#website"},"primaryImageOfPage":{"@id":"https:\/\/chrisopigi.gr\/de\/product\/oregano-5ml\/#primaryimage"},"image":{"@id":"https:\/\/chrisopigi.gr\/de\/product\/oregano-5ml\/#primaryimage"},"thumbnailUrl":"https:\/\/chrisopigi.gr\/wp-content\/uploads\/2025\/12\/image-38.png","datePublished":"2026-04-29T11:14:14+00:00","breadcrumb":{"@id":"https:\/\/chrisopigi.gr\/de\/product\/oregano-5ml\/#breadcrumb"},"inLanguage":"de","potentialAction":[{"@type":"ReadAction","target":["https:\/\/chrisopigi.gr\/de\/product\/oregano-5ml\/"]}]},{"@type":"ImageObject","inLanguage":"de","@id":"https:\/\/chrisopigi.gr\/de\/product\/oregano-5ml\/#primaryimage","url":"https:\/\/chrisopigi.gr\/wp-content\/uploads\/2025\/12\/image-38.png","contentUrl":"https:\/\/chrisopigi.gr\/wp-content\/uploads\/2025\/12\/image-38.png","width":500,"height":700},{"@type":"BreadcrumbList","@id":"https:\/\/chrisopigi.gr\/de\/product\/oregano-5ml\/#breadcrumb","itemListElement":[{"@type":"ListItem","position":1,"name":"\u0391\u03c1\u03c7\u03b9\u03ba\u03ae","item":"https:\/\/chrisopigi.gr\/de\/"},{"@type":"ListItem","position":2,"name":"Online-Shop","item":"https:\/\/chrisopigi.gr\/online-shop\/"},{"@type":"ListItem","position":3,"name":"Oregano 5ml"}]},{"@type":"WebSite","@id":"https:\/\/chrisopigi.gr\/de\/#website","url":"https:\/\/chrisopigi.gr\/de\/","name":"Chrisopigi","description":"\u039a\u03c1\u03b7\u03c4\u03b9\u03ba\u03cc \u03b5\u03bb\u03b1\u03b9\u03cc\u03bb\u03b1\u03b4\u03bf &amp; \u03bc\u03ad\u03bb\u03b9 \u03b1\u03c0\u03cc \u03c4\u03b7\u03bd \u03a7\u03c1\u03c5\u03c3\u03bf\u03c0\u03b7\u03b3\u03ae \u03a3\u03b7\u03c4\u03b5\u03af\u03b1\u03c2","potentialAction":[{"@type":"SearchAction","target":{"@type":"EntryPoint","urlTemplate":"https:\/\/chrisopigi.gr\/de\/?s={search_term_string}"},"query-input":{"@type":"PropertyValueSpecification","valueRequired":true,"valueName":"search_term_string"}}],"inLanguage":"de"}]}},"_links":{"self":[{"href":"https:\/\/chrisopigi.gr\/de\/wp-json\/wp\/v2\/product\/49468"}],"collection":[{"href":"https:\/\/chrisopigi.gr\/de\/wp-json\/wp\/v2\/product"}],"about":[{"href":"https:\/\/chrisopigi.gr\/de\/wp-json\/wp\/v2\/types\/product"}],"replies":[{"embeddable":true,"href":"https:\/\/chrisopigi.gr\/de\/wp-json\/wp\/v2\/comments?post=49468"}],"wp:featuredmedia":[{"embeddable":true,"href":"https:\/\/chrisopigi.gr\/de\/wp-json\/wp\/v2\/media\/49469"}],"wp:attachment":[{"href":"https:\/\/chrisopigi.gr\/de\/wp-json\/wp\/v2\/media?parent=49468"}],"wp:term":[{"taxonomy":"product_cat","embeddable":true,"href":"https:\/\/chrisopigi.gr\/de\/wp-json\/wp\/v2\/product_cat?post=49468"},{"taxonomy":"product_tag","embeddable":true,"href":"https:\/\/chrisopigi.gr\/de\/wp-json\/wp\/v2\/product_tag?post=49468"}],"curies":[{"name":"wp","href":"https:\/\/api.w.org\/{rel}","templated":true}]}}