{"id":49470,"date":"2025-12-05T20:53:24","date_gmt":"2026-04-29T11:19:32","guid":{"rendered":"https:\/\/chrisopigi.gr\/product\/rosmarin-5ml\/"},"modified":"2026-04-29T14:19:32","modified_gmt":"2026-04-29T11:19:32","slug":"rosmarin-5ml","status":"publish","type":"product","link":"https:\/\/chrisopigi.gr\/de\/product\/rosmarin-5ml\/","title":{"rendered":"Rosmarin 5ml"},"content":{"rendered":"<p data-start=\"237\" data-end=\"509\">Das \u00e4therische Rosmarin\u00f6l hat ein intensives, klares und frisches Aroma, das an die authentische mediterrane botanische Tradition erinnert. Mit seinen lebendigen, gr\u00fcnen Noten und seinem leicht holzigen Charakter schafft es eine Atmosph\u00e4re von Klarheit, Belebung und nat\u00fcrlicher Frische. <\/p>\n<p data-start=\"511\" data-end=\"682\">Es wird aus biologisch angebautem Rosmarin aus Kreta hergestellt und mit schonenden Methoden destilliert, um die Reinheit und die nat\u00fcrliche aromatische Energie der Pflanze zu bewahren.<\/p>\n<h4 data-start=\"684\" data-end=\"882\">\ud83c\udf3f Anwendungen<\/h4>\n<p data-start=\"684\" data-end=\"882\">\u2022 Im Aromadiffusor f\u00fcr ein klares, gr\u00fcnes Aroma \u2022 F\u00fcr eine Atmosph\u00e4re der Belebung und geistigen Klarheit \u2022 In Mischungen mit Zitrone, Minze oder Thymian f\u00fcr frische botanische Kompositionen<\/p>\n<p data-start=\"884\" data-end=\"939\"><em data-start=\"884\" data-end=\"939\">(Nicht unverd\u00fcnnt direkt auf der Haut anwenden.)<\/em><\/p>\n<h4 data-start=\"941\" data-end=\"1097\">\ud83c\udf3f Qualit\u00e4t<\/h4>\n<p data-start=\"941\" data-end=\"1097\">100% reines, biologisches \u00e4therisches Rosmarin\u00f6l Ohne Zusatzstoffe oder synthetische Duftstoffe Auf Kreta mit traditioneller Dampfdestillation destilliert<\/p>\n<p data-start=\"1099\" data-end=\"1212\">Ein lebendiges, klares botanisches Aroma, das den Raum erfrischt und die authentische mediterrane Frische nach Hause bringt.<\/p>\n","protected":false},"excerpt":{"rendered":"<p>Das \u00e4therische Rosmarin\u00f6l hat ein intensives, klares und frisches Aroma, das an die authentische mediterrane botanische Tradition erinnert. Mit seinen lebendigen, gr\u00fcnen Noten und seinem leicht holzigen Charakter schafft es eine Atmosph\u00e4re von Klarheit, Belebung und nat\u00fcrlicher Frische. Es wird aus biologisch angebautem Rosmarin aus Kreta hergestellt und mit schonenden Methoden destilliert, um die Reinheit und die nat\u00fcrliche aromatische Energie der Pflanze zu [&hellip;]<\/p>\n","protected":false},"featured_media":49471,"comment_status":"closed","ping_status":"closed","template":"","meta":[],"product_cat":[1826],"product_tag":[],"yoast_head":"<!-- This site is optimized with the Yoast SEO plugin v27.2 - https:\/\/yoast.com\/product\/yoast-seo-wordpress\/ -->\n<title>Rosmarin 5ml - Chrisopigi<\/title>\n<meta name=\"robots\" content=\"index, follow, max-snippet:-1, max-image-preview:large, max-video-preview:-1\" \/>\n<link rel=\"canonical\" href=\"https:\/\/chrisopigi.gr\/de\/product\/rosmarin-5ml\/\" \/>\n<meta property=\"og:locale\" content=\"de_DE\" \/>\n<meta property=\"og:type\" content=\"article\" \/>\n<meta property=\"og:title\" content=\"Rosmarin 5ml - Chrisopigi\" \/>\n<meta property=\"og:description\" content=\"Das \u00e4therische Rosmarin\u00f6l hat ein intensives, klares und frisches Aroma, das an die authentische mediterrane botanische Tradition erinnert. Mit seinen lebendigen, gr\u00fcnen Noten und seinem leicht holzigen Charakter schafft es eine Atmosph\u00e4re von Klarheit, Belebung und nat\u00fcrlicher Frische. Es wird aus biologisch angebautem Rosmarin aus Kreta hergestellt und mit schonenden Methoden destilliert, um die Reinheit und die nat\u00fcrliche aromatische Energie der Pflanze zu [&hellip;]\" \/>\n<meta property=\"og:url\" content=\"https:\/\/chrisopigi.gr\/de\/product\/rosmarin-5ml\/\" \/>\n<meta property=\"og:site_name\" content=\"Chrisopigi\" \/>\n<meta name=\"twitter:card\" content=\"summary_large_image\" \/>\n<meta name=\"twitter:label1\" content=\"Gesch\u00e4tzte Lesezeit\" \/>\n\t<meta name=\"twitter:data1\" content=\"1\u00a0Minute\" \/>\n<script type=\"application\/ld+json\" class=\"yoast-schema-graph\">{\"@context\":\"https:\/\/schema.org\",\"@graph\":[{\"@type\":\"WebPage\",\"@id\":\"https:\/\/chrisopigi.gr\/de\/product\/rosmarin-5ml\/\",\"url\":\"https:\/\/chrisopigi.gr\/de\/product\/rosmarin-5ml\/\",\"name\":\"Rosmarin 5ml - Chrisopigi\",\"isPartOf\":{\"@id\":\"https:\/\/chrisopigi.gr\/de\/#website\"},\"primaryImageOfPage\":{\"@id\":\"https:\/\/chrisopigi.gr\/de\/product\/rosmarin-5ml\/#primaryimage\"},\"image\":{\"@id\":\"https:\/\/chrisopigi.gr\/de\/product\/rosmarin-5ml\/#primaryimage\"},\"thumbnailUrl\":\"https:\/\/chrisopigi.gr\/wp-content\/uploads\/2025\/12\/image-37.png\",\"datePublished\":\"2026-04-29T11:19:32+00:00\",\"breadcrumb\":{\"@id\":\"https:\/\/chrisopigi.gr\/de\/product\/rosmarin-5ml\/#breadcrumb\"},\"inLanguage\":\"de\",\"potentialAction\":[{\"@type\":\"ReadAction\",\"target\":[\"https:\/\/chrisopigi.gr\/de\/product\/rosmarin-5ml\/\"]}]},{\"@type\":\"ImageObject\",\"inLanguage\":\"de\",\"@id\":\"https:\/\/chrisopigi.gr\/de\/product\/rosmarin-5ml\/#primaryimage\",\"url\":\"https:\/\/chrisopigi.gr\/wp-content\/uploads\/2025\/12\/image-37.png\",\"contentUrl\":\"https:\/\/chrisopigi.gr\/wp-content\/uploads\/2025\/12\/image-37.png\",\"width\":500,\"height\":700},{\"@type\":\"BreadcrumbList\",\"@id\":\"https:\/\/chrisopigi.gr\/de\/product\/rosmarin-5ml\/#breadcrumb\",\"itemListElement\":[{\"@type\":\"ListItem\",\"position\":1,\"name\":\"\u0391\u03c1\u03c7\u03b9\u03ba\u03ae\",\"item\":\"https:\/\/chrisopigi.gr\/de\/\"},{\"@type\":\"ListItem\",\"position\":2,\"name\":\"Online-Shop\",\"item\":\"https:\/\/chrisopigi.gr\/online-shop\/\"},{\"@type\":\"ListItem\",\"position\":3,\"name\":\"Rosmarin 5ml\"}]},{\"@type\":\"WebSite\",\"@id\":\"https:\/\/chrisopigi.gr\/de\/#website\",\"url\":\"https:\/\/chrisopigi.gr\/de\/\",\"name\":\"Chrisopigi\",\"description\":\"\u039a\u03c1\u03b7\u03c4\u03b9\u03ba\u03cc \u03b5\u03bb\u03b1\u03b9\u03cc\u03bb\u03b1\u03b4\u03bf &amp; \u03bc\u03ad\u03bb\u03b9 \u03b1\u03c0\u03cc \u03c4\u03b7\u03bd \u03a7\u03c1\u03c5\u03c3\u03bf\u03c0\u03b7\u03b3\u03ae \u03a3\u03b7\u03c4\u03b5\u03af\u03b1\u03c2\",\"potentialAction\":[{\"@type\":\"SearchAction\",\"target\":{\"@type\":\"EntryPoint\",\"urlTemplate\":\"https:\/\/chrisopigi.gr\/de\/?s={search_term_string}\"},\"query-input\":{\"@type\":\"PropertyValueSpecification\",\"valueRequired\":true,\"valueName\":\"search_term_string\"}}],\"inLanguage\":\"de\"}]}<\/script>\n<!-- \/ Yoast SEO plugin. -->","yoast_head_json":{"title":"Rosmarin 5ml - Chrisopigi","robots":{"index":"index","follow":"follow","max-snippet":"max-snippet:-1","max-image-preview":"max-image-preview:large","max-video-preview":"max-video-preview:-1"},"canonical":"https:\/\/chrisopigi.gr\/de\/product\/rosmarin-5ml\/","og_locale":"de_DE","og_type":"article","og_title":"Rosmarin 5ml - Chrisopigi","og_description":"Das \u00e4therische Rosmarin\u00f6l hat ein intensives, klares und frisches Aroma, das an die authentische mediterrane botanische Tradition erinnert. Mit seinen lebendigen, gr\u00fcnen Noten und seinem leicht holzigen Charakter schafft es eine Atmosph\u00e4re von Klarheit, Belebung und nat\u00fcrlicher Frische. Es wird aus biologisch angebautem Rosmarin aus Kreta hergestellt und mit schonenden Methoden destilliert, um die Reinheit und die nat\u00fcrliche aromatische Energie der Pflanze zu [&hellip;]","og_url":"https:\/\/chrisopigi.gr\/de\/product\/rosmarin-5ml\/","og_site_name":"Chrisopigi","twitter_card":"summary_large_image","twitter_misc":{"Gesch\u00e4tzte Lesezeit":"1\u00a0Minute"},"schema":{"@context":"https:\/\/schema.org","@graph":[{"@type":"WebPage","@id":"https:\/\/chrisopigi.gr\/de\/product\/rosmarin-5ml\/","url":"https:\/\/chrisopigi.gr\/de\/product\/rosmarin-5ml\/","name":"Rosmarin 5ml - Chrisopigi","isPartOf":{"@id":"https:\/\/chrisopigi.gr\/de\/#website"},"primaryImageOfPage":{"@id":"https:\/\/chrisopigi.gr\/de\/product\/rosmarin-5ml\/#primaryimage"},"image":{"@id":"https:\/\/chrisopigi.gr\/de\/product\/rosmarin-5ml\/#primaryimage"},"thumbnailUrl":"https:\/\/chrisopigi.gr\/wp-content\/uploads\/2025\/12\/image-37.png","datePublished":"2026-04-29T11:19:32+00:00","breadcrumb":{"@id":"https:\/\/chrisopigi.gr\/de\/product\/rosmarin-5ml\/#breadcrumb"},"inLanguage":"de","potentialAction":[{"@type":"ReadAction","target":["https:\/\/chrisopigi.gr\/de\/product\/rosmarin-5ml\/"]}]},{"@type":"ImageObject","inLanguage":"de","@id":"https:\/\/chrisopigi.gr\/de\/product\/rosmarin-5ml\/#primaryimage","url":"https:\/\/chrisopigi.gr\/wp-content\/uploads\/2025\/12\/image-37.png","contentUrl":"https:\/\/chrisopigi.gr\/wp-content\/uploads\/2025\/12\/image-37.png","width":500,"height":700},{"@type":"BreadcrumbList","@id":"https:\/\/chrisopigi.gr\/de\/product\/rosmarin-5ml\/#breadcrumb","itemListElement":[{"@type":"ListItem","position":1,"name":"\u0391\u03c1\u03c7\u03b9\u03ba\u03ae","item":"https:\/\/chrisopigi.gr\/de\/"},{"@type":"ListItem","position":2,"name":"Online-Shop","item":"https:\/\/chrisopigi.gr\/online-shop\/"},{"@type":"ListItem","position":3,"name":"Rosmarin 5ml"}]},{"@type":"WebSite","@id":"https:\/\/chrisopigi.gr\/de\/#website","url":"https:\/\/chrisopigi.gr\/de\/","name":"Chrisopigi","description":"\u039a\u03c1\u03b7\u03c4\u03b9\u03ba\u03cc \u03b5\u03bb\u03b1\u03b9\u03cc\u03bb\u03b1\u03b4\u03bf &amp; \u03bc\u03ad\u03bb\u03b9 \u03b1\u03c0\u03cc \u03c4\u03b7\u03bd \u03a7\u03c1\u03c5\u03c3\u03bf\u03c0\u03b7\u03b3\u03ae \u03a3\u03b7\u03c4\u03b5\u03af\u03b1\u03c2","potentialAction":[{"@type":"SearchAction","target":{"@type":"EntryPoint","urlTemplate":"https:\/\/chrisopigi.gr\/de\/?s={search_term_string}"},"query-input":{"@type":"PropertyValueSpecification","valueRequired":true,"valueName":"search_term_string"}}],"inLanguage":"de"}]}},"_links":{"self":[{"href":"https:\/\/chrisopigi.gr\/de\/wp-json\/wp\/v2\/product\/49470"}],"collection":[{"href":"https:\/\/chrisopigi.gr\/de\/wp-json\/wp\/v2\/product"}],"about":[{"href":"https:\/\/chrisopigi.gr\/de\/wp-json\/wp\/v2\/types\/product"}],"replies":[{"embeddable":true,"href":"https:\/\/chrisopigi.gr\/de\/wp-json\/wp\/v2\/comments?post=49470"}],"wp:featuredmedia":[{"embeddable":true,"href":"https:\/\/chrisopigi.gr\/de\/wp-json\/wp\/v2\/media\/49471"}],"wp:attachment":[{"href":"https:\/\/chrisopigi.gr\/de\/wp-json\/wp\/v2\/media?parent=49470"}],"wp:term":[{"taxonomy":"product_cat","embeddable":true,"href":"https:\/\/chrisopigi.gr\/de\/wp-json\/wp\/v2\/product_cat?post=49470"},{"taxonomy":"product_tag","embeddable":true,"href":"https:\/\/chrisopigi.gr\/de\/wp-json\/wp\/v2\/product_tag?post=49470"}],"curies":[{"name":"wp","href":"https:\/\/api.w.org\/{rel}","templated":true}]}}